{"id":34766,"date":"2022-01-12T14:47:08","date_gmt":"2022-01-12T13:47:08","guid":{"rendered":"https:\/\/www.climatecoating.com\/technicke-konstrukcie\/"},"modified":"2022-02-25T10:45:43","modified_gmt":"2022-02-25T09:45:43","slug":"technicke-konstrukcie","status":"publish","type":"page","link":"https:\/\/www.climatecoating.com\/sk\/oblasti-pouzitia\/technicke-konstrukcie\/","title":{"rendered":"Technick\u00e9 kon\u0161trukcie"},"content":{"rendered":"<div class=\"wpb-content-wrapper\"><p>[vc_row row_type=&#8221;row&#8221; use_row_as_full_screen_section=&#8221;no&#8221; type=&#8221;full_width&#8221; text_align=&#8221;left&#8221; background_animation=&#8221;none&#8221; padding_bottom=&#8221;45&#8243; css_animation=&#8221;&#8221;][vc_column][vc_single_image image=&#8221;33659&#8243; img_size=&#8221;full&#8221; qode_css_animation=&#8221;&#8221; css=&#8221;.vc_custom_1605019300402{padding-bottom: 30px !important;}&#8221;][vc_column_text]<\/p>\n<h1>Technick\u00e9 kon\u0161trukcie<\/h1>\n<p>[\/vc_column_text][vc_column_text css=&#8221;.vc_custom_1612427346037{padding-bottom: 30px !important;}&#8221;]N\u00e1dr\u017ee, kontajnery a potrubia m\u00f4\u017eu potrebova\u0165 n\u00e1ter, ktor\u00fd dok\u00e1\u017ee viac a znesie viac ako je priemer. S IndustrySpecial od ClimateCoating<sup>\u00ae<\/sup> je mo\u017en\u00e9 zabr\u00e1ni\u0165 kondenz\u00e1cii, stabilizova\u0165 teploty a zn\u00ed\u017ei\u0165 tepeln\u00e9 alebo tepeln\u00e9 nam\u00e1hanie. Potrebujete e\u0161te individu\u00e1lnej\u0161ie rie\u0161enie n\u00e1teru? Potom n\u00e1s vyzvite![\/vc_column_text][vc_row_inner row_type=&#8221;row&#8221; type=&#8221;full_width&#8221; use_row_as_full_screen_section_slide=&#8221;no&#8221; text_align=&#8221;left&#8221; css_animation=&#8221;&#8221;][vc_column_inner width=&#8221;1\/3&#8243;][vc_column_text]APLIK\u00c1CIE<br \/>\nVONKU[\/vc_column_text][vc_gallery interval=&#8221;3&#8243; images=&#8221;33543,33548,33556&#8243; img_size=&#8221;full&#8221; onclick=&#8221;&#8221; el_class=&#8221;flex-noarrows&#8221;][vc_separator type=&#8221;small&#8221; position=&#8221;left&#8221; border_style=&#8221;&#8221; up=&#8221;18&#8243; down=&#8221;20&#8243; color=&#8221;#d6202d&#8221;][vc_column_text]Zlep\u0161enie energetickej bilancie budovy<\/p>\n<p>Dlh\u00e1 \u017eivotnos\u0165, bez trhl\u00edn a robustnos\u0165<\/p>\n<p>Obmedzenie rastu rias, machov a h\u00fab<\/p>\n<p>Riadenie vlhkosti a regul\u00e1cia teploty<\/p>\n<p>Historick\u00e9 fas\u00e1dy: \u0161etrn\u00e9 odvlh\u010dovanie a zachovanie hodnoty<\/p>\n<p>Spoma\u013eova\u010d horenia<\/p>\n<p>Ochrann\u00fd n\u00e1ter na PU penu[\/vc_column_text][\/vc_column_inner][vc_column_inner width=&#8221;1\/3&#8243;][vc_column_text]APLIK\u00c1CIE<br \/>\nSTRECHA[\/vc_column_text][vc_gallery interval=&#8221;3&#8243; images=&#8221;33545,33713,33712&#8243; img_size=&#8221;full&#8221; onclick=&#8221;&#8221; el_class=&#8221;flex-noarrows&#8221;][vc_separator type=&#8221;small&#8221; position=&#8221;left&#8221; border_style=&#8221;&#8221; up=&#8221;18&#8243; down=&#8221;20&#8243; color=&#8221;#d6202d&#8221;][vc_column_text]<a href=\"https:\/\/www.climatecoating.com\/sk\/oblasti-pouzitia\/znizenie-nakladov-na-chladenie-a-chladenie\/\">Chladenie a zn\u00ed\u017eenie chladiaceho v\u00fdkonu<\/a><\/p>\n<p>Ochrana pred poveternostn\u00fdmi vplyvmi a odolnos\u0165<\/p>\n<p>Tesnos\u0165<\/p>\n<p>tepeln\u00e1 relax\u00e1cia[\/vc_column_text][\/vc_column_inner][vc_column_inner width=&#8221;1\/3&#8243;][vc_column_text]APLIK\u00c1CIE<br \/>\nDREVO[\/vc_column_text][vc_gallery interval=&#8221;3&#8243; images=&#8221;33679,33678,33677&#8243; img_size=&#8221;full&#8221; onclick=&#8221;&#8221; el_class=&#8221;flex-noarrows&#8221;][vc_separator type=&#8221;small&#8221; position=&#8221;left&#8221; border_style=&#8221;&#8221; up=&#8221;18&#8243; down=&#8221;20&#8243; color=&#8221;#d6202d&#8221;][vc_column_text]Dlhodob\u00e1 ochrana pred poveternostn\u00fdmi vplyvmi[\/vc_column_text][\/vc_column_inner][\/vc_row_inner][\/vc_column][\/vc_row][vc_row row_type=&#8221;row&#8221; use_row_as_full_screen_section=&#8221;no&#8221; type=&#8221;full_width&#8221; text_align=&#8221;left&#8221; background_animation=&#8221;none&#8221; css_animation=&#8221;&#8221;][vc_column][\/vc_column][\/vc_row]<\/p>\n<\/div>","protected":false},"excerpt":{"rendered":"Technick\u00e9 kon\u0161trukcie N\u00e1dr\u017ee, kontajnery a potrubia m\u00f4\u017eu potrebova\u0165 n\u00e1ter, ktor\u00fd dok\u00e1\u017ee viac a znesie viac ako je priemer. S IndustrySpecial od ClimateCoating\u00ae je mo\u017en\u00e9 zabr\u00e1ni\u0165 kondenz\u00e1cii, stabilizova\u0165 teploty a zn\u00ed\u017ei\u0165 tepeln\u00e9 alebo tepeln\u00e9 nam\u00e1hanie. Potrebujete e\u0161te individu\u00e1lnej\u0161ie rie\u0161enie n\u00e1teru? Potom n\u00e1s vyzvite! APLIK\u00c1CIE VONKU Zlep\u0161enie...","protected":false},"author":1,"featured_media":0,"parent":34775,"menu_order":155,"comment_status":"closed","ping_status":"closed","template":"","meta":{"footnotes":""},"class_list":["post-34766","page","type-page","status-publish","hentry"],"_links":{"self":[{"href":"https:\/\/www.climatecoating.com\/sk\/wp-json\/wp\/v2\/pages\/34766","targetHints":{"allow":["GET"]}}],"collection":[{"href":"https:\/\/www.climatecoating.com\/sk\/wp-json\/wp\/v2\/pages"}],"about":[{"href":"https:\/\/www.climatecoating.com\/sk\/wp-json\/wp\/v2\/types\/page"}],"author":[{"embeddable":true,"href":"https:\/\/www.climatecoating.com\/sk\/wp-json\/wp\/v2\/users\/1"}],"replies":[{"embeddable":true,"href":"https:\/\/www.climatecoating.com\/sk\/wp-json\/wp\/v2\/comments?post=34766"}],"version-history":[{"count":0,"href":"https:\/\/www.climatecoating.com\/sk\/wp-json\/wp\/v2\/pages\/34766\/revisions"}],"up":[{"embeddable":true,"href":"https:\/\/www.climatecoating.com\/sk\/wp-json\/wp\/v2\/pages\/34775"}],"wp:attachment":[{"href":"https:\/\/www.climatecoating.com\/sk\/wp-json\/wp\/v2\/media?parent=34766"}],"curies":[{"name":"wp","href":"https:\/\/api.w.org\/{rel}","templated":true}]}}