{"id":34775,"date":"2022-01-12T14:47:14","date_gmt":"2022-01-12T13:47:14","guid":{"rendered":"https:\/\/www.climatecoating.com\/oblasti-pouzitia\/"},"modified":"2022-02-25T10:27:23","modified_gmt":"2022-02-25T09:27:23","slug":"oblasti-pouzitia","status":"publish","type":"page","link":"https:\/\/www.climatecoating.com\/sk\/oblasti-pouzitia\/","title":{"rendered":"Oblasti pou\u017eitia"},"content":{"rendered":"<div class=\"wpb-content-wrapper\"><p>[vc_row row_type=&#8221;row&#8221; use_row_as_full_screen_section=&#8221;no&#8221; type=&#8221;full_width&#8221; text_align=&#8221;left&#8221; background_animation=&#8221;none&#8221; padding_bottom=&#8221;45&#8243; css_animation=&#8221;&#8221;][vc_column][vc_column_text]<\/p>\n<h1>Oblasti pou\u017eitia<\/h1>\n<p>[\/vc_column_text][vc_column_text css=&#8221;.vc_custom_1613305408912{padding-bottom: 30px !important;}&#8221;]Tu n\u00e1jdete n\u00e1terov\u00e9 rie\u0161enia pre v\u0161etky oblasti pou\u017eitia a v\u00fdzvy vo va\u0161om odvetv\u00ed \u2013 bez oh\u013eadu na to, \u010di ide o odraz slne\u010dn\u00e9ho svetla alebo zlep\u0161enie energetickej bilancie budov.<br \/>\nPreto\u017ee produkty ClimateCoating<sup>\u00ae<\/sup> s\u00fa viac ne\u017e len farby alebo ochrann\u00e9 n\u00e1tery. S\u00fa to ekologick\u00e9 a efekt\u00edvne funk\u010dn\u00e9 n\u00e1tery, na ktor\u00e9 sa m\u00f4\u017eete spo\u013eahn\u00fa\u0165 ve\u013emi dlho.[\/vc_column_text]<div class=\"woocommerce columns-4\"><ul class=\"products columns-4 clearfix default\"><li class=\"product-category product first\">\n\t<a aria-label=\"Nav\u0161t\u00edvi\u0165 kateg\u00f3riu produktov Stava\u0165 na\u017eivo\" href=\"https:\/\/www.climatecoating.com\/sk\/oblasti-pouzitia\/stavat-nazivo\/\"><img loading=\"lazy\" decoding=\"async\" src=\"https:\/\/www.climatecoating.com\/wp-content\/uploads\/2025\/10\/Bauen-Wohnen_600px_2-300x300.jpg\" alt=\"Stava\u0165 na\u017eivo\" width=\"300\" height=\"300\" srcset=\"https:\/\/www.climatecoating.com\/wp-content\/uploads\/2025\/10\/Bauen-Wohnen_600px_2-300x300.jpg 300w, https:\/\/www.climatecoating.com\/wp-content\/uploads\/2025\/10\/Bauen-Wohnen_600px_2-100x100.jpg 100w, https:\/\/www.climatecoating.com\/wp-content\/uploads\/2025\/10\/Bauen-Wohnen_600px_2-150x150.jpg 150w, https:\/\/www.climatecoating.com\/wp-content\/uploads\/2025\/10\/Bauen-Wohnen_600px_2-550x550.jpg 550w, https:\/\/www.climatecoating.com\/wp-content\/uploads\/2025\/10\/Bauen-Wohnen_600px_2-500x500.jpg 500w, https:\/\/www.climatecoating.com\/wp-content\/uploads\/2025\/10\/Bauen-Wohnen_600px_2.jpg 600w\" sizes=\"auto, (max-width: 300px) 100vw, 300px\" \/>\t\t<h2 class=\"woocommerce-loop-category__title\">\n\t\t\tStava\u0165 na\u017eivo <mark class=\"count\">(16)<\/mark>\t\t<\/h2>\n\t\t<\/a><\/li>\n<li class=\"product-category product\">\n\t<a aria-label=\"Nav\u0161t\u00edvi\u0165 kateg\u00f3riu produktov Pamiatkovej ochrany\" href=\"https:\/\/www.climatecoating.com\/sk\/oblasti-pouzitia\/pamiatkovej-ochrany\/\"><img loading=\"lazy\" decoding=\"async\" src=\"https:\/\/www.climatecoating.com\/wp-content\/uploads\/2020\/10\/Denkmalschutz_600px-300x300.jpg\" alt=\"Pamiatkovej ochrany\" width=\"300\" height=\"300\" srcset=\"https:\/\/www.climatecoating.com\/wp-content\/uploads\/2020\/10\/Denkmalschutz_600px-300x300.jpg 300w, https:\/\/www.climatecoating.com\/wp-content\/uploads\/2020\/10\/Denkmalschutz_600px-100x100.jpg 100w, https:\/\/www.climatecoating.com\/wp-content\/uploads\/2020\/10\/Denkmalschutz_600px-150x150.jpg 150w, https:\/\/www.climatecoating.com\/wp-content\/uploads\/2020\/10\/Denkmalschutz_600px-550x550.jpg 550w, https:\/\/www.climatecoating.com\/wp-content\/uploads\/2020\/10\/Denkmalschutz_600px-500x500.jpg 500w, https:\/\/www.climatecoating.com\/wp-content\/uploads\/2020\/10\/Denkmalschutz_600px.jpg 600w\" sizes=\"auto, (max-width: 300px) 100vw, 300px\" \/>\t\t<h2 class=\"woocommerce-loop-category__title\">\n\t\t\tPamiatkovej ochrany <mark class=\"count\">(1)<\/mark>\t\t<\/h2>\n\t\t<\/a><\/li>\n<li class=\"product-category product\">\n\t<a aria-label=\"Nav\u0161t\u00edvi\u0165 kateg\u00f3riu produktov Potravin\u00e1rsky priemysel\" href=\"https:\/\/www.climatecoating.com\/sk\/oblasti-pouzitia\/potravinarsky-priemysel\/\"><img loading=\"lazy\" decoding=\"async\" src=\"https:\/\/www.climatecoating.com\/wp-content\/uploads\/2020\/10\/Lebensmittelindustrie_600px-300x300.jpg\" alt=\"Potravin\u00e1rsky priemysel\" width=\"300\" height=\"300\" srcset=\"https:\/\/www.climatecoating.com\/wp-content\/uploads\/2020\/10\/Lebensmittelindustrie_600px-300x300.jpg 300w, https:\/\/www.climatecoating.com\/wp-content\/uploads\/2020\/10\/Lebensmittelindustrie_600px-100x100.jpg 100w, https:\/\/www.climatecoating.com\/wp-content\/uploads\/2020\/10\/Lebensmittelindustrie_600px-150x150.jpg 150w, https:\/\/www.climatecoating.com\/wp-content\/uploads\/2020\/10\/Lebensmittelindustrie_600px-550x550.jpg 550w, https:\/\/www.climatecoating.com\/wp-content\/uploads\/2020\/10\/Lebensmittelindustrie_600px-500x500.jpg 500w, https:\/\/www.climatecoating.com\/wp-content\/uploads\/2020\/10\/Lebensmittelindustrie_600px.jpg 600w\" sizes=\"auto, (max-width: 300px) 100vw, 300px\" \/>\t\t<h2 class=\"woocommerce-loop-category__title\">\n\t\t\tPotravin\u00e1rsky priemysel <mark class=\"count\">(3)<\/mark>\t\t<\/h2>\n\t\t<\/a><\/li>\n<li class=\"product-category product last\">\n\t<a aria-label=\"Nav\u0161t\u00edvi\u0165 kateg\u00f3riu produktov V\u00fdroba\" href=\"https:\/\/www.climatecoating.com\/sk\/oblasti-pouzitia\/vyroba\/\"><img loading=\"lazy\" decoding=\"async\" src=\"https:\/\/www.climatecoating.com\/wp-content\/uploads\/2020\/10\/Produzierendes-Gewerbe1_600px-300x300.jpg\" alt=\"V\u00fdroba\" width=\"300\" height=\"300\" srcset=\"https:\/\/www.climatecoating.com\/wp-content\/uploads\/2020\/10\/Produzierendes-Gewerbe1_600px-300x300.jpg 300w, https:\/\/www.climatecoating.com\/wp-content\/uploads\/2020\/10\/Produzierendes-Gewerbe1_600px-100x100.jpg 100w, https:\/\/www.climatecoating.com\/wp-content\/uploads\/2020\/10\/Produzierendes-Gewerbe1_600px-150x150.jpg 150w, https:\/\/www.climatecoating.com\/wp-content\/uploads\/2020\/10\/Produzierendes-Gewerbe1_600px-550x550.jpg 550w, https:\/\/www.climatecoating.com\/wp-content\/uploads\/2020\/10\/Produzierendes-Gewerbe1_600px-500x500.jpg 500w, https:\/\/www.climatecoating.com\/wp-content\/uploads\/2020\/10\/Produzierendes-Gewerbe1_600px.jpg 600w\" sizes=\"auto, (max-width: 300px) 100vw, 300px\" \/>\t\t<h2 class=\"woocommerce-loop-category__title\">\n\t\t\tV\u00fdroba <mark class=\"count\">(4)<\/mark>\t\t<\/h2>\n\t\t<\/a><\/li>\n<li class=\"product-category product first\">\n\t<a aria-label=\"Nav\u0161t\u00edvi\u0165 kateg\u00f3riu produktov Dopravn\u00e1 doprava\" href=\"https:\/\/www.climatecoating.com\/sk\/oblasti-pouzitia\/dopravna-doprava\/\"><img loading=\"lazy\" decoding=\"async\" src=\"https:\/\/www.climatecoating.com\/wp-content\/uploads\/2020\/10\/Transport-Verkehr_600px-300x300.jpg\" alt=\"Dopravn\u00e1 doprava\" width=\"300\" height=\"300\" srcset=\"https:\/\/www.climatecoating.com\/wp-content\/uploads\/2020\/10\/Transport-Verkehr_600px-300x300.jpg 300w, https:\/\/www.climatecoating.com\/wp-content\/uploads\/2020\/10\/Transport-Verkehr_600px-100x100.jpg 100w, https:\/\/www.climatecoating.com\/wp-content\/uploads\/2020\/10\/Transport-Verkehr_600px-150x150.jpg 150w, https:\/\/www.climatecoating.com\/wp-content\/uploads\/2020\/10\/Transport-Verkehr_600px-550x550.jpg 550w, https:\/\/www.climatecoating.com\/wp-content\/uploads\/2020\/10\/Transport-Verkehr_600px-500x500.jpg 500w, https:\/\/www.climatecoating.com\/wp-content\/uploads\/2020\/10\/Transport-Verkehr_600px.jpg 600w\" sizes=\"auto, (max-width: 300px) 100vw, 300px\" \/>\t\t<h2 class=\"woocommerce-loop-category__title\">\n\t\t\tDopravn\u00e1 doprava <mark class=\"count\">(1)<\/mark>\t\t<\/h2>\n\t\t<\/a><\/li>\n<li class=\"product-category product\">\n\t<a aria-label=\"Nav\u0161t\u00edvi\u0165 kateg\u00f3riu produktov Verejn\u00e9 budovy\" href=\"https:\/\/www.climatecoating.com\/sk\/oblasti-pouzitia\/verejne-budovy\/\"><img loading=\"lazy\" decoding=\"async\" src=\"https:\/\/www.climatecoating.com\/wp-content\/uploads\/2020\/10\/Oeffentliche-Gebaeude_2560x1440px-1-300x300.jpg\" alt=\"Verejn\u00e9 budovy\" width=\"300\" height=\"300\" srcset=\"https:\/\/www.climatecoating.com\/wp-content\/uploads\/2020\/10\/Oeffentliche-Gebaeude_2560x1440px-1-300x300.jpg 300w, https:\/\/www.climatecoating.com\/wp-content\/uploads\/2020\/10\/Oeffentliche-Gebaeude_2560x1440px-1-100x100.jpg 100w, https:\/\/www.climatecoating.com\/wp-content\/uploads\/2020\/10\/Oeffentliche-Gebaeude_2560x1440px-1-150x150.jpg 150w, https:\/\/www.climatecoating.com\/wp-content\/uploads\/2020\/10\/Oeffentliche-Gebaeude_2560x1440px-1-550x550.jpg 550w, https:\/\/www.climatecoating.com\/wp-content\/uploads\/2020\/10\/Oeffentliche-Gebaeude_2560x1440px-1-500x500.jpg 500w, https:\/\/www.climatecoating.com\/wp-content\/uploads\/2020\/10\/Oeffentliche-Gebaeude_2560x1440px-1.jpg 600w\" sizes=\"auto, (max-width: 300px) 100vw, 300px\" \/>\t\t<h2 class=\"woocommerce-loop-category__title\">\n\t\t\tVerejn\u00e9 budovy <mark class=\"count\">(11)<\/mark>\t\t<\/h2>\n\t\t<\/a><\/li>\n<li class=\"product-category product\">\n\t<a aria-label=\"Nav\u0161t\u00edvi\u0165 kateg\u00f3riu produktov Z\u00e1hrada a vo\u013en\u00fd \u010das\" href=\"https:\/\/www.climatecoating.com\/sk\/oblasti-pouzitia\/zahrada-a-volny-cas\/\"><img loading=\"lazy\" decoding=\"async\" src=\"https:\/\/www.climatecoating.com\/wp-content\/uploads\/2020\/10\/Garten-Freizeit_600px-300x300.jpg\" alt=\"Z\u00e1hrada a vo\u013en\u00fd \u010das\" width=\"300\" height=\"300\" srcset=\"https:\/\/www.climatecoating.com\/wp-content\/uploads\/2020\/10\/Garten-Freizeit_600px-300x300.jpg 300w, https:\/\/www.climatecoating.com\/wp-content\/uploads\/2020\/10\/Garten-Freizeit_600px-100x100.jpg 100w, https:\/\/www.climatecoating.com\/wp-content\/uploads\/2020\/10\/Garten-Freizeit_600px-150x150.jpg 150w, https:\/\/www.climatecoating.com\/wp-content\/uploads\/2020\/10\/Garten-Freizeit_600px-550x550.jpg 550w, https:\/\/www.climatecoating.com\/wp-content\/uploads\/2020\/10\/Garten-Freizeit_600px-500x500.jpg 500w, https:\/\/www.climatecoating.com\/wp-content\/uploads\/2020\/10\/Garten-Freizeit_600px.jpg 600w\" sizes=\"auto, (max-width: 300px) 100vw, 300px\" \/>\t\t<h2 class=\"woocommerce-loop-category__title\">\n\t\t\tZ\u00e1hrada a vo\u013en\u00fd \u010das\t\t<\/h2>\n\t\t<\/a><\/li>\n<li class=\"product-category product last\">\n\t<a aria-label=\"Nav\u0161t\u00edvi\u0165 kateg\u00f3riu produktov Po\u013enohospod\u00e1rstvo a chov zvierat\" href=\"https:\/\/www.climatecoating.com\/sk\/oblasti-pouzitia\/polnohospodarstvo-a-chov-zvierat\/\"><img loading=\"lazy\" decoding=\"async\" src=\"https:\/\/www.climatecoating.com\/wp-content\/uploads\/2020\/10\/Landwirtschaft-Tierhaltung_600px-300x300.jpg\" alt=\"Po\u013enohospod\u00e1rstvo a chov zvierat\" width=\"300\" height=\"300\" srcset=\"https:\/\/www.climatecoating.com\/wp-content\/uploads\/2020\/10\/Landwirtschaft-Tierhaltung_600px-300x300.jpg 300w, https:\/\/www.climatecoating.com\/wp-content\/uploads\/2020\/10\/Landwirtschaft-Tierhaltung_600px-100x100.jpg 100w, https:\/\/www.climatecoating.com\/wp-content\/uploads\/2020\/10\/Landwirtschaft-Tierhaltung_600px-150x150.jpg 150w, https:\/\/www.climatecoating.com\/wp-content\/uploads\/2020\/10\/Landwirtschaft-Tierhaltung_600px-550x550.jpg 550w, https:\/\/www.climatecoating.com\/wp-content\/uploads\/2020\/10\/Landwirtschaft-Tierhaltung_600px-500x500.jpg 500w, https:\/\/www.climatecoating.com\/wp-content\/uploads\/2020\/10\/Landwirtschaft-Tierhaltung_600px.jpg 600w\" sizes=\"auto, (max-width: 300px) 100vw, 300px\" \/>\t\t<h2 class=\"woocommerce-loop-category__title\">\n\t\t\tPo\u013enohospod\u00e1rstvo a chov zvierat <mark class=\"count\">(4)<\/mark>\t\t<\/h2>\n\t\t<\/a><\/li>\n<li class=\"product-category product first\">\n\t<a aria-label=\"Nav\u0161t\u00edvi\u0165 kateg\u00f3riu produktov Zdravotn\u00e1 starostlivos\u0165\" href=\"https:\/\/www.climatecoating.com\/sk\/oblasti-pouzitia\/zdravotna-starostlivost\/\"><img loading=\"lazy\" decoding=\"async\" src=\"https:\/\/www.climatecoating.com\/wp-content\/uploads\/2020\/10\/Gesundheitswesen_600px-300x300.jpg\" alt=\"Zdravotn\u00e1 starostlivos\u0165\" width=\"300\" height=\"300\" srcset=\"https:\/\/www.climatecoating.com\/wp-content\/uploads\/2020\/10\/Gesundheitswesen_600px-300x300.jpg 300w, https:\/\/www.climatecoating.com\/wp-content\/uploads\/2020\/10\/Gesundheitswesen_600px-100x100.jpg 100w, https:\/\/www.climatecoating.com\/wp-content\/uploads\/2020\/10\/Gesundheitswesen_600px-150x150.jpg 150w, https:\/\/www.climatecoating.com\/wp-content\/uploads\/2020\/10\/Gesundheitswesen_600px-550x550.jpg 550w, https:\/\/www.climatecoating.com\/wp-content\/uploads\/2020\/10\/Gesundheitswesen_600px-500x500.jpg 500w, https:\/\/www.climatecoating.com\/wp-content\/uploads\/2020\/10\/Gesundheitswesen_600px.jpg 600w\" sizes=\"auto, (max-width: 300px) 100vw, 300px\" \/>\t\t<h2 class=\"woocommerce-loop-category__title\">\n\t\t\tZdravotn\u00e1 starostlivos\u0165 <mark class=\"count\">(1)<\/mark>\t\t<\/h2>\n\t\t<\/a><\/li>\n<li class=\"product-category product\">\n\t<a aria-label=\"Nav\u0161t\u00edvi\u0165 kateg\u00f3riu produktov Hotely a gastron\u00f3mia\" href=\"https:\/\/www.climatecoating.com\/sk\/oblasti-pouzitia\/hotely-a-gastronomia\/\"><img loading=\"lazy\" decoding=\"async\" src=\"https:\/\/www.climatecoating.com\/wp-content\/uploads\/2020\/10\/Hotellerie-Gastronomie_600px-300x300.jpg\" alt=\"Hotely a gastron\u00f3mia\" width=\"300\" height=\"300\" srcset=\"https:\/\/www.climatecoating.com\/wp-content\/uploads\/2020\/10\/Hotellerie-Gastronomie_600px-300x300.jpg 300w, https:\/\/www.climatecoating.com\/wp-content\/uploads\/2020\/10\/Hotellerie-Gastronomie_600px-100x100.jpg 100w, https:\/\/www.climatecoating.com\/wp-content\/uploads\/2020\/10\/Hotellerie-Gastronomie_600px-150x150.jpg 150w, https:\/\/www.climatecoating.com\/wp-content\/uploads\/2020\/10\/Hotellerie-Gastronomie_600px-550x550.jpg 550w, https:\/\/www.climatecoating.com\/wp-content\/uploads\/2020\/10\/Hotellerie-Gastronomie_600px-500x500.jpg 500w, https:\/\/www.climatecoating.com\/wp-content\/uploads\/2020\/10\/Hotellerie-Gastronomie_600px.jpg 600w\" sizes=\"auto, (max-width: 300px) 100vw, 300px\" \/>\t\t<h2 class=\"woocommerce-loop-category__title\">\n\t\t\tHotely a gastron\u00f3mia <mark class=\"count\">(7)<\/mark>\t\t<\/h2>\n\t\t<\/a><\/li>\n<li class=\"product-category product\">\n\t<a aria-label=\"Nav\u0161t\u00edvi\u0165 kateg\u00f3riu produktov Technick\u00e9 kon\u0161trukcie\" href=\"https:\/\/www.climatecoating.com\/sk\/oblasti-pouzitia\/technicke-konstrukcie\/\"><img loading=\"lazy\" decoding=\"async\" src=\"https:\/\/www.climatecoating.com\/wp-content\/uploads\/2020\/10\/Technische-Konstruktionen_600px-300x300.jpg\" alt=\"Technick\u00e9 kon\u0161trukcie\" width=\"300\" height=\"300\" srcset=\"https:\/\/www.climatecoating.com\/wp-content\/uploads\/2020\/10\/Technische-Konstruktionen_600px-300x300.jpg 300w, https:\/\/www.climatecoating.com\/wp-content\/uploads\/2020\/10\/Technische-Konstruktionen_600px-100x100.jpg 100w, https:\/\/www.climatecoating.com\/wp-content\/uploads\/2020\/10\/Technische-Konstruktionen_600px-150x150.jpg 150w, https:\/\/www.climatecoating.com\/wp-content\/uploads\/2020\/10\/Technische-Konstruktionen_600px-550x550.jpg 550w, https:\/\/www.climatecoating.com\/wp-content\/uploads\/2020\/10\/Technische-Konstruktionen_600px-500x500.jpg 500w, https:\/\/www.climatecoating.com\/wp-content\/uploads\/2020\/10\/Technische-Konstruktionen_600px.jpg 600w\" sizes=\"auto, (max-width: 300px) 100vw, 300px\" \/>\t\t<h2 class=\"woocommerce-loop-category__title\">\n\t\t\tTechnick\u00e9 kon\u0161trukcie <mark class=\"count\">(1)<\/mark>\t\t<\/h2>\n\t\t<\/a><\/li>\n<li class=\"product-category product last\">\n\t<a aria-label=\"Nav\u0161t\u00edvi\u0165 kateg\u00f3riu produktov Priemysel a \u0161peci\u00e1lne rie\u0161enia\" href=\"https:\/\/www.climatecoating.com\/sk\/oblasti-pouzitia\/priemysel-a-specialne-riesenia\/\"><img loading=\"lazy\" decoding=\"async\" src=\"https:\/\/www.climatecoating.com\/wp-content\/uploads\/2020\/10\/Branchen-Spezialloesungen_600px-300x300.jpg\" alt=\"Priemysel a \u0161peci\u00e1lne rie\u0161enia\" width=\"300\" height=\"300\" srcset=\"https:\/\/www.climatecoating.com\/wp-content\/uploads\/2020\/10\/Branchen-Spezialloesungen_600px-300x300.jpg 300w, https:\/\/www.climatecoating.com\/wp-content\/uploads\/2020\/10\/Branchen-Spezialloesungen_600px-100x100.jpg 100w, https:\/\/www.climatecoating.com\/wp-content\/uploads\/2020\/10\/Branchen-Spezialloesungen_600px-150x150.jpg 150w, https:\/\/www.climatecoating.com\/wp-content\/uploads\/2020\/10\/Branchen-Spezialloesungen_600px-550x550.jpg 550w, https:\/\/www.climatecoating.com\/wp-content\/uploads\/2020\/10\/Branchen-Spezialloesungen_600px-500x500.jpg 500w, https:\/\/www.climatecoating.com\/wp-content\/uploads\/2020\/10\/Branchen-Spezialloesungen_600px.jpg 600w\" sizes=\"auto, (max-width: 300px) 100vw, 300px\" \/>\t\t<h2 class=\"woocommerce-loop-category__title\">\n\t\t\tPriemysel a \u0161peci\u00e1lne rie\u0161enia\t\t<\/h2>\n\t\t<\/a><\/li>\n<\/ul>\n<\/div>[\/vc_column][\/vc_row]<\/p>\n<\/div>","protected":false},"excerpt":{"rendered":"<p>[vc_row row_type=&#8221;row&#8221; use_row_as_full_screen_section=&#8221;no&#8221; type=&#8221;full_width&#8221; text_align=&#8221;left&#8221; background_animation=&#8221;none&#8221; padding_bottom=&#8221;45&#8243; css_animation=&#8221;&#8221;][vc_column][vc_column_text] Oblasti pou\u017eitia [\/vc_column_text][vc_column_text css=&#8221;.vc_custom_1613305408912{padding-bottom: 30px !important;}&#8221;]Tu n\u00e1jdete n\u00e1terov\u00e9 rie\u0161enia pre v\u0161etky oblasti pou\u017eitia a v\u00fdzvy vo va\u0161om odvetv\u00ed \u2013 bez oh\u013eadu na to, \u010di ide o odraz slne\u010dn\u00e9ho svetla alebo zlep\u0161enie energetickej bilancie budov. Preto\u017ee produkty ClimateCoating\u00ae&#8230;<\/p>\n","protected":false},"author":1,"featured_media":0,"parent":0,"menu_order":100,"comment_status":"closed","ping_status":"closed","template":"","meta":{"footnotes":""},"class_list":["post-34775","page","type-page","status-publish","hentry"],"_links":{"self":[{"href":"https:\/\/www.climatecoating.com\/sk\/wp-json\/wp\/v2\/pages\/34775","targetHints":{"allow":["GET"]}}],"collection":[{"href":"https:\/\/www.climatecoating.com\/sk\/wp-json\/wp\/v2\/pages"}],"about":[{"href":"https:\/\/www.climatecoating.com\/sk\/wp-json\/wp\/v2\/types\/page"}],"author":[{"embeddable":true,"href":"https:\/\/www.climatecoating.com\/sk\/wp-json\/wp\/v2\/users\/1"}],"replies":[{"embeddable":true,"href":"https:\/\/www.climatecoating.com\/sk\/wp-json\/wp\/v2\/comments?post=34775"}],"version-history":[{"count":0,"href":"https:\/\/www.climatecoating.com\/sk\/wp-json\/wp\/v2\/pages\/34775\/revisions"}],"wp:attachment":[{"href":"https:\/\/www.climatecoating.com\/sk\/wp-json\/wp\/v2\/media?parent=34775"}],"curies":[{"name":"wp","href":"https:\/\/api.w.org\/{rel}","templated":true}]}}