{"id":34782,"date":"2022-01-12T14:47:17","date_gmt":"2022-01-12T13:47:17","guid":{"rendered":"https:\/\/www.climatecoating.com\/referencie\/drevenica\/"},"modified":"2022-01-25T18:02:33","modified_gmt":"2022-01-25T17:02:33","slug":"drevenica","status":"publish","type":"page","link":"https:\/\/www.climatecoating.com\/sk\/referencie\/drevenica\/","title":{"rendered":"Drevenica"},"content":{"rendered":"<div class=\"wpb-content-wrapper\"><p>[vc_row row_type=&#8221;row&#8221; use_row_as_full_screen_section=&#8221;no&#8221; type=&#8221;full_width&#8221; text_align=&#8221;left&#8221; background_animation=&#8221;none&#8221; padding_top=&#8221;14&#8243; padding_bottom=&#8221;100&#8243; css_animation=&#8221;&#8221;][vc_column][vc_column_text]<\/p>\n<h1>Referencie &#8211; Drevenica<\/h1>\n<p>[\/vc_column_text]<div class='projects_holder_outer v3 portfolio_with_space portfolio_with_hover_text  qode-filter-position-left'>\n\t    \t<div class='projects_holder clearfix v3 hover_text portfolio_default_image '>\n\t\t<article class=\"mix portfolio_category_1656 portfolio_category_1660\">\n    <div class='image_holder elegant_hover'>\n        \n<span class='image'><img loading=\"lazy\" decoding=\"async\" width=\"550\" height=\"498\" src=\"https:\/\/www.climatecoating.com\/wp-content\/uploads\/2020\/07\/Mehrfamilienhaus-in-Spremberg_08-550x498.jpg\" class=\"attachment-portfolio-default size-portfolio-default wp-post-image\" alt=\"Bytov\u00fd dom v Sprembergu 08\" srcset=\"https:\/\/www.climatecoating.com\/wp-content\/uploads\/2020\/07\/Mehrfamilienhaus-in-Spremberg_08-550x498.jpg 550w, https:\/\/www.climatecoating.com\/wp-content\/uploads\/2020\/07\/Mehrfamilienhaus-in-Spremberg_08-480x434.jpg 480w, https:\/\/www.climatecoating.com\/wp-content\/uploads\/2020\/07\/Mehrfamilienhaus-in-Spremberg_08-125x112.jpg 125w\" sizes=\"auto, (max-width: 550px) 100vw, 550px\" \/><\/span>\n                    <a class='portfolio_link_class' href='https:\/\/www.climatecoating.com\/sk\/referencie\/odkaz\/bytovy-dom-v-sprembergu\/' target='_self'><\/a>\n\t\t\n        <div class=\"portfolio_shader\"><\/div>\n<div class=\"text_holder\">\n\t<div class=\"text_holder_inner\">\n\t\t<div class=\"text_holder_inner2\">\n\t\t\t<h4 class=\"portfolio_title\" > Bytov\u00fd dom v Sprembergu<\/h4><h6 class=\"portfolio_subtitle\"> <\/h6>\t\t<\/div>\n\t<\/div>\n<\/div>\n\n\n\t    \n    <\/div>\n<\/article>\n<article class=\"mix portfolio_category_1656\">\n    <div class='image_holder elegant_hover'>\n        \n<span class='image'><img loading=\"lazy\" decoding=\"async\" width=\"550\" height=\"498\" src=\"https:\/\/www.climatecoating.com\/wp-content\/uploads\/2020\/07\/Renovierungen-mit-Nature_02-550x498.jpg\" class=\"attachment-portfolio-default size-portfolio-default wp-post-image\" alt=\"Renov\u00e1cie s pr\u00edrodou 02\" srcset=\"https:\/\/www.climatecoating.com\/wp-content\/uploads\/2020\/07\/Renovierungen-mit-Nature_02-550x498.jpg 550w, https:\/\/www.climatecoating.com\/wp-content\/uploads\/2020\/07\/Renovierungen-mit-Nature_02-480x434.jpg 480w, https:\/\/www.climatecoating.com\/wp-content\/uploads\/2020\/07\/Renovierungen-mit-Nature_02-125x112.jpg 125w\" sizes=\"auto, (max-width: 550px) 100vw, 550px\" \/><\/span>\n                    <a class='portfolio_link_class' href='https:\/\/www.climatecoating.com\/sk\/referencie\/odkaz\/renovacie-s-nature\/' target='_self'><\/a>\n\t\t\n        <div class=\"portfolio_shader\"><\/div>\n<div class=\"text_holder\">\n\t<div class=\"text_holder_inner\">\n\t\t<div class=\"text_holder_inner2\">\n\t\t\t<h4 class=\"portfolio_title\" > Renov\u00e1cie s Nature<\/h4><h6 class=\"portfolio_subtitle\"> <\/h6>\t\t<\/div>\n\t<\/div>\n<\/div>\n\n\n\t    \n    <\/div>\n<\/article>\n<article class=\"mix portfolio_category_1656\">\n    <div class='image_holder elegant_hover'>\n        \n<span class='image'><img loading=\"lazy\" decoding=\"async\" width=\"550\" height=\"498\" src=\"https:\/\/www.climatecoating.com\/wp-content\/uploads\/2020\/07\/Nature-vs-Farben_01-550x498.jpg\" class=\"attachment-portfolio-default size-portfolio-default wp-post-image\" alt=\"Pr\u00edroda vs farby 01\" srcset=\"https:\/\/www.climatecoating.com\/wp-content\/uploads\/2020\/07\/Nature-vs-Farben_01-550x498.jpg 550w, https:\/\/www.climatecoating.com\/wp-content\/uploads\/2020\/07\/Nature-vs-Farben_01-480x434.jpg 480w, https:\/\/www.climatecoating.com\/wp-content\/uploads\/2020\/07\/Nature-vs-Farben_01-125x112.jpg 125w\" sizes=\"auto, (max-width: 550px) 100vw, 550px\" \/><\/span>\n                    <a class='portfolio_link_class' href='https:\/\/www.climatecoating.com\/sk\/referencie\/odkaz\/priroda-vs-farby\/' target='_self'><\/a>\n\t\t\n        <div class=\"portfolio_shader\"><\/div>\n<div class=\"text_holder\">\n\t<div class=\"text_holder_inner\">\n\t\t<div class=\"text_holder_inner2\">\n\t\t\t<h4 class=\"portfolio_title\" > Pr\u00edroda vs farby<\/h4><h6 class=\"portfolio_subtitle\"> <\/h6>\t\t<\/div>\n\t<\/div>\n<\/div>\n\n\n\t    \n    <\/div>\n<\/article>\n<article class=\"mix portfolio_category_1656\">\n    <div class='image_holder elegant_hover'>\n        \n<span class='image'><img loading=\"lazy\" decoding=\"async\" width=\"550\" height=\"498\" src=\"https:\/\/www.climatecoating.com\/wp-content\/uploads\/2020\/07\/Das-weisse-Haus-in-Spaarndam_01-550x498.jpg\" class=\"attachment-portfolio-default size-portfolio-default wp-post-image\" alt=\"Biely dom v Spaarndame 01\" srcset=\"https:\/\/www.climatecoating.com\/wp-content\/uploads\/2020\/07\/Das-weisse-Haus-in-Spaarndam_01-550x498.jpg 550w, https:\/\/www.climatecoating.com\/wp-content\/uploads\/2020\/07\/Das-weisse-Haus-in-Spaarndam_01-480x434.jpg 480w, https:\/\/www.climatecoating.com\/wp-content\/uploads\/2020\/07\/Das-weisse-Haus-in-Spaarndam_01-125x112.jpg 125w\" sizes=\"auto, (max-width: 550px) 100vw, 550px\" \/><\/span>\n                    <a class='portfolio_link_class' href='https:\/\/www.climatecoating.com\/sk\/referencie\/odkaz\/biely-dom-v-spaarndame\/' target='_self'><\/a>\n\t\t\n        <div class=\"portfolio_shader\"><\/div>\n<div class=\"text_holder\">\n\t<div class=\"text_holder_inner\">\n\t\t<div class=\"text_holder_inner2\">\n\t\t\t<h4 class=\"portfolio_title\" > Biely dom v Spaarndame<\/h4><h6 class=\"portfolio_subtitle\"> <\/h6>\t\t<\/div>\n\t<\/div>\n<\/div>\n\n\n\t    \n    <\/div>\n<\/article>\n<article class=\"mix portfolio_category_1656 portfolio_category_1660\">\n    <div class='image_holder elegant_hover'>\n        \n<span class='image'><img loading=\"lazy\" decoding=\"async\" width=\"550\" height=\"498\" src=\"https:\/\/www.climatecoating.com\/wp-content\/uploads\/2020\/07\/Das-weisse-Haus-in-Spremberg_01-550x498.jpg\" class=\"attachment-portfolio-default size-portfolio-default wp-post-image\" alt=\"Biely dom v Sprembergu 01\" srcset=\"https:\/\/www.climatecoating.com\/wp-content\/uploads\/2020\/07\/Das-weisse-Haus-in-Spremberg_01-550x498.jpg 550w, https:\/\/www.climatecoating.com\/wp-content\/uploads\/2020\/07\/Das-weisse-Haus-in-Spremberg_01-480x434.jpg 480w, https:\/\/www.climatecoating.com\/wp-content\/uploads\/2020\/07\/Das-weisse-Haus-in-Spremberg_01-125x112.jpg 125w\" sizes=\"auto, (max-width: 550px) 100vw, 550px\" \/><\/span>\n                    <a class='portfolio_link_class' href='https:\/\/www.climatecoating.com\/sk\/referencie\/odkaz\/biely-dom-v-sprembergu\/' target='_self'><\/a>\n\t\t\n        <div class=\"portfolio_shader\"><\/div>\n<div class=\"text_holder\">\n\t<div class=\"text_holder_inner\">\n\t\t<div class=\"text_holder_inner2\">\n\t\t\t<h4 class=\"portfolio_title\" > Biely dom v Sprembergu<\/h4><h6 class=\"portfolio_subtitle\"> <\/h6>\t\t<\/div>\n\t<\/div>\n<\/div>\n\n\n\t    \n    <\/div>\n<\/article>\n<article class=\"mix portfolio_category_1656\">\n    <div class='image_holder elegant_hover'>\n        \n<span class='image'><img loading=\"lazy\" decoding=\"async\" width=\"550\" height=\"498\" src=\"https:\/\/www.climatecoating.com\/wp-content\/uploads\/2020\/07\/Holzfassaden-mit-Nature_01-550x498.jpg\" class=\"attachment-portfolio-default size-portfolio-default wp-post-image\" alt=\"Dreven\u00e9 fas\u00e1dy s pr\u00edrodou 01\" srcset=\"https:\/\/www.climatecoating.com\/wp-content\/uploads\/2020\/07\/Holzfassaden-mit-Nature_01-550x498.jpg 550w, https:\/\/www.climatecoating.com\/wp-content\/uploads\/2020\/07\/Holzfassaden-mit-Nature_01-480x434.jpg 480w, https:\/\/www.climatecoating.com\/wp-content\/uploads\/2020\/07\/Holzfassaden-mit-Nature_01-125x112.jpg 125w\" sizes=\"auto, (max-width: 550px) 100vw, 550px\" \/><\/span>\n                    <a class='portfolio_link_class' href='https:\/\/www.climatecoating.com\/sk\/referencie\/odkaz\/drevene-fasady-s-nature\/' target='_self'><\/a>\n\t\t\n        <div class=\"portfolio_shader\"><\/div>\n<div class=\"text_holder\">\n\t<div class=\"text_holder_inner\">\n\t\t<div class=\"text_holder_inner2\">\n\t\t\t<h4 class=\"portfolio_title\" > Dreven\u00e9 fas\u00e1dy s Nature<\/h4><h6 class=\"portfolio_subtitle\"> <\/h6>\t\t<\/div>\n\t<\/div>\n<\/div>\n\n\n\t    \n    <\/div>\n<\/article>\n\t\t\t\t\t<div class='filler'><\/div>\n\t\t\t\t\t\t\t\t\t<div class='filler'><\/div>\n\t\t\t\t\t\t\t\t\t<div class='filler'><\/div>\n\t\t\t\t\t<\/div>\n\n    \n\t<\/div>\n[\/vc_column][\/vc_row][vc_row row_type=&#8221;row&#8221; use_row_as_full_screen_section=&#8221;no&#8221; type=&#8221;full_width&#8221; text_align=&#8221;left&#8221; background_animation=&#8221;none&#8221; css_animation=&#8221;&#8221;][vc_column]<div class=\"templatera_shortcode\"><div     class=\"vc_row wpb_row section vc_row-fluid backlink\" style=' text-align:left;'><div class=\" full_section_inner clearfix\"><div class=\"wpb_column vc_column_container vc_col-sm-12\"><div class=\"vc_column-inner\"><div class=\"wpb_wrapper\">\n\t<div class=\"wpb_text_column wpb_content_element \">\n\t\t<div class=\"wpb_wrapper\">\n\t\t\t<p style=\"text-align: center;\"><strong><a href=\"https:\/\/www.climatecoating.com\/sk\/referencie\/\">&lt;&lt; Sp\u00e4\u0165 na preh\u013ead referenci\u00ed<\/a><\/strong><\/p>\n\n\t\t<\/div>\n\t<\/div><\/div><\/div><\/div><\/div><\/div><\/div>[\/vc_column][\/vc_row]<\/p>\n<\/div>","protected":false},"excerpt":{"rendered":"Ochrana pred teplom a UV \u017eiaren\u00edm nielen v dom\u00e1cnostiach (\u010dierna, v\u00ednovo \u010derven\u00e1, biela). Holandsko - Nature a spo\u013eahliv\u00e1 ochrana dreven\u00fdch domov Ma\u013eovanie dreven\u00fdch fas\u00e1d \u010diernou farbou m\u00e1 teraz v Holandsku trad\u00edciu. Tieto pr\u00edklady maj\u00fa jedno spolo\u010dn\u00e9: \u201eDit woonhuis is ClimateCoating\u00ae Nature toegepast. Na enkele jaren...","protected":false},"author":1,"featured_media":0,"parent":34655,"menu_order":440,"comment_status":"closed","ping_status":"closed","template":"","meta":{"footnotes":""},"class_list":["post-34782","page","type-page","status-publish","hentry"],"_links":{"self":[{"href":"https:\/\/www.climatecoating.com\/sk\/wp-json\/wp\/v2\/pages\/34782","targetHints":{"allow":["GET"]}}],"collection":[{"href":"https:\/\/www.climatecoating.com\/sk\/wp-json\/wp\/v2\/pages"}],"about":[{"href":"https:\/\/www.climatecoating.com\/sk\/wp-json\/wp\/v2\/types\/page"}],"author":[{"embeddable":true,"href":"https:\/\/www.climatecoating.com\/sk\/wp-json\/wp\/v2\/users\/1"}],"replies":[{"embeddable":true,"href":"https:\/\/www.climatecoating.com\/sk\/wp-json\/wp\/v2\/comments?post=34782"}],"version-history":[{"count":0,"href":"https:\/\/www.climatecoating.com\/sk\/wp-json\/wp\/v2\/pages\/34782\/revisions"}],"up":[{"embeddable":true,"href":"https:\/\/www.climatecoating.com\/sk\/wp-json\/wp\/v2\/pages\/34655"}],"wp:attachment":[{"href":"https:\/\/www.climatecoating.com\/sk\/wp-json\/wp\/v2\/media?parent=34782"}],"curies":[{"name":"wp","href":"https:\/\/api.w.org\/{rel}","templated":true}]}}