{"id":34802,"date":"2022-01-12T14:47:32","date_gmt":"2022-01-12T13:47:32","guid":{"rendered":"https:\/\/www.climatecoating.com\/referencie\/stresne-projekty\/"},"modified":"2022-01-25T18:01:25","modified_gmt":"2022-01-25T17:01:25","slug":"stresne-projekty","status":"publish","type":"page","link":"https:\/\/www.climatecoating.com\/sk\/referencie\/stresne-projekty\/","title":{"rendered":"Stre\u0161n\u00e9 projekty"},"content":{"rendered":"<div class=\"wpb-content-wrapper\"><p>[vc_row row_type=&#8221;row&#8221; use_row_as_full_screen_section=&#8221;no&#8221; type=&#8221;full_width&#8221; text_align=&#8221;left&#8221; background_animation=&#8221;none&#8221; padding_top=&#8221;14&#8243; padding_bottom=&#8221;100&#8243; css_animation=&#8221;&#8221;][vc_column][vc_column_text]<\/p>\n<h1>Referencie &#8211; projekty striech<\/h1>\n<p>[\/vc_column_text]<div class='projects_holder_outer v3 portfolio_with_space portfolio_with_hover_text  qode-filter-position-left'>\n\t    \t<div class='projects_holder clearfix v3 hover_text portfolio_default_image '>\n\t\t<article class=\"mix portfolio_category_1646\">\n    <div class='image_holder elegant_hover'>\n        \n<span class='image'><img loading=\"lazy\" decoding=\"async\" width=\"550\" height=\"498\" src=\"https:\/\/www.climatecoating.com\/wp-content\/uploads\/2020\/10\/ThermoActive_Roof_SK_2650x1440px-550x498.jpg\" class=\"attachment-portfolio-default size-portfolio-default wp-post-image\" alt=\"ThermoActive stre\u0161n\u00fd n\u00e1ter\" srcset=\"https:\/\/www.climatecoating.com\/wp-content\/uploads\/2020\/10\/ThermoActive_Roof_SK_2650x1440px-550x498.jpg 550w, https:\/\/www.climatecoating.com\/wp-content\/uploads\/2020\/10\/ThermoActive_Roof_SK_2650x1440px-480x434.jpg 480w, https:\/\/www.climatecoating.com\/wp-content\/uploads\/2020\/10\/ThermoActive_Roof_SK_2650x1440px-125x112.jpg 125w\" sizes=\"auto, (max-width: 550px) 100vw, 550px\" \/><\/span>\n                    <a class='portfolio_link_class' href='https:\/\/www.climatecoating.com\/sk\/referencie\/odkaz\/firma-schindler-zavod-na-slovensku\/' target='_self'><\/a>\n\t\t\n        <div class=\"portfolio_shader\"><\/div>\n<div class=\"text_holder\">\n\t<div class=\"text_holder_inner\">\n\t\t<div class=\"text_holder_inner2\">\n\t\t\t<h4 class=\"portfolio_title\" > Firma Schindler na Slovensku<\/h4><h6 class=\"portfolio_subtitle\"> <\/h6>\t\t<\/div>\n\t<\/div>\n<\/div>\n\n\n\t    \n    <\/div>\n<\/article>\n\t\t\t\t\t<div class='filler'><\/div>\n\t\t\t\t\t\t\t\t\t<div class='filler'><\/div>\n\t\t\t\t\t\t\t\t\t<div class='filler'><\/div>\n\t\t\t\t\t<\/div>\n\n    \n\t<\/div>\n[\/vc_column][\/vc_row][vc_row row_type=&#8221;row&#8221; use_row_as_full_screen_section=&#8221;no&#8221; type=&#8221;full_width&#8221; text_align=&#8221;left&#8221; background_animation=&#8221;none&#8221; css_animation=&#8221;&#8221;][vc_column]<div class=\"templatera_shortcode\"><div     class=\"vc_row wpb_row section vc_row-fluid backlink\" style=' text-align:left;'><div class=\" full_section_inner clearfix\"><div class=\"wpb_column vc_column_container vc_col-sm-12\"><div class=\"vc_column-inner\"><div class=\"wpb_wrapper\">\n\t<div class=\"wpb_text_column wpb_content_element \">\n\t\t<div class=\"wpb_wrapper\">\n\t\t\t<p style=\"text-align: center;\"><strong><a href=\"https:\/\/www.climatecoating.com\/sk\/referencie\/\">&lt;&lt; Sp\u00e4\u0165 na preh\u013ead referenci\u00ed<\/a><\/strong><\/p>\n\n\t\t<\/div>\n\t<\/div><\/div><\/div><\/div><\/div><\/div><\/div>[\/vc_column][\/vc_row]<\/p>\n<\/div>","protected":false},"excerpt":{"rendered":"V Dunskajej Strede na Slovensku bolo v roku 2019 natret\u00fdch vrstvou ThermoActive asi 14 000 m\u00b2 stre\u0161nej plochy od v\u00fdrobcu v\u00fd\u0165ahov-\u00a0 Schindler v\u00fd\u0165ahy a eskal\u00e1tory a.s. Z\u00e1kazku realizovala spolo\u010dnos\u0165 HOFER SK, sro, 01001 \u017dilina. Probl\u00e9m Vysok\u00e9 teploty vo v\u00fdrobn\u00fdch hal\u00e1ch v d\u00f4sledku prehrievania striech. Vonkaj\u0161ia...","protected":false},"author":3,"featured_media":0,"parent":34655,"menu_order":410,"comment_status":"closed","ping_status":"closed","template":"","meta":{"footnotes":""},"class_list":["post-34802","page","type-page","status-publish","hentry"],"_links":{"self":[{"href":"https:\/\/www.climatecoating.com\/sk\/wp-json\/wp\/v2\/pages\/34802","targetHints":{"allow":["GET"]}}],"collection":[{"href":"https:\/\/www.climatecoating.com\/sk\/wp-json\/wp\/v2\/pages"}],"about":[{"href":"https:\/\/www.climatecoating.com\/sk\/wp-json\/wp\/v2\/types\/page"}],"author":[{"embeddable":true,"href":"https:\/\/www.climatecoating.com\/sk\/wp-json\/wp\/v2\/users\/3"}],"replies":[{"embeddable":true,"href":"https:\/\/www.climatecoating.com\/sk\/wp-json\/wp\/v2\/comments?post=34802"}],"version-history":[{"count":0,"href":"https:\/\/www.climatecoating.com\/sk\/wp-json\/wp\/v2\/pages\/34802\/revisions"}],"up":[{"embeddable":true,"href":"https:\/\/www.climatecoating.com\/sk\/wp-json\/wp\/v2\/pages\/34655"}],"wp:attachment":[{"href":"https:\/\/www.climatecoating.com\/sk\/wp-json\/wp\/v2\/media?parent=34802"}],"curies":[{"name":"wp","href":"https:\/\/api.w.org\/{rel}","templated":true}]}}