{"id":34813,"date":"2022-01-12T14:47:37","date_gmt":"2022-01-12T13:47:37","guid":{"rendered":"https:\/\/www.climatecoating.com\/oblasti-pouzitia\/potravinarsky-priemysel\/"},"modified":"2022-02-25T10:31:06","modified_gmt":"2022-02-25T09:31:06","slug":"potravinarsky-priemysel","status":"publish","type":"page","link":"https:\/\/www.climatecoating.com\/sk\/oblasti-pouzitia\/potravinarsky-priemysel\/","title":{"rendered":"Potravin\u00e1rsky priemysel"},"content":{"rendered":"<div class=\"wpb-content-wrapper\"><p>[vc_row row_type=&#8221;row&#8221; use_row_as_full_screen_section=&#8221;no&#8221; type=&#8221;full_width&#8221; text_align=&#8221;left&#8221; background_animation=&#8221;none&#8221; padding_bottom=&#8221;45&#8243; css_animation=&#8221;&#8221;][vc_column][vc_single_image image=&#8221;33656&#8243; img_size=&#8221;full&#8221; qode_css_animation=&#8221;&#8221; css=&#8221;.vc_custom_1605018080810{padding-bottom: 30px !important;}&#8221;][vc_column_text]<\/p>\n<h1>Potravin\u00e1rsky priemysel<\/h1>\n<p>[\/vc_column_text][vc_column_text css=&#8221;.vc_custom_1605018105742{padding-bottom: 30px !important;}&#8221;]Hygiena je na prvom mieste. Po druh\u00e9, zn\u00ed\u017eenie n\u00e1kladov na chladenie. Funk\u010dn\u00e9 n\u00e1tery ClimateCoating<sup>\u00ae<\/sup> m\u00f4\u017eu z dlhodob\u00e9ho h\u013eadiska \u00fa\u010dinne prispie\u0165 k obom v\u00fdzvam. Nechajte si poradi\u0165![\/vc_column_text][vc_row_inner row_type=&#8221;row&#8221; type=&#8221;full_width&#8221; use_row_as_full_screen_section_slide=&#8221;no&#8221; text_align=&#8221;left&#8221; css_animation=&#8221;&#8221;][vc_column_inner width=&#8221;1\/2&#8243;][vc_column_text]HYGIENA[\/vc_column_text][vc_gallery interval=&#8221;3&#8243; images=&#8221;33715,33665,33525&#8243; img_size=&#8221;full&#8221; onclick=&#8221;&#8221; el_class=&#8221;flex-noarrows&#8221;][vc_separator type=&#8221;small&#8221; position=&#8221;left&#8221; border_style=&#8221;&#8221; up=&#8221;18&#8243; down=&#8221;20&#8243; color=&#8221;#d6202d&#8221;][vc_column_text]Ochrana proti plesniam<\/p>\n<p>Hygiena miestnosti<\/p>\n<p>Prevencia kondenz\u00e1cie<\/p>\n<p>Regul\u00e1cia vlhkosti<\/p>\n<p>Bez z\u00e1pachu<\/p>\n<p>Odolnos\u0165 vo\u010di ne\u010distot\u00e1m<\/p>\n<p>\u00daspora energie<\/p>\n<p>Odstra\u0148ovanie ne\u010dist\u00f4t fotokatal\u00fdzou<\/p>\n<p>Rozjasnenie miestnosti odrazom svetla<\/p>\n<p>Osvie\u017eenie stropn\u00fdch obkladov[\/vc_column_text][\/vc_column_inner][vc_column_inner width=&#8221;1\/2&#8243;][vc_column_text]STAVEBN\u00c9 CHLADENIE[\/vc_column_text][vc_gallery interval=&#8221;3&#8243; images=&#8221;33527,33523,33548&#8243; img_size=&#8221;full&#8221; onclick=&#8221;&#8221; el_class=&#8221;flex-noarrows&#8221;][vc_separator type=&#8221;small&#8221; position=&#8221;left&#8221; border_style=&#8221;&#8221; up=&#8221;18&#8243; down=&#8221;20&#8243; color=&#8221;#d6202d&#8221;][vc_column_text]\u00daspora energie<\/p>\n<p>Dlhovekos\u0165<\/p>\n<p>Sloboda od trhl\u00edn<\/p>\n<p>Robustnos\u0165<\/p>\n<p>Odpudzova\u010d ne\u010dist\u00f4t<\/p>\n<p>Riadenie vlhkosti<\/p>\n<p>Spoma\u013eova\u010d horenia<\/p>\n<p>Zn\u00ed\u017eenie n\u00e1kladov na chladenie a chladenie<\/p>\n<p>Ochrana pred po\u010das\u00edm<\/p>\n<p>Tesnos\u0165<\/p>\n<p>Tepeln\u00fd relax[\/vc_column_text][\/vc_column_inner][\/vc_row_inner][\/vc_column][\/vc_row][vc_row row_type=&#8221;row&#8221; use_row_as_full_screen_section=&#8221;no&#8221; type=&#8221;full_width&#8221; text_align=&#8221;left&#8221; background_animation=&#8221;none&#8221; css_animation=&#8221;&#8221;][vc_column][\/vc_column][\/vc_row]<\/p>\n<\/div>","protected":false},"excerpt":{"rendered":"Potravin\u00e1rsky priemysel Hygiena je na prvom mieste. Po druh\u00e9, zn\u00ed\u017eenie n\u00e1kladov na chladenie. Funk\u010dn\u00e9 n\u00e1tery ClimateCoating\u00ae m\u00f4\u017eu z dlhodob\u00e9ho h\u013eadiska \u00fa\u010dinne prispie\u0165 k obom v\u00fdzvam. Nechajte si poradi\u0165! HYGIENA Ochrana proti plesniam Hygiena miestnosti Prevencia kondenz\u00e1cie Regul\u00e1cia vlhkosti Bez z\u00e1pachu Odolnos\u0165 vo\u010di ne\u010distot\u00e1m \u00daspora energie...","protected":false},"author":1,"featured_media":0,"parent":34775,"menu_order":115,"comment_status":"closed","ping_status":"closed","template":"","meta":{"footnotes":""},"class_list":["post-34813","page","type-page","status-publish","hentry"],"_links":{"self":[{"href":"https:\/\/www.climatecoating.com\/sk\/wp-json\/wp\/v2\/pages\/34813","targetHints":{"allow":["GET"]}}],"collection":[{"href":"https:\/\/www.climatecoating.com\/sk\/wp-json\/wp\/v2\/pages"}],"about":[{"href":"https:\/\/www.climatecoating.com\/sk\/wp-json\/wp\/v2\/types\/page"}],"author":[{"embeddable":true,"href":"https:\/\/www.climatecoating.com\/sk\/wp-json\/wp\/v2\/users\/1"}],"replies":[{"embeddable":true,"href":"https:\/\/www.climatecoating.com\/sk\/wp-json\/wp\/v2\/comments?post=34813"}],"version-history":[{"count":0,"href":"https:\/\/www.climatecoating.com\/sk\/wp-json\/wp\/v2\/pages\/34813\/revisions"}],"up":[{"embeddable":true,"href":"https:\/\/www.climatecoating.com\/sk\/wp-json\/wp\/v2\/pages\/34775"}],"wp:attachment":[{"href":"https:\/\/www.climatecoating.com\/sk\/wp-json\/wp\/v2\/media?parent=34813"}],"curies":[{"name":"wp","href":"https:\/\/api.w.org\/{rel}","templated":true}]}}