{"id":34850,"date":"2022-01-12T14:47:54","date_gmt":"2022-01-12T13:47:54","guid":{"rendered":"https:\/\/www.climatecoating.com\/pravne\/odtlacok\/"},"modified":"2022-01-19T12:09:05","modified_gmt":"2022-01-19T11:09:05","slug":"odtlacok","status":"publish","type":"page","link":"https:\/\/www.climatecoating.com\/sk\/pravne\/odtlacok\/","title":{"rendered":"Odtla\u010dok"},"content":{"rendered":"<div class=\"wpb-content-wrapper\"><p>[vc_row row_type=&#8221;row&#8221; use_row_as_full_screen_section=&#8221;no&#8221; type=&#8221;full_width&#8221; text_align=&#8221;left&#8221; background_animation=&#8221;none&#8221; padding_bottom=&#8221;45&#8243; css_animation=&#8221;&#8221;][vc_column][vc_column_text]<\/p>\n<h1>Odtla\u010dok<\/h1>\n<p><strong>SICC Coatings GmbH<\/strong><br \/>\nWackenbergstrasse 78-82<br \/>\nDE-13156 Berl\u00edn<\/p>\n<p>Tel.: +49 (0) 30\/50 01 96-0<br \/>\nFax: +49 (0) 30\/50 01 96-20<br \/>\nE-mail: <span id=\"cloakd78a1e11def09a9b63740395e79511bf\"><a href=\"mailto:info@sicc.de\">info@sicc.de<\/a><\/span><\/p>\n<p><strong>V\u00fdkonn\u00fd riadite\u013e:<\/strong> Waldemar Walczok<br \/>\n<strong>Registrov\u00fd s\u00fad:<\/strong> Okresn\u00fd s\u00fad Berlin-Charlottenburg<br \/>\n<strong>Registra\u010dn\u00e9 \u010d\u00edslo:<\/strong> HRB 88630<br \/>\n<strong>ID dane z predaja:<\/strong> DE813670303<\/p>\n<p><strong>Fotografick\u00e9 kredity<\/strong><br \/>\n\u00a9 2010 Terry J Alcorn, Inc.[\/vc_column_text][vc_separator type=&#8221;transparent&#8221; border_style=&#8221;&#8221; up=&#8221;20&#8243; down=&#8221;0&#8243; icon_pack=&#8221;font_awesome&#8221;][vc_column_text]<\/p>\n<h2 class=\"\">zrieknutie sa zodpovednosti<\/h2>\n<h3 class=\"\">Zodpovednos\u0165 za obsah<\/h3>\n<p class=\"hyp hyphenate\">Obsah na\u0161ich str\u00e1nok bol vytvoren\u00fd s ve\u013ekou starostlivos\u0165ou. Za spr\u00e1vnos\u0165, \u00faplnos\u0165 a aktu\u00e1lnos\u0165 obsahu v\u0161ak nem\u00f4\u017eeme prevzia\u0165 \u017eiadnu zodpovednos\u0165. Ako poskytovate\u013e slu\u017eieb nesieme zodpovednos\u0165 za vlastn\u00fd obsah na t\u00fdchto str\u00e1nkach v s\u00falade so v\u0161eobecn\u00fdmi pr\u00e1vnymi predpismi. Ako poskytovate\u013e slu\u017eieb v\u0161ak nie sme povinn\u00ed monitorova\u0165 inform\u00e1cie tret\u00edch str\u00e1n, ktor\u00e9 sa pren\u00e1\u0161aj\u00fa alebo uchov\u00e1vaj\u00fa, ani vy\u0161etrova\u0165 okolnosti, ktor\u00e9 nazna\u010duj\u00fa nez\u00e1konn\u00fa \u010dinnos\u0165. Povinnosti odstr\u00e1ni\u0165 alebo zablokova\u0165 pou\u017e\u00edvanie inform\u00e1ci\u00ed pod\u013ea v\u0161eobecn\u00fdch z\u00e1konov zost\u00e1vaj\u00fa nedotknut\u00e9. Zodpovednos\u0165 v tomto smere je v\u0161ak mo\u017en\u00e1 a\u017e od okamihu, ke\u010f sa dozvieme o konkr\u00e9tnom poru\u0161en\u00ed z\u00e1kona. Hne\u010f ako sa dozvieme o tak\u00fdchto poru\u0161eniach z\u00e1kona, tento obsah okam\u017eite odstr\u00e1nime.<\/p>\n<h3>Zodpovednos\u0165 za odkazy<\/h3>\n<p class=\"hyp hyphenate\">Na\u0161a ponuka obsahuje odkazy na extern\u00e9 webov\u00e9 str\u00e1nky tret\u00edch str\u00e1n, na ktor\u00fdch obsah nem\u00e1me \u017eiadny vplyv. Preto nem\u00f4\u017eeme prija\u0165 \u017eiadnu zodpovednos\u0165 za tento obsah tret\u00edch str\u00e1n. Za obsah prepojen\u00fdch str\u00e1nok je v\u017edy zodpovedn\u00fd pr\u00edslu\u0161n\u00fd poskytovate\u013e alebo prev\u00e1dzkovate\u013e str\u00e1nok. Prepojen\u00e9 str\u00e1nky boli skontrolovan\u00e9 na mo\u017en\u00e9 poru\u0161enie z\u00e1kona v \u010dase, ke\u010f boli prepojen\u00e9. V \u010dase vytvorenia odkazu nebol n\u00e1jden\u00fd \u017eiadny neleg\u00e1lny obsah. Trval\u00e9 sledovanie obsahu prepojen\u00fdch str\u00e1nok je v\u0161ak nerozumn\u00e9 bez konkr\u00e9tnych d\u00f4kazov o poru\u0161en\u00ed z\u00e1kona. Hne\u010f ako sa dozvieme o poru\u0161en\u00ed z\u00e1kona, tak\u00e9to odkazy okam\u017eite odstr\u00e1nime.<\/p>\n<h3>autorsk\u00e9 pr\u00e1va<\/h3>\n<p class=\"hyp hyphenate\">Na obsah a diela na t\u00fdchto str\u00e1nkach, ktor\u00e9 vytvoril prev\u00e1dzkovate\u013e webovej str\u00e1nky, sa vz\u0165ahuje nemeck\u00e9 autorsk\u00e9 pr\u00e1vo. Na rozmno\u017eovanie, spracovanie, distrib\u00faciu a ak\u00fdko\u013evek druh vyu\u017eitia mimo hran\u00edc autorsk\u00e9ho z\u00e1kona je potrebn\u00fd p\u00edsomn\u00fd s\u00fahlas pr\u00edslu\u0161n\u00e9ho autora alebo tvorcu. S\u0165ahovanie a k\u00f3pie tejto webovej str\u00e1nky s\u00fa povolen\u00e9 len na s\u00fakromn\u00e9, nekomer\u010dn\u00e9 pou\u017eitie. Pokia\u013e obsah na tejto str\u00e1nke nevytvoril prev\u00e1dzkovate\u013e, s\u00fa dodr\u017ean\u00e9 autorsk\u00e9 pr\u00e1va tret\u00edch str\u00e1n. Najm\u00e4 obsahy tret\u00edch str\u00e1n s\u00fa takto ozna\u010den\u00e9. Ak by ste sa napriek tomu dozvedeli o poru\u0161en\u00ed autorsk\u00fdch pr\u00e1v, \u017eiadame v\u00e1s, aby ste n\u00e1s o tom informovali. Hne\u010f ako sa dozvieme o poru\u0161en\u00ed z\u00e1kona, tak\u00fdto obsah okam\u017eite odstr\u00e1nime.<\/p>\n<h3>Fotografick\u00e9 kredity<\/h3>\n<p class=\"hyp hyphenate\">Vlastn\u00e9 obr\u00e1zky, Photodune.net, iStockphoto.com, \u00a9 Kadmy &#8211; Fotolia.de<\/p>\n<h3>Online platforma na rie\u0161enie sporov (platforma OS)<\/h3>\n<p class=\"hyp hyphenate\">Eur\u00f3pska komisia zriadila webov\u00fa str\u00e1nku pre online rie\u0161enie sporov medzi podnikate\u013emi a spotrebite\u013emi (platforma OS), na ktor\u00fa m\u00e1te pr\u00edstup na <a href=\"http:\/\/ec.europa.eu\/consumers\/odr\/\" target=\"_blank\" rel=\"noopener noreferrer\">http:\/\/ec.europa.eu\/consumers\/odr\/<\/a> .<\/p>\n<p>[\/vc_column_text][\/vc_column][\/vc_row]<\/p>\n<\/div>","protected":false},"excerpt":{"rendered":"<p>[vc_row row_type=&#8221;row&#8221; use_row_as_full_screen_section=&#8221;no&#8221; type=&#8221;full_width&#8221; text_align=&#8221;left&#8221; background_animation=&#8221;none&#8221; padding_bottom=&#8221;45&#8243; css_animation=&#8221;&#8221;][vc_column][vc_column_text] Odtla\u010dok SICC Coatings GmbH Wackenbergstrasse 78-82 DE-13156 Berl\u00edn Tel.: +49 (0) 30\/50 01 96-0 Fax: +49 (0) 30\/50 01 96-20 E-mail: info@sicc.de V\u00fdkonn\u00fd riadite\u013e: Waldemar Walczok Registrov\u00fd s\u00fad: Okresn\u00fd s\u00fad Berlin-Charlottenburg Registra\u010dn\u00e9 \u010d\u00edslo: HRB 88630 ID dane&#8230;<\/p>\n","protected":false},"author":1,"featured_media":0,"parent":34840,"menu_order":810,"comment_status":"closed","ping_status":"closed","template":"","meta":{"footnotes":""},"class_list":["post-34850","page","type-page","status-publish","hentry"],"_links":{"self":[{"href":"https:\/\/www.climatecoating.com\/sk\/wp-json\/wp\/v2\/pages\/34850","targetHints":{"allow":["GET"]}}],"collection":[{"href":"https:\/\/www.climatecoating.com\/sk\/wp-json\/wp\/v2\/pages"}],"about":[{"href":"https:\/\/www.climatecoating.com\/sk\/wp-json\/wp\/v2\/types\/page"}],"author":[{"embeddable":true,"href":"https:\/\/www.climatecoating.com\/sk\/wp-json\/wp\/v2\/users\/1"}],"replies":[{"embeddable":true,"href":"https:\/\/www.climatecoating.com\/sk\/wp-json\/wp\/v2\/comments?post=34850"}],"version-history":[{"count":0,"href":"https:\/\/www.climatecoating.com\/sk\/wp-json\/wp\/v2\/pages\/34850\/revisions"}],"up":[{"embeddable":true,"href":"https:\/\/www.climatecoating.com\/sk\/wp-json\/wp\/v2\/pages\/34840"}],"wp:attachment":[{"href":"https:\/\/www.climatecoating.com\/sk\/wp-json\/wp\/v2\/media?parent=34850"}],"curies":[{"name":"wp","href":"https:\/\/api.w.org\/{rel}","templated":true}]}}