{"id":34865,"date":"2022-01-12T14:48:05","date_gmt":"2022-01-12T13:48:05","guid":{"rendered":"https:\/\/www.climatecoating.com\/spolocnosti\/udrzatelnost-a-zivotne-prostredie\/"},"modified":"2025-11-28T14:34:45","modified_gmt":"2025-11-28T13:34:45","slug":"udrzatelnost-a-zivotne-prostredie","status":"publish","type":"page","link":"https:\/\/www.climatecoating.com\/sk\/spolocnosti\/udrzatelnost-a-zivotne-prostredie\/","title":{"rendered":"Udr\u017eate\u013enos\u0165 a \u017eivotn\u00e9 prostredie"},"content":{"rendered":"<div class=\"wpb-content-wrapper\"><p>[vc_row row_type=&#8221;row&#8221; use_row_as_full_screen_section=&#8221;no&#8221; type=&#8221;full_width&#8221; text_align=&#8221;left&#8221; background_animation=&#8221;none&#8221; padding_bottom=&#8221;45&#8243; css_animation=&#8221;&#8221;][vc_column][vc_single_image image=&#8221;60341&#8243; img_size=&#8221;full&#8221; css=&#8221;.vc_custom_1764336870484{padding-bottom: 30px !important;}&#8221; qode_css_animation=&#8221;&#8221;][vc_row_inner row_type=&#8221;row&#8221; type=&#8221;full_width&#8221; use_row_as_full_screen_section_slide=&#8221;no&#8221; text_align=&#8221;left&#8221; css_animation=&#8221;&#8221;][vc_column_inner width=&#8221;1\/4&#8243;]<div class=\"ult_row_spacer\"><div class=\"ult-sticky-anchor\"><div class=\"ult-sticky-section ult-sticky \"  data-gutter= '100' data-stick_behaviour= 'stick_with_scroll_row'  data-sticky_position= 'top' data-mobile='no' data-support='no'>[vc_raw_html]W2Ntd2l6YXJkIHdpZGdldD0iMiIgL10=[\/vc_raw_html]<\/div><div class=\"ult-space\"><\/div><\/div><\/div>[\/vc_column_inner][vc_column_inner width=&#8221;3\/4&#8243;][vc_column_text]<\/p>\n<h1>Udr\u017eate\u013enos\u0165 a \u017eivotn\u00e9 prostredie<\/h1>\n<p><strong>Vod\u00edtko pre v\u00fdvoj na\u0161ich produktov: <em>menej je viac<\/em><\/strong><\/p>\n<p>Vyr\u00e1bame v\u00fdrobky s pridanou hodnotou pre \u013eud\u00ed a \u017eivotn\u00e9 prostredie. Men\u0161ia spotreba energie, men\u0161ie vyu\u017e\u00edvanie zdrojov. Na opl\u00e1tku sa u\u0161etr\u00ed viac energie a budovy si dlhodobo zachovaj\u00fa svoju hodnotu.<\/p>\n<p><strong>Ukazovate\u013e kvality v\u00fdrobkov: <em>najvy\u0161\u0161ia \u00farove\u0148<\/em><\/strong><\/p>\n<p>Db\u00e1me na to, aby sme ka\u017ed\u00fd n\u00e1\u0161 krok a ka\u017ed\u00fd n\u00e1\u0161 pr\u00edstup kontrolovali ka\u017ed\u00fd de\u0148. Db\u00e1me na to, aby ka\u017ed\u00e1 d\u00e1vka, ktor\u00e1 opust\u00ed na\u0161e priestory, bola najvy\u0161\u0161ej kvality.<\/p>\n<p><strong>Sprievodca environment\u00e1lnou kompatibilitou:<em> Zodpovednos\u0165 <\/em> <\/strong><\/p>\n<p>Vyh\u013ead\u00e1vali sme dod\u00e1vate\u013eov, ktor\u00ed sami dodr\u017eiavaj\u00fa z\u00e1sady ekologick\u00e9ho hospod\u00e1renia a preberaj\u00fa zodpovednos\u0165 za \u017eivotn\u00e9 prostredie.[\/vc_column_text][\/vc_column_inner][\/vc_row_inner][\/vc_column][\/vc_row][vc_row row_type=&#8221;row&#8221; use_row_as_full_screen_section=&#8221;no&#8221; type=&#8221;full_width&#8221; text_align=&#8221;left&#8221; background_animation=&#8221;none&#8221; css_animation=&#8221;&#8221; css=&#8221;.vc_custom_1613667582104{padding-bottom: 30px !important;}&#8221;][vc_column][vc_separator type=&#8221;normal&#8221; border_style=&#8221;&#8221;][vc_row_inner row_type=&#8221;row&#8221; type=&#8221;full_width&#8221; use_row_as_full_screen_section_slide=&#8221;no&#8221; text_align=&#8221;left&#8221; css_animation=&#8221;&#8221;][vc_column_inner width=&#8221;2\/5&#8243;][vc_column_text]<\/p>\n<h3>Na\u0161e z\u00e1sady v politike kvality a environment\u00e1lnej politike<\/h3>\n<p>Politika kvality a environment\u00e1lna politika s\u00fa s\u00fa\u010das\u0165ou politiky na\u0161ej spolo\u010dnosti a vysvet\u013euj\u00fa n\u00e1roky spolo\u010dnosti SICC Coatings GmbH na vysok\u00fa kvalitu v\u00fdrobkov a slu\u017eieb pre na\u0161ich z\u00e1kazn\u00edkov, zamestnancov spolo\u010dnosti a v\u0161etky z\u00e1ujmov\u00e9 skupiny.<\/p>\n<p>Spolo\u010dnos\u0165 SICC Coatings GmbH sa z\u00e1rove\u0148 zav\u00e4zuje zni\u017eova\u0165 v\u0161etky vplyvy na \u017eivotn\u00e9 prostredie, ktor\u00e9 s\u00fa \u0161pecifick\u00e9 pre dan\u00fa spolo\u010dnos\u0165, a ak je to mo\u017en\u00e9, dokonca im predch\u00e1dza\u0165. Vych\u00e1dza sa pritom z identifikovan\u00fdch relevantn\u00fdch environment\u00e1lnych aspektov \u0161pecifick\u00fdch pre spolo\u010dnos\u0165, ktor\u00e9 ukazuj\u00fa, kde mo\u017eno n\u00e1js\u0165 zne\u010distenie \u017eivotn\u00e9ho prostredia.<\/p>\n<p>Spolo\u010dnos\u0165 SICC Coatings GmbH sa zav\u00e4zuje pracova\u0165 na neust\u00e1lom zlep\u0161ovan\u00ed, aby zabr\u00e1nila zne\u010dis\u0165ovaniu \u017eivotn\u00e9ho prostredia a dodr\u017eiavala platn\u00e9 z\u00e1konn\u00e9 povinnosti a predpisy.<\/p>\n<p>Pr\u00e1ca a implement\u00e1cia na\u0161ej politiky kvality a environment\u00e1lnej politiky maj\u00fa pozit\u00edvny vplyv na kvalitu na\u0161ich v\u00fdrobkov, efekt\u00edvnos\u0165 na\u0161ich procesov a zni\u017eovanie n\u00e1\u0161ho vplyvu na \u017eivotn\u00e9 prostredie. D\u00f4vera a spokojnos\u0165 na\u0161ich z\u00e1kazn\u00edkov, zamestnancov a z\u00e1ujmov\u00fdch skup\u00edn, ako aj akt\u00edvne ovplyv\u0148ovanie v\u0161etk\u00fdch environment\u00e1lne relevantn\u00fdch procesov, ktor\u00e9 sa n\u00e1s t\u00fdkaj\u00fa, s\u00fa obsahom na\u0161ej politiky kvality a environment\u00e1lnej politiky.<\/p>\n<p>Syst\u00e9my mana\u017e\u00e9rstva kvality a environment\u00e1lneho mana\u017e\u00e9rstva sa neust\u00e1le prehodnocuj\u00fa z h\u013eadiska vhodnosti a plnenia \u00fa\u010delu.[\/vc_column_text][vc_single_image image=&#8221;54034&#8243; img_size=&#8221;full&#8221; css=&#8221;&#8221; qode_css_animation=&#8221;&#8221;][\/vc_column_inner][vc_column_inner width=&#8221;3\/5&#8243;][vc_column_text]<strong><br \/>\nPrinc\u00edp 1 &#8211; Vplyvy na \u017eivotn\u00e9 prostredie &#8211; Vplyvy na \u017eivotn\u00e9 prostredie<\/strong>Zn\u00ed\u017eenie alebo e\u0161te lep\u0161ie zamedzenie \u0161pecifick\u00fdch vplyvov na \u017eivotn\u00e9 prostredie spolo\u010dnosti. Pravidelne prehodnocujeme povahu, rozsah a vplyv na\u0161ich \u010dinnost\u00ed, v\u00fdrobkov a slu\u017eieb na \u017eivotn\u00e9 prostredie a ovplyv\u0148ujeme ich.<\/p>\n<p>Z<strong>\u00e1sada 2 &#8211; Dodr\u017eiavanie pr\u00e1vnych predpisov<\/strong> Z\u00e1v\u00e4zok dodr\u017eiava\u0165 platn\u00e9 pr\u00e1vne povinnosti a pr\u00e1vne predpisy.<\/p>\n<p>Z<strong>\u00e1sada 3 &#8211; Ciele<\/strong> Ciele v oblasti kvality a \u017eivotn\u00e9ho prostredia vych\u00e1dzaj\u00fa z na\u0161ej politiky kvality a \u017eivotn\u00e9ho prostredia.<\/p>\n<p>P<strong>rinc\u00edp 4 &#8211; Orient\u00e1cia na z\u00e1kazn\u00edka<\/strong> Na\u0161im z\u00e1kazn\u00edkom a partnerom s\u013eubujeme o\u010dak\u00e1van\u00fa alebo zaru\u010den\u00fa kvalitu na\u0161ich v\u00fdrobkov. Vyu\u017e\u00edvame na\u0161e znalosti a sk\u00fasenosti na profesion\u00e1lne jednanie so z\u00e1kazn\u00edkmi a reagujeme na ot\u00e1zky a podnety.<\/p>\n<p>P<strong>rinc\u00edp 5 &#8211; Neust\u00e1le zlep\u0161ovanie<\/strong> Zlep\u0161ovanie a modifik\u00e1cia v\u00fdrobkov je cie\u013eom na\u0161ej pr\u00e1ce v r\u00e1mci dlhodob\u00e9ho rozvoja spolo\u010dnosti. Za t\u00fdmto \u00fa\u010delom neust\u00e1le zlep\u0161ujeme vlastn\u00fa \u00farove\u0148 vzdel\u00e1vania. Tejto neust\u00e1lej pr\u00e1ci a zlep\u0161ovaniu podlieha aj syst\u00e9m riadenia kvality a ochrany \u017eivotn\u00e9ho prostredia.<\/p>\n<p>P<strong>rinc\u00edp 6 &#8211; Uvedomenie si kvality<\/strong> V na\u0161ej spolo\u010dnosti udr\u017eiavame povedomie o kvalite prostredn\u00edctvom vhodn\u00fdch procesov, inform\u00e1ci\u00ed, \u0161kolen\u00ed a pokynov a toto myslenie neust\u00e1le pren\u00e1\u0161ame na na\u0161ich obchodn\u00fdch partnerov.<\/p>\n<p>Z<strong>\u00e1sada 7 &#8211; Komunik\u00e1cia<\/strong> O politike kvality a environment\u00e1lnej politike a z nej vypl\u00fdvaj\u00facich cie\u013eoch informujeme v r\u00e1mci na\u0161ej spolo\u010dnosti a na\u0161ich z\u00e1kazn\u00edkov a zainteresovan\u00e9 strany. Zistenia z tejto komunik\u00e1cie s\u00fa rozhoduj\u00face pre z\u00e1very a \u010fal\u0161ie opatrenia.[\/vc_column_text][\/vc_column_inner][\/vc_row_inner][\/vc_column][\/vc_row]<\/p>\n<\/div>","protected":false},"excerpt":{"rendered":"<p>[vc_row row_type=&#8221;row&#8221; use_row_as_full_screen_section=&#8221;no&#8221; type=&#8221;full_width&#8221; text_align=&#8221;left&#8221; background_animation=&#8221;none&#8221; padding_bottom=&#8221;45&#8243; css_animation=&#8221;&#8221;][vc_column][vc_single_image image=&#8221;60341&#8243; img_size=&#8221;full&#8221; css=&#8221;.vc_custom_1764336870484{padding-bottom: 30px !important;}&#8221; qode_css_animation=&#8221;&#8221;][vc_row_inner row_type=&#8221;row&#8221; type=&#8221;full_width&#8221; use_row_as_full_screen_section_slide=&#8221;no&#8221; text_align=&#8221;left&#8221; css_animation=&#8221;&#8221;][vc_column_inner width=&#8221;1\/4&#8243;][\/vc_column_inner][vc_column_inner width=&#8221;3\/4&#8243;][vc_column_text] Udr\u017eate\u013enos\u0165 a \u017eivotn\u00e9 prostredie Vod\u00edtko pre v\u00fdvoj na\u0161ich produktov: menej je viac Vyr\u00e1bame v\u00fdrobky s pridanou hodnotou pre \u013eud\u00ed a \u017eivotn\u00e9 prostredie. Men\u0161ia spotreba&#8230;<\/p>\n","protected":false},"author":1,"featured_media":0,"parent":34691,"menu_order":610,"comment_status":"closed","ping_status":"closed","template":"","meta":{"footnotes":""},"class_list":["post-34865","page","type-page","status-publish","hentry"],"_links":{"self":[{"href":"https:\/\/www.climatecoating.com\/sk\/wp-json\/wp\/v2\/pages\/34865","targetHints":{"allow":["GET"]}}],"collection":[{"href":"https:\/\/www.climatecoating.com\/sk\/wp-json\/wp\/v2\/pages"}],"about":[{"href":"https:\/\/www.climatecoating.com\/sk\/wp-json\/wp\/v2\/types\/page"}],"author":[{"embeddable":true,"href":"https:\/\/www.climatecoating.com\/sk\/wp-json\/wp\/v2\/users\/1"}],"replies":[{"embeddable":true,"href":"https:\/\/www.climatecoating.com\/sk\/wp-json\/wp\/v2\/comments?post=34865"}],"version-history":[{"count":1,"href":"https:\/\/www.climatecoating.com\/sk\/wp-json\/wp\/v2\/pages\/34865\/revisions"}],"predecessor-version":[{"id":60357,"href":"https:\/\/www.climatecoating.com\/sk\/wp-json\/wp\/v2\/pages\/34865\/revisions\/60357"}],"up":[{"embeddable":true,"href":"https:\/\/www.climatecoating.com\/sk\/wp-json\/wp\/v2\/pages\/34691"}],"wp:attachment":[{"href":"https:\/\/www.climatecoating.com\/sk\/wp-json\/wp\/v2\/media?parent=34865"}],"curies":[{"name":"wp","href":"https:\/\/api.w.org\/{rel}","templated":true}]}}