{"id":34872,"date":"2022-01-12T14:48:07","date_gmt":"2022-01-12T13:48:07","guid":{"rendered":"https:\/\/www.climatecoating.com\/oblasti-pouzitia\/pamiatkova-ochrana\/"},"modified":"2022-02-25T10:28:24","modified_gmt":"2022-02-25T09:28:24","slug":"pamiatkova-ochrana","status":"publish","type":"page","link":"https:\/\/www.climatecoating.com\/sk\/oblasti-pouzitia\/pamiatkova-ochrana\/","title":{"rendered":"Pamiatkov\u00e1 ochrana"},"content":{"rendered":"<div class=\"wpb-content-wrapper\"><p>[vc_row row_type=&#8221;row&#8221; use_row_as_full_screen_section=&#8221;no&#8221; type=&#8221;full_width&#8221; text_align=&#8221;left&#8221; background_animation=&#8221;none&#8221; padding_bottom=&#8221;45&#8243; css_animation=&#8221;&#8221;][vc_column][vc_single_image image=&#8221;33651&#8243; img_size=&#8221;full&#8221; qode_css_animation=&#8221;&#8221; css=&#8221;.vc_custom_1605017192328{padding-bottom: 30px !important;}&#8221;][vc_column_text]<\/p>\n<h1>Pamiatkov\u00e1 ochrana<\/h1>\n<p>[\/vc_column_text][vc_column_text css=&#8221;.vc_custom_1605017246528{padding-bottom: 30px !important;}&#8221;]Takmer ka\u017ed\u00fd miner\u00e1lny substr\u00e1t v star\u00fdch budov\u00e1ch je zne\u010disten\u00fd vodou a so\u013eou a pri renov\u00e1cii si vy\u017eaduje \u0161peci\u00e1lnu starostlivos\u0165. Okrem \u0161etrn\u00e9ho odvlh\u010dovania, vys\u00fa\u0161ania matnej vrstvy a dlhodob\u00e9ho zachovania farby pon\u00faka fas\u00e1dny n\u00e1ter \u00fa\u017easn\u00e9 funkcie. [\/vc_column_text][vc_row_inner row_type=&#8221;row&#8221; type=&#8221;full_width&#8221; use_row_as_full_screen_section_slide=&#8221;no&#8221; text_align=&#8221;left&#8221; css_animation=&#8221;&#8221;][vc_column_inner width=&#8221;1\/3&#8243;][vc_column_text]RIE\u0160ENIE PROBL\u00c9MOV<br \/>\nVN\u00daTRI[\/vc_column_text][vc_gallery interval=&#8221;3&#8243; images=&#8221;33525,33529,33715&#8243; img_size=&#8221;full&#8221; onclick=&#8221;&#8221; el_class=&#8221;flex-noarrows&#8221;][vc_separator type=&#8221;small&#8221; position=&#8221;left&#8221; border_style=&#8221;&#8221; up=&#8221;18&#8243; down=&#8221;20&#8243; color=&#8221;#d6202d&#8221;][vc_column_text]Ochrana proti plesniam<\/p>\n<p>Hygiena miestnosti<\/p>\n<p>Prevencia kondenz\u00e1cie<\/p>\n<p>Regul\u00e1cia vlhkosti<\/p>\n<p>Zlep\u0161enie vn\u00fatornej kl\u00edmy<\/p>\n<p>\u017divotn\u00fd komfort<\/p>\n<p>Bez z\u00e1pachu<\/p>\n<p>Odolnos\u0165 vo\u010di ne\u010distot\u00e1m<\/p>\n<p>\u00daspora energie<\/p>\n<p>Stabilita farieb<\/p>\n<p>Zlep\u0161enie akustiky<\/p>\n<p>Rozjasnenie miestnosti odrazom svetla[\/vc_column_text][\/vc_column_inner][vc_column_inner width=&#8221;1\/3&#8243;][vc_column_text]OCHRANA<br \/>\nHISTORICK\u00c9 FAS\u00c1DY[\/vc_column_text][vc_gallery interval=&#8221;3&#8243; images=&#8221;33549&#8243; img_size=&#8221;full&#8221; onclick=&#8221;&#8221; el_class=&#8221;flex-noarrows&#8221;][vc_separator type=&#8221;small&#8221; position=&#8221;left&#8221; border_style=&#8221;&#8221; up=&#8221;18&#8243; down=&#8221;20&#8243; color=&#8221;#d6202d&#8221;][vc_column_text]\u00daspora energie<\/p>\n<p>Dlhovekos\u0165<\/p>\n<p>Sloboda od trhl\u00edn<\/p>\n<p>Robustnos\u0165<\/p>\n<p>Odpudzova\u010d ne\u010dist\u00f4t<\/p>\n<p>Riadenie vlhkosti<\/p>\n<p>Spoma\u013eova\u010d horenia<\/p>\n<p>\u0160etrn\u00e9 odvlh\u010denie historick\u00fdch fas\u00e1d<\/p>\n<p>Zachovanie hodnoty historick\u00fdch fas\u00e1d[\/vc_column_text][\/vc_column_inner][vc_column_inner width=&#8221;1\/3&#8243;][vc_column_text]OCHRANA DREVA<br \/>\nVONKAJ\u0160\u00cd PRIESTOR[\/vc_column_text][vc_gallery interval=&#8221;3&#8243; images=&#8221;33678,33677,33679&#8243; img_size=&#8221;full&#8221; onclick=&#8221;&#8221; el_class=&#8221;flex-noarrows&#8221;][vc_separator type=&#8221;small&#8221; position=&#8221;left&#8221; border_style=&#8221;&#8221; up=&#8221;18&#8243; down=&#8221;20&#8243; color=&#8221;#d6202d&#8221;][vc_column_text]Dlhodob\u00e1 ochrana dreva pred poveternostn\u00fdmi vplyvmi<\/p>\n<p>[\/vc_column_text][\/vc_column_inner][\/vc_row_inner][\/vc_column][\/vc_row][vc_row row_type=&#8221;row&#8221; use_row_as_full_screen_section=&#8221;no&#8221; type=&#8221;full_width&#8221; text_align=&#8221;left&#8221; background_animation=&#8221;none&#8221; css_animation=&#8221;&#8221;][vc_column][\/vc_column][\/vc_row]<\/p>\n<\/div>","protected":false},"excerpt":{"rendered":"Pamiatkov\u00e1 ochrana Takmer ka\u017ed\u00fd miner\u00e1lny substr\u00e1t v star\u00fdch budov\u00e1ch je zne\u010disten\u00fd vodou a so\u013eou a pri renov\u00e1cii si vy\u017eaduje \u0161peci\u00e1lnu starostlivos\u0165. Okrem \u0161etrn\u00e9ho odvlh\u010dovania, vys\u00fa\u0161ania matnej vrstvy a dlhodob\u00e9ho zachovania farby pon\u00faka fas\u00e1dny n\u00e1ter \u00fa\u017easn\u00e9 funkcie. RIE\u0160ENIE PROBL\u00c9MOV VN\u00daTRI Ochrana proti plesniam Hygiena miestnosti Prevencia...","protected":false},"author":1,"featured_media":0,"parent":34775,"menu_order":110,"comment_status":"closed","ping_status":"closed","template":"","meta":{"footnotes":""},"class_list":["post-34872","page","type-page","status-publish","hentry"],"_links":{"self":[{"href":"https:\/\/www.climatecoating.com\/sk\/wp-json\/wp\/v2\/pages\/34872","targetHints":{"allow":["GET"]}}],"collection":[{"href":"https:\/\/www.climatecoating.com\/sk\/wp-json\/wp\/v2\/pages"}],"about":[{"href":"https:\/\/www.climatecoating.com\/sk\/wp-json\/wp\/v2\/types\/page"}],"author":[{"embeddable":true,"href":"https:\/\/www.climatecoating.com\/sk\/wp-json\/wp\/v2\/users\/1"}],"replies":[{"embeddable":true,"href":"https:\/\/www.climatecoating.com\/sk\/wp-json\/wp\/v2\/comments?post=34872"}],"version-history":[{"count":0,"href":"https:\/\/www.climatecoating.com\/sk\/wp-json\/wp\/v2\/pages\/34872\/revisions"}],"up":[{"embeddable":true,"href":"https:\/\/www.climatecoating.com\/sk\/wp-json\/wp\/v2\/pages\/34775"}],"wp:attachment":[{"href":"https:\/\/www.climatecoating.com\/sk\/wp-json\/wp\/v2\/media?parent=34872"}],"curies":[{"name":"wp","href":"https:\/\/api.w.org\/{rel}","templated":true}]}}