{"id":34874,"date":"2022-01-12T14:48:07","date_gmt":"2022-01-12T13:48:07","guid":{"rendered":"https:\/\/www.climatecoating.com\/oblasti-pouzitia\/stavat-nazivo\/"},"modified":"2025-11-03T13:09:21","modified_gmt":"2025-11-03T12:09:21","slug":"stavat-nazivo","status":"publish","type":"page","link":"https:\/\/www.climatecoating.com\/sk\/oblasti-pouzitia\/stavat-nazivo\/","title":{"rendered":"Stava\u0165 na\u017eivo"},"content":{"rendered":"<div class=\"wpb-content-wrapper\"><p>[vc_row row_type=&#8221;row&#8221; use_row_as_full_screen_section=&#8221;no&#8221; type=&#8221;full_width&#8221; text_align=&#8221;left&#8221; background_animation=&#8221;none&#8221; padding_bottom=&#8221;45&#8243; css_animation=&#8221;&#8221;][vc_column][vc_single_image image=&#8221;56253&#8243; img_size=&#8221;full&#8221; css=&#8221;.vc_custom_1762171741174{padding-bottom: 30px !important;}&#8221; qode_css_animation=&#8221;&#8221;][vc_column_text]<\/p>\n<h1>Stava\u0165 na\u017eivo<\/h1>\n<p>[\/vc_column_text][vc_column_text css=&#8221;.vc_custom_1605017559591{padding-bottom: 30px !important;}&#8221;]Dlhodob\u00e9 zachovanie hodnoty, podporovan\u00e9 zdrav\u00e9 b\u00fdvanie a potenci\u00e1l \u00faspory energie s\u00fa v\u00fdhody, ktor\u00e9 n\u00e1tery ClimateCoating<sup>\u00ae<\/sup> pon\u00fakaj\u00fa v porovnan\u00ed s in\u00fdmi n\u00e1termi na steny, strechy a fas\u00e1dy. Objavte r\u00f4zne rie\u0161enia probl\u00e9mov a mo\u017en\u00e9 pou\u017eitia![\/vc_column_text][vc_row_inner row_type=&#8221;row&#8221; type=&#8221;full_width&#8221; use_row_as_full_screen_section_slide=&#8221;no&#8221; text_align=&#8221;left&#8221; css_animation=&#8221;&#8221;][vc_column_inner width=&#8221;1\/4&#8243;][vc_column_text]APLIK\u00c1CIE<br \/>\nVN\u00daTRI[\/vc_column_text][vc_gallery interval=&#8221;5&#8243; images=&#8221;33547,33544,33715,33539,33541&#8243; img_size=&#8221;full&#8221; onclick=&#8221;&#8221; el_class=&#8221;flex-noarrows&#8221;][vc_separator type=&#8221;small&#8221; position=&#8221;left&#8221; border_style=&#8221;&#8221; up=&#8221;18&#8243; down=&#8221;20&#8243; color=&#8221;#d6202d&#8221;][vc_column_text]<a href=\"https:\/\/www.climatecoating.com\/sk\/oblasti-pouzitia\/ochrana-proti-plesniam\/\">Ochrana proti plesniam<\/a><\/p>\n<p>Hygiena miestnosti<\/p>\n<p>Prevencia kondenz\u00e1cie<\/p>\n<p>Regul\u00e1cia vlhkosti<\/p>\n<p>Zlep\u0161enie vn\u00fatornej kl\u00edmy<\/p>\n<p>\u017divotn\u00fd komfort<\/p>\n<p>Bez z\u00e1pachu<\/p>\n<p>Odolnos\u0165 vo\u010di ne\u010distot\u00e1m<\/p>\n<p>\u00daspora energie<\/p>\n<p>Stabilita farieb<\/p>\n<p>Zlep\u0161enie akustiky<\/p>\n<p>Odstra\u0148ovanie ne\u010dist\u00f4t fotokatal\u00fdzou<\/p>\n<p>Rozjasnenie miestnosti odrazom svetla<\/p>\n<p>Osvie\u017eenie stropn\u00fdch obkladov<\/p>\n<p>Ochrann\u00fd n\u00e1ter na PU penu[\/vc_column_text][\/vc_column_inner][vc_column_inner width=&#8221;1\/4&#8243;][vc_column_text]APLIK\u00c1CIE<br \/>\nVONKU[\/vc_column_text][vc_gallery interval=&#8221;5&#8243; images=&#8221;33523,33537,33718,33550,33546&#8243; img_size=&#8221;full&#8221; onclick=&#8221;&#8221; el_class=&#8221;flex-noarrows&#8221;][vc_separator type=&#8221;small&#8221; position=&#8221;left&#8221; border_style=&#8221;&#8221; up=&#8221;18&#8243; down=&#8221;20&#8243; color=&#8221;#d6202d&#8221;][vc_column_text]\u00daspora energie<\/p>\n<p>Dlhovekos\u0165<\/p>\n<p>Sloboda od trhl\u00edn<\/p>\n<p>Robustnos\u0165<\/p>\n<p>Odpudzova\u010d ne\u010dist\u00f4t<\/p>\n<p>Riadenie vlhkosti<\/p>\n<p>Spoma\u013eova\u010d horenia<\/p>\n<p>\u0160etrn\u00e9 odvlh\u010denie historick\u00fdch fas\u00e1d<\/p>\n<p>Zachovanie hodnoty historick\u00fdch fas\u00e1d<\/p>\n<p>Ochrann\u00fd n\u00e1ter na PU penu[\/vc_column_text][\/vc_column_inner][vc_column_inner width=&#8221;1\/4&#8243;][vc_column_text]APLIK\u00c1CIE<br \/>\nSTRECHA[\/vc_column_text][vc_gallery interval=&#8221;3&#8243; images=&#8221;33527,33713,33712&#8243; img_size=&#8221;full&#8221; onclick=&#8221;&#8221; el_class=&#8221;flex-noarrows&#8221;][vc_separator type=&#8221;small&#8221; position=&#8221;left&#8221; border_style=&#8221;&#8221; up=&#8221;18&#8243; down=&#8221;20&#8243; color=&#8221;#d6202d&#8221;][vc_column_text]<a href=\"https:\/\/www.climatecoating.com\/sk\/oblasti-pouzitia\/znizenie-nakladov-na-chladenie-a-chladenie\/\">Zn\u00ed\u017eenie n\u00e1kladov na chladenie a chladenie<\/a><\/p>\n<p>Ochrana pred po\u010das\u00edm<\/p>\n<p>Tesnos\u0165<\/p>\n<p>Tepeln\u00fd relax[\/vc_column_text][\/vc_column_inner][vc_column_inner width=&#8221;1\/4&#8243;][vc_column_text]APLIK\u00c1CIE<br \/>\nDREVO[\/vc_column_text][vc_gallery interval=&#8221;3&#8243; images=&#8221;33678,33677,33679&#8243; img_size=&#8221;full&#8221; onclick=&#8221;&#8221; el_class=&#8221;flex-noarrows&#8221;][vc_separator type=&#8221;small&#8221; position=&#8221;left&#8221; border_style=&#8221;&#8221; up=&#8221;18&#8243; down=&#8221;20&#8243; color=&#8221;#d6202d&#8221;][vc_column_text]Dlhodob\u00e1 ochrana dreva pred poveternostn\u00fdmi vplyvmi[\/vc_column_text][\/vc_column_inner][\/vc_row_inner][\/vc_column][\/vc_row][vc_row row_type=&#8221;row&#8221; use_row_as_full_screen_section=&#8221;no&#8221; type=&#8221;full_width&#8221; text_align=&#8221;left&#8221; background_animation=&#8221;none&#8221; css_animation=&#8221;&#8221;][vc_column][\/vc_column][\/vc_row]<\/p>\n<\/div>","protected":false},"excerpt":{"rendered":"Stava\u0165 na\u017eivo Dlhodob\u00e9 zachovanie hodnoty, podporovan\u00e9 zdrav\u00e9 b\u00fdvanie a potenci\u00e1l \u00faspory energie s\u00fa v\u00fdhody, ktor\u00e9 n\u00e1tery ClimateCoating\u00ae pon\u00fakaj\u00fa v porovnan\u00ed s in\u00fdmi n\u00e1termi na steny, strechy a fas\u00e1dy. Objavte r\u00f4zne rie\u0161enia probl\u00e9mov a mo\u017en\u00e9 pou\u017eitia! APLIK\u00c1CIE VN\u00daTRI Ochrana proti plesniam Hygiena miestnosti Prevencia kondenz\u00e1cie Regul\u00e1cia...","protected":false},"author":1,"featured_media":0,"parent":34775,"menu_order":105,"comment_status":"closed","ping_status":"closed","template":"","meta":{"footnotes":""},"class_list":["post-34874","page","type-page","status-publish","hentry"],"_links":{"self":[{"href":"https:\/\/www.climatecoating.com\/sk\/wp-json\/wp\/v2\/pages\/34874","targetHints":{"allow":["GET"]}}],"collection":[{"href":"https:\/\/www.climatecoating.com\/sk\/wp-json\/wp\/v2\/pages"}],"about":[{"href":"https:\/\/www.climatecoating.com\/sk\/wp-json\/wp\/v2\/types\/page"}],"author":[{"embeddable":true,"href":"https:\/\/www.climatecoating.com\/sk\/wp-json\/wp\/v2\/users\/1"}],"replies":[{"embeddable":true,"href":"https:\/\/www.climatecoating.com\/sk\/wp-json\/wp\/v2\/comments?post=34874"}],"version-history":[{"count":1,"href":"https:\/\/www.climatecoating.com\/sk\/wp-json\/wp\/v2\/pages\/34874\/revisions"}],"predecessor-version":[{"id":59616,"href":"https:\/\/www.climatecoating.com\/sk\/wp-json\/wp\/v2\/pages\/34874\/revisions\/59616"}],"up":[{"embeddable":true,"href":"https:\/\/www.climatecoating.com\/sk\/wp-json\/wp\/v2\/pages\/34775"}],"wp:attachment":[{"href":"https:\/\/www.climatecoating.com\/sk\/wp-json\/wp\/v2\/media?parent=34874"}],"curies":[{"name":"wp","href":"https:\/\/api.w.org\/{rel}","templated":true}]}}