{"id":34876,"date":"2022-01-12T14:48:08","date_gmt":"2022-01-12T13:48:08","guid":{"rendered":"https:\/\/www.climatecoating.com\/oblasti-pouzitia\/polnohospodarstvo-a-chov-zvierat\/"},"modified":"2022-02-25T10:42:40","modified_gmt":"2022-02-25T09:42:40","slug":"polnohospodarstvo-a-chov-zvierat","status":"publish","type":"page","link":"https:\/\/www.climatecoating.com\/sk\/oblasti-pouzitia\/polnohospodarstvo-a-chov-zvierat\/","title":{"rendered":"Po\u013enohospod\u00e1rstvo a chov zvierat"},"content":{"rendered":"<div class=\"wpb-content-wrapper\"><p>[vc_row row_type=&#8221;row&#8221; use_row_as_full_screen_section=&#8221;no&#8221; type=&#8221;full_width&#8221; text_align=&#8221;left&#8221; background_animation=&#8221;none&#8221; padding_bottom=&#8221;45&#8243; css_animation=&#8221;&#8221;][vc_column][vc_single_image image=&#8221;33655&#8243; img_size=&#8221;full&#8221; qode_css_animation=&#8221;&#8221; css=&#8221;.vc_custom_1605019142328{padding-bottom: 30px !important;}&#8221;][vc_column_text]<\/p>\n<h1>Po\u013enohospod\u00e1rstvo a chov zvierat<\/h1>\n<p>[\/vc_column_text][vc_column_text css=&#8221;.vc_custom_1612426583983{padding-bottom: 30px !important;}&#8221;]Prev\u00e1dzkovatelia po\u013enohospod\u00e1rskych podnikov musia kona\u0165 obzvl\u00e1\u0161\u0165 hospod\u00e1rne. S farbami na steny, omietkami a n\u00e1termi striech od ClimateCoating<sup>\u00ae<\/sup> mo\u017eno dokonale chr\u00e1ni\u0165 stavebn\u00e9 kon\u0161trukcie stajn\u00ed, stod\u00f4l, skladov alebo jazdiarn\u00ed. Ak sa u\u0161etr\u00ed v\u00fddaj energie, zabr\u00e1ni sa rastu plesn\u00ed alebo rias a v\u00fdrazne sa zn\u00ed\u017ei zne\u010distenie povrchu, potom m\u00e1te na svojej strane tri pridan\u00e9 hodnoty.[\/vc_column_text][vc_row_inner row_type=&#8221;row&#8221; type=&#8221;full_width&#8221; use_row_as_full_screen_section_slide=&#8221;no&#8221; text_align=&#8221;left&#8221; css_animation=&#8221;&#8221;][vc_column_inner width=&#8221;1\/4&#8243;][vc_column_text]APLIK\u00c1CIE<br \/>\nVN\u00daTRI[\/vc_column_text][vc_gallery interval=&#8221;3&#8243; images=&#8221;33715,33665,33525&#8243; img_size=&#8221;full&#8221; onclick=&#8221;&#8221; el_class=&#8221;flex-noarrows&#8221;][vc_separator type=&#8221;small&#8221; position=&#8221;left&#8221; border_style=&#8221;&#8221; up=&#8221;18&#8243; down=&#8221;20&#8243; color=&#8221;#d6202d&#8221;][vc_column_text]Hygiena miestnosti a ochrana proti plesniam<\/p>\n<p>Zabr\u00e1nenie kondenz\u00e1cii a regul\u00e1cia vlhkosti<\/p>\n<p>Zlep\u0161enie vn\u00fatornej kl\u00edmy a komfort b\u00fdvania<\/p>\n<p>Odolnos\u0165 vo\u010di ne\u010distot\u00e1m a fotokatal\u00fdza<\/p>\n<p>\u00daspora energie a hospod\u00e1rnos\u0165<\/p>\n<p>Osvie\u017eenie stropn\u00fdch obkladov<\/p>\n<p>Rozjasnenie miestnosti odrazom svetla<\/p>\n<p>Ochrann\u00fd n\u00e1ter na PU penu[\/vc_column_text][\/vc_column_inner][vc_column_inner width=&#8221;1\/4&#8243;][vc_column_text]APLIK\u00c1CIE<br \/>\nVONKU[\/vc_column_text][vc_gallery interval=&#8221;3&#8243; images=&#8221;33523,33550,33548&#8243; img_size=&#8221;full&#8221; onclick=&#8221;&#8221; el_class=&#8221;flex-noarrows&#8221;][vc_separator type=&#8221;small&#8221; position=&#8221;left&#8221; border_style=&#8221;&#8221; up=&#8221;18&#8243; down=&#8221;20&#8243; color=&#8221;#d6202d&#8221;][vc_column_text]Zlep\u0161enie energetickej bilancie budovy<\/p>\n<p>Dlh\u00e1 \u017eivotnos\u0165, bez trhl\u00edn a robustnos\u0165<\/p>\n<p>Obmedzenie rastu rias, machov a h\u00fab<\/p>\n<p>Riadenie vlhkosti a regul\u00e1cia teploty<\/p>\n<p>Historick\u00e9 fas\u00e1dy: \u0161etrn\u00e9 odvlh\u010dovanie a zachovanie hodnoty<\/p>\n<p>Spoma\u013eova\u010d horenia<\/p>\n<p>Ochrann\u00fd n\u00e1ter na PU penu[\/vc_column_text][\/vc_column_inner][vc_column_inner width=&#8221;1\/4&#8243;][vc_column_text]APLIK\u00c1CIE<br \/>\nSTRECHA[\/vc_column_text][vc_gallery interval=&#8221;3&#8243; images=&#8221;33527,33712,33713&#8243; img_size=&#8221;full&#8221; onclick=&#8221;&#8221; el_class=&#8221;flex-noarrows&#8221;][vc_separator type=&#8221;small&#8221; position=&#8221;left&#8221; border_style=&#8221;&#8221; up=&#8221;18&#8243; down=&#8221;20&#8243; color=&#8221;#d6202d&#8221;][vc_column_text]<a href=\"https:\/\/www.climatecoating.com\/sk\/oblasti-pouzitia\/znizenie-nakladov-na-chladenie-a-chladenie\/\">Chladenie a zn\u00ed\u017eenie chladiaceho v\u00fdkonu<\/a><\/p>\n<p>Ochrana pred poveternostn\u00fdmi vplyvmi a odolnos\u0165<\/p>\n<p>Tesnos\u0165<\/p>\n<p>tepeln\u00e1 relax\u00e1cia[\/vc_column_text][\/vc_column_inner][vc_column_inner width=&#8221;1\/4&#8243;][vc_column_text]APLIK\u00c1CIE<br \/>\nDREVO[\/vc_column_text][vc_gallery interval=&#8221;3&#8243; images=&#8221;33678,33677,33679&#8243; img_size=&#8221;full&#8221; onclick=&#8221;&#8221; el_class=&#8221;flex-noarrows&#8221;][vc_separator type=&#8221;small&#8221; position=&#8221;left&#8221; border_style=&#8221;&#8221; up=&#8221;18&#8243; down=&#8221;20&#8243; color=&#8221;#d6202d&#8221;][vc_column_text]Dlhodob\u00e1 ochrana pred poveternostn\u00fdmi vplyvmi[\/vc_column_text][\/vc_column_inner][\/vc_row_inner][\/vc_column][\/vc_row][vc_row row_type=&#8221;row&#8221; use_row_as_full_screen_section=&#8221;no&#8221; type=&#8221;full_width&#8221; text_align=&#8221;left&#8221; background_animation=&#8221;none&#8221; css_animation=&#8221;&#8221;][vc_column][\/vc_column][\/vc_row]<\/p>\n<\/div>","protected":false},"excerpt":{"rendered":"Po\u013enohospod\u00e1rstvo a chov zvierat Prev\u00e1dzkovatelia po\u013enohospod\u00e1rskych podnikov musia kona\u0165 obzvl\u00e1\u0161\u0165 hospod\u00e1rne. S farbami na steny, omietkami a n\u00e1termi striech od ClimateCoating\u00ae mo\u017eno dokonale chr\u00e1ni\u0165 stavebn\u00e9 kon\u0161trukcie stajn\u00ed, stod\u00f4l, skladov alebo jazdiarn\u00ed. Ak sa u\u0161etr\u00ed v\u00fddaj energie, zabr\u00e1ni sa rastu plesn\u00ed alebo rias a v\u00fdrazne sa...","protected":false},"author":1,"featured_media":0,"parent":34775,"menu_order":140,"comment_status":"closed","ping_status":"closed","template":"","meta":{"footnotes":""},"class_list":["post-34876","page","type-page","status-publish","hentry"],"_links":{"self":[{"href":"https:\/\/www.climatecoating.com\/sk\/wp-json\/wp\/v2\/pages\/34876","targetHints":{"allow":["GET"]}}],"collection":[{"href":"https:\/\/www.climatecoating.com\/sk\/wp-json\/wp\/v2\/pages"}],"about":[{"href":"https:\/\/www.climatecoating.com\/sk\/wp-json\/wp\/v2\/types\/page"}],"author":[{"embeddable":true,"href":"https:\/\/www.climatecoating.com\/sk\/wp-json\/wp\/v2\/users\/1"}],"replies":[{"embeddable":true,"href":"https:\/\/www.climatecoating.com\/sk\/wp-json\/wp\/v2\/comments?post=34876"}],"version-history":[{"count":0,"href":"https:\/\/www.climatecoating.com\/sk\/wp-json\/wp\/v2\/pages\/34876\/revisions"}],"up":[{"embeddable":true,"href":"https:\/\/www.climatecoating.com\/sk\/wp-json\/wp\/v2\/pages\/34775"}],"wp:attachment":[{"href":"https:\/\/www.climatecoating.com\/sk\/wp-json\/wp\/v2\/media?parent=34876"}],"curies":[{"name":"wp","href":"https:\/\/api.w.org\/{rel}","templated":true}]}}