{"id":34891,"date":"2022-01-12T14:48:10","date_gmt":"2022-01-12T13:48:10","guid":{"rendered":"https:\/\/www.climatecoating.com\/spolocnosti\/sluzby\/"},"modified":"2023-04-26T18:25:34","modified_gmt":"2023-04-26T16:25:34","slug":"sluzby","status":"publish","type":"page","link":"https:\/\/www.climatecoating.com\/sk\/spolocnosti\/sluzby\/","title":{"rendered":"Slu\u017eby"},"content":{"rendered":"<div class=\"wpb-content-wrapper\"><p>[vc_row row_type=&#8221;row&#8221; use_row_as_full_screen_section=&#8221;no&#8221; type=&#8221;full_width&#8221; text_align=&#8221;left&#8221; background_animation=&#8221;none&#8221; padding_bottom=&#8221;45&#8243; css_animation=&#8221;&#8221;][vc_column][vc_single_image image=&#8221;33669&#8243; img_size=&#8221;full&#8221; qode_css_animation=&#8221;&#8221; css=&#8221;.vc_custom_1604618064781{padding-bottom: 30px !important;}&#8221;][\/vc_column][\/vc_row][vc_row row_type=&#8221;row&#8221; use_row_as_full_screen_section=&#8221;no&#8221; type=&#8221;full_width&#8221; text_align=&#8221;left&#8221; background_animation=&#8221;none&#8221; css_animation=&#8221;&#8221;][vc_column width=&#8221;1\/4&#8243; el_class=&#8221;serviceboxes&#8221;]<div class=\"templatera_shortcode\"><div     class=\"vc_row wpb_row section vc_row-fluid backlink\" style=' text-align:left;'><div class=\" full_section_inner clearfix\"><div class=\"wpb_column vc_column_container vc_col-sm-12\"><div class=\"vc_column-inner\"><div class=\"wpb_wrapper\"><div class=\"ult_row_spacer\"><div class=\"ult-sticky-anchor\"><div class=\"ult-sticky-section ult-sticky \"  data-gutter= '100' data-stick_behaviour= 'stick_with_scroll_row'  data-sticky_position= 'top' data-mobile='no' data-support='no'><div  class=\"wpb_widgetised_column wpb_content_element\">\n\t\t<div class=\"wpb_wrapper\">\n\t\t\t\n\t\t\t\n\t\t<\/div>\n\t<\/div>\n<\/div><div class=\"ult-space\"><\/div><\/div><\/div><\/div><\/div><\/div><\/div><\/div><\/div>[\/vc_column][vc_column width=&#8221;3\/4&#8243;][vc_column_text css=&#8221;.vc_custom_1610449799770{padding-bottom: 20px !important;}&#8221;]<\/p>\n<h1>Slu\u017eby<\/h1>\n<p>[\/vc_column_text][vc_row_inner row_type=&#8221;row&#8221; type=&#8221;full_width&#8221; use_row_as_full_screen_section_slide=&#8221;no&#8221; text_align=&#8221;left&#8221; css_animation=&#8221;&#8221; css=&#8221;.vc_custom_1610450945201{padding-bottom: 30px !important;}&#8221;][vc_column_inner width=&#8221;1\/3&#8243;]<div class=\"image_with_text\"><img decoding=\"async\" src=\"https:\/\/www.climatecoating.com\/wp-content\/uploads\/2020\/12\/service_Planer-Beratung.jpg\" alt=\"Service - Planer Beratung\" \/><h2 >Rady pre pl\u00e1nova\u010dov<\/h2><span style=\"margin: 6px 0px;\" class=\"separator transparent\"><\/span>Va\u0161e projekty s\u00fa na\u0161ou ka\u017edodennou pr\u00e1cou. Podporujeme v\u00e1s pri natierac\u00edch \u00faloh\u00e1ch od pl\u00e1novania a\u017e po realiz\u00e1ciu.<\/div>[\/vc_column_inner][vc_column_inner width=&#8221;1\/3&#8243;]<div class=\"image_with_text\"><img decoding=\"async\" src=\"https:\/\/www.climatecoating.com\/wp-content\/uploads\/2020\/12\/service_Farbfaecher.jpg\" alt=\"Service - Farbf\u00e4cher\" \/><h2 >R\u00f4zne farby pre v\u00e1\u0161 projekt<\/h2><span style=\"margin: 6px 0px;\" class=\"separator transparent\"><\/span>Ty ud\u00e1va\u0161 t\u00f3n. Spln\u00edme va\u0161e farebn\u00e9 sny &#8211; s viac ako 100 000 farebn\u00fdmi nuansami, aj pod\u013ea RAL, NCS alebo in\u00fdch be\u017en\u00fdch farebn\u00fdch syst\u00e9mov.<\/div>[\/vc_column_inner][vc_column_inner width=&#8221;1\/3&#8243;]<div class=\"image_with_text\"><img decoding=\"async\" src=\"https:\/\/www.climatecoating.com\/wp-content\/uploads\/2020\/12\/service_Broschuere-Werbemittel.jpg\" alt=\"Service - Brosch\u00fcre Werbemittel\" \/><h2 >\u0160peci\u00e1lne inform\u00e1cie o produkte<\/h2><span style=\"margin: 6px 0px;\" class=\"separator transparent\"><\/span>Informujte sa. <a href=\"https:\/\/www.climatecoating.com\/sk\/kniznica-medii\/\">Tu n\u00e1jdete aktu\u00e1lne inform\u00e1cie o produktoch na stiahnutie alebo interakt\u00edvne.<\/a><\/div>[\/vc_column_inner][\/vc_row_inner][vc_row_inner row_type=&#8221;row&#8221; type=&#8221;full_width&#8221; use_row_as_full_screen_section_slide=&#8221;no&#8221; text_align=&#8221;left&#8221; css_animation=&#8221;&#8221; css=&#8221;.vc_custom_1610451346022{padding-bottom: 20px !important;}&#8221;][vc_column_inner width=&#8221;1\/3&#8243;]<div class=\"image_with_text\"><img decoding=\"async\" src=\"https:\/\/www.climatecoating.com\/wp-content\/uploads\/2020\/12\/service_Versand.jpg\" alt=\"Service - Versand\" \/><h2 >Glob\u00e1lna preprava<\/h2><span style=\"margin: 6px 0px;\" class=\"separator transparent\"><\/span>Potrebujete r\u00f4zne triedenie kontajnerov v \u00c1zii v kr\u00e1tkom \u010dase? Zorganizujeme pre v\u00e1s ka\u017ed\u00fa prepravu pod\u013ea va\u0161ich predst\u00e1v.<\/div>[\/vc_column_inner][vc_column_inner width=&#8221;1\/3&#8243;]<div class=\"image_with_text\"><img decoding=\"async\" src=\"https:\/\/www.climatecoating.com\/wp-content\/uploads\/2020\/12\/service_Referenzen.jpg\" alt=\"Service - Referenzen\" \/><h2 >Celosvetov\u00e9 referencie<\/h2><span style=\"margin: 6px 0px;\" class=\"separator transparent\"><\/span>Presved\u010dte sa o rie\u0161eniach n\u00e1terov a zvl\u00e1dnut\u00fdch v\u00fdzvach. <a href=\"https:\/\/www.climatecoating.com\/sk\/referencie\/\">Ponorte sa do na\u0161ich svedectiev.<\/a><\/div>[\/vc_column_inner][vc_column_inner width=&#8221;1\/3&#8243;]<div class=\"image_with_text\"><img decoding=\"async\" src=\"https:\/\/www.climatecoating.com\/wp-content\/uploads\/2020\/12\/service_SocialMedia.jpg\" alt=\"Service - SocialMedia\" \/><h2 >Soci\u00e1lne m\u00e9di\u00e1<\/h2><span style=\"margin: 6px 0px;\" class=\"separator transparent\"><\/span>N\u00e1s a na\u0161ich partnerov n\u00e1jdete tu:<\/p>\n<ul>\n<li><a href=\"https:\/\/www.facebook.com\/climatecoating\">Facebook<\/a><\/li>\n<li><a href=\"https:\/\/www.youtube.com\/channel\/UCSMRr-e31t2xlUXyIAlmw-Q\">YouTube<\/a><\/li>\n<\/ul>\n<p><\/div>[\/vc_column_inner][\/vc_row_inner][vc_column_text css=&#8221;.vc_custom_1610451352838{padding-bottom: 30px !important;}&#8221;]Sme radi, \u017ee v\u00e1s m\u00f4\u017eeme podpori\u0165 na\u0161ou kompetenciou a na\u0161ou celosvetovou sie\u0165ou.<br \/>\n<a href=\"https:\/\/www.climatecoating.com\/sk\/kontakt\/\">Vyu\u017eite n\u00e1s!<\/a>[\/vc_column_text][\/vc_column][\/vc_row]<\/p>\n<\/div>","protected":false},"excerpt":{"rendered":"Slu\u017eby Rady pre pl\u00e1nova\u010dovVa\u0161e projekty s\u00fa na\u0161ou ka\u017edodennou pr\u00e1cou. Podporujeme v\u00e1s pri natierac\u00edch \u00faloh\u00e1ch od pl\u00e1novania a\u017e po realiz\u00e1ciu.R\u00f4zne farby pre v\u00e1\u0161 projektTy ud\u00e1va\u0161 t\u00f3n. Spln\u00edme va\u0161e farebn\u00e9 sny - s viac ako 100 000 farebn\u00fdmi nuansami, aj pod\u013ea RAL, NCS alebo in\u00fdch be\u017en\u00fdch farebn\u00fdch...","protected":false},"author":1,"featured_media":0,"parent":34691,"menu_order":685,"comment_status":"closed","ping_status":"closed","template":"","meta":{"footnotes":""},"class_list":["post-34891","page","type-page","status-publish","hentry"],"_links":{"self":[{"href":"https:\/\/www.climatecoating.com\/sk\/wp-json\/wp\/v2\/pages\/34891","targetHints":{"allow":["GET"]}}],"collection":[{"href":"https:\/\/www.climatecoating.com\/sk\/wp-json\/wp\/v2\/pages"}],"about":[{"href":"https:\/\/www.climatecoating.com\/sk\/wp-json\/wp\/v2\/types\/page"}],"author":[{"embeddable":true,"href":"https:\/\/www.climatecoating.com\/sk\/wp-json\/wp\/v2\/users\/1"}],"replies":[{"embeddable":true,"href":"https:\/\/www.climatecoating.com\/sk\/wp-json\/wp\/v2\/comments?post=34891"}],"version-history":[{"count":0,"href":"https:\/\/www.climatecoating.com\/sk\/wp-json\/wp\/v2\/pages\/34891\/revisions"}],"up":[{"embeddable":true,"href":"https:\/\/www.climatecoating.com\/sk\/wp-json\/wp\/v2\/pages\/34691"}],"wp:attachment":[{"href":"https:\/\/www.climatecoating.com\/sk\/wp-json\/wp\/v2\/media?parent=34891"}],"curies":[{"name":"wp","href":"https:\/\/api.w.org\/{rel}","templated":true}]}}