{"id":34904,"date":"2022-01-12T14:48:12","date_gmt":"2022-01-12T13:48:12","guid":{"rendered":"https:\/\/www.climatecoating.com\/oblasti-pouzitia\/vyroba\/"},"modified":"2022-02-25T10:36:35","modified_gmt":"2022-02-25T09:36:35","slug":"vyroba","status":"publish","type":"page","link":"https:\/\/www.climatecoating.com\/sk\/oblasti-pouzitia\/vyroba\/","title":{"rendered":"V\u00fdroba"},"content":{"rendered":"<div class=\"wpb-content-wrapper\"><p>[vc_row row_type=&#8221;row&#8221; use_row_as_full_screen_section=&#8221;no&#8221; type=&#8221;full_width&#8221; text_align=&#8221;left&#8221; background_animation=&#8221;none&#8221; padding_bottom=&#8221;45&#8243; css_animation=&#8221;&#8221;][vc_column][vc_single_image image=&#8221;33658&#8243; img_size=&#8221;full&#8221; qode_css_animation=&#8221;&#8221; css=&#8221;.vc_custom_1605018310308{padding-bottom: 30px !important;}&#8221;][vc_column_text]<\/p>\n<h1>V\u00fdroba<\/h1>\n<p>[\/vc_column_text][vc_column_text css=&#8221;.vc_custom_1612437494024{padding-bottom: 30px !important;}&#8221;]V\u00fdrobn\u00e9 haly, v\u00fdrobn\u00e9 priestory, \u0161t\u00fadi\u00e1 &#8211; v\u0161etky maj\u00fa steny, stropy, fas\u00e1dy a strechy. Od atrakt\u00edvnych farieb na steny a\u017e po funk\u010dn\u00e9 stre\u0161n\u00e9 n\u00e1tery, m\u00f4\u017eeme v\u00e1s podpori\u0165 vo va\u0161om projekte pomocou ClimateCoating<sup>\u00ae<\/sup> . Vo svojom n\u00e1kupnom ko\u0161\u00edku m\u00e1te v\u017edy v\u00fdhodu v ochrane \u017eivotn\u00e9ho prostredia a zdrojov.[\/vc_column_text][vc_row_inner row_type=&#8221;row&#8221; type=&#8221;full_width&#8221; use_row_as_full_screen_section_slide=&#8221;no&#8221; text_align=&#8221;left&#8221; css_animation=&#8221;&#8221;][vc_column_inner width=&#8221;1\/3&#8243;][vc_column_text]VN\u00daTORN\u00c9 APLIK\u00c1CIE[\/vc_column_text][vc_gallery interval=&#8221;3&#8243; images=&#8221;33544,33547,33715&#8243; img_size=&#8221;full&#8221; onclick=&#8221;&#8221; el_class=&#8221;flex-noarrows&#8221;][vc_separator type=&#8221;small&#8221; position=&#8221;left&#8221; border_style=&#8221;&#8221; up=&#8221;18&#8243; down=&#8221;20&#8243; color=&#8221;#d6202d&#8221;][vc_column_text]Prevencia kondenz\u00e1cie<\/p>\n<p>Regul\u00e1cia vlhkosti<\/p>\n<p>Bez z\u00e1pachu<\/p>\n<p>Odolnos\u0165 vo\u010di ne\u010distot\u00e1m<\/p>\n<p>\u00daspora energie<\/p>\n<p>Zlep\u0161enie akustiky<\/p>\n<p>Odstra\u0148ovanie ne\u010dist\u00f4t fotokatal\u00fdzou<\/p>\n<p>Rozjasnenie miestnosti odrazom svetla<\/p>\n<p>Osvie\u017eenie stropn\u00fdch obkladov[\/vc_column_text][\/vc_column_inner][vc_column_inner width=&#8221;1\/3&#8243;][vc_column_text]BUDOVA VONKU[\/vc_column_text][vc_gallery interval=&#8221;3&#8243; images=&#8221;33523,33548,33678&#8243; img_size=&#8221;full&#8221; onclick=&#8221;&#8221; el_class=&#8221;flex-noarrows&#8221;][vc_separator type=&#8221;small&#8221; position=&#8221;left&#8221; border_style=&#8221;&#8221; up=&#8221;18&#8243; down=&#8221;20&#8243; color=&#8221;#d6202d&#8221;][vc_column_text]\u00daspora energie<\/p>\n<p>Dlhovekos\u0165<\/p>\n<p>Sloboda od trhl\u00edn<\/p>\n<p>Robustnos\u0165<\/p>\n<p>Odpudzova\u010d ne\u010dist\u00f4t<\/p>\n<p>Riadenie vlhkosti<\/p>\n<p>Spoma\u013eova\u010d horenia<\/p>\n<p>Dlhodob\u00e1 ochrana dreva pred poveternostn\u00fdmi vplyvmi[\/vc_column_text][\/vc_column_inner][vc_column_inner width=&#8221;1\/3&#8243;][vc_column_text]STRIE\u0160NE KON\u0160TRUKCIE[\/vc_column_text][vc_gallery interval=&#8221;3&#8243; images=&#8221;33527,33712,33713&#8243; img_size=&#8221;full&#8221; onclick=&#8221;&#8221; el_class=&#8221;flex-noarrows&#8221;][vc_separator type=&#8221;small&#8221; position=&#8221;left&#8221; border_style=&#8221;&#8221; up=&#8221;18&#8243; down=&#8221;20&#8243; color=&#8221;#d6202d&#8221;][vc_column_text]Zn\u00ed\u017eenie n\u00e1kladov na chladenie a chladenie<\/p>\n<p>Ochrana pred po\u010das\u00edm<\/p>\n<p>Tesnos\u0165<\/p>\n<p>Tepeln\u00fd relax[\/vc_column_text][\/vc_column_inner][\/vc_row_inner][\/vc_column][\/vc_row][vc_row row_type=&#8221;row&#8221; use_row_as_full_screen_section=&#8221;no&#8221; type=&#8221;full_width&#8221; text_align=&#8221;left&#8221; background_animation=&#8221;none&#8221; css_animation=&#8221;&#8221;][vc_column][\/vc_column][\/vc_row]<\/p>\n<\/div>","protected":false},"excerpt":{"rendered":"V\u00fdroba V\u00fdrobn\u00e9 haly, v\u00fdrobn\u00e9 priestory, \u0161t\u00fadi\u00e1 - v\u0161etky maj\u00fa steny, stropy, fas\u00e1dy a strechy. Od atrakt\u00edvnych farieb na steny a\u017e po funk\u010dn\u00e9 stre\u0161n\u00e9 n\u00e1tery, m\u00f4\u017eeme v\u00e1s podpori\u0165 vo va\u0161om projekte pomocou ClimateCoating\u00ae . Vo svojom n\u00e1kupnom ko\u0161\u00edku m\u00e1te v\u017edy v\u00fdhodu v ochrane \u017eivotn\u00e9ho prostredia a...","protected":false},"author":1,"featured_media":0,"parent":34775,"menu_order":120,"comment_status":"closed","ping_status":"closed","template":"","meta":{"footnotes":""},"class_list":["post-34904","page","type-page","status-publish","hentry"],"_links":{"self":[{"href":"https:\/\/www.climatecoating.com\/sk\/wp-json\/wp\/v2\/pages\/34904","targetHints":{"allow":["GET"]}}],"collection":[{"href":"https:\/\/www.climatecoating.com\/sk\/wp-json\/wp\/v2\/pages"}],"about":[{"href":"https:\/\/www.climatecoating.com\/sk\/wp-json\/wp\/v2\/types\/page"}],"author":[{"embeddable":true,"href":"https:\/\/www.climatecoating.com\/sk\/wp-json\/wp\/v2\/users\/1"}],"replies":[{"embeddable":true,"href":"https:\/\/www.climatecoating.com\/sk\/wp-json\/wp\/v2\/comments?post=34904"}],"version-history":[{"count":0,"href":"https:\/\/www.climatecoating.com\/sk\/wp-json\/wp\/v2\/pages\/34904\/revisions"}],"up":[{"embeddable":true,"href":"https:\/\/www.climatecoating.com\/sk\/wp-json\/wp\/v2\/pages\/34775"}],"wp:attachment":[{"href":"https:\/\/www.climatecoating.com\/sk\/wp-json\/wp\/v2\/media?parent=34904"}],"curies":[{"name":"wp","href":"https:\/\/api.w.org\/{rel}","templated":true}]}}