{"id":34907,"date":"2022-01-12T14:48:12","date_gmt":"2022-01-12T13:48:12","guid":{"rendered":"https:\/\/www.climatecoating.com\/oblasti-pouzitia\/znizenie-nakladov-na-chladenie-a-chladenie\/"},"modified":"2022-01-21T17:02:00","modified_gmt":"2022-01-21T16:02:00","slug":"znizenie-nakladov-na-chladenie-a-chladenie","status":"publish","type":"page","link":"https:\/\/www.climatecoating.com\/sk\/oblasti-pouzitia\/znizenie-nakladov-na-chladenie-a-chladenie\/","title":{"rendered":"Zn\u00ed\u017eenie n\u00e1kladov na chladenie a chladenie"},"content":{"rendered":"<div class=\"wpb-content-wrapper\"><p>[vc_row row_type=&#8221;row&#8221; use_row_as_full_screen_section=&#8221;no&#8221; type=&#8221;full_width&#8221; text_align=&#8221;left&#8221; background_animation=&#8221;none&#8221; padding_bottom=&#8221;45&#8243; css_animation=&#8221;&#8221;][vc_column][vc_column_text css=&#8221;.vc_custom_1605177899210{padding-bottom: 30px !important;}&#8221;]<\/p>\n<h1>Zn\u00ed\u017eenie n\u00e1kladov na chladenie a chladenie<\/h1>\n<p>[\/vc_column_text][vc_single_image image=&#8221;33601&#8243; img_size=&#8221;full&#8221; qode_css_animation=&#8221;&#8221; css=&#8221;.vc_custom_1603351461583{padding-bottom: 30px !important;}&#8221;][\/vc_column][\/vc_row][vc_row row_type=&#8221;row&#8221; use_row_as_full_screen_section=&#8221;no&#8221; type=&#8221;full_width&#8221; text_align=&#8221;left&#8221; background_animation=&#8221;none&#8221; padding_bottom=&#8221;45&#8243; css_animation=&#8221;&#8221; el_class=&#8221;reverse_order&#8221;][vc_column width=&#8221;1\/4&#8243;]<div class=\"ult_row_spacer\"><div class=\"ult-sticky-anchor\"><div class=\"ult-sticky-section ult-sticky \"  data-gutter= '100' data-stick_behaviour= 'stick_with_scroll_row'  data-sticky_position= 'top' data-mobile='no' data-support='no'>[vc_raw_html]JTNDZGl2JTIwaWQlM0QlMjJsZWZ0bWVudSUyMiUzRSUwQSUzQ3VsJTIwY2xhc3MlM0QlMjJzdWItbWVudSUyMHN1Yi1tZW51c21hbGwlMjIlM0UlMEElMDklM0NsaSUyMGlkJTNEJTIybWVudS1pdGVtLTIyODcyJTIyJTIwY2xhc3MlM0QlMjJtZW51LWl0ZW0lMjBtZW51LWl0ZW0tdHlwZS1wb3N0X3R5cGUlMjBtZW51LWl0ZW0tb2JqZWN0LXBhZ2UlMjBjbXctbGV2ZWwtMiUyMG1lbnUtaXRlbS0yMjg3MiUyMiUzRSUzQ2ElMjBocmVmJTNEJTIyJTIzMSUyMiUzRVZ5c29rJUMzJUE5JTIwaG9kbm90eSUyMG9kcmF6dSUyMCVFMiU4MCU5MyUyMHRha21lciUyMGFrbyUyMHNuZWglM0MlMkZhJTNFJTNDJTJGbGklM0UlMEElMDklM0NsaSUyMGlkJTNEJTIybWVudS1pdGVtLTIyODc1JTIyJTIwY2xhc3MlM0QlMjJtZW51LWl0ZW0lMjBtZW51LWl0ZW0tdHlwZS1wb3N0X3R5cGUlMjBtZW51LWl0ZW0tb2JqZWN0LXBhZ2UlMjBjbXctbGV2ZWwtMiUyMG1lbnUtaXRlbS0yMjg3NSUyMiUzRSUzQ2ElMjBocmVmJTNEJTIyJTIzMiUyMiUzRVBhcyVDMyVBRHZuYSUyMGtsaW1hdGl6JUMzJUExY2lhJTIwem5pJUM1JUJFdWplJTIwbiVDMyVBMWtsYWR5JTNDJTJGYSUzRSUzQyUyRmxpJTNFJTBBJTA5JTNDbGklMjBpZCUzRCUyMm1lbnUtaXRlbS0yMjg3OSUyMiUyMGNsYXNzJTNEJTIybWVudS1pdGVtJTIwbWVudS1pdGVtLXR5cGUtcG9zdF90eXBlJTIwbWVudS1pdGVtLW9iamVjdC1wYWdlJTIwY213LWxldmVsLTIlMjBtZW51LWl0ZW0tMjI4NzklMjIlM0UlM0NhJTIwaHJlZiUzRCUyMiUyMzMlMjIlM0VQcmVkJUM0JUJBJUM1JUJFZW4lQzMlQTElMjAlQzUlQkVpdm90bm9zJUM1JUE1JTIwc3RyZSVDNSVBMW5laiUyMGtvbiVDNSVBMXRydWtjaWUlM0MlMkZhJTNFJTNDJTJGbGklM0UlMEElM0MlMkZ1bCUzRSUwQSUzQyUyRmRpdiUzRQ==[\/vc_raw_html]<\/div><div class=\"ult-space\"><\/div><\/div><\/div>[\/vc_column][vc_column width=&#8221;3\/4&#8243;][vc_raw_html]JTNDYSUyMGNsYXNzJTNEJTIyYW5jaG9yJTIyJTIwbmFtZSUzRCUyMjElMjIlM0UlM0MlMkZhJTNF[\/vc_raw_html][vc_separator type=&#8221;normal&#8221; border_style=&#8221;&#8221; down=&#8221;30&#8243;][vc_column_text css=&#8221;.vc_custom_1603884116230{padding-bottom: 30px !important;}&#8221;]<\/p>\n<h2>Vysok\u00e9 hodnoty odrazu &#8211; takmer ako sneh<\/h2>\n<p>Stre\u0161n\u00fd n\u00e1ter ThermoActive je schopn\u00fd odr\u00e1\u017ea\u0165 viac ako 91 % slne\u010dn\u00e9ho \u017eiarenia. To je overen\u00e1 \u0161pi\u010dkov\u00e1 hodnota. \u010cist\u00fd sneh odr\u00e1\u017ea slne\u010dn\u00e9 svetlo na 100%.[\/vc_column_text][vc_raw_html]JTNDYSUyMGNsYXNzJTNEJTIyYW5jaG9yJTIyJTIwbmFtZSUzRCUyMjIlMjIlM0UlM0MlMkZhJTNF[\/vc_raw_html][vc_separator type=&#8221;normal&#8221; border_style=&#8221;&#8221; down=&#8221;30&#8243;][vc_column_text css=&#8221;.vc_custom_1603884147764{padding-bottom: 30px !important;}&#8221;]<\/p>\n<h2>Pas\u00edvna klimatiz\u00e1cia zni\u017euje n\u00e1klady<\/h2>\n<p>Reflexn\u00e1 vrstva ThermoActive absorbuje vlhkos\u0165, ktor\u00e1 sa pri vystaven\u00ed slne\u010dn\u00e9mu \u017eiareniu vyparuje a ochladzuje. Strecha nemus\u00ed by\u0165 nevyhnutne natret\u00e1 bielou farbou. Pomerne vysok\u00e9 chladiace kapacity prostredn\u00edctvom odparovania sa dosahuj\u00fa aj pri tmav\u0161\u00edch farb\u00e1ch. S t\u00fdm<br \/>\nspotrebu energie na chladenie mo\u017eno v ka\u017edom pr\u00edpade zn\u00ed\u017ei\u0165 a prispie\u0165 k zn\u00ed\u017eeniu CO2.[\/vc_column_text][vc_raw_html]JTNDYSUyMGNsYXNzJTNEJTIyYW5jaG9yJTIyJTIwbmFtZSUzRCUyMjMlMjIlM0UlM0MlMkZhJTNF[\/vc_raw_html][vc_separator type=&#8221;normal&#8221; border_style=&#8221;&#8221; down=&#8221;30&#8243;][vc_column_text css=&#8221;.vc_custom_1603884182317{padding-bottom: 30px !important;}&#8221;]<\/p>\n<h2>Pred\u013a\u017een\u00e1 \u017eivotnos\u0165 stre\u0161nej kon\u0161trukcie<\/h2>\n<p>Vynikaj\u00faca elasticita ThermoActive umo\u017e\u0148uje bezprobl\u00e9mov\u00e9 premostenie materi\u00e1lov\u00fdch prechodov a to pri teplot\u00e1ch od -40 \u00b0C do + 150 \u00b0C. Strecha zost\u00e1va vodotesn\u00e1.<br \/>\nN\u00e1ter je extr\u00e9mne robustn\u00fd a necitliv\u00fd na vplyvy prostredia, ako s\u00fa kyseliny, z\u00e1sady, oz\u00f3n, oxidy dus\u00edka a s\u00edry. Okrem toho je n\u00e1ter extr\u00e9mne odoln\u00fd vo\u010di UV \u017eiareniu. \u017diadne krehnutie, \u017eiadne odlupovanie farby, \u017eiadne zvetr\u00e1vanie a to z dlhodob\u00e9ho h\u013eadiska.<\/p>\n<p>To v\u0161etko spolu predl\u017euje \u017eivotnos\u0165 stre\u0161nej kon\u0161trukcie a zni\u017euje n\u00e1klady na \u00fadr\u017ebu.<\/p>\n<p><strong>Chceli by ste vedie\u0165 viac?<\/strong><br \/>\n<a href=\"https:\/\/www.climatecoating.com\/sk\/kontakt\/\"><strong>Ozvite sa!<\/strong><\/a>[\/vc_column_text][vc_video link=&#8221;https:\/\/www.youtube.com\/watch?v=Lilz-969SIo&#8221;][\/vc_column][\/vc_row][vc_row row_type=&#8221;row&#8221; use_row_as_full_screen_section=&#8221;no&#8221; type=&#8221;full_width&#8221; text_align=&#8221;left&#8221; background_animation=&#8221;none&#8221; css_animation=&#8221;&#8221;][vc_column][vc_column_text]<\/p>\n<h3>Produkty<\/h3>\n<p>[\/vc_column_text][vc_separator type=&#8221;small&#8221; position=&#8221;left&#8221; border_style=&#8221;&#8221; up=&#8221;18&#8243; down=&#8221;20&#8243; color=&#8221;#d6202d&#8221;]<div class=\"woocommerce columns-4 \"><ul class=\"products columns-4 clearfix default\">        <li class=\"product type-product post-34818 status-publish first instock product_cat-vonku product_cat-oblasti-pouzitia product_cat-stavat-nazivo product_cat-potravinarsky-priemysel product_cat-vyroba product_cat-verejne-budovy product_cat-polnohospodarstvo-a-chov-zvierat has-post-thumbnail taxable shipping-taxable purchasable product-type-variable\">\n\n                        <div class=\"top-product-section\">\n\n                <a class=\"product_list_thumb_link\" href=\"https:\/\/www.climatecoating.com\/sk\/produkt\/thermoactive\/\">\n                    <span class=\"image-wrapper\">\n                    <img loading=\"lazy\" decoding=\"async\" width=\"300\" height=\"300\" src=\"https:\/\/www.climatecoating.com\/wp-content\/uploads\/2025\/10\/12L500ml_THERMOACTIVE_m_frei-2-6-300x300.png\" class=\"attachment-woocommerce_thumbnail size-woocommerce_thumbnail\" alt=\"ThermoActive 12,5l\" srcset=\"https:\/\/www.climatecoating.com\/wp-content\/uploads\/2025\/10\/12L500ml_THERMOACTIVE_m_frei-2-6-300x300.png 300w, https:\/\/www.climatecoating.com\/wp-content\/uploads\/2025\/10\/12L500ml_THERMOACTIVE_m_frei-2-6-100x100.png 100w, https:\/\/www.climatecoating.com\/wp-content\/uploads\/2025\/10\/12L500ml_THERMOACTIVE_m_frei-2-6-600x600.png 600w, https:\/\/www.climatecoating.com\/wp-content\/uploads\/2025\/10\/12L500ml_THERMOACTIVE_m_frei-2-6-1024x1024.png 1024w, https:\/\/www.climatecoating.com\/wp-content\/uploads\/2025\/10\/12L500ml_THERMOACTIVE_m_frei-2-6-150x150.png 150w, https:\/\/www.climatecoating.com\/wp-content\/uploads\/2025\/10\/12L500ml_THERMOACTIVE_m_frei-2-6-768x768.png 768w, https:\/\/www.climatecoating.com\/wp-content\/uploads\/2025\/10\/12L500ml_THERMOACTIVE_m_frei-2-6-1536x1536.png 1536w, https:\/\/www.climatecoating.com\/wp-content\/uploads\/2025\/10\/12L500ml_THERMOACTIVE_m_frei-2-6-550x550.png 550w, https:\/\/www.climatecoating.com\/wp-content\/uploads\/2025\/10\/12L500ml_THERMOACTIVE_m_frei-2-6-500x500.png 500w, https:\/\/www.climatecoating.com\/wp-content\/uploads\/2025\/10\/12L500ml_THERMOACTIVE_m_frei-2-6-1000x1000.png 1000w, https:\/\/www.climatecoating.com\/wp-content\/uploads\/2025\/10\/12L500ml_THERMOACTIVE_m_frei-2-6-700x700.png 700w, https:\/\/www.climatecoating.com\/wp-content\/uploads\/2025\/10\/12L500ml_THERMOACTIVE_m_frei-2-6-1100x1100.png 1100w, https:\/\/www.climatecoating.com\/wp-content\/uploads\/2025\/10\/12L500ml_THERMOACTIVE_m_frei-2-6.png 1920w\" sizes=\"auto, (max-width: 300px) 100vw, 300px\" \/>                    <\/span>\n                <\/a>\n\n                <div class=\"add-to-cart-button-outer\"><div class=\"add-to-cart-button-inner\"><div class=\"add-to-cart-button-inner2\"><a href=\"https:\/\/www.climatecoating.com\/sk\/produkt\/thermoactive\/\" aria-describedby=\"woocommerce_loop_add_to_cart_link_describedby_34818\" data-quantity=\"1\" class=\"qbutton add-to-cart-button button product_type_variable add_to_cart_button\" data-product_id=\"34818\" data-product_sku=\"\" aria-label=\"V\u00fdber nastaven\u00ed pre &ldquo;ThermoActive&rdquo;\" rel=\"nofollow\">Optionen w\u00e4hlen<\/a><\/div><\/div><\/div>\t<span id=\"woocommerce_loop_add_to_cart_link_describedby_34818\" class=\"screen-reader-text\">\n\t\tTento produkt m\u00e1 viacero variantov. Mo\u017enosti si m\u00f4\u017eete vybra\u0165 na str\u00e1nke produktu.\t<\/span>\n\n            <\/div>\n\n            <div class=\"product_info_box\">\n\t            <span class=\"product-categories\"><a href=\"https:\/\/www.climatecoating.com\/sk\/produkty-sk\/vonku\/\" rel=\"tag\">Vonku<\/a>, <a href=\"https:\/\/www.climatecoating.com\/sk\/oblasti-pouzitia\/\" rel=\"tag\">Oblasti pou\u017eitia<\/a>, <a href=\"https:\/\/www.climatecoating.com\/sk\/oblasti-pouzitia\/stavat-nazivo\/\" rel=\"tag\">Stava\u0165 na\u017eivo<\/a>, <a href=\"https:\/\/www.climatecoating.com\/sk\/oblasti-pouzitia\/potravinarsky-priemysel\/\" rel=\"tag\">Potravin\u00e1rsky priemysel<\/a>, <a href=\"https:\/\/www.climatecoating.com\/sk\/oblasti-pouzitia\/vyroba\/\" rel=\"tag\">V\u00fdroba<\/a>, <a href=\"https:\/\/www.climatecoating.com\/sk\/oblasti-pouzitia\/verejne-budovy\/\" rel=\"tag\">Verejn\u00e9 budovy<\/a>, <a href=\"https:\/\/www.climatecoating.com\/sk\/oblasti-pouzitia\/polnohospodarstvo-a-chov-zvierat\/\" rel=\"tag\">Po\u013enohospod\u00e1rstvo a chov zvierat<\/a><\/span>\n                <a href=\"https:\/\/www.climatecoating.com\/sk\/produkt\/thermoactive\/\" class=\"product-category\">\n                    <span class=\"product-title\">ThermoActive<\/span>\n\n                    \n\n\t<span class=\"price\">ab <span class=\"woocommerce-Price-amount amount\"><bdi>117,95&nbsp;<span class=\"woocommerce-Price-currencySymbol\">&euro;<\/span><\/bdi><\/span><\/span>\n\n\t<p class=\"price price-unit smaller wc-gzd-additional-info wc-gzd-additional-info-loop\"><span class=\"woocommerce-Price-amount amount\">23,59&nbsp;<span class=\"woocommerce-Price-currencySymbol\">&euro;<\/span><\/span> \/  <span class=\"unit\">l<\/span><\/p>\n\n                <\/a>\n            <\/div>\n\n            \n\t<p class=\"wc-gzd-additional-info wc-gzd-additional-info-loop tax-info\">incl. VAT<\/p>\n\n\t<p class=\"wc-gzd-additional-info wc-gzd-additional-info-loop shipping-costs-info\">zzgl. <a href=\"https:\/\/www.climatecoating.com\/shop\/versand\/\" target=\"_blank\">Versandkosten<\/a><\/p>\n\n\n\t<p class=\"wc-gzd-additional-info wc-gzd-additional-info-loop product-units-wrapper product-units\">Produkt enth\u00e4lt: 5 <span class=\"unit\">l<\/span> &ndash; 12,5 <span class=\"unit\">l<\/span> <\/p>\n<div class=\"add-to-cart-button-outer\"><div class=\"add-to-cart-button-inner\"><div class=\"add-to-cart-button-inner2\"><a href=\"https:\/\/www.climatecoating.com\/sk\/produkt\/thermoactive\/\" aria-describedby=\"woocommerce_loop_add_to_cart_link_describedby_34818\" data-quantity=\"1\" class=\"qbutton add-to-cart-button button product_type_variable add_to_cart_button\" data-product_id=\"34818\" data-product_sku=\"\" aria-label=\"V\u00fdber nastaven\u00ed pre &ldquo;ThermoActive&rdquo;\" rel=\"nofollow\">Optionen w\u00e4hlen<\/a><\/div><\/div><\/div>\t<span id=\"woocommerce_loop_add_to_cart_link_describedby_34818\" class=\"screen-reader-text\">\n\t\tTento produkt m\u00e1 viacero variantov. Mo\u017enosti si m\u00f4\u017eete vybra\u0165 na str\u00e1nke produktu.\t<\/span>\n        <\/li>\n\n        <\/ul>\n<\/div>[\/vc_column][\/vc_row][vc_row row_type=&#8221;row&#8221; use_row_as_full_screen_section=&#8221;no&#8221; type=&#8221;full_width&#8221; text_align=&#8221;left&#8221; background_animation=&#8221;none&#8221; css_animation=&#8221;&#8221; css=&#8221;.vc_custom_1605014654715{padding-bottom: 30px !important;}&#8221;][vc_column][vc_column_text]<\/p>\n<h3>referencie<\/h3>\n<p>[\/vc_column_text][vc_separator type=&#8221;small&#8221; position=&#8221;left&#8221; border_style=&#8221;&#8221; up=&#8221;18&#8243; down=&#8221;20&#8243; color=&#8221;#d6202d&#8221;]<div class='projects_holder_outer v4 portfolio_with_space portfolio_standard  qode-filter-position-top'>\n\t    \t<div class='projects_holder clearfix v4 standard portfolio_default_image '>\n\t\t<article class=\"mix portfolio_category_1660\">\n    <div class='image_holder default_hover'>\n        \n<span class='image'><img loading=\"lazy\" decoding=\"async\" width=\"550\" height=\"498\" src=\"https:\/\/www.climatecoating.com\/wp-content\/uploads\/2014\/06\/referenzen_energiemasterhaus_09-550x498.jpg\" class=\"attachment-portfolio-default size-portfolio-default wp-post-image\" alt=\"Referencie energetick\u00fd hlavn\u00fd dom 09\" srcset=\"https:\/\/www.climatecoating.com\/wp-content\/uploads\/2014\/06\/referenzen_energiemasterhaus_09-550x498.jpg 550w, https:\/\/www.climatecoating.com\/wp-content\/uploads\/2014\/06\/referenzen_energiemasterhaus_09-480x434.jpg 480w, https:\/\/www.climatecoating.com\/wp-content\/uploads\/2014\/06\/referenzen_energiemasterhaus_09-125x112.jpg 125w\" sizes=\"auto, (max-width: 550px) 100vw, 550px\" \/><\/span>\n                    <a class='portfolio_link_class' href='https:\/\/www.climatecoating.com\/sk\/referencie\/odkaz\/energeticky-hlavny-dom\/' target='_self'><\/a>\n\t\t\n        <div class=\"portfolio_shader\"><\/div>\n\t\t<div class=\"icons_holder\">\n\t<div class=\"icons_holder_inner\">\n\t\t\t\t\t<a class='portfolio_lightbox' title='Zn\u00ed\u017eenie n\u00e1kladov na chladenie a chladenie' href='https:\/\/www.climatecoating.com\/wp-content\/uploads\/2014\/06\/referenzen_energiemasterhaus_09.jpg' data-rel='prettyPhoto[pretty_photo_gallery]'><\/a>\n\t\t\t\t\t<\/div>\n<\/div>\n    <\/div>\n\n    <div class='portfolio_description ' >\n            <h4 class=\"portfolio_title\" ><a href=\"https:\/\/www.climatecoating.com\/sk\/referencie\/odkaz\/energeticky-hlavny-dom\/\" target=\"_self\"> Energetick\u00fd hlavn\u00fd dom<\/a><\/h4>\n<h6 class=\"portfolio_subtitle\"> <\/h6>    <\/div>\n<\/article>\n<article class=\"mix portfolio_category_1660\">\n    <div class='image_holder default_hover'>\n        \n<span class='image'><img loading=\"lazy\" decoding=\"async\" width=\"550\" height=\"498\" src=\"https:\/\/www.climatecoating.com\/wp-content\/uploads\/2020\/07\/Garagen-in-Forst-nach-7-Jahren_01-550x498.jpg\" class=\"attachment-portfolio-default size-portfolio-default wp-post-image\" alt=\"Gar\u00e1\u017ee vo Forste po 7 rokoch 01\" srcset=\"https:\/\/www.climatecoating.com\/wp-content\/uploads\/2020\/07\/Garagen-in-Forst-nach-7-Jahren_01-550x498.jpg 550w, https:\/\/www.climatecoating.com\/wp-content\/uploads\/2020\/07\/Garagen-in-Forst-nach-7-Jahren_01-480x434.jpg 480w, https:\/\/www.climatecoating.com\/wp-content\/uploads\/2020\/07\/Garagen-in-Forst-nach-7-Jahren_01-125x112.jpg 125w\" sizes=\"auto, (max-width: 550px) 100vw, 550px\" \/><\/span>\n                    <a class='portfolio_link_class' href='https:\/\/www.climatecoating.com\/sk\/referencie\/odkaz\/garaze-vo-forste-po-7-rokoch\/' target='_self'><\/a>\n\t\t\n        <div class=\"portfolio_shader\"><\/div>\n\t\t<div class=\"icons_holder\">\n\t<div class=\"icons_holder_inner\">\n\t\t\t\t\t<a class='portfolio_lightbox' title='Zn\u00ed\u017eenie n\u00e1kladov na chladenie a chladenie' href='https:\/\/www.climatecoating.com\/wp-content\/uploads\/2020\/07\/Garagen-in-Forst-nach-7-Jahren_01.jpg' data-rel='prettyPhoto[pretty_photo_gallery]'><\/a>\n\t\t\t\t\t<\/div>\n<\/div>\n    <\/div>\n\n    <div class='portfolio_description ' >\n            <h4 class=\"portfolio_title\" ><a href=\"https:\/\/www.climatecoating.com\/sk\/referencie\/odkaz\/garaze-vo-forste-po-7-rokoch\/\" target=\"_self\"> Gar\u00e1\u017ee vo Forste po 7 rokoch<\/a><\/h4>\n<h6 class=\"portfolio_subtitle\"> <\/h6>    <\/div>\n<\/article>\n<article class=\"mix portfolio_category_1660\">\n    <div class='image_holder default_hover'>\n        \n<span class='image'><img loading=\"lazy\" decoding=\"async\" width=\"550\" height=\"498\" src=\"https:\/\/www.climatecoating.com\/wp-content\/uploads\/2020\/07\/Fassaden-nach-x-Jahren_02-550x498.jpg\" class=\"attachment-portfolio-default size-portfolio-default wp-post-image\" alt=\"Fas\u00e1dy po x rokoch 02\" srcset=\"https:\/\/www.climatecoating.com\/wp-content\/uploads\/2020\/07\/Fassaden-nach-x-Jahren_02-550x498.jpg 550w, https:\/\/www.climatecoating.com\/wp-content\/uploads\/2020\/07\/Fassaden-nach-x-Jahren_02-480x434.jpg 480w, https:\/\/www.climatecoating.com\/wp-content\/uploads\/2020\/07\/Fassaden-nach-x-Jahren_02-125x112.jpg 125w\" sizes=\"auto, (max-width: 550px) 100vw, 550px\" \/><\/span>\n                    <a class='portfolio_link_class' href='https:\/\/www.climatecoating.com\/sk\/referencie\/odkaz\/fasady-po-x-rokoch\/' target='_self'><\/a>\n\t\t\n        <div class=\"portfolio_shader\"><\/div>\n\t\t<div class=\"icons_holder\">\n\t<div class=\"icons_holder_inner\">\n\t\t\t\t\t<a class='portfolio_lightbox' title='Zn\u00ed\u017eenie n\u00e1kladov na chladenie a chladenie' href='https:\/\/www.climatecoating.com\/wp-content\/uploads\/2020\/07\/Fassaden-nach-x-Jahren_02.jpg' data-rel='prettyPhoto[pretty_photo_gallery]'><\/a>\n\t\t\t\t\t<\/div>\n<\/div>\n    <\/div>\n\n    <div class='portfolio_description ' >\n            <h4 class=\"portfolio_title\" ><a href=\"https:\/\/www.climatecoating.com\/sk\/referencie\/odkaz\/fasady-po-x-rokoch\/\" target=\"_self\"> Fas\u00e1dy po x rokoch<\/a><\/h4>\n<h6 class=\"portfolio_subtitle\"> <\/h6>    <\/div>\n<\/article>\n<article class=\"mix portfolio_category_1653\">\n    <div class='image_holder default_hover'>\n        \n<span class='image'><img loading=\"lazy\" decoding=\"async\" width=\"550\" height=\"498\" src=\"https:\/\/www.climatecoating.com\/wp-content\/uploads\/2020\/07\/Verbindungshaus-in-Erlangen_01-550x498.jpg\" class=\"attachment-portfolio-default size-portfolio-default wp-post-image\" alt=\"Sty\u010dn\u00fd dom v Erlangene 01\" srcset=\"https:\/\/www.climatecoating.com\/wp-content\/uploads\/2020\/07\/Verbindungshaus-in-Erlangen_01-550x498.jpg 550w, https:\/\/www.climatecoating.com\/wp-content\/uploads\/2020\/07\/Verbindungshaus-in-Erlangen_01-480x434.jpg 480w, https:\/\/www.climatecoating.com\/wp-content\/uploads\/2020\/07\/Verbindungshaus-in-Erlangen_01-125x112.jpg 125w\" sizes=\"auto, (max-width: 550px) 100vw, 550px\" \/><\/span>\n                    <a class='portfolio_link_class' href='https:\/\/www.climatecoating.com\/sk\/referencie\/odkaz\/stycny-dom-v-erlangene\/' target='_self'><\/a>\n\t\t\n        <div class=\"portfolio_shader\"><\/div>\n\t\t<div class=\"icons_holder\">\n\t<div class=\"icons_holder_inner\">\n\t\t\t\t\t<a class='portfolio_lightbox' title='Zn\u00ed\u017eenie n\u00e1kladov na chladenie a chladenie' href='https:\/\/www.climatecoating.com\/wp-content\/uploads\/2020\/07\/Verbindungshaus-in-Erlangen_01.jpg' data-rel='prettyPhoto[pretty_photo_gallery]'><\/a>\n\t\t\t\t\t<\/div>\n<\/div>\n    <\/div>\n\n    <div class='portfolio_description ' >\n            <h4 class=\"portfolio_title\" ><a href=\"https:\/\/www.climatecoating.com\/sk\/referencie\/odkaz\/stycny-dom-v-erlangene\/\" target=\"_self\"> Sty\u010dn\u00fd dom v Erlangene<\/a><\/h4>\n<h6 class=\"portfolio_subtitle\"> <\/h6>    <\/div>\n<\/article>\n\t\t\t\t\t<div class='filler'><\/div>\n\t\t\t\t\t\t\t\t\t<div class='filler'><\/div>\n\t\t\t\t\t\t\t\t\t<div class='filler'><\/div>\n\t\t\t\t\t\t\t\t\t<div class='filler'><\/div>\n\t\t\t\t\t<\/div>\n\n    \n\t\t\t<div class=\"portfolio_paging\"><span rel=\"10\" class=\"load_more\"><a href=\"https:\/\/www.climatecoating.com\/sk\/wp-json\/wp\/v2\/pages\/34907\/page\/2\/\" >Zobrazi\u0165 viac<\/a><\/span><\/div>\n\t\t<div class=\"portfolio_paging_loading\"><a href=\"javascript: void(0)\" class=\"qbutton\">Loading...<\/a><\/div>\n\t<\/div>\n[\/vc_column][\/vc_row][vc_row row_type=&#8221;row&#8221; use_row_as_full_screen_section=&#8221;no&#8221; type=&#8221;full_width&#8221; text_align=&#8221;left&#8221; background_animation=&#8221;none&#8221; css_animation=&#8221;&#8221;][vc_column][\/vc_column][\/vc_row]<\/p>\n<\/div>","protected":false},"excerpt":{"rendered":"\u017diados\u0165 o r\u00f4zne stavebn\u00e9 prvky po konzult\u00e1cii architekta s org\u00e1nom pamiatkovej ochrany ClimateCoating pre pamiatkovo chr\u00e1nen\u00e9 budovy V roku 2005 bol po konzult\u00e1cii s org\u00e1nom pamiatkovej ochrany bratsk\u00fd dom Corps Baruthia v Erlangene, Rathsberger Str. 20, natret\u00fd n\u00e1terom ClimateCoating: sokle a omietnut\u00e9 steny n\u00e1terom History,...","protected":false},"author":1,"featured_media":0,"parent":34775,"menu_order":9999,"comment_status":"closed","ping_status":"closed","template":"","meta":{"footnotes":""},"class_list":["post-34907","page","type-page","status-publish","hentry"],"_links":{"self":[{"href":"https:\/\/www.climatecoating.com\/sk\/wp-json\/wp\/v2\/pages\/34907","targetHints":{"allow":["GET"]}}],"collection":[{"href":"https:\/\/www.climatecoating.com\/sk\/wp-json\/wp\/v2\/pages"}],"about":[{"href":"https:\/\/www.climatecoating.com\/sk\/wp-json\/wp\/v2\/types\/page"}],"author":[{"embeddable":true,"href":"https:\/\/www.climatecoating.com\/sk\/wp-json\/wp\/v2\/users\/1"}],"replies":[{"embeddable":true,"href":"https:\/\/www.climatecoating.com\/sk\/wp-json\/wp\/v2\/comments?post=34907"}],"version-history":[{"count":0,"href":"https:\/\/www.climatecoating.com\/sk\/wp-json\/wp\/v2\/pages\/34907\/revisions"}],"up":[{"embeddable":true,"href":"https:\/\/www.climatecoating.com\/sk\/wp-json\/wp\/v2\/pages\/34775"}],"wp:attachment":[{"href":"https:\/\/www.climatecoating.com\/sk\/wp-json\/wp\/v2\/media?parent=34907"}],"curies":[{"name":"wp","href":"https:\/\/api.w.org\/{rel}","templated":true}]}}