{"id":34924,"date":"2022-01-12T14:48:16","date_gmt":"2022-01-12T13:48:16","guid":{"rendered":"https:\/\/www.climatecoating.com\/oblasti-pouzitia\/hotelierstvo-a-gastronomia\/"},"modified":"2022-01-21T16:58:11","modified_gmt":"2022-01-21T15:58:11","slug":"hotely-a-gastronomia","status":"publish","type":"page","link":"https:\/\/www.climatecoating.com\/sk\/oblasti-pouzitia\/hotely-a-gastronomia\/","title":{"rendered":"Hotely a gastron\u00f3mia"},"content":{"rendered":"<div class=\"wpb-content-wrapper\"><p>[vc_row row_type=&#8221;row&#8221; use_row_as_full_screen_section=&#8221;no&#8221; type=&#8221;full_width&#8221; text_align=&#8221;left&#8221; background_animation=&#8221;none&#8221; padding_bottom=&#8221;45&#8243; css_animation=&#8221;&#8221;][vc_column][vc_single_image image=&#8221;33654&#8243; img_size=&#8221;full&#8221; qode_css_animation=&#8221;&#8221; css=&#8221;.vc_custom_1605019224314{padding-bottom: 30px !important;}&#8221;][vc_column_text]<\/p>\n<h1>Hotely a gastron\u00f3mia<\/h1>\n<p>[\/vc_column_text][vc_column_text css=&#8221;.vc_custom_1612426956878{padding-bottom: 30px !important;}&#8221;]Uspokoji\u0165 vysok\u00e9 n\u00e1roky z\u00e1kazn\u00edkov nie je v\u017edy jednoduch\u00e9. Produkty ClimateCoating<sup>\u00ae<\/sup> dok\u00e1\u017eu splni\u0165 vysok\u00e9 \u0161tandardy a po\u017eiadavky z h\u013eadiska hygieny, komfortu miestnosti, farebnej st\u00e1losti a robustnosti pre v\u0161etky miestnosti \u2013 od pivnice cez kuchy\u0148u a\u017e po jed\u00e1le\u0148.[\/vc_column_text][vc_row_inner row_type=&#8221;row&#8221; type=&#8221;full_width&#8221; use_row_as_full_screen_section_slide=&#8221;no&#8221; text_align=&#8221;left&#8221; css_animation=&#8221;&#8221;][vc_column_inner width=&#8221;1\/4&#8243;][vc_column_text]APLIK\u00c1CIE<br \/>\nVN\u00daTRI[\/vc_column_text][vc_gallery interval=&#8221;5&#8243; images=&#8221;33715,33665,33529,33555,33557&#8243; img_size=&#8221;full&#8221; onclick=&#8221;&#8221; el_class=&#8221;flex-noarrows&#8221;][vc_separator type=&#8221;small&#8221; position=&#8221;left&#8221; border_style=&#8221;&#8221; up=&#8221;18&#8243; down=&#8221;20&#8243; color=&#8221;#d6202d&#8221;][vc_column_text]Hygiena miestnosti a ochrana proti plesniam<\/p>\n<p>Zabr\u00e1nenie kondenz\u00e1cii a regul\u00e1cia vlhkosti<\/p>\n<p>Zlep\u0161enie vn\u00fatornej kl\u00edmy a komfort b\u00fdvania<\/p>\n<p>Odolnos\u0165 vo\u010di ne\u010distot\u00e1m a fotokatal\u00fdza<\/p>\n<p>\u00daspora energie a hospod\u00e1rnos\u0165<\/p>\n<p>Osvie\u017eenie stropn\u00fdch obkladov<\/p>\n<p>Rozjasnenie miestnosti odrazom svetla<\/p>\n<p>Ochrann\u00fd n\u00e1ter na PU penu[\/vc_column_text][\/vc_column_inner][vc_column_inner width=&#8221;1\/4&#8243;][vc_column_text]APLIK\u00c1CIE<br \/>\nVONKU[\/vc_column_text][vc_gallery interval=&#8221;3&#8243; images=&#8221;33551,33543,33549&#8243; img_size=&#8221;full&#8221; onclick=&#8221;&#8221; el_class=&#8221;flex-noarrows&#8221;][vc_separator type=&#8221;small&#8221; position=&#8221;left&#8221; border_style=&#8221;&#8221; up=&#8221;18&#8243; down=&#8221;20&#8243; color=&#8221;#d6202d&#8221;][vc_column_text]Zlep\u0161enie energetickej bilancie budovy<\/p>\n<p>Dlh\u00e1 \u017eivotnos\u0165, bez trhl\u00edn a robustnos\u0165<\/p>\n<p>Obmedzenie rastu rias, machov a h\u00fab<\/p>\n<p>Riadenie vlhkosti a regul\u00e1cia teploty<\/p>\n<p>Historick\u00e9 fas\u00e1dy: \u0161etrn\u00e9 odvlh\u010dovanie a zachovanie hodnoty<\/p>\n<p>Spoma\u013eova\u010d horenia<\/p>\n<p>Ochrann\u00fd n\u00e1ter na PU penu[\/vc_column_text][\/vc_column_inner][vc_column_inner width=&#8221;1\/4&#8243;][vc_column_text]APLIK\u00c1CIE<br \/>\nSTRECHA[\/vc_column_text][vc_gallery interval=&#8221;3&#8243; images=&#8221;33545,33713,33712&#8243; img_size=&#8221;full&#8221; onclick=&#8221;&#8221; el_class=&#8221;flex-noarrows&#8221;][vc_separator type=&#8221;small&#8221; position=&#8221;left&#8221; border_style=&#8221;&#8221; up=&#8221;18&#8243; down=&#8221;20&#8243; color=&#8221;#d6202d&#8221;][vc_column_text]<a href=\"https:\/\/www.climatecoating.com\/sk\/oblasti-pouzitia\/znizenie-nakladov-na-chladenie-a-chladenie\/\">Chladenie a zn\u00ed\u017eenie chladiaceho v\u00fdkonu<\/a><\/p>\n<p>Ochrana pred poveternostn\u00fdmi vplyvmi a odolnos\u0165<\/p>\n<p>Tesnos\u0165<\/p>\n<p>tepeln\u00e1 relax\u00e1cia[\/vc_column_text][\/vc_column_inner][vc_column_inner width=&#8221;1\/4&#8243;][vc_column_text]APLIK\u00c1CIE<br \/>\nDREVO[\/vc_column_text][vc_gallery interval=&#8221;3&#8243; images=&#8221;33678,33677,33679&#8243; img_size=&#8221;full&#8221; onclick=&#8221;&#8221; el_class=&#8221;flex-noarrows&#8221;][vc_separator type=&#8221;small&#8221; position=&#8221;left&#8221; border_style=&#8221;&#8221; up=&#8221;18&#8243; down=&#8221;20&#8243; color=&#8221;#d6202d&#8221;][vc_column_text]Dlhodob\u00e1 ochrana pred poveternostn\u00fdmi vplyvmi[\/vc_column_text][\/vc_column_inner][\/vc_row_inner][\/vc_column][\/vc_row][vc_row row_type=&#8221;row&#8221; use_row_as_full_screen_section=&#8221;no&#8221; type=&#8221;full_width&#8221; text_align=&#8221;left&#8221; background_animation=&#8221;none&#8221; css_animation=&#8221;&#8221;][vc_column][\/vc_column][\/vc_row]<\/p>\n<\/div>","protected":false},"excerpt":{"rendered":"Hotely a gastron\u00f3mia Uspokoji\u0165 vysok\u00e9 n\u00e1roky z\u00e1kazn\u00edkov nie je v\u017edy jednoduch\u00e9. Produkty ClimateCoating\u00ae dok\u00e1\u017eu splni\u0165 vysok\u00e9 \u0161tandardy a po\u017eiadavky z h\u013eadiska hygieny, komfortu miestnosti, farebnej st\u00e1losti a robustnosti pre v\u0161etky miestnosti \u2013 od pivnice cez kuchy\u0148u a\u017e po jed\u00e1le\u0148. APLIK\u00c1CIE VN\u00daTRI Hygiena miestnosti a ochrana...","protected":false},"author":1,"featured_media":0,"parent":34775,"menu_order":150,"comment_status":"closed","ping_status":"closed","template":"","meta":{"footnotes":""},"class_list":["post-34924","page","type-page","status-publish","hentry"],"_links":{"self":[{"href":"https:\/\/www.climatecoating.com\/sk\/wp-json\/wp\/v2\/pages\/34924","targetHints":{"allow":["GET"]}}],"collection":[{"href":"https:\/\/www.climatecoating.com\/sk\/wp-json\/wp\/v2\/pages"}],"about":[{"href":"https:\/\/www.climatecoating.com\/sk\/wp-json\/wp\/v2\/types\/page"}],"author":[{"embeddable":true,"href":"https:\/\/www.climatecoating.com\/sk\/wp-json\/wp\/v2\/users\/1"}],"replies":[{"embeddable":true,"href":"https:\/\/www.climatecoating.com\/sk\/wp-json\/wp\/v2\/comments?post=34924"}],"version-history":[{"count":0,"href":"https:\/\/www.climatecoating.com\/sk\/wp-json\/wp\/v2\/pages\/34924\/revisions"}],"up":[{"embeddable":true,"href":"https:\/\/www.climatecoating.com\/sk\/wp-json\/wp\/v2\/pages\/34775"}],"wp:attachment":[{"href":"https:\/\/www.climatecoating.com\/sk\/wp-json\/wp\/v2\/media?parent=34924"}],"curies":[{"name":"wp","href":"https:\/\/api.w.org\/{rel}","templated":true}]}}