{"id":34926,"date":"2022-01-12T14:48:16","date_gmt":"2022-01-12T13:48:16","guid":{"rendered":"https:\/\/www.climatecoating.com\/oblasti-pouzitia\/verejne-budovy\/"},"modified":"2022-02-25T10:36:09","modified_gmt":"2022-02-25T09:36:09","slug":"verejne-budovy","status":"publish","type":"page","link":"https:\/\/www.climatecoating.com\/sk\/oblasti-pouzitia\/verejne-budovy\/","title":{"rendered":"Verejn\u00e9 budovy"},"content":{"rendered":"<div class=\"wpb-content-wrapper\"><p>[vc_row row_type=&#8221;row&#8221; use_row_as_full_screen_section=&#8221;no&#8221; type=&#8221;full_width&#8221; text_align=&#8221;left&#8221; background_animation=&#8221;none&#8221; padding_bottom=&#8221;45&#8243; css_animation=&#8221;&#8221;][vc_column][vc_single_image image=&#8221;33657&#8243; img_size=&#8221;full&#8221; qode_css_animation=&#8221;&#8221; css=&#8221;.vc_custom_1605018495625{padding-bottom: 30px !important;}&#8221;][vc_column_text]<\/p>\n<h1>Verejn\u00e9 budovy<\/h1>\n<p>[\/vc_column_text][vc_column_text css=&#8221;.vc_custom_1605018510074{padding-bottom: 30px !important;}&#8221;]Dlh\u00e9 chodby, vysok\u00e9 stropy, \u0161irok\u00e9 strechy \u2013 je dobr\u00e9, ak sa v\u00fdrazn\u00e1 \u00faspora energie d\u00e1 dosiahnu\u0165 aj ma\u013eovan\u00edm. Ako na to sa dozviete tu. Mimochodom, intervaly renov\u00e1cie sa m\u00f4\u017eu v\u00fdrazne pred\u013a\u017ei\u0165. Fyzik\u00e1lne princ\u00edpy fungovania ClimateCoating<sup>\u00ae<\/sup> to umo\u017e\u0148uj\u00fa. [\/vc_column_text][vc_row_inner row_type=&#8221;row&#8221; type=&#8221;full_width&#8221; use_row_as_full_screen_section_slide=&#8221;no&#8221; text_align=&#8221;left&#8221; css_animation=&#8221;&#8221;][vc_column_inner width=&#8221;1\/3&#8243;][vc_column_text]VN\u00daTORN\u00c1 KL\u00cdMA[\/vc_column_text][vc_gallery interval=&#8221;5&#8243; images=&#8221;33525,33529,33715,33665,33539&#8243; img_size=&#8221;full&#8221; onclick=&#8221;&#8221; el_class=&#8221;flex-noarrows&#8221;][vc_separator type=&#8221;small&#8221; position=&#8221;left&#8221; border_style=&#8221;&#8221; up=&#8221;18&#8243; down=&#8221;20&#8243; color=&#8221;#d6202d&#8221;][vc_column_text]Ochrana proti plesniam<\/p>\n<p>Hygiena miestnosti<\/p>\n<p>Prevencia kondenz\u00e1cie<\/p>\n<p>Regul\u00e1cia vlhkosti<\/p>\n<p>Zlep\u0161enie vn\u00fatornej kl\u00edmy<\/p>\n<p>\u017divotn\u00fd komfort<\/p>\n<p>Bez z\u00e1pachu<\/p>\n<p>Odolnos\u0165 vo\u010di ne\u010distot\u00e1m<\/p>\n<p>\u00daspora energie<\/p>\n<p>Stabilita farieb<\/p>\n<p>Zlep\u0161enie akustiky<\/p>\n<p>Rozjasnenie miestnosti odrazom svetla<\/p>\n<p>Osvie\u017eenie stropn\u00fdch obkladov[\/vc_column_text][\/vc_column_inner][vc_column_inner width=&#8221;1\/3&#8243;][vc_column_text]UCHOV\u00c1VANIE HODNOTY[\/vc_column_text][vc_gallery interval=&#8221;5&#8243; images=&#8221;33523,33549,33551,33718,33537&#8243; img_size=&#8221;full&#8221; onclick=&#8221;&#8221; el_class=&#8221;flex-noarrows&#8221;][vc_separator type=&#8221;small&#8221; position=&#8221;left&#8221; border_style=&#8221;&#8221; up=&#8221;18&#8243; down=&#8221;20&#8243; color=&#8221;#d6202d&#8221;][vc_column_text]\u00daspora energie<\/p>\n<p>Dlhovekos\u0165<\/p>\n<p>Sloboda od trhl\u00edn<\/p>\n<p>Robustnos\u0165<\/p>\n<p>Odpudzova\u010d ne\u010dist\u00f4t<\/p>\n<p>Riadenie vlhkosti<\/p>\n<p>Spoma\u013eova\u010d horenia<\/p>\n<p>\u0160etrn\u00e9 odvlh\u010denie historick\u00fdch fas\u00e1d<\/p>\n<p>Zachovanie hodnoty historick\u00fdch fas\u00e1d[\/vc_column_text][\/vc_column_inner][vc_column_inner width=&#8221;1\/3&#8243;][vc_column_text]APLIK\u00c1CIE STRECHY[\/vc_column_text][vc_gallery interval=&#8221;3&#8243; images=&#8221;33527,33712,33713&#8243; img_size=&#8221;full&#8221; onclick=&#8221;&#8221; el_class=&#8221;flex-noarrows&#8221;][vc_separator type=&#8221;small&#8221; position=&#8221;left&#8221; border_style=&#8221;&#8221; up=&#8221;18&#8243; down=&#8221;20&#8243; color=&#8221;#d6202d&#8221;][vc_column_text]Zn\u00ed\u017eenie n\u00e1kladov na chladenie a chladenie<\/p>\n<p>Ochrana pred po\u010das\u00edm<\/p>\n<p>Tesnos\u0165<\/p>\n<p>Tepeln\u00fd relax[\/vc_column_text][\/vc_column_inner][\/vc_row_inner][\/vc_column][\/vc_row][vc_row row_type=&#8221;row&#8221; use_row_as_full_screen_section=&#8221;no&#8221; type=&#8221;full_width&#8221; text_align=&#8221;left&#8221; background_animation=&#8221;none&#8221; css_animation=&#8221;&#8221;][vc_column][\/vc_column][\/vc_row]<\/p>\n<\/div>","protected":false},"excerpt":{"rendered":"Verejn\u00e9 budovy Dlh\u00e9 chodby, vysok\u00e9 stropy, \u0161irok\u00e9 strechy \u2013 je dobr\u00e9, ak sa v\u00fdrazn\u00e1 \u00faspora energie d\u00e1 dosiahnu\u0165 aj ma\u013eovan\u00edm. Ako na to sa dozviete tu. Mimochodom, intervaly renov\u00e1cie sa m\u00f4\u017eu v\u00fdrazne pred\u013a\u017ei\u0165. Fyzik\u00e1lne princ\u00edpy fungovania ClimateCoating\u00ae to umo\u017e\u0148uj\u00fa. VN\u00daTORN\u00c1 KL\u00cdMA Ochrana proti plesniam Hygiena...","protected":false},"author":1,"featured_media":0,"parent":34775,"menu_order":125,"comment_status":"closed","ping_status":"closed","template":"","meta":{"footnotes":""},"class_list":["post-34926","page","type-page","status-publish","hentry"],"_links":{"self":[{"href":"https:\/\/www.climatecoating.com\/sk\/wp-json\/wp\/v2\/pages\/34926","targetHints":{"allow":["GET"]}}],"collection":[{"href":"https:\/\/www.climatecoating.com\/sk\/wp-json\/wp\/v2\/pages"}],"about":[{"href":"https:\/\/www.climatecoating.com\/sk\/wp-json\/wp\/v2\/types\/page"}],"author":[{"embeddable":true,"href":"https:\/\/www.climatecoating.com\/sk\/wp-json\/wp\/v2\/users\/1"}],"replies":[{"embeddable":true,"href":"https:\/\/www.climatecoating.com\/sk\/wp-json\/wp\/v2\/comments?post=34926"}],"version-history":[{"count":0,"href":"https:\/\/www.climatecoating.com\/sk\/wp-json\/wp\/v2\/pages\/34926\/revisions"}],"up":[{"embeddable":true,"href":"https:\/\/www.climatecoating.com\/sk\/wp-json\/wp\/v2\/pages\/34775"}],"wp:attachment":[{"href":"https:\/\/www.climatecoating.com\/sk\/wp-json\/wp\/v2\/media?parent=34926"}],"curies":[{"name":"wp","href":"https:\/\/api.w.org\/{rel}","templated":true}]}}