{"id":34965,"date":"2022-01-12T14:48:27","date_gmt":"2022-01-12T13:48:27","guid":{"rendered":"https:\/\/www.climatecoating.com\/oblasti-pouzitia\/dopravna-doprava\/"},"modified":"2022-02-25T10:39:01","modified_gmt":"2022-02-25T09:39:01","slug":"nakladna-doprava","status":"publish","type":"page","link":"https:\/\/www.climatecoating.com\/sk\/oblasti-pouzitia\/nakladna-doprava\/","title":{"rendered":"N\u00e1kladn\u00e1 doprava"},"content":{"rendered":"<div class=\"wpb-content-wrapper\"><p>[vc_row row_type=&#8221;row&#8221; use_row_as_full_screen_section=&#8221;no&#8221; type=&#8221;full_width&#8221; text_align=&#8221;left&#8221; background_animation=&#8221;none&#8221; padding_bottom=&#8221;45&#8243; css_animation=&#8221;&#8221;][vc_column][vc_single_image image=&#8221;33660&#8243; img_size=&#8221;full&#8221; qode_css_animation=&#8221;&#8221; css=&#8221;.vc_custom_1605018699445{padding-bottom: 30px !important;}&#8221;][vc_column_text]<\/p>\n<h1>N\u00e1kladn\u00e1 doprava<\/h1>\n<p>[\/vc_column_text][vc_column_text css=&#8221;.vc_custom_1612818648866{padding-bottom: 30px !important;}&#8221;]Existuj\u00fa v\u00fdzvy, ktor\u00e9 na prv\u00fd poh\u013ead nevid\u00edte, napr\u00edklad zabr\u00e1nenie kondenz\u00e1cii, stabiliz\u00e1cia teploty, antistatick\u00e1 elektrina alebo tepeln\u00e1 ochrana. Ak je va\u0161a po\u017eiadavka v rozsahu tepl\u00f4t -40 \u00b0 C a + 150 \u00b0 C, zauj\u00edma n\u00e1s va\u0161a v\u00fdzva.[\/vc_column_text][vc_row_inner row_type=&#8221;row&#8221; type=&#8221;full_width&#8221; use_row_as_full_screen_section_slide=&#8221;no&#8221; text_align=&#8221;left&#8221; css_animation=&#8221;&#8221;][vc_column_inner width=&#8221;1\/3&#8243;][vc_column_text]RAIL[\/vc_column_text][vc_gallery interval=&#8221;3&#8243; images=&#8221;33548&#8243; img_size=&#8221;full&#8221; onclick=&#8221;&#8221; el_class=&#8221;flex-noarrows&#8221;][vc_separator type=&#8221;small&#8221; position=&#8221;left&#8221; border_style=&#8221;&#8221; up=&#8221;18&#8243; down=&#8221;20&#8243; color=&#8221;#d6202d&#8221;][vc_column_text]Tepeln\u00e1 relax\u00e1cia Chladenie Redukcia kondenz\u00e1tu[\/vc_column_text][\/vc_column_inner][vc_column_inner width=&#8221;1\/3&#8243;][vc_column_text]RAIL[\/vc_column_text][vc_gallery interval=&#8221;3&#8243; images=&#8221;33548&#8243; img_size=&#8221;full&#8221; onclick=&#8221;&#8221; el_class=&#8221;flex-noarrows&#8221;][vc_separator type=&#8221;small&#8221; position=&#8221;left&#8221; border_style=&#8221;&#8221; up=&#8221;18&#8243; down=&#8221;20&#8243; color=&#8221;#d6202d&#8221;][vc_column_text]chladenie<\/p>\n<p>Ochrana pred deform\u00e1ciou ko\u013eajn\u00edc[\/vc_column_text][\/vc_column_inner][vc_column_inner width=&#8221;1\/3&#8243;][vc_column_text]KONTAJNER[\/vc_column_text][vc_gallery interval=&#8221;3&#8243; images=&#8221;33548&#8243; img_size=&#8221;full&#8221; onclick=&#8221;&#8221; el_class=&#8221;flex-noarrows&#8221;][vc_separator type=&#8221;small&#8221; position=&#8221;left&#8221; border_style=&#8221;&#8221; up=&#8221;18&#8243; down=&#8221;20&#8243; color=&#8221;#d6202d&#8221;][vc_column_text]Ochrana pred slne\u010dn\u00fdm \u017eiaren\u00edm<\/p>\n<p>chladenie[\/vc_column_text][\/vc_column_inner][\/vc_row_inner][\/vc_column][\/vc_row][vc_row row_type=&#8221;row&#8221; use_row_as_full_screen_section=&#8221;no&#8221; type=&#8221;full_width&#8221; text_align=&#8221;left&#8221; background_animation=&#8221;none&#8221; css_animation=&#8221;&#8221;][vc_column][\/vc_column][\/vc_row]<\/p>\n<\/div>","protected":false},"excerpt":{"rendered":"N\u00e1kladn\u00e1 doprava Existuj\u00fa v\u00fdzvy, ktor\u00e9 na prv\u00fd poh\u013ead nevid\u00edte, napr\u00edklad zabr\u00e1nenie kondenz\u00e1cii, stabiliz\u00e1cia teploty, antistatick\u00e1 elektrina alebo tepeln\u00e1 ochrana. Ak je va\u0161a po\u017eiadavka v rozsahu tepl\u00f4t -40 \u00b0 C a + 150 \u00b0 C, zauj\u00edma n\u00e1s va\u0161a v\u00fdzva. RAIL Tepeln\u00e1 relax\u00e1cia Chladenie Redukcia kondenz\u00e1tu RAIL...","protected":false},"author":1,"featured_media":0,"parent":34775,"menu_order":130,"comment_status":"closed","ping_status":"closed","template":"","meta":{"footnotes":""},"class_list":["post-34965","page","type-page","status-publish","hentry"],"_links":{"self":[{"href":"https:\/\/www.climatecoating.com\/sk\/wp-json\/wp\/v2\/pages\/34965","targetHints":{"allow":["GET"]}}],"collection":[{"href":"https:\/\/www.climatecoating.com\/sk\/wp-json\/wp\/v2\/pages"}],"about":[{"href":"https:\/\/www.climatecoating.com\/sk\/wp-json\/wp\/v2\/types\/page"}],"author":[{"embeddable":true,"href":"https:\/\/www.climatecoating.com\/sk\/wp-json\/wp\/v2\/users\/1"}],"replies":[{"embeddable":true,"href":"https:\/\/www.climatecoating.com\/sk\/wp-json\/wp\/v2\/comments?post=34965"}],"version-history":[{"count":0,"href":"https:\/\/www.climatecoating.com\/sk\/wp-json\/wp\/v2\/pages\/34965\/revisions"}],"up":[{"embeddable":true,"href":"https:\/\/www.climatecoating.com\/sk\/wp-json\/wp\/v2\/pages\/34775"}],"wp:attachment":[{"href":"https:\/\/www.climatecoating.com\/sk\/wp-json\/wp\/v2\/media?parent=34965"}],"curies":[{"name":"wp","href":"https:\/\/api.w.org\/{rel}","templated":true}]}}