{"id":34966,"date":"2022-01-12T14:48:27","date_gmt":"2022-01-12T13:48:27","guid":{"rendered":"https:\/\/www.climatecoating.com\/oblasti-pouzitia\/priemysel-a-specialne-riesenia\/"},"modified":"2022-02-25T10:47:00","modified_gmt":"2022-02-25T09:47:00","slug":"priemysel-a-specialne-riesenia","status":"publish","type":"page","link":"https:\/\/www.climatecoating.com\/sk\/oblasti-pouzitia\/priemysel-a-specialne-riesenia\/","title":{"rendered":"Priemysel a \u0161peci\u00e1lne rie\u0161enia"},"content":{"rendered":"<div class=\"wpb-content-wrapper\"><p>[vc_row row_type=&#8221;row&#8221; use_row_as_full_screen_section=&#8221;no&#8221; type=&#8221;full_width&#8221; text_align=&#8221;left&#8221; background_animation=&#8221;none&#8221; padding_bottom=&#8221;45&#8243; css_animation=&#8221;&#8221;][vc_column][vc_single_image image=&#8221;33650&#8243; img_size=&#8221;full&#8221; qode_css_animation=&#8221;&#8221; css=&#8221;.vc_custom_1605019348238{padding-bottom: 30px !important;}&#8221;][vc_column_text]<\/p>\n<h1>Priemysel a \u0161peci\u00e1lne rie\u0161enia<\/h1>\n<p>[\/vc_column_text][vc_column_text css=&#8221;.vc_custom_1612427797961{padding-bottom: 30px !important;}&#8221;]Existuj\u00fa v\u00fdzvy, ktor\u00e9 nezapadaj\u00fa do \u017eiadnej kateg\u00f3rie, napr\u00edklad povrchov\u00e1 \u00faprava plastov alebo text\u00edli\u00ed. Alebo ide o \u0161peci\u00e1lne parametre, vlastnosti \u010di efekty, ak\u00fdmi s\u00fa akustika, pru\u017enos\u0165 materi\u00e1lu \u010di katal\u00fdza. Bez oh\u013eadu na probl\u00e9m, na ktor\u00fd h\u013ead\u00e1te rie\u0161enie, <a href=\"https:\/\/www.climatecoating.com\/sk\/kontakt\/\">porozpr\u00e1vajte sa s nami<\/a> o n\u00e1teroch alebo s\u00favisiacich t\u00e9mach.[\/vc_column_text][\/vc_column][\/vc_row][vc_row row_type=&#8221;row&#8221; use_row_as_full_screen_section=&#8221;no&#8221; type=&#8221;full_width&#8221; text_align=&#8221;left&#8221; background_animation=&#8221;none&#8221; css_animation=&#8221;&#8221;][vc_column][\/vc_column][\/vc_row]<\/p>\n<\/div>","protected":false},"excerpt":{"rendered":"Priemysel a \u0161peci\u00e1lne rie\u0161enia Existuj\u00fa v\u00fdzvy, ktor\u00e9 nezapadaj\u00fa do \u017eiadnej kateg\u00f3rie, napr\u00edklad povrchov\u00e1 \u00faprava plastov alebo text\u00edli\u00ed. Alebo ide o \u0161peci\u00e1lne parametre, vlastnosti \u010di efekty, ak\u00fdmi s\u00fa akustika, pru\u017enos\u0165 materi\u00e1lu \u010di katal\u00fdza. Bez oh\u013eadu na probl\u00e9m, na ktor\u00fd h\u013ead\u00e1te rie\u0161enie, porozpr\u00e1vajte sa s nami o...","protected":false},"author":1,"featured_media":0,"parent":34775,"menu_order":160,"comment_status":"closed","ping_status":"closed","template":"","meta":{"footnotes":""},"class_list":["post-34966","page","type-page","status-publish","hentry"],"_links":{"self":[{"href":"https:\/\/www.climatecoating.com\/sk\/wp-json\/wp\/v2\/pages\/34966","targetHints":{"allow":["GET"]}}],"collection":[{"href":"https:\/\/www.climatecoating.com\/sk\/wp-json\/wp\/v2\/pages"}],"about":[{"href":"https:\/\/www.climatecoating.com\/sk\/wp-json\/wp\/v2\/types\/page"}],"author":[{"embeddable":true,"href":"https:\/\/www.climatecoating.com\/sk\/wp-json\/wp\/v2\/users\/1"}],"replies":[{"embeddable":true,"href":"https:\/\/www.climatecoating.com\/sk\/wp-json\/wp\/v2\/comments?post=34966"}],"version-history":[{"count":0,"href":"https:\/\/www.climatecoating.com\/sk\/wp-json\/wp\/v2\/pages\/34966\/revisions"}],"up":[{"embeddable":true,"href":"https:\/\/www.climatecoating.com\/sk\/wp-json\/wp\/v2\/pages\/34775"}],"wp:attachment":[{"href":"https:\/\/www.climatecoating.com\/sk\/wp-json\/wp\/v2\/media?parent=34966"}],"curies":[{"name":"wp","href":"https:\/\/api.w.org\/{rel}","templated":true}]}}