{"id":34996,"date":"2022-01-12T14:48:31","date_gmt":"2022-01-12T13:48:31","guid":{"rendered":"https:\/\/www.climatecoating.com\/oblasti-pouzitia\/zahrada-a-volny-cas\/"},"modified":"2022-02-25T10:41:53","modified_gmt":"2022-02-25T09:41:53","slug":"zahrada-a-volny-cas","status":"publish","type":"page","link":"https:\/\/www.climatecoating.com\/sk\/oblasti-pouzitia\/zahrada-a-volny-cas\/","title":{"rendered":"Z\u00e1hrada a vo\u013en\u00fd \u010das"},"content":{"rendered":"<div class=\"wpb-content-wrapper\"><p>[vc_row row_type=&#8221;row&#8221; use_row_as_full_screen_section=&#8221;no&#8221; type=&#8221;full_width&#8221; text_align=&#8221;left&#8221; background_animation=&#8221;none&#8221; padding_bottom=&#8221;45&#8243; css_animation=&#8221;&#8221;][vc_column][vc_single_image image=&#8221;33652&#8243; img_size=&#8221;full&#8221; qode_css_animation=&#8221;&#8221; css=&#8221;.vc_custom_1605018940325{padding-bottom: 30px !important;}&#8221;][vc_column_text]<\/p>\n<h1>Z\u00e1hrada a vo\u013en\u00fd \u010das<\/h1>\n<p>[\/vc_column_text][vc_column_text css=&#8221;.vc_custom_1612435112611{padding-bottom: 30px !important;}&#8221;]S high-tech n\u00e1terov\u00fdm syst\u00e9mom pre dreven\u00e9 komponenty v exteri\u00e9ri sa ClimateCoating<sup>\u00ae<\/sup> dar\u00ed v tom, \u010do in\u00ed zlyh\u00e1vaj\u00fa: nadpriemern\u00e1 dlhodob\u00e1 ochrana, ktor\u00e1 sa neodlupuje. Perfektn\u00fd make-up pre pergolu, plot a finnh\u00fctte.<\/p>\n<p><strong>Najkraj\u0161\u00ed materi\u00e1l na svete <\/strong><br \/>\n\u017diadny in\u00fd materi\u00e1l v sebe nesp\u00e1ja viac v\u00fdhod ako drevo z h\u013eadiska rozmanitosti, dizajnu, funk\u010dnosti, em\u00f3ci\u00ed, ekol\u00f3gie a kvality \u017eivota. Drevo je najstar\u0161\u00ed a najprirodzenej\u0161\u00ed stavebn\u00fd materi\u00e1l, ktor\u00fd \u013eudstvo pozn\u00e1. Ale ke\u010f\u017ee je drevo tak\u00e9 \u017eiv\u00e9, v exteri\u00e9ri citlivo reaguje na poveternostn\u00e9 vplyvy ako vlhkos\u0165, UV \u017eiarenie, zne\u010distenie ovzdu\u0161ia, ale aj huby, \u0161kodce a hmyz. Preto potrebuje drevo pravideln\u00fa \u00fadr\u017ebu, aby si dlhodobo zachovalo svoju kr\u00e1su a funkciu.<\/p>\n<p><strong>Pr\u00edklady aplik\u00e1ci\u00ed<\/strong><br \/>\nPon\u00fakame krycie a priesvitn\u00e9 n\u00e1tery na v\u0161etky vonkaj\u0161ie dreven\u00e9 komponenty s obmedzenou a bezrozmerovou presnos\u0165ou. Chr\u00e1\u0148te a skr\u00e1\u0161lite napr\u00edklad dosky s perom a dr\u00e1\u017ekou, krovy, okenice, balk\u00f3nov\u00e9 parapety, \u0161ind\u013eov\u00e9 dosky, pergoly a ploty. Chcete vedie\u0165 viac? Pozrite si tieto <a href=\"https:\/\/www.climatecoating.com\/sk\/referencie\/drevenica\/\">projekty<\/a> alebo n\u00e1m po\u0161lite svoj <a href=\"https:\/\/www.climatecoating.com\/sk\/produkty\/nature\/\">dopyt na ClimateCoating<sup>\u00ae<\/sup> &#8211; Nature.<\/a>[\/vc_column_text][vc_row_inner row_type=&#8221;row&#8221; type=&#8221;full_width&#8221; use_row_as_full_screen_section_slide=&#8221;no&#8221; text_align=&#8221;left&#8221; css_animation=&#8221;&#8221;][vc_column_inner width=&#8221;1\/4&#8243;][vc_column_text]FAREBN\u00c1 OCHRANA DREVA[\/vc_column_text][vc_gallery interval=&#8221;3&#8243; images=&#8221;33678,33677,33679&#8243; img_size=&#8221;full&#8221; onclick=&#8221;&#8221; el_class=&#8221;flex-noarrows&#8221;][vc_separator type=&#8221;small&#8221; position=&#8221;left&#8221; border_style=&#8221;&#8221; up=&#8221;18&#8243; down=&#8221;20&#8243; color=&#8221;#d6202d&#8221;][\/vc_column_inner][vc_column_inner width=&#8221;3\/4&#8243;][\/vc_column_inner][\/vc_row_inner][vc_column_text]Dlhodob\u00e1 ochrana dreva pred poveternostn\u00fdmi vplyvmi[\/vc_column_text][\/vc_column][\/vc_row][vc_row row_type=&#8221;row&#8221; use_row_as_full_screen_section=&#8221;no&#8221; type=&#8221;full_width&#8221; text_align=&#8221;left&#8221; background_animation=&#8221;none&#8221; css_animation=&#8221;&#8221;][vc_column][\/vc_column][\/vc_row]<\/p>\n<\/div>","protected":false},"excerpt":{"rendered":"Z\u00e1hrada a vo\u013en\u00fd \u010das S high-tech n\u00e1terov\u00fdm syst\u00e9mom pre dreven\u00e9 komponenty v exteri\u00e9ri sa ClimateCoating\u00ae dar\u00ed v tom, \u010do in\u00ed zlyh\u00e1vaj\u00fa: nadpriemern\u00e1 dlhodob\u00e1 ochrana, ktor\u00e1 sa neodlupuje. Perfektn\u00fd make-up pre pergolu, plot a finnh\u00fctte. Najkraj\u0161\u00ed materi\u00e1l na svete \u017diadny in\u00fd materi\u00e1l v sebe nesp\u00e1ja viac...","protected":false},"author":1,"featured_media":0,"parent":34775,"menu_order":135,"comment_status":"closed","ping_status":"closed","template":"","meta":{"footnotes":""},"class_list":["post-34996","page","type-page","status-publish","hentry"],"_links":{"self":[{"href":"https:\/\/www.climatecoating.com\/sk\/wp-json\/wp\/v2\/pages\/34996","targetHints":{"allow":["GET"]}}],"collection":[{"href":"https:\/\/www.climatecoating.com\/sk\/wp-json\/wp\/v2\/pages"}],"about":[{"href":"https:\/\/www.climatecoating.com\/sk\/wp-json\/wp\/v2\/types\/page"}],"author":[{"embeddable":true,"href":"https:\/\/www.climatecoating.com\/sk\/wp-json\/wp\/v2\/users\/1"}],"replies":[{"embeddable":true,"href":"https:\/\/www.climatecoating.com\/sk\/wp-json\/wp\/v2\/comments?post=34996"}],"version-history":[{"count":0,"href":"https:\/\/www.climatecoating.com\/sk\/wp-json\/wp\/v2\/pages\/34996\/revisions"}],"up":[{"embeddable":true,"href":"https:\/\/www.climatecoating.com\/sk\/wp-json\/wp\/v2\/pages\/34775"}],"wp:attachment":[{"href":"https:\/\/www.climatecoating.com\/sk\/wp-json\/wp\/v2\/media?parent=34996"}],"curies":[{"name":"wp","href":"https:\/\/api.w.org\/{rel}","templated":true}]}}