{"id":35069,"date":"2022-01-12T14:51:24","date_gmt":"2022-01-12T13:51:24","guid":{"rendered":"https:\/\/www.climatecoating.com\/domov\/"},"modified":"2025-12-12T10:36:33","modified_gmt":"2025-12-12T09:36:33","slug":"domov","status":"publish","type":"page","link":"https:\/\/www.climatecoating.com\/sk\/","title":{"rendered":"Domov"},"content":{"rendered":"<div class=\"wpb-content-wrapper\"><p>[vc_row row_type=&#8221;row&#8221; use_row_as_full_screen_section=&#8221;no&#8221; type=&#8221;grid&#8221; text_align=&#8221;left&#8221; background_animation=&#8221;none&#8221; css_animation=&#8221;&#8221;][vc_column][vc_column_text]<\/p>\n<h1 class=\"homeheadone\">ClimateCoating<sup>\u00ae<\/sup> &#8211;<br \/>\ninteligentn\u00e9 funk\u010dn\u00e9 n\u00e1tery pre budovy, interi\u00e9ry a priemyseln\u00e9 aplik\u00e1cie.<br \/>\nPriate\u013esk\u00e9 k \u017eivotn\u00e9mu prostrediu. V\u00fdkonn\u00e9. Efekt\u00edvne.<\/h1>\n<h2 class=\"homeheadtwo\">Vyroben\u00e9 v Nemecku. Vyroben\u00e9 pre teba.<\/h2>\n<p>[\/vc_column_text][vc_separator type=&#8221;normal&#8221; border_style=&#8221;&#8221; thickness=&#8221;1&#8243; up=&#8221;10&#8243; down=&#8221;0&#8243; color=&#8221;#c4c4c4&#8243;][\/vc_column][\/vc_row][vc_row row_type=&#8221;row&#8221; use_row_as_full_screen_section=&#8221;no&#8221; type=&#8221;grid&#8221; text_align=&#8221;left&#8221; background_animation=&#8221;none&#8221; padding_top=&#8221;26&#8243; css_animation=&#8221;&#8221; background_color=&#8221;#ffffff&#8221;][vc_column width=&#8221;1\/2&#8243;][vc_raw_html css=&#8221;.vc_custom_1765532174836{padding-right: 10px !important;}&#8221;]JTNDYSUyMGhyZWYlM0QlMjJodHRwcyUzQSUyRiUyRnd3dy55b3V0dWJlLmNvbSUyRmVtYmVkJTJGVEZIX3UzbTdJRkElM0ZhdXRvcGxheSUzRDElMjIlMjBjbGFzcyUzRCUyMnZpZGVvLXRodW1ibmFpbCUyMiUzRSUwRCUwQSUyMCUyMCUzQ2ltZyUyMHNyYyUzRCUyMmh0dHBzJTNBJTJGJTJGaW1nLnlvdXR1YmUuY29tJTJGdmklMkZURkhfdTNtN0lGQSUyRm1heHJlc2RlZmF1bHQuanBnJTIyJTIwYWx0JTNEJTIyVmlkZW8lMjBUaHVtYm5haWwlMjIlM0UlMEQlMEElM0MlMkZhJTNFJTBEJTBBJTBEJTBBJTNDc3R5bGUlM0UlMEQlMEEudmlkZW8tdGh1bWJuYWlsJTIwJTdCJTBEJTBBJTIwJTIwZGlzcGxheSUzQSUyMGJsb2NrJTNCJTBEJTBBJTIwJTIwd2lkdGglM0ElMjAxMDAlMjUlM0IlMEQlMEElMjAlMjBtYXgtd2lkdGglM0ElMjA1MzNweCUzQiUyMCUyRiUyQSUyMEJyZWl0ZSUyMGRlcyUyMFBsYXllcnMlMjAlMkElMkYlMEQlMEElMjAlMjBhc3BlY3QtcmF0aW8lM0ElMjAxNiUyMCUyRiUyMDklM0IlMjAlMkYlMkElMjBoJUMzJUE0bHQlMjBkYXMlMjBTZWl0ZW52ZXJoJUMzJUE0bHRuaXMlMjAlMkElMkYlMEQlMEElMjAlMjBvdmVyZmxvdyUzQSUyMGhpZGRlbiUzQiUwRCUwQSU3RCUwRCUwQSUwRCUwQS52aWRlby10aHVtYm5haWwlMjBpbWclMjAlN0IlMEQlMEElMjAlMjB3aWR0aCUzQSUyMDEwMCUyNSUzQiUwRCUwQSUyMCUyMGhlaWdodCUzQSUyMDEwMCUyNSUzQiUwRCUwQSUyMCUyMG9iamVjdC1maXQlM0ElMjBjb3ZlciUzQiUyMCUyRiUyQSUyMGYlQzMlQkNsbHQlMjBkZW4lMjBDb250YWluZXIlMkMlMjBrZWluZSUyMHNjaHdhcnplbiUyMEJhbGtlbiUyMCUyQSUyRiUwRCUwQSUyMCUyMGRpc3BsYXklM0ElMjBibG9jayUzQiUwRCUwQSU3RCUwRCUwQSUzQyUyRnN0eWxlJTNF[\/vc_raw_html][\/vc_column][vc_column width=&#8221;1\/2&#8243;][vc_column_text]<\/p>\n<h3 class=\"homeheadthree\">Technol\u00f3gia, ktor\u00e1 presved\u010d\u00ed<\/h3>\n<p>[\/vc_column_text][vc_separator type=&#8221;small&#8221; position=&#8221;left&#8221; border_style=&#8221;&#8221; up=&#8221;18&#8243; down=&#8221;20&#8243; color=&#8221;#d6202d&#8221;][vc_column_text]Produkty ClimateCoating<sup>\u00ae<\/sup> pom\u00e1haj\u00fa fyzick\u00fdm sp\u00f4sobom \u0161etri\u0165 materi\u00e1l, energiu a \u013eudsk\u00e9 zdroje. V\u010faka unik\u00e1tnej technol\u00f3gii reflexnej membr\u00e1ny s\u00fa stavebn\u00e9 materi\u00e1ly trvalo chr\u00e1nen\u00e9, hodnoty s\u00fa zachovan\u00e9 pre bud\u00face gener\u00e1cie a \u0161etria sa \u017eivotn\u00e9 prostredie.<\/p>\n<p>\u010ci u\u017e na predch\u00e1dzanie plesniam vo vlhk\u00fdch miestnostiach, ako s\u00fa k\u00fape\u013ene, pivnice a kuchyne, na fas\u00e1dy bez rias alebo na ochranu striech pred prehrievan\u00edm \u2013 n\u00e1tery ClimateCoating<sup>\u00ae<\/sup> pom\u00e1haj\u00fa rie\u0161i\u0165 probl\u00e9my a presvied\u010da\u0165 z\u00e1kazn\u00edkov na celom svete.<\/p>\n<p><a href=\"https:\/\/www.climatecoating.com\/sk\/produkty\/\">K technol\u00f3gii produktu<\/a>[\/vc_column_text][\/vc_column][\/vc_row][vc_row row_type=&#8221;row&#8221; use_row_as_full_screen_section=&#8221;no&#8221; type=&#8221;grid&#8221; text_align=&#8221;left&#8221; background_animation=&#8221;none&#8221; padding_top=&#8221;30&#8243; padding_bottom=&#8221;0&#8243; css_animation=&#8221;&#8221;][vc_column][vc_separator type=&#8221;normal&#8221; border_style=&#8221;&#8221; thickness=&#8221;1&#8243; up=&#8221;10&#8243; down=&#8221;0&#8243; color=&#8221;#c4c4c4&#8243;][\/vc_column][\/vc_row][vc_row row_type=&#8221;row&#8221; use_row_as_full_screen_section=&#8221;no&#8221; type=&#8221;grid&#8221; text_align=&#8221;left&#8221; background_animation=&#8221;none&#8221; padding_top=&#8221;29&#8243; css_animation=&#8221;&#8221; background_color=&#8221;#ffffff&#8221;][vc_column width=&#8221;1\/2&#8243;][vc_column_text]<\/p>\n<h3 class=\"homeheadthree\">Oblasti pou\u017eitia<\/h3>\n<p>[\/vc_column_text][vc_separator type=&#8221;small&#8221; position=&#8221;left&#8221; border_style=&#8221;&#8221; up=&#8221;18&#8243; down=&#8221;20&#8243; color=&#8221;#d6202d&#8221;][vc_column_text]Fas\u00e1dy, strechy, interi\u00e9ry, dreven\u00e9 komponenty, ako aj kontajnery a n\u00e1dr\u017ee s\u00fa klasick\u00fdmi oblas\u0165ami pou\u017eitia produktov ClimateCoating<sup>\u00ae<\/sup> . \u010ci u\u017e na chladnom severe, na hor\u00facom juhu alebo na vlhkom v\u00fdchode, fyzik\u00e1lne princ\u00edpy n\u00e1terov hraj\u00fa svoje tromfy takmer v ka\u017edom klimatickom p\u00e1sme.<\/p>\n<p>Pri pou\u017eit\u00ed v interi\u00e9ri vytv\u00e1ra technol\u00f3gia produktu zdrav\u00fa kl\u00edmu v miestnosti spolu so \u0161etren\u00edm zdrojov a trvalo udr\u017eate\u013en\u00fdm zni\u017eovan\u00edm spotreby energie. Pre vonkaj\u0161iu plochu to znamen\u00e1 ochranu pred poveternostn\u00fdmi vplyvmi pri s\u00fa\u010dasnom pozit\u00edvnom vplyve na energetick\u00fa bilanciu budovy. Technol\u00f3gia za to z\u00edskala nieko\u013eko ocenen\u00ed.<\/p>\n<p><a href=\"https:\/\/www.climatecoating.com\/sk\/oblasti-pouzitia\/\">Do oblast\u00ed pou\u017eitia<\/a>[\/vc_column_text][\/vc_column][vc_column width=&#8221;1\/2&#8243;][vc_single_image image=&#8221;33644&#8243; img_size=&#8221;full&#8221; qode_css_animation=&#8221;element_from_fade&#8221; transition_delay=&#8221;0.2&#8243;][\/vc_column][\/vc_row][vc_row row_type=&#8221;row&#8221; use_row_as_full_screen_section=&#8221;no&#8221; type=&#8221;grid&#8221; text_align=&#8221;left&#8221; background_animation=&#8221;none&#8221; padding_top=&#8221;30&#8243; padding_bottom=&#8221;0&#8243; css_animation=&#8221;&#8221;][vc_column][vc_separator type=&#8221;normal&#8221; border_style=&#8221;&#8221; thickness=&#8221;1&#8243; up=&#8221;10&#8243; down=&#8221;0&#8243; color=&#8221;#c4c4c4&#8243;][\/vc_column][\/vc_row][vc_row row_type=&#8221;row&#8221; use_row_as_full_screen_section=&#8221;no&#8221; type=&#8221;grid&#8221; text_align=&#8221;left&#8221; background_animation=&#8221;none&#8221; padding_top=&#8221;69&#8243; padding_bottom=&#8221;40&#8243; css_animation=&#8221;&#8221; background_color=&#8221;#ffffff&#8221;][vc_column width=&#8221;1\/3&#8243;][vc_column_text]<\/p>\n<h4 class=\"homeheadfour\">Preto klimatick\u00fd n\u00e1ter<\/h4>\n<p>[\/vc_column_text][vc_separator type=&#8221;transparent&#8221; border_style=&#8221;&#8221; thickness=&#8221;1&#8243; up=&#8221;7&#8243; down=&#8221;0&#8243;][vc_column_text]<\/p>\n<h5>Priate\u013esk\u00fd k \u017eivotn\u00e9mu prostrediu<\/h5>\n<p>[\/vc_column_text][vc_separator type=&#8221;small&#8221; position=&#8221;left&#8221; border_style=&#8221;&#8221; up=&#8221;18&#8243; down=&#8221;20&#8243; color=&#8221;#d6202d&#8221;][vc_column_text]Produkty sp\u013a\u0148aj\u00fa jednu z najpr\u00edsnej\u0161\u00edch svetov\u00fdch noriem pre chemick\u00e9 emisie a nes\u00fa zlat\u00fd certifik\u00e1t \u201eGreenguard\u201c. Pou\u017e\u00edvanie na\u0161ich produktov pom\u00e1ha zni\u017eova\u0165 spotrebu CO<sub>2<\/sub> , preto\u017ee na vykurovanie alebo chladenie je potrebn\u00e9 menej energie. A m\u00f4\u017eete sa spo\u013eahn\u00fa\u0165, \u017ee sp\u013a\u0148ame vysok\u00e9 po\u017eiadavky v oblasti mana\u017e\u00e9rstva kvality a \u017eivotn\u00e9ho prostredia pod\u013ea DIN EN ISO 9001: 2015 a 14001: 2015.[\/vc_column_text][vc_separator type=&#8221;transparent&#8221; border_style=&#8221;&#8221; up=&#8221;49&#8243; down=&#8221;0&#8243;][\/vc_column][vc_column width=&#8221;1\/3&#8243;][vc_column_text]<\/p>\n<h4 class=\"homeheadfour\">Preto klimatick\u00fd n\u00e1ter<\/h4>\n<p>[\/vc_column_text][vc_separator type=&#8221;transparent&#8221; border_style=&#8221;&#8221; thickness=&#8221;1&#8243; up=&#8221;7&#8243; down=&#8221;0&#8243;][vc_column_text]<\/p>\n<h5>V\u00fdkonn\u00fd<\/h5>\n<p>[\/vc_column_text][vc_separator type=&#8221;small&#8221; position=&#8221;left&#8221; border_style=&#8221;&#8221; up=&#8221;18&#8243; down=&#8221;20&#8243; color=&#8221;#d6202d&#8221;][vc_column_text]Technol\u00f3gia produktu, recept\u00fara a vysokokvalitn\u00e9 zlo\u017eky disperzie vytvorili vlastnosti ako ve\u013emi vysok\u00e1 odrazivos\u0165 slne\u010dn\u00e9ho \u017eiarenia a dlhotrvaj\u00faca farebn\u00e1 st\u00e1los\u0165, odolnos\u0165 vo\u010di ne\u010distot\u00e1m a robustnos\u0165, elasticita a trvanlivos\u0165. Farby a n\u00e1stenn\u00e9 farby pon\u00fakaj\u00fa nadpriemern\u00fa odolnos\u0165 a stabilitu, na ktor\u00fa sa m\u00f4\u017eete spo\u013eahn\u00fa\u0165.[\/vc_column_text][vc_separator type=&#8221;transparent&#8221; border_style=&#8221;&#8221; up=&#8221;49&#8243; down=&#8221;0&#8243;][\/vc_column][vc_column width=&#8221;1\/3&#8243;][vc_column_text]<\/p>\n<h4 class=\"homeheadfour\">Preto klimatick\u00fd n\u00e1ter<\/h4>\n<p>[\/vc_column_text][vc_separator type=&#8221;transparent&#8221; border_style=&#8221;&#8221; thickness=&#8221;1&#8243; up=&#8221;7&#8243; down=&#8221;0&#8243;][vc_column_text]<\/p>\n<h5>Efekt\u00edvny<\/h5>\n<p>[\/vc_column_text][vc_separator type=&#8221;small&#8221; position=&#8221;left&#8221; border_style=&#8221;&#8221; up=&#8221;18&#8243; down=&#8221;20&#8243; color=&#8221;#d6202d&#8221;][vc_column_text]Produkty ClimateCoating<sup>\u00ae<\/sup> pon\u00fakaj\u00fa praktick\u00e9 rie\u0161enia probl\u00e9mov. Plesne na sten\u00e1ch, riasy, mach, krehk\u00e9 a \u0161pinav\u00e9 fas\u00e1dy sa \u00fa\u010dinne bojuj\u00fa, predch\u00e1dza sa im alebo sa im predch\u00e1dza. V\u00fdrazne sa zni\u017euje vyhrievanie striech, interi\u00e9rov, kontajnerov \u010di n\u00e1dr\u017e\u00ed. V\u0161etky pozit\u00edvne efekty sa prejavia ako presved\u010div\u00e9 v\u00fdhody z h\u013eadiska \u010dasu, rozpo\u010dtu a atraktivity.[\/vc_column_text][vc_separator type=&#8221;transparent&#8221; border_style=&#8221;&#8221; up=&#8221;49&#8243; down=&#8221;0&#8243;][\/vc_column][\/vc_row][vc_row row_type=&#8221;row&#8221; use_row_as_full_screen_section=&#8221;no&#8221; type=&#8221;grid&#8221; text_align=&#8221;left&#8221; background_animation=&#8221;none&#8221; css_animation=&#8221;&#8221;][vc_column][vc_separator type=&#8221;normal&#8221; border_style=&#8221;&#8221;][\/vc_column][\/vc_row][vc_row row_type=&#8221;row&#8221; use_row_as_full_screen_section=&#8221;no&#8221; type=&#8221;full_width&#8221; text_align=&#8221;center&#8221; background_animation=&#8221;none&#8221; css_animation=&#8221;&#8221;][vc_column][vc_column_text]<\/p>\n<h3 style=\"text-align: center;\">ClimateCoating a SICC v \u010d\u00edslach<\/h3>\n<p>[\/vc_column_text][vc_row_inner row_type=&#8221;row&#8221; type=&#8221;grid&#8221; use_row_as_full_screen_section_slide=&#8221;no&#8221; text_align=&#8221;left&#8221; padding_top=&#8221;40&#8243; padding_bottom=&#8221;40&#8243; css_animation=&#8221;&#8221; el_id=&#8221;homecounter&#8221; el_class=&#8221;equal&#8221;][vc_column_inner width=&#8221;1\/4&#8243; css=&#8221;.vc_custom_1613982841115{background-image: url(https:\/\/www.climatecoating.com\/wp-content\/uploads\/2020\/11\/Zahlen-54Anzahl.jpg?id=23606) !important;background-position: center !important;background-repeat: no-repeat !important;background-size: cover !important;}&#8221; offset=&#8221;vc_col-lg-3 vc_col-md-2 vc_col-xs-12&#8243;]<div class=\"q_counter_holder  center\" style=\"\"><span class=\"counter  random\" style=\"color: #ffffff;\">54<\/span><p class=\"counter_text\" style=\"color: #ffffff;\">Po\u010det spolupracuj\u00facich kraj\u00edn a partnerov<\/p><\/div>[\/vc_column_inner][vc_column_inner width=&#8221;1\/4&#8243; css=&#8221;.vc_custom_1613982867424{background-image: url(https:\/\/www.climatecoating.com\/wp-content\/uploads\/2020\/11\/Zahlen-2003Das-Jahr.jpg?id=23608) !important;background-position: center !important;background-repeat: no-repeat !important;background-size: cover !important;}&#8221; offset=&#8221;vc_col-lg-3 vc_col-md-2 vc_col-xs-12&#8243;]<div class=\"q_counter_holder  center\" style=\"\"><span class=\"counter  random\" style=\"color: #ffffff;\">2003<\/span><p class=\"counter_text\" style=\"color: #ffffff;\">Rok za\u010diatku SICC Coatings v Berl\u00edne<\/p><\/div>[\/vc_column_inner][vc_column_inner width=&#8221;1\/4&#8243; css=&#8221;.vc_custom_1613982882313{background-image: url(https:\/\/www.climatecoating.com\/wp-content\/uploads\/2020\/11\/Zahlen-Basisprodukte.jpg?id=23604) !important;background-position: center !important;background-repeat: no-repeat !important;background-size: cover !important;}&#8221; offset=&#8221;vc_col-lg-3 vc_col-md-2 vc_col-xs-12&#8243;]<div class=\"q_counter_holder  center\" style=\"\"><span class=\"counter  random\" style=\"color: #ffffff;\">22<\/span><p class=\"counter_text\" style=\"color: #ffffff;\">Z\u00e1kladn\u00e9 produkty pre exteri\u00e9r, interi\u00e9r, strechu a drevo<\/p><\/div>[\/vc_column_inner][vc_column_inner width=&#8221;1\/4&#8243; css=&#8221;.vc_custom_1613982929879{background-image: url(https:\/\/www.climatecoating.com\/wp-content\/uploads\/2020\/10\/Projekte-Realsiert_283x200px-1.jpg?id=23163) !important;background-position: center !important;background-repeat: no-repeat !important;background-size: cover !important;}&#8221; offset=&#8221;vc_col-lg-3 vc_col-md-2 vc_col-xs-12&#8243;]<div class=\"q_counter_holder  center\" style=\"\"><span class=\"counter  random\" style=\"color: #ffffff;\">35.000<\/span><p class=\"counter_text\" style=\"color: #ffffff;\">Projekty realizovan\u00e9 v Eur\u00f3pe, \u00c1zii, Afrike, Amerike<\/p><\/div>[\/vc_column_inner][\/vc_row_inner][\/vc_column][\/vc_row][vc_row row_type=&#8221;row&#8221; use_row_as_full_screen_section=&#8221;no&#8221; type=&#8221;grid&#8221; text_align=&#8221;left&#8221; background_animation=&#8221;none&#8221; css_animation=&#8221;&#8221;][vc_column][vc_separator type=&#8221;normal&#8221; border_style=&#8221;&#8221;][\/vc_column][\/vc_row][vc_row row_type=&#8221;row&#8221; use_row_as_full_screen_section=&#8221;no&#8221; type=&#8221;grid&#8221; text_align=&#8221;left&#8221; background_animation=&#8221;none&#8221; css_animation=&#8221;&#8221; css=&#8221;.vc_custom_1595509034713{margin-top: 30px !important;margin-bottom: 80px !important;}&#8221;][vc_column]<div class='qode_carousels_holder clearfix with_space'><div class='qode_carousels '  data-number_of_items = 5><ul class='slides'><li class='item'><div class=\"carousel_item_holder\"><a href='https:\/\/www.climatecoating.com\/unternehmen\/auszeichnungen-zertifikate\/' target='_self'><span class='first_image_holder '><img src='https:\/\/www.climatecoating.com\/wp-content\/uploads\/2025\/10\/ECO-EPD-Logo-rgb.png' alt='Environmental Product Declaration'><\/span><\/a><\/div><\/li><li class='item'><div class=\"carousel_item_holder\"><a href='https:\/\/www.climatecoating.com\/unternehmen\/auszeichnungen-zertifikate\/' target='_self'><span class='first_image_holder '><img src='https:\/\/www.climatecoating.com\/wp-content\/uploads\/2024\/08\/German-Innovation-Award-2024-Special.jpg' alt='Ocenenie Nemeck\u00e1 cena za inov\u00e1cie 2024'><\/span><\/a><\/div><\/li><li class='item'><div class=\"carousel_item_holder\"><a href='https:\/\/www.climatecoating.com\/unternehmen\/auszeichnungen-zertifikate\/' target='_self'><span class='first_image_holder '><img src='https:\/\/www.climatecoating.com\/wp-content\/uploads\/2023\/03\/ADZ-Siegel-SICC-Coatings-GmbH_web.jpg' alt='Ocenenie Zamestn\u00e1vate\u013e bud\u00facnosti'><\/span><\/a><\/div><\/li><li class='item'><div class=\"carousel_item_holder\"><a href='https:\/\/www.climatecoating.com\/unternehmen\/auszeichnungen-zertifikate\/' target='_self'><span class='first_image_holder '><img src='https:\/\/www.climatecoating.com\/wp-content\/uploads\/2022\/07\/zertifikat_crrc.png' alt='Certifik\u00e1t Rady pre hodnotenie chladn\u00fdch striech'><\/span><\/a><\/div><\/li><li class='item'><div class=\"carousel_item_holder\"><a href='https:\/\/www.climatecoating.com\/sk\/spolocnosti\/ocenenia-a-certifikaty\/' target='_self'><span class='first_image_holder '><img src='https:\/\/www.climatecoating.com\/wp-content\/uploads\/2020\/06\/zertifikat_german_innovation.jpg' alt='Nemeck\u00e1 cena za inov\u00e1ciu'><\/span><\/a><\/div><\/li><li class='item'><div class=\"carousel_item_holder\"><a href='https:\/\/www.climatecoating.com\/sk\/spolocnosti\/ocenenia-a-certifikaty\/' target='_self'><span class='first_image_holder '><img src='https:\/\/www.climatecoating.com\/wp-content\/uploads\/2020\/11\/zertifikat_energy_efficiency_award.jpg' alt='Cena za energetick\u00fa efekt\u00edvnos\u0165'><\/span><\/a><\/div><\/li><li class='item'><div class=\"carousel_item_holder\"><a href='https:\/\/www.climatecoating.com\/sk\/spolocnosti\/ocenenia-a-certifikaty\/' target='_self'><span class='first_image_holder '><img src='https:\/\/www.climatecoating.com\/wp-content\/uploads\/2020\/11\/zertifikat_green_building_material.jpg' alt='Certifik\u00e1t zelen\u00e9ho stavebn\u00e9ho materi\u00e1lu'><\/span><\/a><\/div><\/li><li class='item'><div class=\"carousel_item_holder\"><a href='https:\/\/www.climatecoating.com\/sk\/spolocnosti\/ocenenia-a-certifikaty\/' target='_self'><span class='first_image_holder '><img src='https:\/\/www.climatecoating.com\/wp-content\/uploads\/2020\/06\/zertifikat_prix_de_linnovation.jpg' alt='Ocenenie Prix de L&#8217;Innovation'><\/span><\/a><\/div><\/li><li class='item'><div class=\"carousel_item_holder\"><a href='https:\/\/www.climatecoating.com\/sk\/spolocnosti\/ocenenia-a-certifikaty\/' target='_self'><span class='first_image_holder '><img src='https:\/\/www.climatecoating.com\/wp-content\/uploads\/2020\/06\/zertifikat_narodowy_institut.jpg' alt='Certifik\u00e1t Narodowy Institute'><\/span><\/a><\/div><\/li><li class='item'><div class=\"carousel_item_holder\"><a href='https:\/\/www.climatecoating.com\/sk\/spolocnosti\/ocenenia-a-certifikaty\/' target='_self'><span class='first_image_holder '><img src='https:\/\/www.climatecoating.com\/wp-content\/uploads\/2020\/06\/zertifikat_csbt.jpg' alt='Certifik\u00e1t CSTB'><\/span><\/a><\/div><\/li><li class='item'><div class=\"carousel_item_holder\"><a href='https:\/\/www.climatecoating.com\/sk\/spolocnosti\/ocenenia-a-certifikaty\/' target='_self'><span class='first_image_holder '><img src='https:\/\/www.climatecoating.com\/wp-content\/uploads\/2020\/06\/zertifikat_greenguard.jpg' alt='Certifik\u00e1t Greenguard'><\/span><\/a><\/div><\/li><li class='item'><div class=\"carousel_item_holder\"><a href='https:\/\/www.climatecoating.com\/sk\/spolocnosti\/ocenenia-a-certifikaty\/' target='_self'><span class='first_image_holder '><img src='https:\/\/www.climatecoating.com\/wp-content\/uploads\/2020\/06\/zertifikat_srebrny_full.jpg' alt='Certifik\u00e1t Srebrny'><\/span><\/a><\/div><\/li><li class='item'><div class=\"carousel_item_holder\"><a href='https:\/\/www.climatecoating.com\/sk\/spolocnosti\/ocenenia-a-certifikaty\/' target='_self'><span class='first_image_holder '><img src='https:\/\/www.climatecoating.com\/wp-content\/uploads\/2020\/06\/zertifikat_deutsches_patent_und_markenamt.jpg' alt='Certifik\u00e1t nemeck\u00e9ho patentov\u00e9ho a zn\u00e1mkov\u00e9ho \u00faradu'><\/span><\/a><\/div><\/li><li class='item'><div class=\"carousel_item_holder\"><a href='https:\/\/www.climatecoating.com\/sk\/spolocnosti\/ocenenia-a-certifikaty\/' target='_self'><span class='first_image_holder '><img src='https:\/\/www.climatecoating.com\/wp-content\/uploads\/2020\/06\/zertifikat_energie_effizienz_made_in_germany.jpg' alt='Certifik\u00e1t energetickej \u00fa\u010dinnosti Made in Germany'><\/span><\/a><\/div><\/li><li class='item'><div class=\"carousel_item_holder\"><a href='https:\/\/www.climatecoating.com\/sk\/spolocnosti\/ocenenia-a-certifikaty\/' target='_self'><span class='first_image_holder '><img src='https:\/\/www.climatecoating.com\/wp-content\/uploads\/2020\/06\/zertifikat_r_and_d_services.jpg' alt='Certifik\u00e1t R&amp;D Services'><\/span><\/a><\/div><\/li><li class='item'><div class=\"carousel_item_holder\"><a href='https:\/\/www.climatecoating.com\/sk\/spolocnosti\/ocenenia-a-certifikaty\/' target='_self'><span class='first_image_holder '><img src='https:\/\/www.climatecoating.com\/wp-content\/uploads\/2020\/06\/zertifikat_aec.jpg' alt='Ocenenie All Electric Challenge'><\/span><\/a><\/div><\/li><li class='item'><div class=\"carousel_item_holder\"><a href='https:\/\/www.climatecoating.com\/sk\/spolocnosti\/ocenenia-a-certifikaty\/' target='_self'><span class='first_image_holder '><img src='https:\/\/www.climatecoating.com\/wp-content\/uploads\/2020\/11\/zertifikat_impb.png' alt='Certifik\u00e1t IMPiB'><\/span><\/a><\/div><\/li><li class='item'><div class=\"carousel_item_holder\"><a href='https:\/\/www.climatecoating.com\/sk\/spolocnosti\/ocenenia-a-certifikaty\/' target='_self'><span class='first_image_holder '><img src='https:\/\/www.climatecoating.com\/wp-content\/uploads\/2020\/06\/zertifikat_energy_globe.jpg' alt='Ocenenie Energy Globe'><\/span><\/a><\/div><\/li><li class='item'><div class=\"carousel_item_holder\"><span class='first_image_holder '><img src='https:\/\/www.climatecoating.com\/wp-content\/uploads\/2020\/12\/trenner-1.png' alt='Odde\u013eova\u010d'><\/span><\/div><\/li><\/ul><ul class=\"caroufredsel-direction-nav\"><li class=\"caroufredsel-prev-holder\"><a id=\"caroufredsel-prev\" class=\"qode_carousel_prev caroufredsel-navigation-item caroufredsel-prev\" href=\"javascript: void(0)\"><span class=\"arrow_carrot-left\"><\/span><\/a><\/li><li class=\"caroufredsel-next-holder\"><a class=\"qode_carousel_next caroufredsel-next caroufredsel-navigation-item\" id=\"caroufredsel-next\" href=\"javascript: void(0)\"><span class=\"arrow_carrot-right\"><\/span><\/a><\/li><\/ul><\/div><\/div>[\/vc_column][\/vc_row]<\/p>\n<\/div>","protected":false},"excerpt":{"rendered":"<p>[vc_row row_type=&#8221;row&#8221; use_row_as_full_screen_section=&#8221;no&#8221; type=&#8221;grid&#8221; text_align=&#8221;left&#8221; background_animation=&#8221;none&#8221; css_animation=&#8221;&#8221;][vc_column][vc_column_text] ClimateCoating\u00ae &#8211; inteligentn\u00e9 funk\u010dn\u00e9 n\u00e1tery pre budovy, interi\u00e9ry a priemyseln\u00e9 aplik\u00e1cie. Priate\u013esk\u00e9 k \u017eivotn\u00e9mu prostrediu. V\u00fdkonn\u00e9. Efekt\u00edvne. Vyroben\u00e9 v Nemecku. Vyroben\u00e9 pre teba. [\/vc_column_text][vc_separator type=&#8221;normal&#8221; border_style=&#8221;&#8221; thickness=&#8221;1&#8243; up=&#8221;10&#8243; down=&#8221;0&#8243; color=&#8221;#c4c4c4&#8243;][\/vc_column][\/vc_row][vc_row row_type=&#8221;row&#8221; use_row_as_full_screen_section=&#8221;no&#8221; type=&#8221;grid&#8221; text_align=&#8221;left&#8221; background_animation=&#8221;none&#8221; padding_top=&#8221;26&#8243; css_animation=&#8221;&#8221; background_color=&#8221;#ffffff&#8221;][vc_column&#8230;<\/p>\n","protected":false},"author":1,"featured_media":0,"parent":0,"menu_order":0,"comment_status":"closed","ping_status":"closed","template":"full_width.php","meta":{"footnotes":""},"class_list":["post-35069","page","type-page","status-publish","hentry"],"_links":{"self":[{"href":"https:\/\/www.climatecoating.com\/sk\/wp-json\/wp\/v2\/pages\/35069","targetHints":{"allow":["GET"]}}],"collection":[{"href":"https:\/\/www.climatecoating.com\/sk\/wp-json\/wp\/v2\/pages"}],"about":[{"href":"https:\/\/www.climatecoating.com\/sk\/wp-json\/wp\/v2\/types\/page"}],"author":[{"embeddable":true,"href":"https:\/\/www.climatecoating.com\/sk\/wp-json\/wp\/v2\/users\/1"}],"replies":[{"embeddable":true,"href":"https:\/\/www.climatecoating.com\/sk\/wp-json\/wp\/v2\/comments?post=35069"}],"version-history":[{"count":3,"href":"https:\/\/www.climatecoating.com\/sk\/wp-json\/wp\/v2\/pages\/35069\/revisions"}],"predecessor-version":[{"id":61031,"href":"https:\/\/www.climatecoating.com\/sk\/wp-json\/wp\/v2\/pages\/35069\/revisions\/61031"}],"wp:attachment":[{"href":"https:\/\/www.climatecoating.com\/sk\/wp-json\/wp\/v2\/media?parent=35069"}],"curies":[{"name":"wp","href":"https:\/\/api.w.org\/{rel}","templated":true}]}}