{"id":40320,"date":"2022-03-23T18:45:11","date_gmt":"2022-03-23T17:45:11","guid":{"rendered":"https:\/\/www.climatecoating.com\/products\/konzervacia-dreva\/"},"modified":"2022-03-23T18:45:27","modified_gmt":"2022-03-23T17:45:27","slug":"konzervacia-dreva","status":"publish","type":"page","link":"https:\/\/www.climatecoating.com\/sk\/products\/konzervacia-dreva\/","title":{"rendered":"Konzerv\u00e1cia dreva"},"content":{"rendered":"<div class=\"wpb-content-wrapper\"><p>[vc_row row_type=&#8221;row&#8221; use_row_as_full_screen_section=&#8221;no&#8221; type=&#8221;full_width&#8221; text_align=&#8221;left&#8221; background_animation=&#8221;none&#8221; padding_top=&#8221;50&#8243; css_animation=&#8221;&#8221;][vc_column][vc_column_text]<\/p>\n<h1>Produkty &#8211; Konzerv\u00e1cia dreva<\/h1>\n<p>[\/vc_column_text]<div class=\"woocommerce columns-4 \"><ul class=\"products columns-4 clearfix default\">        <li class=\"product type-product post-34737 status-publish first instock product_cat-oblasti-pouzitia product_cat-ochrana-dreva has-post-thumbnail taxable shipping-taxable purchasable product-type-variable\">\n\n                        <div class=\"top-product-section\">\n\n                <a class=\"product_list_thumb_link\" href=\"https:\/\/www.climatecoating.com\/sk\/produkt\/nature\/\">\n                    <span class=\"image-wrapper\">\n                    <img loading=\"lazy\" decoding=\"async\" width=\"300\" height=\"300\" src=\"https:\/\/www.climatecoating.com\/wp-content\/uploads\/2020\/07\/19L_Eimer_NATURE-m_frei-300x300.png\" class=\"attachment-woocommerce_thumbnail size-woocommerce_thumbnail\" alt=\"Ochrana dreva v pr\u00edrode\" srcset=\"https:\/\/www.climatecoating.com\/wp-content\/uploads\/2020\/07\/19L_Eimer_NATURE-m_frei-300x300.png 300w, https:\/\/www.climatecoating.com\/wp-content\/uploads\/2020\/07\/19L_Eimer_NATURE-m_frei-100x100.png 100w, https:\/\/www.climatecoating.com\/wp-content\/uploads\/2020\/07\/19L_Eimer_NATURE-m_frei-600x600.png 600w, https:\/\/www.climatecoating.com\/wp-content\/uploads\/2020\/07\/19L_Eimer_NATURE-m_frei-1024x1024.png 1024w, https:\/\/www.climatecoating.com\/wp-content\/uploads\/2020\/07\/19L_Eimer_NATURE-m_frei-150x150.png 150w, https:\/\/www.climatecoating.com\/wp-content\/uploads\/2020\/07\/19L_Eimer_NATURE-m_frei-768x768.png 768w, https:\/\/www.climatecoating.com\/wp-content\/uploads\/2020\/07\/19L_Eimer_NATURE-m_frei-1536x1536.png 1536w, https:\/\/www.climatecoating.com\/wp-content\/uploads\/2020\/07\/19L_Eimer_NATURE-m_frei-550x550.png 550w, https:\/\/www.climatecoating.com\/wp-content\/uploads\/2020\/07\/19L_Eimer_NATURE-m_frei-500x500.png 500w, https:\/\/www.climatecoating.com\/wp-content\/uploads\/2020\/07\/19L_Eimer_NATURE-m_frei-1000x1000.png 1000w, https:\/\/www.climatecoating.com\/wp-content\/uploads\/2020\/07\/19L_Eimer_NATURE-m_frei-700x700.png 700w, https:\/\/www.climatecoating.com\/wp-content\/uploads\/2020\/07\/19L_Eimer_NATURE-m_frei-1100x1100.png 1100w, https:\/\/www.climatecoating.com\/wp-content\/uploads\/2020\/07\/19L_Eimer_NATURE-m_frei.png 1920w\" sizes=\"auto, (max-width: 300px) 100vw, 300px\" \/>                    <\/span>\n                <\/a>\n\n                <div class=\"add-to-cart-button-outer\"><div class=\"add-to-cart-button-inner\"><div class=\"add-to-cart-button-inner2\"><a href=\"https:\/\/www.climatecoating.com\/sk\/produkt\/nature\/\" aria-describedby=\"woocommerce_loop_add_to_cart_link_describedby_34737\" data-quantity=\"1\" class=\"qbutton add-to-cart-button button product_type_variable add_to_cart_button\" data-product_id=\"34737\" data-product_sku=\"\" aria-label=\"V\u00fdber nastaven\u00ed pre &ldquo;Nature&rdquo;\" rel=\"nofollow\">Optionen w\u00e4hlen<\/a><\/div><\/div><\/div>\t<span id=\"woocommerce_loop_add_to_cart_link_describedby_34737\" class=\"screen-reader-text\">\n\t\tTento produkt m\u00e1 viacero variantov. Mo\u017enosti si m\u00f4\u017eete vybra\u0165 na str\u00e1nke produktu.\t<\/span>\n\n            <\/div>\n\n            <div class=\"product_info_box\">\n\t            <span class=\"product-categories\"><a href=\"https:\/\/www.climatecoating.com\/sk\/oblasti-pouzitia\/\" rel=\"tag\">Oblasti pou\u017eitia<\/a>, <a href=\"https:\/\/www.climatecoating.com\/sk\/produkty-sk\/ochrana-dreva\/\" rel=\"tag\">Ochrana dreva<\/a><\/span>\n                <a href=\"https:\/\/www.climatecoating.com\/sk\/produkt\/nature\/\" class=\"product-category\">\n                    <span class=\"product-title\">Nature<\/span>\n\n                    \n\n\t<span class=\"price\">ab <span class=\"woocommerce-Price-amount amount\"><bdi>29,95&nbsp;<span class=\"woocommerce-Price-currencySymbol\">&euro;<\/span><\/bdi><\/span><\/span>\n\n\n                <\/a>\n            <\/div>\n\n            \n\t<p class=\"wc-gzd-additional-info wc-gzd-additional-info-loop tax-info\">incl. VAT<\/p>\n\n\t<p class=\"wc-gzd-additional-info wc-gzd-additional-info-loop shipping-costs-info\">zzgl. <a href=\"https:\/\/www.climatecoating.com\/shop\/versand\/\" target=\"_blank\">Versandkosten<\/a><\/p>\n\n\n<div class=\"add-to-cart-button-outer\"><div class=\"add-to-cart-button-inner\"><div class=\"add-to-cart-button-inner2\"><a href=\"https:\/\/www.climatecoating.com\/sk\/produkt\/nature\/\" aria-describedby=\"woocommerce_loop_add_to_cart_link_describedby_34737\" data-quantity=\"1\" class=\"qbutton add-to-cart-button button product_type_variable add_to_cart_button\" data-product_id=\"34737\" data-product_sku=\"\" aria-label=\"V\u00fdber nastaven\u00ed pre &ldquo;Nature&rdquo;\" rel=\"nofollow\">Optionen w\u00e4hlen<\/a><\/div><\/div><\/div>\t<span id=\"woocommerce_loop_add_to_cart_link_describedby_34737\" class=\"screen-reader-text\">\n\t\tTento produkt m\u00e1 viacero variantov. Mo\u017enosti si m\u00f4\u017eete vybra\u0165 na str\u00e1nke produktu.\t<\/span>\n        <\/li>\n\n                <li class=\"product type-product post-34689 status-publish instock product_cat-oblasti-pouzitia product_cat-ochrana-dreva has-post-thumbnail taxable shipping-taxable product-type-variable\">\n\n                        <div class=\"top-product-section\">\n\n                <a class=\"product_list_thumb_link\" href=\"https:\/\/www.climatecoating.com\/sk\/produkt\/natureglaze\/\">\n                    <span class=\"image-wrapper\">\n                    <img loading=\"lazy\" decoding=\"async\" width=\"300\" height=\"300\" src=\"https:\/\/www.climatecoating.com\/wp-content\/uploads\/2020\/07\/19L_Eimer_NATURE-GLAZE-m_frei-300x300.png\" class=\"attachment-woocommerce_thumbnail size-woocommerce_thumbnail\" alt=\"NatureGlaze\" srcset=\"https:\/\/www.climatecoating.com\/wp-content\/uploads\/2020\/07\/19L_Eimer_NATURE-GLAZE-m_frei-300x300.png 300w, https:\/\/www.climatecoating.com\/wp-content\/uploads\/2020\/07\/19L_Eimer_NATURE-GLAZE-m_frei-100x100.png 100w, https:\/\/www.climatecoating.com\/wp-content\/uploads\/2020\/07\/19L_Eimer_NATURE-GLAZE-m_frei-600x600.png 600w, https:\/\/www.climatecoating.com\/wp-content\/uploads\/2020\/07\/19L_Eimer_NATURE-GLAZE-m_frei-1024x1024.png 1024w, https:\/\/www.climatecoating.com\/wp-content\/uploads\/2020\/07\/19L_Eimer_NATURE-GLAZE-m_frei-150x150.png 150w, https:\/\/www.climatecoating.com\/wp-content\/uploads\/2020\/07\/19L_Eimer_NATURE-GLAZE-m_frei-768x768.png 768w, https:\/\/www.climatecoating.com\/wp-content\/uploads\/2020\/07\/19L_Eimer_NATURE-GLAZE-m_frei-1536x1536.png 1536w, https:\/\/www.climatecoating.com\/wp-content\/uploads\/2020\/07\/19L_Eimer_NATURE-GLAZE-m_frei-550x550.png 550w, https:\/\/www.climatecoating.com\/wp-content\/uploads\/2020\/07\/19L_Eimer_NATURE-GLAZE-m_frei-500x500.png 500w, https:\/\/www.climatecoating.com\/wp-content\/uploads\/2020\/07\/19L_Eimer_NATURE-GLAZE-m_frei-1000x1000.png 1000w, https:\/\/www.climatecoating.com\/wp-content\/uploads\/2020\/07\/19L_Eimer_NATURE-GLAZE-m_frei-700x700.png 700w, https:\/\/www.climatecoating.com\/wp-content\/uploads\/2020\/07\/19L_Eimer_NATURE-GLAZE-m_frei-1100x1100.png 1100w, https:\/\/www.climatecoating.com\/wp-content\/uploads\/2020\/07\/19L_Eimer_NATURE-GLAZE-m_frei.png 1920w\" sizes=\"auto, (max-width: 300px) 100vw, 300px\" \/>                    <\/span>\n                <\/a>\n\n                <div class=\"add-to-cart-button-outer\"><div class=\"add-to-cart-button-inner\"><div class=\"add-to-cart-button-inner2\"><a href=\"https:\/\/www.climatecoating.com\/sk\/produkt\/natureglaze\/\" aria-describedby=\"woocommerce_loop_add_to_cart_link_describedby_34689\" data-quantity=\"1\" class=\"qbutton add-to-cart-button button product_type_variable\" data-product_id=\"34689\" data-product_sku=\"\" aria-label=\"V\u00fdber nastaven\u00ed pre &ldquo;NatureGlaze&rdquo;\" rel=\"nofollow\">Optionen w\u00e4hlen<\/a><\/div><\/div><\/div>\t<span id=\"woocommerce_loop_add_to_cart_link_describedby_34689\" class=\"screen-reader-text\">\n\t\t\t<\/span>\n\n            <\/div>\n\n            <div class=\"product_info_box\">\n\t            <span class=\"product-categories\"><a href=\"https:\/\/www.climatecoating.com\/sk\/oblasti-pouzitia\/\" rel=\"tag\">Oblasti pou\u017eitia<\/a>, <a href=\"https:\/\/www.climatecoating.com\/sk\/produkty-sk\/ochrana-dreva\/\" rel=\"tag\">Ochrana dreva<\/a><\/span>\n                <a href=\"https:\/\/www.climatecoating.com\/sk\/produkt\/natureglaze\/\" class=\"product-category\">\n                    <span class=\"product-title\">NatureGlaze<\/span>\n\n                    \n\n\n\n                <\/a>\n            <\/div>\n\n            \n\n\n\n<div class=\"add-to-cart-button-outer\"><div class=\"add-to-cart-button-inner\"><div class=\"add-to-cart-button-inner2\"><a href=\"https:\/\/www.climatecoating.com\/sk\/produkt\/natureglaze\/\" aria-describedby=\"woocommerce_loop_add_to_cart_link_describedby_34689\" data-quantity=\"1\" class=\"qbutton add-to-cart-button button product_type_variable\" data-product_id=\"34689\" data-product_sku=\"\" aria-label=\"V\u00fdber nastaven\u00ed pre &ldquo;NatureGlaze&rdquo;\" rel=\"nofollow\">Optionen w\u00e4hlen<\/a><\/div><\/div><\/div>\t<span id=\"woocommerce_loop_add_to_cart_link_describedby_34689\" class=\"screen-reader-text\">\n\t\t\t<\/span>\n        <\/li>\n\n                <li class=\"product type-product post-34718 status-publish instock product_cat-oblasti-pouzitia product_cat-ochrana-dreva has-post-thumbnail taxable shipping-taxable purchasable product-type-variable\">\n\n                        <div class=\"top-product-section\">\n\n                <a class=\"product_list_thumb_link\" href=\"https:\/\/www.climatecoating.com\/sk\/produkt\/natureprimer\/\">\n                    <span class=\"image-wrapper\">\n                    <img loading=\"lazy\" decoding=\"async\" width=\"300\" height=\"300\" src=\"https:\/\/www.climatecoating.com\/wp-content\/uploads\/2020\/07\/19L_Eimer_NATURE-PRIMER-m_frei-300x300.png\" class=\"attachment-woocommerce_thumbnail size-woocommerce_thumbnail\" alt=\"NaturePrimer\" srcset=\"https:\/\/www.climatecoating.com\/wp-content\/uploads\/2020\/07\/19L_Eimer_NATURE-PRIMER-m_frei-300x300.png 300w, https:\/\/www.climatecoating.com\/wp-content\/uploads\/2020\/07\/19L_Eimer_NATURE-PRIMER-m_frei-100x100.png 100w, https:\/\/www.climatecoating.com\/wp-content\/uploads\/2020\/07\/19L_Eimer_NATURE-PRIMER-m_frei-600x600.png 600w, https:\/\/www.climatecoating.com\/wp-content\/uploads\/2020\/07\/19L_Eimer_NATURE-PRIMER-m_frei-1024x1024.png 1024w, https:\/\/www.climatecoating.com\/wp-content\/uploads\/2020\/07\/19L_Eimer_NATURE-PRIMER-m_frei-150x150.png 150w, https:\/\/www.climatecoating.com\/wp-content\/uploads\/2020\/07\/19L_Eimer_NATURE-PRIMER-m_frei-768x768.png 768w, https:\/\/www.climatecoating.com\/wp-content\/uploads\/2020\/07\/19L_Eimer_NATURE-PRIMER-m_frei-1536x1536.png 1536w, https:\/\/www.climatecoating.com\/wp-content\/uploads\/2020\/07\/19L_Eimer_NATURE-PRIMER-m_frei-550x550.png 550w, https:\/\/www.climatecoating.com\/wp-content\/uploads\/2020\/07\/19L_Eimer_NATURE-PRIMER-m_frei-500x500.png 500w, https:\/\/www.climatecoating.com\/wp-content\/uploads\/2020\/07\/19L_Eimer_NATURE-PRIMER-m_frei-1000x1000.png 1000w, https:\/\/www.climatecoating.com\/wp-content\/uploads\/2020\/07\/19L_Eimer_NATURE-PRIMER-m_frei-700x700.png 700w, https:\/\/www.climatecoating.com\/wp-content\/uploads\/2020\/07\/19L_Eimer_NATURE-PRIMER-m_frei-1100x1100.png 1100w, https:\/\/www.climatecoating.com\/wp-content\/uploads\/2020\/07\/19L_Eimer_NATURE-PRIMER-m_frei.png 1920w\" sizes=\"auto, (max-width: 300px) 100vw, 300px\" \/>                    <\/span>\n                <\/a>\n\n                <div class=\"add-to-cart-button-outer\"><div class=\"add-to-cart-button-inner\"><div class=\"add-to-cart-button-inner2\"><a href=\"https:\/\/www.climatecoating.com\/sk\/produkt\/natureprimer\/\" aria-describedby=\"woocommerce_loop_add_to_cart_link_describedby_34718\" data-quantity=\"1\" class=\"qbutton add-to-cart-button button product_type_variable add_to_cart_button\" data-product_id=\"34718\" data-product_sku=\"\" aria-label=\"V\u00fdber nastaven\u00ed pre &ldquo;NaturePrimer&rdquo;\" rel=\"nofollow\">Optionen w\u00e4hlen<\/a><\/div><\/div><\/div>\t<span id=\"woocommerce_loop_add_to_cart_link_describedby_34718\" class=\"screen-reader-text\">\n\t\tTento produkt m\u00e1 viacero variantov. Mo\u017enosti si m\u00f4\u017eete vybra\u0165 na str\u00e1nke produktu.\t<\/span>\n\n            <\/div>\n\n            <div class=\"product_info_box\">\n\t            <span class=\"product-categories\"><a href=\"https:\/\/www.climatecoating.com\/sk\/oblasti-pouzitia\/\" rel=\"tag\">Oblasti pou\u017eitia<\/a>, <a href=\"https:\/\/www.climatecoating.com\/sk\/produkty-sk\/ochrana-dreva\/\" rel=\"tag\">Ochrana dreva<\/a><\/span>\n                <a href=\"https:\/\/www.climatecoating.com\/sk\/produkt\/natureprimer\/\" class=\"product-category\">\n                    <span class=\"product-title\">NaturePrimer<\/span>\n\n                    \n\n\t<span class=\"price\">ab <span class=\"woocommerce-Price-amount amount\"><bdi>19,95&nbsp;<span class=\"woocommerce-Price-currencySymbol\">&euro;<\/span><\/bdi><\/span><\/span>\n\n\n                <\/a>\n            <\/div>\n\n            \n\t<p class=\"wc-gzd-additional-info wc-gzd-additional-info-loop tax-info\">incl. VAT<\/p>\n\n\t<p class=\"wc-gzd-additional-info wc-gzd-additional-info-loop shipping-costs-info\">zzgl. <a href=\"https:\/\/www.climatecoating.com\/shop\/versand\/\" target=\"_blank\">Versandkosten<\/a><\/p>\n\n\n<div class=\"add-to-cart-button-outer\"><div class=\"add-to-cart-button-inner\"><div class=\"add-to-cart-button-inner2\"><a href=\"https:\/\/www.climatecoating.com\/sk\/produkt\/natureprimer\/\" aria-describedby=\"woocommerce_loop_add_to_cart_link_describedby_34718\" data-quantity=\"1\" class=\"qbutton add-to-cart-button button product_type_variable add_to_cart_button\" data-product_id=\"34718\" data-product_sku=\"\" aria-label=\"V\u00fdber nastaven\u00ed pre &ldquo;NaturePrimer&rdquo;\" rel=\"nofollow\">Optionen w\u00e4hlen<\/a><\/div><\/div><\/div>\t<span id=\"woocommerce_loop_add_to_cart_link_describedby_34718\" class=\"screen-reader-text\">\n\t\tTento produkt m\u00e1 viacero variantov. Mo\u017enosti si m\u00f4\u017eete vybra\u0165 na str\u00e1nke produktu.\t<\/span>\n        <\/li>\n\n        <\/ul>\n<\/div>[\/vc_column][\/vc_row]<\/p>\n<\/div>","protected":false},"excerpt":{"rendered":"<p>[vc_row row_type=&#8221;row&#8221; use_row_as_full_screen_section=&#8221;no&#8221; type=&#8221;full_width&#8221; text_align=&#8221;left&#8221; background_animation=&#8221;none&#8221; padding_top=&#8221;50&#8243; css_animation=&#8221;&#8221;][vc_column][vc_column_text] Produkty &#8211; Konzerv\u00e1cia dreva [\/vc_column_text][\/vc_column][\/vc_row]<\/p>\n","protected":false},"author":1,"featured_media":0,"parent":40292,"menu_order":240,"comment_status":"closed","ping_status":"closed","template":"","meta":{"footnotes":""},"class_list":["post-40320","page","type-page","status-publish","hentry"],"_links":{"self":[{"href":"https:\/\/www.climatecoating.com\/sk\/wp-json\/wp\/v2\/pages\/40320","targetHints":{"allow":["GET"]}}],"collection":[{"href":"https:\/\/www.climatecoating.com\/sk\/wp-json\/wp\/v2\/pages"}],"about":[{"href":"https:\/\/www.climatecoating.com\/sk\/wp-json\/wp\/v2\/types\/page"}],"author":[{"embeddable":true,"href":"https:\/\/www.climatecoating.com\/sk\/wp-json\/wp\/v2\/users\/1"}],"replies":[{"embeddable":true,"href":"https:\/\/www.climatecoating.com\/sk\/wp-json\/wp\/v2\/comments?post=40320"}],"version-history":[{"count":0,"href":"https:\/\/www.climatecoating.com\/sk\/wp-json\/wp\/v2\/pages\/40320\/revisions"}],"up":[{"embeddable":true,"href":"https:\/\/www.climatecoating.com\/sk\/wp-json\/wp\/v2\/pages\/40292"}],"wp:attachment":[{"href":"https:\/\/www.climatecoating.com\/sk\/wp-json\/wp\/v2\/media?parent=40320"}],"curies":[{"name":"wp","href":"https:\/\/api.w.org\/{rel}","templated":true}]}}