{"id":44904,"date":"2023-02-24T14:22:17","date_gmt":"2023-02-24T13:22:17","guid":{"rendered":"https:\/\/www.climatecoating.com\/kalkulacka\/"},"modified":"2024-08-21T17:42:20","modified_gmt":"2024-08-21T15:42:20","slug":"calculus","status":"publish","type":"page","link":"https:\/\/www.climatecoating.com\/sk\/calculus\/","title":{"rendered":"Kalkula\u010dka"},"content":{"rendered":"<div class=\"wpb-content-wrapper\"><p>[vc_row row_type=&#8221;row&#8221; use_row_as_full_screen_section=&#8221;no&#8221; type=&#8221;full_width&#8221; text_align=&#8221;left&#8221; background_animation=&#8221;none&#8221; padding_bottom=&#8221;45&#8243; css_animation=&#8221;&#8221;][vc_column][vc_single_image image=&#8221;44818&#8243; img_size=&#8221;full&#8221; qode_css_animation=&#8221;&#8221;][vc_column_text css=&#8221;.vc_custom_1677228153488{margin-top: 20px !important;}&#8221;]<\/p>\n<h1>Kalkula\u010dka teploty <sup>Calculus\u00ae<\/sup><\/h1>\n<p>[\/vc_column_text][\/vc_column][\/vc_row][vc_row row_type=&#8221;row&#8221; use_row_as_full_screen_section=&#8221;no&#8221; type=&#8221;full_width&#8221; text_align=&#8221;left&#8221; background_animation=&#8221;none&#8221; padding_bottom=&#8221;45&#8243; css_animation=&#8221;&#8221; css=&#8221;.vc_custom_1677187662616{margin-top: -40px !important;}&#8221;][vc_column width=&#8221;1\/2&#8243;][vc_column_text css=&#8221;.vc_custom_1724253671190{padding-bottom: 30px !important;}&#8221;]<sup>Calculus\u00ae<\/sup> je webov\u00fd n\u00e1stroj zalo\u017een\u00fd na umelej inteligencii na predpovedanie rozdielu tepl\u00f4t v interi\u00e9ri a odvodenie potenci\u00e1lnych \u00faspor energie, ak s\u00fa steny a\/alebo strechy pokryt\u00e9 produktmi <sup>ClimateCoating\u00ae<\/sup> ThermoProtect a ThermoActive.<br \/>\nUmel\u00e1 inteligencia (AI) bola a je tr\u00e9novan\u00e1 pomocou ve\u013ek\u00e9ho mno\u017estva \u00fadajov z celosvetovej praxe vr\u00e1tane \u00fadajov z ve\u013emi hor\u00facich klimatick\u00fdch podmienok.  Algoritmus vyu\u017e\u00edva \u00fadaje z fyziky budov: odraz slne\u010dn\u00e9ho \u017eiarenia. <sup>Calculus\u00ae<\/sup> u\u013eah\u010duje v\u00fdpo\u010det n\u00e1kladov a energetickej \u00fa\u010dinnosti budov. To u\u013eah\u010duje pl\u00e1novanie energetickej koncepcie r\u00f4znych typov budov v klimaticky odli\u0161n\u00fdch podmienkach. Webov\u00fd n\u00e1stroj sa neust\u00e1le vyv\u00edja. Radi prijmeme va\u0161e n\u00e1vrhy a ot\u00e1zky prostredn\u00edctvom <a href=\"#feedback\">formul\u00e1ra<\/a>. &#8230;&#8230;&#8230;&#8230;&#8230;&#8230;&#8230;&#8230;&#8230;&#8230;&#8230;&#8230;&#8230;&#8230;&#8230;&#8230;&#8230;&#8230;&#8230;&#8230;&#8230; <strong>D\u0148a 15. m\u00e1ja 2024 z\u00edskal <sup>Calculus\u00ae<\/sup> ocenenie &#8220;Ger<\/strong><strong>man Innovation Award Special&#8221;.<br \/>\nK <a href=\"https:\/\/www.climatecoating.com\/verleihung-german-innovation-award-special\/\" target=\"_blank\" rel=\"noopener\">novink\u00e1m<\/a>. <\/strong><\/p>\n<p><img loading=\"lazy\" decoding=\"async\" class=\"alignleft size-full wp-image-52028\" title=\"Nemeck\u00e1 inova\u010dn\u00e1 cena-2024-Special\" src=\"https:\/\/www.climatecoating.com\/wp-content\/uploads\/2024\/08\/German-Innovation-Award-2024-Special-e1764768260224.jpg\" alt=\"nemeck\u00fd inova\u010dn\u00fd certifik\u00e1t 2024\" width=\"254\" height=\"201\"><\/p>\n<p>&nbsp;<\/p>\n<p>&nbsp;<\/p>\n<p>&nbsp;<\/p>\n<p>&nbsp;<\/p>\n<p>&nbsp;  &#8230;&#8230;&#8230;&#8230;&#8230;&#8230;&#8230;&#8230;&#8230;&#8230;&#8230;&#8230;&#8230;&#8230;&#8230;&#8230;&#8230;&#8230;&#8230;&#8230;&#8230;[\/vc_column_text][\/vc_column][vc_column width=&#8221;1\/2&#8243; css=&#8221;.vc_custom_1677187654806{padding-top: 25px !important;}&#8221;][vc_single_image image=&#8221;44859&#8243; img_size=&#8221;full&#8221; onclick=&#8221;custom_link&#8221; img_link_target=&#8221;_blank&#8221; qode_css_animation=&#8221;&#8221; link=&#8221;https:\/\/ki.sicc-coatings.de\/index\/de?&#8221;][\/vc_column][\/vc_row][vc_row row_type=&#8221;row&#8221; use_row_as_full_screen_section=&#8221;no&#8221; type=&#8221;full_width&#8221; text_align=&#8221;left&#8221; background_animation=&#8221;none&#8221; padding_bottom=&#8221;45&#8243; css_animation=&#8221;&#8221;][vc_column width=&#8221;1\/2&#8243;][vc_column_text css=&#8221;.vc_custom_1694610465920{padding-bottom: 30px !important;}&#8221;]<\/p>\n<h2>Dosiahnutie cie\u013ea len s nieko\u013ek\u00fdmi parametrami<\/h2>\n<p>  Zadajte tieto \u00fadaje:  <\/p>\n<ul>\n<li>Poloha a typ budovy (v\u00fdberov\u00e9 polia),<\/li>\n<li>Klimatizovan\u00e9 alebo neklimatizovan\u00e9 (nepovinn\u00e9 pole)<\/li>\n<li>Typ stavebn\u00e9ho prvku, rozmery stavebn\u00e9ho prvku, zemepisn\u00e1 orient\u00e1cia (svetov\u00e9 strany), existuj\u00faca izol\u00e1cia<\/li>\n<\/ul>\n<p>  V\u00fdsledok vo forme grafu zobrazuje v\u00fdvoj teploty v budove v jednotliv\u00fdch mesiacoch roka &#8211; s n\u00e1terom a bez n\u00e1teru. Okrem toho sa uv\u00e1dza priemern\u00e1 vn\u00fatorn\u00e1 teplota (MKT = priemern\u00e1 kinetick\u00e1 teplota) budovy a sp\u00f4sob jej celkov\u00e9ho ro\u010dn\u00e9ho zn\u00ed\u017eenia pomocou n\u00e1terov. V\u00fdsledky s\u00fa k dispoz\u00edcii na stiahnutie vo form\u00e1te PDF. Pred alebo po\u010das pou\u017e\u00edvania webov\u00e9ho n\u00e1stroja na b\u00e1ze umelej inteligencie je najlep\u0161ie pre\u010d\u00edta\u0165 si<strong> <a href=\"https:\/\/www.climatecoating.com\/wp-content\/uploads\/dlm_uploads\/2023\/09\/Gebrauchsanweisung-KI-Calculus.pdf\" target=\"_blank\" rel=\"noopener\">KI-Calculus n\u00e1vod na pou\u017eitie<\/a><\/strong> pred alebo po\u010das pou\u017e\u00edvania webov\u00e9ho n\u00e1stroja zalo\u017een\u00e9ho na AI.[\/vc_column_text]<a href=\"https:\/\/ki.sicc-coatings.de\/index\/de?\" target=\"_blank\" data-hover-background-color='#d6202d' data-hover-border-color='#d6202d' data-hover-color='#ffffff' class=\"qbutton  qbutton_with_icon\" style=\"color: #ffffff; border-color: #d6202d; background-color: #d6202d;\">Do kalkula\u010dky teploty Calculus\u00ae<i class=\"qode_icon_font_awesome fa fa-arrow-right button_icon\" style=\"\" ><\/i><\/a>[\/vc_column][vc_column width=&#8221;1\/2&#8243;][vc_single_image image=&#8221;44838&#8243; img_size=&#8221;full&#8221; onclick=&#8221;custom_link&#8221; img_link_target=&#8221;_blank&#8221; qode_css_animation=&#8221;&#8221; link=&#8221;https:\/\/ki.sicc-coatings.de\/index\/de?&#8221;][vc_raw_html css=&#8221;.vc_custom_1677241592043{padding-bottom: 30px !important;}&#8221;]PGEgaWQ9ImZlZWRiYWNrIj48L2E+[\/vc_raw_html][\/vc_column][\/vc_row][vc_row row_type=&#8221;row&#8221; use_row_as_full_screen_section=&#8221;no&#8221; type=&#8221;full_width&#8221; text_align=&#8221;left&#8221; background_animation=&#8221;none&#8221; padding_bottom=&#8221;45&#8243; css_animation=&#8221;&#8221;][vc_column][vc_column_text css=&#8221;.vc_custom_1677241364765{padding-bottom: 30px !important;}&#8221; el_id=&#8221;feedback&#8221;]<\/p>\n<h2>Formul\u00e1r sp\u00e4tnej v\u00e4zby<\/h2>\n<p>[\/vc_column_text]\n<div class=\"wpcf7 no-js\" id=\"wpcf7-f44889-o1\" lang=\"sk-SK\" dir=\"ltr\" data-wpcf7-id=\"44889\">\n<div class=\"screen-reader-response\"><p role=\"status\" aria-live=\"polite\" aria-atomic=\"true\"><\/p> <ul><\/ul><\/div>\n<form action=\"\/sk\/wp-json\/wp\/v2\/pages\/44904#wpcf7-f44889-o1\" method=\"post\" class=\"wpcf7-form init default wpcf7-acceptance-as-validation\" aria-label=\"Kontaktn\u00fd formul\u00e1r\" novalidate=\"novalidate\" data-status=\"init\">\n<fieldset class=\"hidden-fields-container\"><input type=\"hidden\" name=\"_wpcf7\" value=\"44889\" \/><input type=\"hidden\" name=\"_wpcf7_version\" value=\"6.1.5\" \/><input type=\"hidden\" name=\"_wpcf7_locale\" value=\"sk_SK\" \/><input type=\"hidden\" name=\"_wpcf7_unit_tag\" value=\"wpcf7-f44889-o1\" \/><input type=\"hidden\" name=\"_wpcf7_container_post\" value=\"0\" \/><input type=\"hidden\" name=\"_wpcf7_posted_data_hash\" value=\"\" \/><input type=\"hidden\" name=\"_wpcf7_recaptcha_response\" value=\"\" \/>\n<\/fieldset>\n<p><label>Va\u0161e meno (povinn\u00e9 pole)<br \/>\n<span class=\"wpcf7-form-control-wrap\" data-name=\"your-name\"><input size=\"40\" maxlength=\"400\" class=\"wpcf7-form-control wpcf7-text wpcf7-validates-as-required\" aria-required=\"true\" aria-invalid=\"false\" value=\"\" type=\"text\" name=\"your-name\" \/><\/span> <\/label>\n<\/p>\n<p><label>Va\u0161a e-mailov\u00e1 adresa (povinn\u00e9 pole)<br \/>\n<span class=\"wpcf7-form-control-wrap\" data-name=\"your-email\"><input size=\"40\" maxlength=\"400\" class=\"wpcf7-form-control wpcf7-email wpcf7-validates-as-required wpcf7-text wpcf7-validates-as-email\" aria-required=\"true\" aria-invalid=\"false\" value=\"\" type=\"email\" name=\"your-email\" \/><\/span> <\/label>\n<\/p>\n<p><label>Moje n\u00e1vrhy a ot\u00e1zky (povinn\u00e9 pole)<br \/>\n<span class=\"wpcf7-form-control-wrap\" data-name=\"your-message\"><textarea cols=\"40\" rows=\"10\" maxlength=\"2000\" class=\"wpcf7-form-control wpcf7-textarea\" aria-invalid=\"false\" name=\"your-message\"><\/textarea><\/span> <\/label>\n<\/p>\n<p><label>Chcel by som odpove\u010f (povinn\u00e9 pole)<\/label><br \/>\n<span class=\"wpcf7-form-control-wrap\" data-name=\"Antwort\"><span class=\"wpcf7-form-control wpcf7-checkbox wpcf7-validates-as-required\"><span class=\"wpcf7-list-item first\"><label><input type=\"checkbox\" name=\"Antwort[]\" value=\"A\" \/><span class=\"wpcf7-list-item-label\">A<\/span><\/label><\/span><span class=\"wpcf7-list-item last\"><label><input type=\"checkbox\" name=\"Antwort[]\" value=\"Nie\" \/><span class=\"wpcf7-list-item-label\">Nie<\/span><\/label><\/span><\/span><\/span>\n<\/p>\n<p><span id=\"wpcf7-69d5204acb732-wrapper\" class=\"wpcf7-form-control-wrap Lieblingsfarbe-wrap\" style=\"display:none !important; visibility:hidden !important;\"><label for=\"lieblingsfarbe\" class=\"hp-message\">Please leave this field empty.<\/label><input id=\"lieblingsfarbe\"  class=\"wpcf7-form-control wpcf7-text\" type=\"text\" name=\"Lieblingsfarbe\" value=\"\" size=\"40\" tabindex=\"-1\" autocomplete=\"new-password\" \/><\/span><br \/>\n<span class=\"wpcf7-form-control-wrap\" data-name=\"cmplz-acceptance\"><span class=\"wpcf7-form-control wpcf7-acceptance\"><span class=\"wpcf7-list-item\"><label><input type=\"checkbox\" name=\"cmplz-acceptance\" value=\"1\" aria-invalid=\"false\" \/><span class=\"wpcf7-list-item-label\">Ak chcete odosla\u0165 tento formul\u00e1r, mus\u00edte akceptova\u0165 na\u0161e <a href=\"#?cmplz_region_redirect=true\">z\u00e1sady ochrany osobn\u00fdch \u00fadajov<\/a>.<\/span><\/label><\/span><\/span><\/span>\n<\/p>\n<p><input class=\"wpcf7-form-control wpcf7-submit has-spinner\" type=\"submit\" value=\"Odosla\u0165\" \/>\n<\/p><div class=\"wpcf7-response-output\" aria-hidden=\"true\"><\/div>\n<\/form>\n<\/div>\n[\/vc_column][\/vc_row]<\/p>\n<\/div>","protected":false},"excerpt":{"rendered":"<p>[vc_row row_type=&#8221;row&#8221; use_row_as_full_screen_section=&#8221;no&#8221; type=&#8221;full_width&#8221; text_align=&#8221;left&#8221; background_animation=&#8221;none&#8221; padding_bottom=&#8221;45&#8243; css_animation=&#8221;&#8221;][vc_column][vc_single_image image=&#8221;44818&#8243; img_size=&#8221;full&#8221; qode_css_animation=&#8221;&#8221;][vc_column_text css=&#8221;.vc_custom_1677228153488{margin-top: 20px !important;}&#8221;] Kalkula\u010dka teploty Calculus\u00ae [\/vc_column_text][\/vc_column][\/vc_row][vc_row row_type=&#8221;row&#8221; use_row_as_full_screen_section=&#8221;no&#8221; type=&#8221;full_width&#8221; text_align=&#8221;left&#8221; background_animation=&#8221;none&#8221; padding_bottom=&#8221;45&#8243; css_animation=&#8221;&#8221; css=&#8221;.vc_custom_1677187662616{margin-top: -40px !important;}&#8221;][vc_column width=&#8221;1\/2&#8243;][vc_column_text css=&#8221;.vc_custom_1724253671190{padding-bottom: 30px !important;}&#8221;]Calculus\u00ae je webov\u00fd n\u00e1stroj zalo\u017een\u00fd na umelej inteligencii na predpovedanie rozdielu tepl\u00f4t v interi\u00e9ri&#8230;<\/p>\n","protected":false},"author":1,"featured_media":0,"parent":0,"menu_order":800,"comment_status":"closed","ping_status":"closed","template":"","meta":{"footnotes":""},"class_list":["post-44904","page","type-page","status-publish","hentry"],"_links":{"self":[{"href":"https:\/\/www.climatecoating.com\/sk\/wp-json\/wp\/v2\/pages\/44904","targetHints":{"allow":["GET"]}}],"collection":[{"href":"https:\/\/www.climatecoating.com\/sk\/wp-json\/wp\/v2\/pages"}],"about":[{"href":"https:\/\/www.climatecoating.com\/sk\/wp-json\/wp\/v2\/types\/page"}],"author":[{"embeddable":true,"href":"https:\/\/www.climatecoating.com\/sk\/wp-json\/wp\/v2\/users\/1"}],"replies":[{"embeddable":true,"href":"https:\/\/www.climatecoating.com\/sk\/wp-json\/wp\/v2\/comments?post=44904"}],"version-history":[{"count":0,"href":"https:\/\/www.climatecoating.com\/sk\/wp-json\/wp\/v2\/pages\/44904\/revisions"}],"wp:attachment":[{"href":"https:\/\/www.climatecoating.com\/sk\/wp-json\/wp\/v2\/media?parent=44904"}],"curies":[{"name":"wp","href":"https:\/\/api.w.org\/{rel}","templated":true}]}}