{"id":61496,"date":"2022-01-12T14:46:16","date_gmt":"2022-01-12T13:46:16","guid":{"rendered":"https:\/\/www.climatecoating.com\/spolocnosti\/slovnik-pojmov\/"},"modified":"2026-02-03T15:48:52","modified_gmt":"2026-02-03T14:48:52","slug":"zakaznicka-zona","status":"publish","type":"page","link":"https:\/\/www.climatecoating.com\/sk\/zakaznicka-zona\/","title":{"rendered":"Z\u00e1kazn\u00edcka z\u00f3na"},"content":{"rendered":"<div class=\"wpb-content-wrapper\"><p>[vc_row row_type=&#8221;row&#8221; use_row_as_full_screen_section=&#8221;no&#8221; type=&#8221;full_width&#8221; text_align=&#8221;left&#8221; background_animation=&#8221;none&#8221; css_animation=&#8221;&#8221;][vc_column][vc_single_image image=&#8221;62728&#8243; img_size=&#8221;full&#8221; css=&#8221;.vc_custom_1766060041546{padding-bottom: 30px !important;}&#8221; qode_css_animation=&#8221;&#8221;][\/vc_column][\/vc_row][vc_row row_type=&#8221;row&#8221; use_row_as_full_screen_section=&#8221;no&#8221; type=&#8221;full_width&#8221; text_align=&#8221;left&#8221; background_animation=&#8221;none&#8221; padding_bottom=&#8221;45&#8243; css_animation=&#8221;&#8221;][vc_column width=&#8221;1\/4&#8243;]<div class=\"ult_row_spacer\"><div class=\"ult-sticky-anchor\"><div class=\"ult-sticky-section ult-sticky \"  data-gutter= '100' data-stick_behaviour= 'stick_with_scroll_row'  data-sticky_position= 'top' data-mobile='no' data-support='no'>[vc_raw_html css=&#8221;&#8221;]JTVCY213aXphcmQlMjB3aWRnZXQlM0QyJTJGJTVE[\/vc_raw_html]<\/div><div class=\"ult-space\"><\/div><\/div><\/div>[\/vc_column][vc_column width=&#8221;3\/4&#8243;][vc_column_text css=&#8221;.vc_custom_1766480460093{padding-bottom: 30px !important;}&#8221;]<\/p>\n<h1>Z\u00e1kazn\u00edcka z\u00f3na<\/h1>\n<p>Z\u00e1kazn\u00edcka z\u00f3na <strong data-start=\"339\" data-end=\"356\">SICC Coatings<\/strong> je va\u0161ou centr\u00e1lnou platformou pre vedomosti, digit\u00e1lne n\u00e1stroje a praktick\u00e9 rie\u0161enia t\u00fdkaj\u00face sa klimaticky akt\u00edvnych funk\u010dn\u00fdch farieb. Pom\u00f4\u017ee v\u00e1m efekt\u00edvne pl\u00e1nova\u0165 projekty, prij\u00edma\u0165 informovan\u00e9 rozhodnutia a naplno vyu\u017e\u00edva\u0165 potenci\u00e1l na\u0161ej technol\u00f3gie.<\/p>\n<p data-start=\"646\" data-end=\"886\"><strong data-start=\"646\" data-end=\"664\">\ud83d\udd0d KI-Calculus<\/strong><br data-start=\"664\" data-end=\"667\" \/>Inteligentn\u00e1 pom\u00f4cka na pl\u00e1novanie na vyhodnotenie energetickej \u00fa\u010dinnosti, zn\u00ed\u017eenia emisi\u00ed CO\u2082 a potenci\u00e1lu \u00faspor. Simulujte scen\u00e1re a z\u00edskajte spo\u013eahliv\u00fd z\u00e1klad pre rozhodovanie &#8211; r\u00fdchlo, transparentne a na z\u00e1klade \u00fadajov.<\/p>\n<p data-start=\"888\" data-end=\"1066\"><strong data-start=\"888\" data-end=\"904\">\ud83d\udcc1 Medi\u00e1lne centrum<\/strong><br data-start=\"904\" data-end=\"907\" \/>Centralizovan\u00fd pr\u00edstup k vide\u00e1m o na\u0161ich produktoch a ich v\u00fdhod\u00e1ch, technol\u00f3gii produktov a mnoh\u00e9mu \u010fal\u0161iemu &#8211; preh\u013eadn\u00e9, aktu\u00e1lne a kedyko\u013evek dostupn\u00e9.<\/p>\n<p data-start=\"1068\" data-end=\"1309\"><strong data-start=\"1068\" data-end=\"1085\">\ud83c\udf0d Referencie<\/strong><br data-start=\"1085\" data-end=\"1088\" \/>In\u0161pirujte sa realizovan\u00fdmi projektmi po celom svete. Objavte praktick\u00e9 pr\u00edklady pou\u017eitia a zistite, ako na\u0161e rie\u0161enia funguj\u00fa v r\u00f4znych klimatick\u00fdch p\u00e1smach a oblastiach pou\u017eitia.<\/p>\n<p data-start=\"1311\" data-end=\"1476\"><strong data-start=\"1311\" data-end=\"1320\">\u2753 FAQ<\/strong><br data-start=\"1320\" data-end=\"1323\" \/>Kompaktn\u00e9 odpovede na \u010dasto kladen\u00e9 ot\u00e1zky o technol\u00f3gii, aplik\u00e1cii, \u00fa\u010dinku a realiz\u00e1cii &#8211; preh\u013eadne spracovan\u00e9 pre pl\u00e1novanie, konzult\u00e1cie a rozhodovanie.<\/p>\n<p data-start=\"1478\" data-end=\"1664\"><strong data-start=\"1478\" data-end=\"1489\">\ud83d\udcf0 Blog<\/strong><br data-start=\"1489\" data-end=\"1492\" \/>Aktu\u00e1lne \u010dl\u00e1nky o technol\u00f3gi\u00e1ch, udr\u017eate\u013enosti, v\u00fdskume a trendoch na trhu. Bu\u010fte informovan\u00ed o inov\u00e1ci\u00e1ch a v\u00fdvoji v oblasti klimaticky akt\u00edvnych povrchov.<\/p>\n<p data-start=\"1666\" data-end=\"1833\">\ud83d\udcd8 <strong data-start=\"1666\" data-end=\"1680\">Slovn\u00edk<\/strong><br data-start=\"1680\" data-end=\"1683\" \/>R\u00fdchla orient\u00e1cia v odbornej terminol\u00f3gii. Jasne vysvetlen\u00e9 term\u00edny zabezpe\u010duj\u00fa istotu pri pr\u00e1ci s technick\u00fdm a vedeck\u00fdm obsahom.<\/p>\n<p>[\/vc_column_text][\/vc_column][\/vc_row]<\/p>\n<\/div>","protected":false},"excerpt":{"rendered":"<p>[vc_row row_type=&#8221;row&#8221; use_row_as_full_screen_section=&#8221;no&#8221; type=&#8221;full_width&#8221; text_align=&#8221;left&#8221; background_animation=&#8221;none&#8221; css_animation=&#8221;&#8221;][vc_column][vc_single_image image=&#8221;62728&#8243; img_size=&#8221;full&#8221; css=&#8221;.vc_custom_1766060041546{padding-bottom: 30px !important;}&#8221; qode_css_animation=&#8221;&#8221;][\/vc_column][\/vc_row][vc_row row_type=&#8221;row&#8221; use_row_as_full_screen_section=&#8221;no&#8221; type=&#8221;full_width&#8221; text_align=&#8221;left&#8221; background_animation=&#8221;none&#8221; padding_bottom=&#8221;45&#8243; css_animation=&#8221;&#8221;][vc_column width=&#8221;1\/4&#8243;][\/vc_column][vc_column width=&#8221;3\/4&#8243;][vc_column_text css=&#8221;.vc_custom_1766480460093{padding-bottom: 30px !important;}&#8221;] Z\u00e1kazn\u00edcka z\u00f3na Z\u00e1kazn\u00edcka z\u00f3na SICC Coatings je va\u0161ou centr\u00e1lnou platformou pre vedomosti, digit\u00e1lne n\u00e1stroje a praktick\u00e9 rie\u0161enia t\u00fdkaj\u00face sa klimaticky&#8230;<\/p>\n","protected":false},"author":1,"featured_media":0,"parent":0,"menu_order":600,"comment_status":"closed","ping_status":"closed","template":"","meta":{"footnotes":""},"class_list":["post-61496","page","type-page","status-publish","hentry"],"_links":{"self":[{"href":"https:\/\/www.climatecoating.com\/sk\/wp-json\/wp\/v2\/pages\/61496","targetHints":{"allow":["GET"]}}],"collection":[{"href":"https:\/\/www.climatecoating.com\/sk\/wp-json\/wp\/v2\/pages"}],"about":[{"href":"https:\/\/www.climatecoating.com\/sk\/wp-json\/wp\/v2\/types\/page"}],"author":[{"embeddable":true,"href":"https:\/\/www.climatecoating.com\/sk\/wp-json\/wp\/v2\/users\/1"}],"replies":[{"embeddable":true,"href":"https:\/\/www.climatecoating.com\/sk\/wp-json\/wp\/v2\/comments?post=61496"}],"version-history":[{"count":9,"href":"https:\/\/www.climatecoating.com\/sk\/wp-json\/wp\/v2\/pages\/61496\/revisions"}],"predecessor-version":[{"id":63020,"href":"https:\/\/www.climatecoating.com\/sk\/wp-json\/wp\/v2\/pages\/61496\/revisions\/63020"}],"wp:attachment":[{"href":"https:\/\/www.climatecoating.com\/sk\/wp-json\/wp\/v2\/media?parent=61496"}],"curies":[{"name":"wp","href":"https:\/\/api.w.org\/{rel}","templated":true}]}}