{"id":34667,"date":"2020-07-22T22:26:08","date_gmt":"2020-07-22T20:26:08","guid":{"rendered":"https:\/\/www.climatecoating.com\/produkte\/historia\/"},"modified":"2024-12-10T17:00:33","modified_gmt":"2024-12-10T16:00:33","slug":"history","status":"publish","type":"product","link":"https:\/\/www.climatecoating.com\/sk\/produkt\/history\/","title":{"rendered":"History"},"content":{"rendered":"<p>Takmer ka\u017ed\u00fd miner\u00e1lny substr\u00e1t v star\u00fdch budov\u00e1ch je kontaminovan\u00fd vodou a so\u013eou. To vysvet\u013euje po\u017eiadavku pamiatkovej ochrany na optim\u00e1lny kapil\u00e1rny a dif\u00fazne otvoren\u00fd n\u00e1ter, ktor\u00fd by mal absol\u00fatne zabr\u00e1ni\u0165 usadzovaniu sol\u00ed a vlhkosti a z\u00e1rove\u0148 odol\u00e1va\u0165 v\u0161etk\u00fdm modern\u00fdm zne\u010disteniam \u017eivotn\u00e9ho prostredia.<\/p>\n<p><strong>Jemn\u00e9 kapil\u00e1rne su\u0161enie<\/strong><br \/>\nNaj\u00fa\u010dinnej\u0161\u00edm odvlh\u010dovac\u00edm mechanizmom je kapil\u00e1rne su\u0161enie, pri ktorom doch\u00e1dza k transportu vody a soli zvn\u00fatra na vonkaj\u0161iu stranu povrchu steny. History umo\u017e\u0148uje \u0161etrnej\u0161ie odvlh\u010dovanie a\u017e po stavebn\u00fa kompenz\u00e1ciu vlhkosti a ako hygrick\u00e1 di\u00f3da br\u00e1ni nov\u00e9mu vstupu vlhkosti, napr\u00edklad da\u017e\u010fom. Riasy, machy a huby u\u017e nenach\u00e1dzaj\u00fa \u017eivn\u00fa p\u00f4du a fas\u00e1dy si zachov\u00e1vaj\u00fa svoj hodnotn\u00fd vzh\u013ead dlh\u00e9 roky \u2013 v\u010faka fyzik\u00e1lnym vlastnostiam a kvalitnej recept\u00fare History.<\/p>\n","protected":false},"excerpt":{"rendered":"<p><strong>Cenovo v\u00fdhodn\u00e1 ochrana fas\u00e1dy s jemn\u00fdm odvlh\u010dovan\u00edm<\/strong><\/p>\n<p>Fas\u00e1dny n\u00e1ter History pre pamiatkovo chr\u00e1nen\u00e9 fas\u00e1dy charakterizuje jemn\u00e9 kapil\u00e1rne vysychanie a kompenza\u010dn\u00e9 riadenie vlhkosti. Navy\u0161e, nov\u00e9mu vstupu vlhkosti je \u00fa\u010dinne zabr\u00e1nen\u00e9 pomocou History \u2013 \u00faplne prirodzen\u00fdm, fyzick\u00fdm sp\u00f4sobom.<\/p>\n<p>V\u0161etky n\u00e1tery a farby ClimateCoating<sup>\u00ae<\/sup> s\u00fa zalo\u017een\u00e9 na technol\u00f3gii reflexnej membr\u00e1ny a maj\u00fa \u010disto fyzik\u00e1lny \u00fa\u010dinok. Ekologick\u00e9 a vysokov\u00fdkonn\u00e9 farby presvied\u010daj\u00fa pou\u017e\u00edvate\u013eov na celom svete u\u017e od roku 2003 svojimi \u0161peci\u00e1lnymi vlastnos\u0165ami a vysokou hospod\u00e1rnos\u0165ou.<\/p>\n","protected":false},"featured_media":33533,"template":"","meta":[],"product_brand":[],"product_cat":[1666,1707,1673,1676],"product_tag":[],"class_list":{"0":"post-34667","1":"product","2":"type-product","3":"status-publish","4":"has-post-thumbnail","6":"product_cat-oblasti-pouzitia","7":"product_cat-vonku","8":"product_cat-pamiatkovej-ochrany","9":"product_cat-ochrana-historickych-fasad","11":"first","12":"instock","13":"taxable","14":"shipping-taxable","15":"purchasable","16":"product-type-variable"},"_links":{"self":[{"href":"https:\/\/www.climatecoating.com\/sk\/wp-json\/wp\/v2\/product\/34667","targetHints":{"allow":["GET"]}}],"collection":[{"href":"https:\/\/www.climatecoating.com\/sk\/wp-json\/wp\/v2\/product"}],"about":[{"href":"https:\/\/www.climatecoating.com\/sk\/wp-json\/wp\/v2\/types\/product"}],"wp:featuredmedia":[{"embeddable":true,"href":"https:\/\/www.climatecoating.com\/sk\/wp-json\/wp\/v2\/media\/33533"}],"wp:attachment":[{"href":"https:\/\/www.climatecoating.com\/sk\/wp-json\/wp\/v2\/media?parent=34667"}],"wp:term":[{"taxonomy":"product_brand","embeddable":true,"href":"https:\/\/www.climatecoating.com\/sk\/wp-json\/wp\/v2\/product_brand?post=34667"},{"taxonomy":"product_cat","embeddable":true,"href":"https:\/\/www.climatecoating.com\/sk\/wp-json\/wp\/v2\/product_cat?post=34667"},{"taxonomy":"product_tag","embeddable":true,"href":"https:\/\/www.climatecoating.com\/sk\/wp-json\/wp\/v2\/product_tag?post=34667"}],"curies":[{"name":"wp","href":"https:\/\/api.w.org\/{rel}","templated":true}]}}