{"id":34673,"date":"2020-08-26T10:09:51","date_gmt":"2020-08-26T08:09:51","guid":{"rendered":"https:\/\/www.climatecoating.com\/produkte\/zincprimer-2\/"},"modified":"2025-01-30T00:24:29","modified_gmt":"2025-01-29T23:24:29","slug":"zincprimer","status":"publish","type":"product","link":"https:\/\/www.climatecoating.com\/sk\/produkt\/zincprimer\/","title":{"rendered":"ZincPrimer"},"content":{"rendered":"<p>ZincPrimer je <strong>je vodou riedite\u013en\u00fd z\u00e1kladn\u00fd n\u00e1ter na b\u00e1ze akryl\u00e1tovej \u017eivice (bez obsahu rozp\u00fa\u0161\u0165adiel, olova a chr\u00f3mu) pre vn\u00fatorn\u00e9 a vonkaj\u0161ie pou\u017eitie. <\/strong>ZincPrimer sa pou\u017e\u00edva ako sprostredkovate\u013e pri\u013enavosti pre ne\u017eelezn\u00e9 kovy, ako je zinok, pozinkovan\u00e1 oce\u013e, nehrdzavej\u00faca oce\u013e, hlin\u00edk, oce\u013e, hlin\u00edk a me\u010f, a m\u00f4\u017ee sa pou\u017ei\u0165 aj ako z\u00e1kladn\u00fd n\u00e1ter na \u013eahk\u00fa antikor\u00f3znu ochranu na \u017eelezn\u00fdch a oce\u013eov\u00fdch povrchoch.<\/p>\n","protected":false},"excerpt":{"rendered":"<p><strong>Sprostredkovate\u013e pri\u013enavosti na ne\u017eelezn\u00e9 kovy pripraven\u00fd na pou\u017eitie<\/strong><\/p>\n<p>Dobr\u00e1 zodpovednos\u0165 potrebuje siln\u00e9ho partnera. ZincPrimer je ide\u00e1lnym doplnkom v\u0161etk\u00fdch n\u00e1terov ClimateCoating<sup>\u00ae<\/sup> na ne\u017eelezn\u00e9 kovy.<\/p>\n","protected":false},"featured_media":33713,"template":"","meta":[],"product_brand":[],"product_cat":[1666,1667,1712],"product_tag":[],"class_list":{"0":"post-34673","1":"product","2":"type-product","3":"status-publish","4":"has-post-thumbnail","6":"product_cat-oblasti-pouzitia","7":"product_cat-stavat-nazivo","8":"product_cat-doplnkove-produkty","10":"first","11":"instock","12":"taxable","13":"shipping-taxable","14":"purchasable","15":"product-type-variable"},"_links":{"self":[{"href":"https:\/\/www.climatecoating.com\/sk\/wp-json\/wp\/v2\/product\/34673","targetHints":{"allow":["GET"]}}],"collection":[{"href":"https:\/\/www.climatecoating.com\/sk\/wp-json\/wp\/v2\/product"}],"about":[{"href":"https:\/\/www.climatecoating.com\/sk\/wp-json\/wp\/v2\/types\/product"}],"wp:featuredmedia":[{"embeddable":true,"href":"https:\/\/www.climatecoating.com\/sk\/wp-json\/wp\/v2\/media\/33713"}],"wp:attachment":[{"href":"https:\/\/www.climatecoating.com\/sk\/wp-json\/wp\/v2\/media?parent=34673"}],"wp:term":[{"taxonomy":"product_brand","embeddable":true,"href":"https:\/\/www.climatecoating.com\/sk\/wp-json\/wp\/v2\/product_brand?post=34673"},{"taxonomy":"product_cat","embeddable":true,"href":"https:\/\/www.climatecoating.com\/sk\/wp-json\/wp\/v2\/product_cat?post=34673"},{"taxonomy":"product_tag","embeddable":true,"href":"https:\/\/www.climatecoating.com\/sk\/wp-json\/wp\/v2\/product_tag?post=34673"}],"curies":[{"name":"wp","href":"https:\/\/api.w.org\/{rel}","templated":true}]}}