{"id":34682,"date":"2020-07-22T22:51:20","date_gmt":"2020-07-22T20:51:20","guid":{"rendered":"https:\/\/www.climatecoating.com\/produkte\/stuccotex-280-2\/"},"modified":"2024-12-10T17:00:29","modified_gmt":"2024-12-10T16:00:29","slug":"stuccotex-280","status":"publish","type":"product","link":"https:\/\/www.climatecoating.com\/sk\/produkt\/stuccotex-280\/","title":{"rendered":"StuccoTex 280"},"content":{"rendered":"<p>\u013dahk\u00e1, r\u00fdchlo pou\u017eite\u013en\u00e1 a mimoriadne odoln\u00e1 vo\u010di poveternostn\u00fdm vplyvom \u2013 tak\u00e1 by mala by\u0165 omietka z h\u013eadiska spracovania a vlastnost\u00ed. StuccoTex 280 dok\u00e1\u017ee e\u0161te viac, preto\u017ee je vysoko elastick\u00fd a zni\u017euje tepeln\u00e9 nam\u00e1hanie, tak\u017ee ho mo\u017eno pou\u017ei\u0165 aj na n\u00e1ro\u010dn\u00e9 podklady ako je drevo. Inovat\u00edvna technol\u00f3gia produktov to umo\u017e\u0148uje.<\/p>\n<ul>\n<li>0,85 kg \/ dm\u00b3 hustota<\/li>\n<li>vysoko elastick\u00e9<\/li>\n<li>hr\u00fabka zrna cca 2,0 a\u017e 2,8 mm<\/li>\n<\/ul>\n<p><strong>\u0160trukt\u00fara a farba<\/strong><br \/>\nOmietka je hrubozrnn\u00e1 a vytv\u00e1ra dekorat\u00edvny, homog\u00e9nne \u0161trukt\u00farovan\u00fd povrch.<br \/>\nM\u00e1te medzi klasickou bielou a ve\u013emi kr\u00e1snymi, modern\u00fdmi pastelov\u00fdmi t\u00f3nmi. S fas\u00e1dnym n\u00e1terom ThermoProtect \u013eahko nastav\u00edte v\u00fdrazn\u00e9 farebn\u00e9 akcenty. T\u00e1to fas\u00e1dna farba si zachov\u00e1va v\u0161etky vlastnosti StuccoTex 280. Hodnoty svetlosti sa nemusia bra\u0165 do \u00favahy.<\/p>\n<p><strong>Jednoduch\u00e9 pou\u017eitie<\/strong><br \/>\nToto hrub\u00e9 zrno sa nastrieka tlakom 3,5 baru a potom sa u\u017e nemus\u00ed hladi\u0165. Alebo sa nan\u00e1\u0161a nerezov\u00fdm hladidlom, stiahne sa na zrnitos\u0165 a uhlad\u00ed. StuccoTex 280 sa neotiera!<br \/>\nStuccoTex je pripraven\u00fd na pou\u017eitie a vodou ho mo\u017eno upravi\u0165 na po\u017eadovan\u00fa viskozitu pri spracovan\u00ed.<\/p>\n","protected":false},"excerpt":{"rendered":"<p><strong> \u0160pi\u010dkov\u00e1 \u013eahk\u00e1 \u0161truktur\u00e1lna omietka, ktor\u00e1 zni\u017euje tepeln\u00e9 nam\u00e1hanie <\/strong><\/p>\n<p>S 0,85 kg \/ dm\u00b3 v su\u0161ine je \u0161trukt\u00farovan\u00e1 omietka StuccoTex 280 tak\u00e1 \u013eahk\u00e1, \u017ee neovplyv\u0148uje \u0161truktur\u00e1lne podmienky fas\u00e1dy. Tepeln\u00e9 nap\u00e4tie je zn\u00ed\u017een\u00e9, preto\u017ee StuccoTex 280 je vysoko elastick\u00fd. D\u00e1 sa pou\u017ei\u0165 aj na n\u00e1ro\u010dn\u00e9 povrchy ako je drevo. T\u00fato \u013eahk\u00fa omietku m\u00f4\u017eete prakticky ohn\u00fa\u0165!<\/p>\n<p>V\u0161etky n\u00e1tery a farby ClimateCoating<sup>\u00ae<\/sup> s\u00fa zalo\u017een\u00e9 na technol\u00f3gii reflexnej membr\u00e1ny a maj\u00fa \u010disto fyzik\u00e1lny \u00fa\u010dinok. Ekologick\u00e9 a vysoko v\u00fdkonn\u00e9 farby presvied\u010daj\u00fa pou\u017e\u00edvate\u013eov na celom svete od roku 2003 svojimi \u0161peci\u00e1lnymi vlastnos\u0165ami a vysokou hospod\u00e1rnos\u0165ou.<\/p>\n","protected":false},"featured_media":33534,"template":"","meta":[],"product_brand":[],"product_cat":[1666,1667,1707,1711,1703],"product_tag":[],"class_list":{"0":"post-34682","1":"product","2":"type-product","3":"status-publish","4":"has-post-thumbnail","6":"product_cat-oblasti-pouzitia","7":"product_cat-stavat-nazivo","8":"product_cat-vonku","9":"product_cat-vnutri","10":"product_cat-verejne-budovy","12":"first","13":"instock","14":"taxable","15":"shipping-taxable","16":"purchasable","17":"product-type-variable"},"_links":{"self":[{"href":"https:\/\/www.climatecoating.com\/sk\/wp-json\/wp\/v2\/product\/34682","targetHints":{"allow":["GET"]}}],"collection":[{"href":"https:\/\/www.climatecoating.com\/sk\/wp-json\/wp\/v2\/product"}],"about":[{"href":"https:\/\/www.climatecoating.com\/sk\/wp-json\/wp\/v2\/types\/product"}],"wp:featuredmedia":[{"embeddable":true,"href":"https:\/\/www.climatecoating.com\/sk\/wp-json\/wp\/v2\/media\/33534"}],"wp:attachment":[{"href":"https:\/\/www.climatecoating.com\/sk\/wp-json\/wp\/v2\/media?parent=34682"}],"wp:term":[{"taxonomy":"product_brand","embeddable":true,"href":"https:\/\/www.climatecoating.com\/sk\/wp-json\/wp\/v2\/product_brand?post=34682"},{"taxonomy":"product_cat","embeddable":true,"href":"https:\/\/www.climatecoating.com\/sk\/wp-json\/wp\/v2\/product_cat?post=34682"},{"taxonomy":"product_tag","embeddable":true,"href":"https:\/\/www.climatecoating.com\/sk\/wp-json\/wp\/v2\/product_tag?post=34682"}],"curies":[{"name":"wp","href":"https:\/\/api.w.org\/{rel}","templated":true}]}}