{"id":34689,"date":"2020-07-22T23:13:11","date_gmt":"2020-07-22T21:13:11","guid":{"rendered":"https:\/\/www.climatecoating.com\/produkte\/natureglaze-2\/"},"modified":"2024-12-10T17:00:23","modified_gmt":"2024-12-10T16:00:23","slug":"natureglaze","status":"publish","type":"product","link":"https:\/\/www.climatecoating.com\/sk\/produkt\/natureglaze\/","title":{"rendered":"NatureGlaze"},"content":{"rendered":"<p><strong>High-tech n\u00e1ter, ktor\u00fd sp\u013a\u0148a to, \u010do s\u013eubuje<\/strong><br \/>\nS ClimateCoating<sup>\u00ae<\/sup> NatureGlaze s\u00fa dreven\u00e9 komponenty chr\u00e1nen\u00e9 a zost\u00e1vaj\u00fa kr\u00e1sne po v\u00fdnimo\u010dne dlh\u00fa dobu. S\u00fahra pri\u013enavosti, elasticity a extr\u00e9mnej odolnosti v kombin\u00e1cii so zn\u00ed\u017een\u00edm napu\u010diavania a zmr\u0161\u0165ovania ide\u00e1lne od\u010fa\u013euje proces starnutia dreva. \u017diadne olupovanie farby, \u017eiadne vyblednutie. S\u013e\u00faben\u00e9!<\/p>\n<p><strong>Oblasti pou\u017eitia<\/strong><br \/>\nNatureGlaze je ur\u010den\u00e1 pre dreven\u00e9 komponenty s obmedzenou rozmerovou st\u00e1los\u0165ou (pero-dr\u00e1\u017eky, krovy, okenice a br\u00e1ny) a pre rozmerovo nest\u00e1le dreven\u00e9 komponenty (balk\u00f3nov\u00e9 parapety, \u0161indle, pergoly a ploty).<\/p>\n<p>Zatia\u013e \u010do hrubovrstvov\u00e1 glaz\u00fara NatureGlaze pon\u00faka zvl\u00e1dnute\u013en\u00e9 farebn\u00e9 spektrum, kryc\u00ed pr\u00edrodn\u00fd n\u00e1ter je dostupn\u00fd v mnoh\u00fdch farebn\u00fdch odtie\u0148och. Z\u00e1kladn\u00fd n\u00e1ter NaturePrimer pripraven\u00fd na pou\u017eitie dop\u013a\u0148a cel\u00fd s\u00fabor produktov.<\/p>\n","protected":false},"excerpt":{"rendered":"<p><strong>Farebn\u00e1 a poveternostne odoln\u00e1 ochrana dreva &#8211; laz\u00farovan\u00e9<\/strong><\/p>\n<p>NatureGlaze je priesvitn\u00fd high-tech n\u00e1ter pre v\u0161etky dreven\u00e9 komponenty s obmedzenou a bezrozmerovou stabilitou v exteri\u00e9ri. Vysok\u00e1 odolnos\u0165 vo\u010di poveternostn\u00fdm vplyvom a trval\u00e1 elasticita, Nature je dokonal\u00e1 ochrana dreva na dlh\u00e9 roky!<\/p>\n","protected":false},"featured_media":33680,"template":"","meta":[],"product_brand":[],"product_cat":[1666,1709],"product_tag":[],"class_list":{"0":"post-34689","1":"product","2":"type-product","3":"status-publish","4":"has-post-thumbnail","6":"product_cat-oblasti-pouzitia","7":"product_cat-ochrana-dreva","9":"first","10":"instock","11":"taxable","12":"shipping-taxable","13":"product-type-variable"},"_links":{"self":[{"href":"https:\/\/www.climatecoating.com\/sk\/wp-json\/wp\/v2\/product\/34689","targetHints":{"allow":["GET"]}}],"collection":[{"href":"https:\/\/www.climatecoating.com\/sk\/wp-json\/wp\/v2\/product"}],"about":[{"href":"https:\/\/www.climatecoating.com\/sk\/wp-json\/wp\/v2\/types\/product"}],"wp:featuredmedia":[{"embeddable":true,"href":"https:\/\/www.climatecoating.com\/sk\/wp-json\/wp\/v2\/media\/33680"}],"wp:attachment":[{"href":"https:\/\/www.climatecoating.com\/sk\/wp-json\/wp\/v2\/media?parent=34689"}],"wp:term":[{"taxonomy":"product_brand","embeddable":true,"href":"https:\/\/www.climatecoating.com\/sk\/wp-json\/wp\/v2\/product_brand?post=34689"},{"taxonomy":"product_cat","embeddable":true,"href":"https:\/\/www.climatecoating.com\/sk\/wp-json\/wp\/v2\/product_cat?post=34689"},{"taxonomy":"product_tag","embeddable":true,"href":"https:\/\/www.climatecoating.com\/sk\/wp-json\/wp\/v2\/product_tag?post=34689"}],"curies":[{"name":"wp","href":"https:\/\/api.w.org\/{rel}","templated":true}]}}