{"id":34718,"date":"2020-07-22T23:18:11","date_gmt":"2020-07-22T21:18:11","guid":{"rendered":"https:\/\/www.climatecoating.com\/produkte\/natureprimer-2\/"},"modified":"2024-12-10T17:00:21","modified_gmt":"2024-12-10T16:00:21","slug":"natureprimer","status":"publish","type":"product","link":"https:\/\/www.climatecoating.com\/sk\/produkt\/natureprimer\/","title":{"rendered":"NaturePrimer"},"content":{"rendered":"<p>ClimateCoating<sup>\u00ae<\/sup> \u2013NaturePrimer a \u2013Nature s\u00fa dokonal\u00e9 duo na kryciu ochranu dreven\u00fdch komponentov v exteri\u00e9ri. S\u00fahra pri\u013enavosti, elasticity a extr\u00e9mnej odolnosti v kombin\u00e1cii so zn\u00ed\u017een\u00edm napu\u010diavania a zmr\u0161\u0165ovania ide\u00e1lne od\u010fa\u013euje proces starnutia dreva.<\/p>\n","protected":false},"excerpt":{"rendered":"<p><strong>Sprostredkovate\u013e pri\u013enavosti pre dreven\u00e9 komponenty v exteri\u00e9ri pripraven\u00fd na pou\u017eitie<\/strong><\/p>\n<p>NaturePrimer je z\u00e1kladn\u00fd n\u00e1ter pripraven\u00fd na pou\u017eitie na dreven\u00e9 komponenty s obmedzenou a bezrozmerovou stabilitou v exteri\u00e9ri. Je zalo\u017een\u00e1 na technol\u00f3gii reflexnej membr\u00e1ny, je variabilne otvoren\u00e1 dif\u00fazii a prisp\u00f4soben\u00e1 vlastnostiam pr\u00edrody.<\/p>\n","protected":false},"featured_media":33682,"template":"","meta":[],"product_brand":[],"product_cat":[1666,1709],"product_tag":[],"class_list":{"0":"post-34718","1":"product","2":"type-product","3":"status-publish","4":"has-post-thumbnail","6":"product_cat-oblasti-pouzitia","7":"product_cat-ochrana-dreva","9":"first","10":"instock","11":"taxable","12":"shipping-taxable","13":"purchasable","14":"product-type-variable"},"_links":{"self":[{"href":"https:\/\/www.climatecoating.com\/sk\/wp-json\/wp\/v2\/product\/34718","targetHints":{"allow":["GET"]}}],"collection":[{"href":"https:\/\/www.climatecoating.com\/sk\/wp-json\/wp\/v2\/product"}],"about":[{"href":"https:\/\/www.climatecoating.com\/sk\/wp-json\/wp\/v2\/types\/product"}],"wp:featuredmedia":[{"embeddable":true,"href":"https:\/\/www.climatecoating.com\/sk\/wp-json\/wp\/v2\/media\/33682"}],"wp:attachment":[{"href":"https:\/\/www.climatecoating.com\/sk\/wp-json\/wp\/v2\/media?parent=34718"}],"wp:term":[{"taxonomy":"product_brand","embeddable":true,"href":"https:\/\/www.climatecoating.com\/sk\/wp-json\/wp\/v2\/product_brand?post=34718"},{"taxonomy":"product_cat","embeddable":true,"href":"https:\/\/www.climatecoating.com\/sk\/wp-json\/wp\/v2\/product_cat?post=34718"},{"taxonomy":"product_tag","embeddable":true,"href":"https:\/\/www.climatecoating.com\/sk\/wp-json\/wp\/v2\/product_tag?post=34718"}],"curies":[{"name":"wp","href":"https:\/\/api.w.org\/{rel}","templated":true}]}}