{"id":34756,"date":"2020-08-09T14:37:27","date_gmt":"2020-08-09T12:37:27","guid":{"rendered":"https:\/\/www.climatecoating.com\/produkte\/pu-bezpecny-nater\/"},"modified":"2024-12-10T17:00:18","modified_gmt":"2024-12-10T16:00:18","slug":"pu-safe-coating","status":"publish","type":"product","link":"https:\/\/www.climatecoating.com\/sk\/produkt\/pu-safe-coating\/","title":{"rendered":"PU Safe Coating"},"content":{"rendered":"<p>Tento sp\u00f4sob utesnenia okien a dver\u00ed pri mont\u00e1\u017ei je jednoduch\u0161\u00ed a ekonomickej\u0161\u00ed ako be\u017en\u00e9 sp\u00f4soby s kompresnou p\u00e1skou, p\u00e1skou na utesnenie \u0161k\u00e1r alebo f\u00f3liou. S novou met\u00f3dou zost\u00e1va okno dookola tesn\u00e9, v chladnom a teplom po\u010das\u00ed, pri prudkom da\u017edi alebo pri dlhom obdob\u00ed sucha.<\/p>\n<p>Variabiln\u00e1 dif\u00fazna otvorenos\u0165 PU Safe Coating umo\u017e\u0148uje jeho pou\u017eitie v interi\u00e9ri aj exteri\u00e9ri. PU Safe Coating tvor\u00ed pru\u017en\u00fa membr\u00e1nu. Dobr\u00e1 vec na tom: Parotesnos\u0165 membr\u00e1notvorn\u00e9ho tesniaceho n\u00e1teru je variabiln\u00e1. Prisp\u00f4sobuje sa okolit\u00fdm podmienkam tak, \u017ee blokuje alebo prep\u00fa\u0161\u0165a &#8211; v z\u00e1vislosti od gradientu tlaku p\u00e1r.<\/p>\n<p>PU Safe Coating dobre pri\u013ene ku v\u0161etk\u00fdm konven\u010dn\u00fdm materi\u00e1lom a nan\u00e1\u0161a sa jednoducho \u0161tetcom &#8211; ide\u00e1lne dvakr\u00e1t, aby vlastnosti produktu mohli optim\u00e1lne p\u00f4sobi\u0165. Disperzia by mala pokr\u00fdva\u0165 ako tepelnoizola\u010dn\u00fa vrstvu (PU mont\u00e1\u017ena pena), tak v\u0161etky \u0161k\u00e1ry a minim\u00e1lne dotykov\u00e9 plochy okolo r\u00e1mu okna alebo dver\u00ed.<\/p>\n<p>PU Safe Coating aplikovan\u00fd v kombin\u00e1cii s interi\u00e9rovou farbou na steny ThermoPlus alebo fas\u00e1dnou farbou ThermoProtect minimalizuje alebo zabra\u0148uje tepeln\u00fdm mostom! Viac inform\u00e1ci\u00ed z\u00edskate od na\u0161ich aplika\u010dn\u00fdch konzultantov s praktick\u00fdmi sk\u00fasenos\u0165ami.<\/p>\n","protected":false},"excerpt":{"rendered":"<p><strong>\u00da\u010dinn\u00fd ochrann\u00fd n\u00e1ter pre PU penu<\/strong><\/p>\n<p>PU Safe Coating je tesniaci n\u00e1ter na pou\u017eitie na polyuret\u00e1nov\u00fa penu ako ochrann\u00fd n\u00e1ter pri in\u0161tal\u00e1cii okien a dver\u00ed. Aplikuje sa r\u00fdchlo a jednoducho a vytv\u00e1ra vodeodoln\u00fa, flexibiln\u00fa a ochrann\u00fa membr\u00e1nu presne tam, kde sa stret\u00e1vaj\u00fa r\u00f4zne materi\u00e1ly.<\/p>\n<p>PU Safe Coating je inovat\u00edvny, ekologick\u00fd, efekt\u00edvny a v\u00fdkonn\u00fd.<\/p>\n","protected":false},"featured_media":33537,"template":"","meta":[],"product_brand":[],"product_cat":[1666,1667,1685,1708,1703,1683],"product_tag":[],"class_list":{"0":"post-34756","1":"product","2":"type-product","3":"status-publish","4":"has-post-thumbnail","6":"product_cat-oblasti-pouzitia","7":"product_cat-stavat-nazivo","8":"product_cat-aplikacie-vonku-sk","9":"product_cat-tesnenie-okien","10":"product_cat-verejne-budovy","11":"product_cat-hotely-a-gastronomia","13":"first","14":"instock","15":"taxable","16":"shipping-taxable","17":"purchasable","18":"product-type-variable"},"_links":{"self":[{"href":"https:\/\/www.climatecoating.com\/sk\/wp-json\/wp\/v2\/product\/34756","targetHints":{"allow":["GET"]}}],"collection":[{"href":"https:\/\/www.climatecoating.com\/sk\/wp-json\/wp\/v2\/product"}],"about":[{"href":"https:\/\/www.climatecoating.com\/sk\/wp-json\/wp\/v2\/types\/product"}],"wp:featuredmedia":[{"embeddable":true,"href":"https:\/\/www.climatecoating.com\/sk\/wp-json\/wp\/v2\/media\/33537"}],"wp:attachment":[{"href":"https:\/\/www.climatecoating.com\/sk\/wp-json\/wp\/v2\/media?parent=34756"}],"wp:term":[{"taxonomy":"product_brand","embeddable":true,"href":"https:\/\/www.climatecoating.com\/sk\/wp-json\/wp\/v2\/product_brand?post=34756"},{"taxonomy":"product_cat","embeddable":true,"href":"https:\/\/www.climatecoating.com\/sk\/wp-json\/wp\/v2\/product_cat?post=34756"},{"taxonomy":"product_tag","embeddable":true,"href":"https:\/\/www.climatecoating.com\/sk\/wp-json\/wp\/v2\/product_tag?post=34756"}],"curies":[{"name":"wp","href":"https:\/\/api.w.org\/{rel}","templated":true}]}}