{"id":34760,"date":"2020-08-09T15:05:04","date_gmt":"2020-08-09T13:05:04","guid":{"rendered":"https:\/\/www.climatecoating.com\/produkte\/bezpecna-pu-vypln\/"},"modified":"2024-12-10T17:00:17","modified_gmt":"2024-12-10T16:00:17","slug":"pu-safe-filler","status":"publish","type":"product","link":"https:\/\/www.climatecoating.com\/sk\/produkt\/pu-safe-filler\/","title":{"rendered":"PU Safe Filler"},"content":{"rendered":"<p>Variabiln\u00e1 dif\u00fazna otvorenos\u0165 PU Safe Filler umo\u017e\u0148uje jeho pou\u017eitie v interi\u00e9ri aj exteri\u00e9ri. PU Safe Filler zasych\u00e1 plastoelasticky, vodeodolne, chemicky neutr\u00e1lne a bez z\u00e1pachu. Vysok\u00e1 flexibilita plniva je d\u00f4le\u017eit\u00e1 najm\u00e4 v pr\u00edpade tepeln\u00fdch a kon\u0161truk\u010dn\u00fdch pohybov komponentov, preto\u017ee zabezpe\u010duje nepreru\u0161ovan\u00fa tesniacu plochu. PU Safe Filler dobre pri\u013ene ku v\u0161etk\u00fdm be\u017en\u00fdm stavebn\u00fdm materi\u00e1lom, ako je PVC a hlin\u00edk potiahnut\u00fd farbou alebo farebn\u00fdm plastov\u00fdm filmom. Tesniaca hmota sa tradi\u010dne pou\u017e\u00edva pri mont\u00e1\u017ei dver\u00ed a okien pri pou\u017eit\u00ed PU peny.<\/p>\n","protected":false},"excerpt":{"rendered":"<p><strong>Tmel na PU penu<\/strong><\/p>\n<p>PU Safe Filler je tmel alebo plnivo pou\u017e\u00edvan\u00e9 na polyuret\u00e1nov\u00fa penu. Plnivo uzatv\u00e1ra p\u00f3ry v PU pene a vytv\u00e1ra homog\u00e9nny povrch pre \u010fal\u0161ie spracovanie s PU Safe Coating.<\/p>\n","protected":false},"featured_media":33718,"template":"","meta":[],"product_brand":[],"product_cat":[1666,1667,1685,1706,1708,1703,1683],"product_tag":[],"class_list":{"0":"post-34760","1":"product","2":"type-product","3":"status-publish","4":"has-post-thumbnail","6":"product_cat-oblasti-pouzitia","7":"product_cat-stavat-nazivo","8":"product_cat-aplikacie-vonku-sk","9":"product_cat-produkty-sk","10":"product_cat-tesnenie-okien","11":"product_cat-verejne-budovy","12":"product_cat-hotely-a-gastronomia","14":"first","15":"instock","16":"taxable","17":"shipping-taxable","18":"purchasable","19":"product-type-simple"},"_links":{"self":[{"href":"https:\/\/www.climatecoating.com\/sk\/wp-json\/wp\/v2\/product\/34760","targetHints":{"allow":["GET"]}}],"collection":[{"href":"https:\/\/www.climatecoating.com\/sk\/wp-json\/wp\/v2\/product"}],"about":[{"href":"https:\/\/www.climatecoating.com\/sk\/wp-json\/wp\/v2\/types\/product"}],"wp:featuredmedia":[{"embeddable":true,"href":"https:\/\/www.climatecoating.com\/sk\/wp-json\/wp\/v2\/media\/33718"}],"wp:attachment":[{"href":"https:\/\/www.climatecoating.com\/sk\/wp-json\/wp\/v2\/media?parent=34760"}],"wp:term":[{"taxonomy":"product_brand","embeddable":true,"href":"https:\/\/www.climatecoating.com\/sk\/wp-json\/wp\/v2\/product_brand?post=34760"},{"taxonomy":"product_cat","embeddable":true,"href":"https:\/\/www.climatecoating.com\/sk\/wp-json\/wp\/v2\/product_cat?post=34760"},{"taxonomy":"product_tag","embeddable":true,"href":"https:\/\/www.climatecoating.com\/sk\/wp-json\/wp\/v2\/product_tag?post=34760"}],"curies":[{"name":"wp","href":"https:\/\/api.w.org\/{rel}","templated":true}]}}