{"id":34761,"date":"2020-08-09T15:39:52","date_gmt":"2020-08-09T13:39:52","guid":{"rendered":"https:\/\/www.climatecoating.com\/produkte\/thermovital-2\/"},"modified":"2025-01-30T03:33:13","modified_gmt":"2025-01-30T02:33:13","slug":"thermovital","status":"publish","type":"product","link":"https:\/\/www.climatecoating.com\/sk\/produkt\/thermovital\/","title":{"rendered":"ThermoVital"},"content":{"rendered":"<p><strong>Vystavenie plesniam \u2013 pre\u010do s\u00fa plesne tak\u00e9 nebezpe\u010dn\u00e9<\/strong><br \/>\nPles\u0148ov\u00e9 \u0161kvrny na sten\u00e1ch nielen\u017ee vyzeraj\u00fa nev\u00e1bne, ale ohrozuj\u00fa aj zdravie. Aj mal\u00e9 mno\u017estvo sp\u00f3r plesn\u00ed m\u00f4\u017ee spusti\u0165 alergick\u00e9 reakcie, v\u00e4\u010d\u0161ie mno\u017estvo m\u00f4\u017ee po\u0161kodi\u0165 organizmus.<\/p>\n<p>Plesne potrebuj\u00fa na svoj rast \u017eiviny a vlhkos\u0165. Ke\u010f\u017ee \u017eiviny s\u00fa v budov\u00e1ch viac-menej \u013eahko dostupn\u00e9, vlhkos\u0165 m\u00e1 z\u00e1sadn\u00fd v\u00fdznam. Teplota a hodnota pH zohr\u00e1vaj\u00fa ved\u013eaj\u0161iu \u00falohu, preto\u017ee plesne m\u00f4\u017eu r\u00e1s\u0165 v \u0161irokom rozsahu tepl\u00f4t a pH. Ak u\u017e s\u00fa vidite\u013en\u00e9 \u010dierne \u0161kvrny alebo biela plese\u0148, je potrebn\u00e9 kona\u0165.<\/p>\n<p><strong> 1,2,3 &#8230; bez plesn\u00ed &#8211; systematick\u00e9 odstra\u0148ovanie plesn\u00ed<\/strong><\/p>\n<ol>\n<li>O\u0161etrenie kult\u00far vidite\u013en\u00fdch plesn\u00ed <a href=\"https:\/\/www.climatecoating.com\/sk\/produkty\/sanosil-s010\/\" target=\"_blank\" rel=\"noopener\">pr\u00edpravkom Sanosil S010<\/a><\/li>\n<li>\u00daprava vzduchu v miestnosti a sekund\u00e1rna kontamin\u00e1cia pomocou <a href=\"https:\/\/www.climatecoating.com\/sk\/sanosil-s003-2\/\" target=\"_blank\" rel=\"noopener\">Sanosil S003<\/a><\/li>\n<li>Vn\u00fatorn\u00fd n\u00e1ter ThermoVital pre dlhodob\u00fa a \u010disto fyzick\u00fa ochranu proti op\u00e4tovn\u00e9mu rastu plesn\u00ed.<\/li>\n<\/ol>\n<p><strong>Fyzick\u00fd \u00fa\u010dinok &#8211; ve\u013ek\u00fd pr\u00ednos<\/strong><br \/>\nThermoVital je ochrann\u00fd \u0161t\u00edt proti plesniam, ktor\u00fd zais\u0165uje hygienu v miestnosti a zdrav\u00e9 b\u00fdvanie. Jedine\u010dn\u00e1 disperzia fyzik\u00e1lne podporuje vys\u00fa\u0161anie stien a\u017e do rovnov\u00e1\u017eneho obsahu vlhkosti a reguluje vlhkos\u0165 vzduchu v miestnosti. S\u00fa za to zodpovedn\u00e9 mili\u00f3ny mikroskopick\u00fdch keramick\u00fdch dut\u00fdch gu\u013e\u00f4\u010dok, vysokokvalitn\u00e9 akrylov\u00e9 polym\u00e9ry, pigmenty a synchroniza\u010dn\u00e9 aktiv\u00e1tory. Po nanesen\u00ed je n\u00e1ter variabilne otvoren\u00fd pre dif\u00faziu. Podporuje kapil\u00e1rny transport vlhkosti zo steny a t\u00fdm odstra\u0148uje z\u00e1klad plesn\u00ed. \u010eal\u0161\u00ed pozit\u00edvny efekt: redukuj\u00fa sa tepeln\u00e9 mosty a zvy\u0161uje sa tepeln\u00e1 pohoda v miestnosti.<\/p>\n<p><strong>Prevencia je lep\u0161ia ako lie\u010dba \u2013 \u0161ikovn\u00e1 prevencia v ka\u017edej farbe<\/strong><br \/>\nAk chcete pred\u00eds\u0165 tvorbe plesn\u00ed, m\u00f4\u017eete pomocou ThermoVital pretrie\u0165 (vyma\u013eova\u0165) miestnosti so zv\u00fd\u0161enou vlhkos\u0165ou: kuchy\u0148u, k\u00fape\u013e\u0148u a pivnicu alebo cel\u00fd byt \u010di sklad. Ke\u010f\u017ee ThermoVital je \u010fal\u0161\u00edm v\u00fdvojom <a href=\"https:\/\/www.climatecoating.com\/sk\/produkty\/thermoplus\/\">ThermoPlus<\/a> , farebn\u00e9mu prevedeniu sa medze neklad\u00fa. Disperziu je mo\u017en\u00e9 namie\u0161a\u0165 aj pod\u013ea farieb RAL. Spracovan\u00e1 \u0161peci\u00e1lna farba je bez fungic\u00eddov a takmer bez z\u00e1pachu.<\/p>\n","protected":false},"excerpt":{"rendered":"<p><strong>Inovat\u00edvna ochrana proti plesniam<\/strong><\/p>\n<p>Plese\u0148 nem\u00e1 \u0161ancu! ThermoVital je fyzik\u00e1lne \u00fa\u010dinn\u00e1 dlhodob\u00e1 ochrana, ktor\u00e1 zais\u0165uje hygienu v miestnosti a zdrav\u00e9 b\u00fdvanie. \u010ci u\u017e do miestnost\u00ed so zv\u00fd\u0161enou vlhkos\u0165ou ako s\u00fa k\u00fape\u013ene, kuchyne a pivnice alebo do v\u00fdrobn\u00fdch a skladov\u00fdch h\u00e1l, napr\u00edklad v potravin\u00e1rskom priemysle &#8211; ThermoVital poskytuje dlhodob\u00fa ochranu pred tvorbou plesn\u00ed na sten\u00e1ch. \u0160peci\u00e1lna farba reguluje vlhkos\u0165 a zni\u017euje negat\u00edvne \u00fa\u010dinky tepeln\u00fdch mostov.<\/p>\n<p>V\u0161etky n\u00e1tery a farby ClimateCoating<sup>\u00ae<\/sup> s\u00fa zalo\u017een\u00e9 na technol\u00f3gii reflexnej membr\u00e1ny a maj\u00fa \u010disto fyzik\u00e1lny \u00fa\u010dinok. Ekologick\u00e9 a vysoko v\u00fdkonn\u00e9 farby presvied\u010daj\u00fa pou\u017e\u00edvate\u013eov na celom svete od roku 2003 svojimi \u0161peci\u00e1lnymi vlastnos\u0165ami a vysokou hospod\u00e1rnos\u0165ou.<\/p>\n","protected":false},"featured_media":33715,"template":"","meta":[],"product_brand":[],"product_cat":[1666,1667,1693,1696,1711,1703,1691,1681,1683],"product_tag":[],"class_list":{"0":"post-34761","1":"product","2":"type-product","3":"status-publish","4":"has-post-thumbnail","6":"product_cat-oblasti-pouzitia","7":"product_cat-stavat-nazivo","8":"product_cat-potravinarsky-priemysel","9":"product_cat-vyroba","10":"product_cat-vnutri","11":"product_cat-verejne-budovy","12":"product_cat-polnohospodarstvo-a-chov-zvierat","13":"product_cat-zdravotna-starostlivost","14":"product_cat-hotely-a-gastronomia","16":"first","17":"instock","18":"taxable","19":"shipping-taxable","20":"purchasable","21":"product-type-variable"},"_links":{"self":[{"href":"https:\/\/www.climatecoating.com\/sk\/wp-json\/wp\/v2\/product\/34761","targetHints":{"allow":["GET"]}}],"collection":[{"href":"https:\/\/www.climatecoating.com\/sk\/wp-json\/wp\/v2\/product"}],"about":[{"href":"https:\/\/www.climatecoating.com\/sk\/wp-json\/wp\/v2\/types\/product"}],"wp:featuredmedia":[{"embeddable":true,"href":"https:\/\/www.climatecoating.com\/sk\/wp-json\/wp\/v2\/media\/33715"}],"wp:attachment":[{"href":"https:\/\/www.climatecoating.com\/sk\/wp-json\/wp\/v2\/media?parent=34761"}],"wp:term":[{"taxonomy":"product_brand","embeddable":true,"href":"https:\/\/www.climatecoating.com\/sk\/wp-json\/wp\/v2\/product_brand?post=34761"},{"taxonomy":"product_cat","embeddable":true,"href":"https:\/\/www.climatecoating.com\/sk\/wp-json\/wp\/v2\/product_cat?post=34761"},{"taxonomy":"product_tag","embeddable":true,"href":"https:\/\/www.climatecoating.com\/sk\/wp-json\/wp\/v2\/product_tag?post=34761"}],"curies":[{"name":"wp","href":"https:\/\/api.w.org\/{rel}","templated":true}]}}