{"id":34774,"date":"2020-07-22T22:57:30","date_gmt":"2020-07-22T20:57:30","guid":{"rendered":"https:\/\/www.climatecoating.com\/produkte\/stuccoprimer-2\/"},"modified":"2024-12-10T17:00:27","modified_gmt":"2024-12-10T16:00:27","slug":"stuccoprimer","status":"publish","type":"product","link":"https:\/\/www.climatecoating.com\/sk\/produkt\/stuccoprimer\/","title":{"rendered":"StuccoPrimer"},"content":{"rendered":"<p><strong>Vhodn\u00e9 do podzemia! (napr.: metro)<\/strong><br \/>\nStuccoPrimer zni\u017euje nasiakavos\u0165 podkladu a umo\u017e\u0148uje StuccoTex pri\u013en\u00fa\u0165 na takmer v\u0161etky podklady. Aplik\u00e1cia je ve\u013emi jednoduch\u00e1: nan\u00e1\u0161a sa be\u017en\u00fdm maliarskym \u0161tetcom, \u0161tetcom alebo maliarskym val\u010dekom. Sprostredkovate\u013e pri\u013enavosti z\u00e1kladn\u00e9ho n\u00e1teru je pripraven\u00fd na pou\u017eitie.<\/p>\n","protected":false},"excerpt":{"rendered":"<p><strong>Sprostredkovate\u013e pri\u013enavosti pripraven\u00fd na pou\u017eitie pre StuccoTex<\/strong><\/p>\n<p>V\u010faka StuccoPrimer je substr\u00e1t vhodn\u00fd na pou\u017eitie StuccoTex. Sprostredkovate\u013e pri\u013enavosti je z\u00e1kladn\u00fdm n\u00e1terom takmer na v\u0161etky podklady ako napr B. star\u00e9 omietky a nov\u00e9 omietky. Je zalo\u017een\u00e1 na technol\u00f3gii reflexnej membr\u00e1ny, je variabilne otvoren\u00e1 pre dif\u00faziu a t\u00fdm je dokonal\u00fdm \u201ehr\u00e1\u010dom\u201c v omietkovom syst\u00e9me StuccoTex.<\/p>\n","protected":false},"featured_media":33528,"template":"","meta":[],"product_brand":[],"product_cat":[1667,1707,1666,1711,1703],"product_tag":[],"class_list":{"0":"post-34774","1":"product","2":"type-product","3":"status-publish","4":"has-post-thumbnail","6":"product_cat-stavat-nazivo","7":"product_cat-vonku","8":"product_cat-oblasti-pouzitia","9":"product_cat-vnutri","10":"product_cat-verejne-budovy","12":"first","13":"instock","14":"taxable","15":"shipping-taxable","16":"purchasable","17":"product-type-variable"},"_links":{"self":[{"href":"https:\/\/www.climatecoating.com\/sk\/wp-json\/wp\/v2\/product\/34774","targetHints":{"allow":["GET"]}}],"collection":[{"href":"https:\/\/www.climatecoating.com\/sk\/wp-json\/wp\/v2\/product"}],"about":[{"href":"https:\/\/www.climatecoating.com\/sk\/wp-json\/wp\/v2\/types\/product"}],"wp:featuredmedia":[{"embeddable":true,"href":"https:\/\/www.climatecoating.com\/sk\/wp-json\/wp\/v2\/media\/33528"}],"wp:attachment":[{"href":"https:\/\/www.climatecoating.com\/sk\/wp-json\/wp\/v2\/media?parent=34774"}],"wp:term":[{"taxonomy":"product_brand","embeddable":true,"href":"https:\/\/www.climatecoating.com\/sk\/wp-json\/wp\/v2\/product_brand?post=34774"},{"taxonomy":"product_cat","embeddable":true,"href":"https:\/\/www.climatecoating.com\/sk\/wp-json\/wp\/v2\/product_cat?post=34774"},{"taxonomy":"product_tag","embeddable":true,"href":"https:\/\/www.climatecoating.com\/sk\/wp-json\/wp\/v2\/product_tag?post=34774"}],"curies":[{"name":"wp","href":"https:\/\/api.w.org\/{rel}","templated":true}]}}