{"id":34779,"date":"2020-08-26T09:45:36","date_gmt":"2020-08-26T07:45:36","guid":{"rendered":"https:\/\/www.climatecoating.com\/produkte\/thermoplus-2\/"},"modified":"2025-11-29T23:16:09","modified_gmt":"2025-11-29T22:16:09","slug":"thermoplus","status":"publish","type":"product","link":"https:\/\/www.climatecoating.com\/sk\/produkt\/thermoplus\/","title":{"rendered":"ThermoPlus"},"content":{"rendered":"<p><strong>Najlep\u0161ia kl\u00edma v miestnosti pre pohodlie v ka\u017edom ro\u010dnom obdob\u00ed<\/strong><br \/>\n<em>V lete<\/em> n\u00e1ter absorbuje prebyto\u010dn\u00fa vlhkos\u0165 zo vzduchu v miestnosti a vyrovn\u00e1va ju so such\u0161\u00edm vzduchom v miestnosti (princ\u00edp entropie1). Vznik\u00e1 odparovac\u00ed chlad, ktor\u00fd jednak ochladzuje povrchy stien a jednak zni\u017euje vysok\u00fa izbov\u00fa teplotu.<\/p>\n<p><em>V zime,<\/em> ke\u010f je vlhkos\u0165 ni\u017e\u0161ia, n\u00e1ter absorbuje izbov\u00e9 teplo, rovnomerne ho odovzd\u00e1va a vy\u017earuje &#8211; ako kach\u013eov\u00e1 pec &#8211; do miestnosti. V d\u00f4sledku toho sa minimalizuj\u00fa <a href=\"https:\/\/www.climatecoating.com\/sk\/spolocnosti\/slovnik-pojmov\/#konvektionsstroeme\" target=\"_blank\" rel=\"noopener\">konvek\u010dn\u00e9 pr\u00fady<\/a> a <a href=\"https:\/\/www.climatecoating.com\/sk\/spolocnosti\/slovnik-pojmov\/#waermebruecken\" target=\"_blank\" rel=\"noopener\">tepeln\u00e9 mosty<\/a> a zni\u017euje sa teplotn\u00fd rozdiel medzi spodnou a vrchnou \u010das\u0165ou. Tepeln\u00e1 pohoda v miestnosti sa cite\u013ene zvy\u0161uje.<\/p>\n<p><strong> Optim\u00e1lna vlhkos\u0165 v miestnosti<\/strong><br \/>\nAk je vzduch v miestnosti vlhk\u00fd, ThermoPlus uklad\u00e1 molekuly vody do svojho tenk\u00e9ho povrchu. Na opl\u00e1tku povrch uvo\u013e\u0148uje vlhkos\u0165 do vzduchu v miestnosti, ak je pr\u00edli\u0161 such\u00fd. ThermoPlus je nastaven\u00fd tak, aby vlhkos\u0165 vzduchu v miestnosti zostala v ide\u00e1lnom rozsahu okolo 55 %.<\/p>\n<p><strong> Intervaly renov\u00e1ci\u00ed: tu je viac menej<\/strong><br \/>\nThermoPlus je ve\u013ek\u00e1 z\u00e1bava, preto\u017ee antistatick\u00fd \u00fa\u010dinok farby na steny zni\u017euje usadzovanie prachu a nikot\u00ednu na potiahnut\u00fdch povrchoch stien. \u010castice ne\u010dist\u00f4t nevytv\u00e1raj\u00fa chemick\u00fa v\u00e4zbu s povrchom. Vysokokvalitn\u00e9 suroviny a pigmenty zais\u0165uj\u00fa vynikaj\u00facu svetlost\u00e1los\u0165 a p\u00f4sobia proti vyblednutiu, \u017eltnutiu a kriedovaniu. Steny v chodbe a ob\u00fdva\u010dke, v kancel\u00e1rii \u010di v re\u0161taur\u00e1cii zost\u00e1vaj\u00fa dlho \u017eiarivo kr\u00e1sne. V\u010faka technol\u00f3gii reflexnej membr\u00e1ny sa \u010fal\u0161ia invest\u00edcia do renov\u00e1cie pos\u00fava \u010falej do bud\u00facnosti ako pri be\u017en\u00fdch farb\u00e1ch na steny.<\/p>\n<p><strong> R\u00f4zne farby pre kreat\u00edvnych \u013eud\u00ed<\/strong><br \/>\nVn\u00fatorn\u00e1 farba na steny ThermoPlus nespln\u00ed \u017eiadne \u017eelania z h\u013eadiska kreat\u00edvneho farebn\u00e9ho dizajnu a boduje aj svojou ekologickou a zdravotnou kompatibilitou. Obvykl\u00e1 jednoduch\u00e1 aplik\u00e1cia na takmer v\u0161etky povrchy je mo\u017en\u00e1 \u0161tetcom, val\u010dekom alebo striekac\u00edm zariaden\u00edm.<\/p>\n","protected":false},"excerpt":{"rendered":"<p><strong>Ide\u00e1lna kl\u00edma v miestnosti a \u0161irok\u00e1 \u0161k\u00e1la farieb<\/strong><br \/>\nOkrem obrovsk\u00e9ho v\u00fdberu farieb pon\u00faka ThermoPlus vlastnosti, ktor\u00e9 reguluj\u00fa kl\u00edmu v miestnosti a zlep\u0161uj\u00fa komfort b\u00fdvania. To m\u00e1 pozit\u00edvny vplyv na teplotu, vlhkos\u0165 a dokonca aj na akustiku.<\/p>\n<p>V\u0161etky n\u00e1tery a farby ClimateCoating<sup>\u00ae<\/sup> s\u00fa zalo\u017een\u00e9 na technol\u00f3gii reflexnej membr\u00e1ny a maj\u00fa \u010disto fyzik\u00e1lny \u00fa\u010dinok. Ekologick\u00e9 a vysoko v\u00fdkonn\u00e9 farby presvied\u010daj\u00fa pou\u017e\u00edvate\u013eov na celom svete od roku 2003 svojimi \u0161peci\u00e1lnymi vlastnos\u0165ami a vysokou hospod\u00e1rnos\u0165ou.<\/p>\n","protected":false},"featured_media":60387,"template":"","meta":[],"product_brand":[],"product_cat":[1666,1667,1711,1703,1683],"product_tag":[],"class_list":{"0":"post-34779","1":"product","2":"type-product","3":"status-publish","4":"has-post-thumbnail","6":"product_cat-oblasti-pouzitia","7":"product_cat-stavat-nazivo","8":"product_cat-vnutri","9":"product_cat-verejne-budovy","10":"product_cat-hotely-a-gastronomia","12":"first","13":"instock","14":"taxable","15":"shipping-taxable","16":"purchasable","17":"product-type-variable"},"_links":{"self":[{"href":"https:\/\/www.climatecoating.com\/sk\/wp-json\/wp\/v2\/product\/34779","targetHints":{"allow":["GET"]}}],"collection":[{"href":"https:\/\/www.climatecoating.com\/sk\/wp-json\/wp\/v2\/product"}],"about":[{"href":"https:\/\/www.climatecoating.com\/sk\/wp-json\/wp\/v2\/types\/product"}],"wp:featuredmedia":[{"embeddable":true,"href":"https:\/\/www.climatecoating.com\/sk\/wp-json\/wp\/v2\/media\/60387"}],"wp:attachment":[{"href":"https:\/\/www.climatecoating.com\/sk\/wp-json\/wp\/v2\/media?parent=34779"}],"wp:term":[{"taxonomy":"product_brand","embeddable":true,"href":"https:\/\/www.climatecoating.com\/sk\/wp-json\/wp\/v2\/product_brand?post=34779"},{"taxonomy":"product_cat","embeddable":true,"href":"https:\/\/www.climatecoating.com\/sk\/wp-json\/wp\/v2\/product_cat?post=34779"},{"taxonomy":"product_tag","embeddable":true,"href":"https:\/\/www.climatecoating.com\/sk\/wp-json\/wp\/v2\/product_tag?post=34779"}],"curies":[{"name":"wp","href":"https:\/\/api.w.org\/{rel}","templated":true}]}}