{"id":34786,"date":"2020-08-26T09:54:18","date_gmt":"2020-08-26T07:54:18","guid":{"rendered":"https:\/\/www.climatecoating.com\/produkte\/fixplus-2\/"},"modified":"2024-12-10T17:00:05","modified_gmt":"2024-12-10T16:00:05","slug":"fixplus","status":"publish","type":"product","link":"https:\/\/www.climatecoating.com\/sk\/produkt\/fixplus\/","title":{"rendered":"FixPlus"},"content":{"rendered":"<p>FixPlus spevn\u00ed v\u0161etky omietkov\u00e9 podklady pod\u013ea DIN 18500, ak ich \u00fanosnos\u0165 nie je dostato\u010dn\u00e1 a uprav\u00ed ich nasiakavos\u0165. FixPlus sa ve\u013emi dobre penetruje do podkladu, r\u00fdchlo schne, je dif\u00fazne otvoren\u00fd, bez rozp\u00fa\u0161\u0165adiel a m\u00e1 vysok\u00fa kone\u010dn\u00fa pevnos\u0165.<\/p>\n","protected":false},"excerpt":{"rendered":"<p><strong>Koncentr\u00e1t z\u00e1kladn\u00e9ho n\u00e1teru na \u00fapravu nasiakavosti miner\u00e1lnych podkladov<\/strong><\/p>\n<p>Dobr\u00e1 pr\u00edprava je polovica \u00faspechu.<\/p>\n","protected":false},"featured_media":33541,"template":"","meta":[],"product_brand":[],"product_cat":[1666,1667,1712],"product_tag":[],"class_list":{"0":"post-34786","1":"product","2":"type-product","3":"status-publish","4":"has-post-thumbnail","6":"product_cat-oblasti-pouzitia","7":"product_cat-stavat-nazivo","8":"product_cat-doplnkove-produkty","10":"first","11":"instock","12":"taxable","13":"shipping-taxable","14":"purchasable","15":"product-type-variable"},"_links":{"self":[{"href":"https:\/\/www.climatecoating.com\/sk\/wp-json\/wp\/v2\/product\/34786","targetHints":{"allow":["GET"]}}],"collection":[{"href":"https:\/\/www.climatecoating.com\/sk\/wp-json\/wp\/v2\/product"}],"about":[{"href":"https:\/\/www.climatecoating.com\/sk\/wp-json\/wp\/v2\/types\/product"}],"wp:featuredmedia":[{"embeddable":true,"href":"https:\/\/www.climatecoating.com\/sk\/wp-json\/wp\/v2\/media\/33541"}],"wp:attachment":[{"href":"https:\/\/www.climatecoating.com\/sk\/wp-json\/wp\/v2\/media?parent=34786"}],"wp:term":[{"taxonomy":"product_brand","embeddable":true,"href":"https:\/\/www.climatecoating.com\/sk\/wp-json\/wp\/v2\/product_brand?post=34786"},{"taxonomy":"product_cat","embeddable":true,"href":"https:\/\/www.climatecoating.com\/sk\/wp-json\/wp\/v2\/product_cat?post=34786"},{"taxonomy":"product_tag","embeddable":true,"href":"https:\/\/www.climatecoating.com\/sk\/wp-json\/wp\/v2\/product_tag?post=34786"}],"curies":[{"name":"wp","href":"https:\/\/api.w.org\/{rel}","templated":true}]}}