{"id":34790,"date":"2020-08-26T09:46:31","date_gmt":"2020-08-26T07:46:31","guid":{"rendered":"https:\/\/www.climatecoating.com\/produkte\/lumenov\/"},"modified":"2025-10-29T20:49:29","modified_gmt":"2025-10-29T19:49:29","slug":"lumen","status":"publish","type":"product","link":"https:\/\/www.climatecoating.com\/sk\/produkt\/lumen\/","title":{"rendered":"Lumen"},"content":{"rendered":"<p><strong>Zosil\u0148ova\u010d svetla do interi\u00e9ru<\/strong><br \/>\nNez\u00e1visl\u00e9 \u0161t\u00fadie ukazuj\u00fa, \u017ee skuto\u010dne nameran\u00e1 hodnota dif\u00fazneho odrazu Lumen pre ka\u017ed\u00fd farebn\u00fd t\u00f3n je v\u00fdrazne vy\u0161\u0161ia ako \u0161tandardn\u00e9 hodnoty pou\u017e\u00edvan\u00e9 v profesion\u00e1lnych programoch na v\u00fdpo\u010det svetla, ako je Dialux. Mili\u00f3ny drobn\u00fdch sklenen\u00fdch keramick\u00fdch dut\u00fdch gu\u013e\u00f4\u010dok zlep\u0161uj\u00fa hodnotu dif\u00fazneho odrazu o 6 % pri bielej farbe a a\u017e o 420 % pri \u010diernej farbe.<br \/>\nArchitekti a dizajn\u00e9ri m\u00f4\u017eu teraz kreat\u00edvnej\u0161ie vyu\u017e\u00edva\u0165 tmav\u00e9 farby a odtiene. Lumen doslova dod\u00e1va svetlo a farby s\u00fa\u010dasn\u00fdm interi\u00e9rom.<\/p>\n<p>N\u00e1stenn\u00e1 farba sp\u00e1ja najvy\u0161\u0161iu funk\u010dnos\u0165, inov\u00e1ciu a rozmanitos\u0165 farieb a <strong>pou\u017e\u00edva sa tam, kde sa vy\u017eaduje obzvl\u00e1\u0161\u0165 dobr\u00fd sveteln\u00fd v\u00fdkon:<\/strong> kancel\u00e1rie, \u0161koly, opatrovate\u013esk\u00e9 zariadenia, ateli\u00e9ry, ako aj dielne a m\u00faze\u00e1. Samozrejme aj doma.<\/p>\n","protected":false},"excerpt":{"rendered":"<p><strong>Vynikaj\u00faci odraz svetla<\/strong><br \/>\nLumen je zosil\u0148ova\u010d svetla pre interi\u00e9r. Vysoko \u00fa\u010dinn\u00fd n\u00e1ter zais\u0165uje lep\u0161ie vyv\u00e1\u017eenie jasu a v\u00e4\u010d\u0161\u00ed sveteln\u00fd v\u00fdkon v miestnostiach aj pri tmav\u00fdch farb\u00e1ch. Pozit\u00edvne je ovplyvnen\u00e1 akustika.<\/p>\n<p>V\u0161etky n\u00e1tery a farby ClimateCoating<sup>\u00ae<\/sup> s\u00fa zalo\u017een\u00e9 na technol\u00f3gii reflexnej membr\u00e1ny a maj\u00fa \u010disto fyzik\u00e1lny \u00fa\u010dinok. Ekologick\u00e9 a vysoko v\u00fdkonn\u00e9 farby presvied\u010daj\u00fa pou\u017e\u00edvate\u013eov na celom svete od roku 2003 svojimi \u0161peci\u00e1lnymi vlastnos\u0165ami a vysokou hospod\u00e1rnos\u0165ou.<\/p>\n","protected":false},"featured_media":33529,"template":"","meta":[],"product_brand":[],"product_cat":[1666,1667,1711,1703,1683],"product_tag":[],"class_list":{"0":"post-34790","1":"product","2":"type-product","3":"status-publish","4":"has-post-thumbnail","6":"product_cat-oblasti-pouzitia","7":"product_cat-stavat-nazivo","8":"product_cat-vnutri","9":"product_cat-verejne-budovy","10":"product_cat-hotely-a-gastronomia","12":"first","13":"instock","14":"taxable","15":"shipping-taxable","16":"purchasable","17":"product-type-variable"},"_links":{"self":[{"href":"https:\/\/www.climatecoating.com\/sk\/wp-json\/wp\/v2\/product\/34790","targetHints":{"allow":["GET"]}}],"collection":[{"href":"https:\/\/www.climatecoating.com\/sk\/wp-json\/wp\/v2\/product"}],"about":[{"href":"https:\/\/www.climatecoating.com\/sk\/wp-json\/wp\/v2\/types\/product"}],"wp:featuredmedia":[{"embeddable":true,"href":"https:\/\/www.climatecoating.com\/sk\/wp-json\/wp\/v2\/media\/33529"}],"wp:attachment":[{"href":"https:\/\/www.climatecoating.com\/sk\/wp-json\/wp\/v2\/media?parent=34790"}],"wp:term":[{"taxonomy":"product_brand","embeddable":true,"href":"https:\/\/www.climatecoating.com\/sk\/wp-json\/wp\/v2\/product_brand?post=34790"},{"taxonomy":"product_cat","embeddable":true,"href":"https:\/\/www.climatecoating.com\/sk\/wp-json\/wp\/v2\/product_cat?post=34790"},{"taxonomy":"product_tag","embeddable":true,"href":"https:\/\/www.climatecoating.com\/sk\/wp-json\/wp\/v2\/product_tag?post=34790"}],"curies":[{"name":"wp","href":"https:\/\/api.w.org\/{rel}","templated":true}]}}