{"id":34806,"date":"2020-08-26T10:09:34","date_gmt":"2020-08-26T08:09:34","guid":{"rendered":"https:\/\/www.climatecoating.com\/produkte\/rustprimer-2\/"},"modified":"2024-12-10T17:00:02","modified_gmt":"2024-12-10T16:00:02","slug":"rustprimer","status":"publish","type":"product","link":"https:\/\/www.climatecoating.com\/sk\/produkt\/rustprimer\/","title":{"rendered":"RustPrimer"},"content":{"rendered":"<p>RustPrimer je vodn\u00fd, bezrozp\u00fa\u0161\u0165adlov\u00fd, olovnat\u00fd a chr\u00f3movan\u00fd z\u00e1kladn\u00fd n\u00e1ter na ochranu proti kor\u00f3zii na b\u00e1ze akrylovej \u017eivice na pou\u017eitie v interi\u00e9ri aj exteri\u00e9ri. RustPrimer sa pou\u017e\u00edva ako z\u00e1kladn\u00fd n\u00e1ter pre stredn\u00fa antikor\u00f3znu ochranu na \u017eelezn\u00fdch a oce\u013eov\u00fdch povrchoch.<\/p>\n","protected":false},"excerpt":{"rendered":"<p><strong>Protikor\u00f3zna ochrana \u017eelezn\u00fdch kovov pripraven\u00e1 na pou\u017eitie<\/strong><\/p>\n<p>Ke\u010f veci ve\u013emi zhrdzavej\u00fa, RustPrimer dok\u00e1\u017ee z\u00e1zraky a zabezpe\u010d\u00ed spr\u00e1vnu pri\u013enavos\u0165.<\/p>\n","protected":false},"featured_media":33712,"template":"","meta":[],"product_brand":[],"product_cat":[1666,1667,1712],"product_tag":[],"class_list":{"0":"post-34806","1":"product","2":"type-product","3":"status-publish","4":"has-post-thumbnail","6":"product_cat-oblasti-pouzitia","7":"product_cat-stavat-nazivo","8":"product_cat-doplnkove-produkty","10":"first","11":"instock","12":"taxable","13":"shipping-taxable","14":"purchasable","15":"product-type-variable"},"_links":{"self":[{"href":"https:\/\/www.climatecoating.com\/sk\/wp-json\/wp\/v2\/product\/34806","targetHints":{"allow":["GET"]}}],"collection":[{"href":"https:\/\/www.climatecoating.com\/sk\/wp-json\/wp\/v2\/product"}],"about":[{"href":"https:\/\/www.climatecoating.com\/sk\/wp-json\/wp\/v2\/types\/product"}],"wp:featuredmedia":[{"embeddable":true,"href":"https:\/\/www.climatecoating.com\/sk\/wp-json\/wp\/v2\/media\/33712"}],"wp:attachment":[{"href":"https:\/\/www.climatecoating.com\/sk\/wp-json\/wp\/v2\/media?parent=34806"}],"wp:term":[{"taxonomy":"product_brand","embeddable":true,"href":"https:\/\/www.climatecoating.com\/sk\/wp-json\/wp\/v2\/product_brand?post=34806"},{"taxonomy":"product_cat","embeddable":true,"href":"https:\/\/www.climatecoating.com\/sk\/wp-json\/wp\/v2\/product_cat?post=34806"},{"taxonomy":"product_tag","embeddable":true,"href":"https:\/\/www.climatecoating.com\/sk\/wp-json\/wp\/v2\/product_tag?post=34806"}],"curies":[{"name":"wp","href":"https:\/\/api.w.org\/{rel}","templated":true}]}}