{"id":34807,"date":"2020-08-26T10:00:22","date_gmt":"2020-08-26T08:00:22","guid":{"rendered":"https:\/\/www.climatecoating.com\/produkte\/glossplus-2\/"},"modified":"2024-12-10T17:00:04","modified_gmt":"2024-12-10T16:00:04","slug":"glossplus","status":"publish","type":"product","link":"https:\/\/www.climatecoating.com\/sk\/produkt\/glossplus\/","title":{"rendered":"GlossPlus"},"content":{"rendered":"<p>GlossPlus je bezfarebn\u00fd ochrann\u00fd n\u00e1ter na vodnej b\u00e1ze s UV blok\u00e1torom pre vonkaj\u0161ie pou\u017eitie. GlossPlus zlep\u0161uje \u010distite\u013enos\u0165 n\u00e1terov ClimateCoating<sup>\u00ae<\/sup> a zvy\u0161uje mechanick\u00fa odolnos\u0165.<br \/>\nPri pou\u017eit\u00ed na n\u00e1tery ClimateCoating<sup>\u00ae<\/sup><\/p>\n","protected":false},"excerpt":{"rendered":"<p><strong>Bezfarebn\u00fd a leskl\u00fd ochrann\u00fd n\u00e1ter s UV blok\u00e1torom<\/strong><\/p>\n<p>Brilantn\u00fd vzh\u013ead budovy.<\/p>\n","protected":false},"featured_media":33540,"template":"","meta":[],"product_brand":[],"product_cat":[1666,1667,1712],"product_tag":[],"class_list":{"0":"post-34807","1":"product","2":"type-product","3":"status-publish","4":"has-post-thumbnail","6":"product_cat-oblasti-pouzitia","7":"product_cat-stavat-nazivo","8":"product_cat-doplnkove-produkty","10":"first","11":"instock","12":"taxable","13":"shipping-taxable","14":"purchasable","15":"product-type-variable"},"_links":{"self":[{"href":"https:\/\/www.climatecoating.com\/sk\/wp-json\/wp\/v2\/product\/34807","targetHints":{"allow":["GET"]}}],"collection":[{"href":"https:\/\/www.climatecoating.com\/sk\/wp-json\/wp\/v2\/product"}],"about":[{"href":"https:\/\/www.climatecoating.com\/sk\/wp-json\/wp\/v2\/types\/product"}],"wp:featuredmedia":[{"embeddable":true,"href":"https:\/\/www.climatecoating.com\/sk\/wp-json\/wp\/v2\/media\/33540"}],"wp:attachment":[{"href":"https:\/\/www.climatecoating.com\/sk\/wp-json\/wp\/v2\/media?parent=34807"}],"wp:term":[{"taxonomy":"product_brand","embeddable":true,"href":"https:\/\/www.climatecoating.com\/sk\/wp-json\/wp\/v2\/product_brand?post=34807"},{"taxonomy":"product_cat","embeddable":true,"href":"https:\/\/www.climatecoating.com\/sk\/wp-json\/wp\/v2\/product_cat?post=34807"},{"taxonomy":"product_tag","embeddable":true,"href":"https:\/\/www.climatecoating.com\/sk\/wp-json\/wp\/v2\/product_tag?post=34807"}],"curies":[{"name":"wp","href":"https:\/\/api.w.org\/{rel}","templated":true}]}}