{"id":34818,"date":"2020-08-09T15:35:45","date_gmt":"2020-08-09T13:35:45","guid":{"rendered":"https:\/\/www.climatecoating.com\/produkte\/thermoactive-2\/"},"modified":"2025-10-29T19:38:55","modified_gmt":"2025-10-29T18:38:55","slug":"thermoactive","status":"publish","type":"product","link":"https:\/\/www.climatecoating.com\/sk\/produkt\/thermoactive\/","title":{"rendered":"ThermoActive"},"content":{"rendered":"<p>Inovat\u00edvna recept\u00fara a vysokokvalitn\u00e9 suroviny zabezpe\u010duj\u00fa, \u017ee po nanesen\u00ed n\u00e1teru sa vytvor\u00ed pru\u017en\u00e1 a reflexn\u00e1 membr\u00e1na s vynikaj\u00facimi vlastnos\u0165ami:<\/p>\n<ul>\n<li>ve\u013emi vysok\u00fd odraz slne\u010dn\u00e9ho svetla<\/li>\n<li>dlhodob\u00e1 odolnos\u0165 materi\u00e1lu<\/li>\n<li>nadpriemern\u00e1 elasticita a robustnos\u0165<\/li>\n<li>Vodotesnos\u0165 \/ tesnos\u0165 proti hnan\u00e9mu da\u017e\u010fu<\/li>\n<li>Teplotn\u00e1 odolnos\u0165 od -40 do + 150\u00b0C<\/li>\n<\/ul>\n<p><strong>Vysok\u00e9 hodnoty odrazu &#8211; takmer ako sneh<\/strong><br \/>\nStre\u0161n\u00fd n\u00e1ter ThermoActive je schopn\u00fd odr\u00e1\u017ea\u0165 viac ako 91 % slne\u010dn\u00e9ho \u017eiarenia. To je overen\u00e1 \u0161pi\u010dkov\u00e1 hodnota. \u010cist\u00fd sneh odr\u00e1\u017ea slne\u010dn\u00e9 svetlo na 100%.<\/p>\n<p><strong>Pas\u00edvna klimatiz\u00e1cia zni\u017euje n\u00e1klady<\/strong><br \/>\nReflexn\u00e1 vrstva ThermoActive absorbuje vlhkos\u0165, ktor\u00e1 sa pri vystaven\u00ed slne\u010dn\u00e9mu \u017eiareniu vyparuje a ochladzuje. Strecha nemus\u00ed by\u0165 nevyhnutne natret\u00e1 bielou farbou. Vysok\u00fd chladiaci v\u00fdkon v\u010faka odparovaniu sa dosahuje aj pri tmav\u0161\u00edch farb\u00e1ch. T\u00fdmto sp\u00f4sobom je mo\u017en\u00e9 v ka\u017edom pr\u00edpade zn\u00ed\u017ei\u0165 spotrebu energie na chladenie a prispie\u0165 k zn\u00ed\u017eeniu CO<sub>2<\/sub> .<\/p>\n<p><strong>Pred\u013a\u017een\u00e1 \u017eivotnos\u0165 stre\u0161nej kon\u0161trukcie<\/strong><br \/>\nVynikaj\u00faca elasticita ThermoActive umo\u017e\u0148uje bezprobl\u00e9mov\u00e9 premostenie materi\u00e1lov\u00fdch prechodov a to pri teplot\u00e1ch od -40\u00b0C do +150\u00b0C. Strecha zost\u00e1va vodotesn\u00e1. N\u00e1ter je extr\u00e9mne robustn\u00fd a necitliv\u00fd na vplyvy prostredia, ako s\u00fa kyseliny, z\u00e1sady, oz\u00f3n, oxidy dus\u00edka a s\u00edry. Okrem toho je n\u00e1ter extr\u00e9mne odoln\u00fd vo\u010di UV \u017eiareniu. \u017diadne krehnutie, \u017eiadne odlupovanie farby, \u017eiadne zvetr\u00e1vanie a to z dlhodob\u00e9ho h\u013eadiska. To v\u0161etko spolu predl\u017euje \u017eivotnos\u0165 stre\u0161nej kon\u0161trukcie a zni\u017euje n\u00e1klady na \u00fadr\u017ebu.<\/p>\n","protected":false},"excerpt":{"rendered":"<p><strong>Reflexn\u00fd stre\u0161n\u00fd n\u00e1ter s vynikaj\u00facim chladiacim v\u00fdkonom<\/strong><\/p>\n<p>ThermoActive je stre\u0161n\u00fd n\u00e1ter na klimatiz\u00e1ciu. Zabezpe\u010duje chladnej\u0161ie miestnosti pod hor\u00facim slnkom. ThermoActive predl\u017euje \u017eivotnos\u0165 stre\u0161nej kon\u0161trukcie a zni\u017euje teploty vo vn\u00fatri budovy. To \u0161etr\u00ed zdroje na \u00fadr\u017ebu strechy a zni\u017euje spotrebu energie klimatiza\u010dn\u00fdch syst\u00e9mov.<\/p>\n<p>V\u0161etky n\u00e1tery a farby ClimateCoating<sup>\u00ae<\/sup> s\u00fa zalo\u017een\u00e9 na technol\u00f3gii reflexnej membr\u00e1ny a maj\u00fa \u010disto fyzik\u00e1lny \u00fa\u010dinok. Ekologick\u00e9 a vysoko v\u00fdkonn\u00e9 farby presvied\u010daj\u00fa pou\u017e\u00edvate\u013eov na celom svete od roku 2003 svojimi \u0161peci\u00e1lnymi vlastnos\u0165ami a vysokou hospod\u00e1rnos\u0165ou.<\/p>\n","protected":false},"featured_media":33527,"template":"","meta":[],"product_brand":[],"product_cat":[1666,1667,1707,1693,1696,1703,1691],"product_tag":[],"class_list":{"0":"post-34818","1":"product","2":"type-product","3":"status-publish","4":"has-post-thumbnail","6":"product_cat-oblasti-pouzitia","7":"product_cat-stavat-nazivo","8":"product_cat-vonku","9":"product_cat-potravinarsky-priemysel","10":"product_cat-vyroba","11":"product_cat-verejne-budovy","12":"product_cat-polnohospodarstvo-a-chov-zvierat","14":"first","15":"instock","16":"taxable","17":"shipping-taxable","18":"purchasable","19":"product-type-variable"},"_links":{"self":[{"href":"https:\/\/www.climatecoating.com\/sk\/wp-json\/wp\/v2\/product\/34818","targetHints":{"allow":["GET"]}}],"collection":[{"href":"https:\/\/www.climatecoating.com\/sk\/wp-json\/wp\/v2\/product"}],"about":[{"href":"https:\/\/www.climatecoating.com\/sk\/wp-json\/wp\/v2\/types\/product"}],"wp:featuredmedia":[{"embeddable":true,"href":"https:\/\/www.climatecoating.com\/sk\/wp-json\/wp\/v2\/media\/33527"}],"wp:attachment":[{"href":"https:\/\/www.climatecoating.com\/sk\/wp-json\/wp\/v2\/media?parent=34818"}],"wp:term":[{"taxonomy":"product_brand","embeddable":true,"href":"https:\/\/www.climatecoating.com\/sk\/wp-json\/wp\/v2\/product_brand?post=34818"},{"taxonomy":"product_cat","embeddable":true,"href":"https:\/\/www.climatecoating.com\/sk\/wp-json\/wp\/v2\/product_cat?post=34818"},{"taxonomy":"product_tag","embeddable":true,"href":"https:\/\/www.climatecoating.com\/sk\/wp-json\/wp\/v2\/product_tag?post=34818"}],"curies":[{"name":"wp","href":"https:\/\/api.w.org\/{rel}","templated":true}]}}