{"id":34830,"date":"2020-08-09T15:35:45","date_gmt":"2020-08-09T13:35:45","guid":{"rendered":"https:\/\/www.climatecoating.com\/produkte\/industryspecial-2\/"},"modified":"2024-12-10T17:00:14","modified_gmt":"2024-12-10T16:00:14","slug":"industryspecial","status":"publish","type":"product","link":"https:\/\/www.climatecoating.com\/sk\/produkt\/industryspecial\/","title":{"rendered":"IndustrySpecial"},"content":{"rendered":"<p><strong>V\u0161estrann\u00fd<\/strong><br \/>\nMnoho mo\u017enost\u00ed vyu\u017eitia IndustrySpecial za\u010d\u00edna jednoduch\u00fdm n\u00e1terom silo tanku na stabiliz\u00e1ciu teploty a prech\u00e1dza cez ochranu proti vlhkosti a kondenz\u00e1cii, antistatiku a tienenie, cez tepeln\u00fa a hlukov\u00fa ochranu a\u017e po zv\u00e4\u010d\u0161enie povrchu a odraz svetla. IndustrySpecial je skuto\u010dn\u00fd univerz\u00e1l!<\/p>\n<p><strong>Extr\u00e9mne elastick\u00e9<\/strong><br \/>\nPovlak IndustrySpecial odol\u00e1 ve\u013ek\u00e9mu mechanick\u00e9mu nam\u00e1haniu. Dierovan\u00fd kovov\u00fd p\u00e1s so \u0161\u00edrkou 17 mm na jednom z obr\u00e1zkov v\u013eavo je mo\u017en\u00e9 nieko\u013ekokr\u00e1t ohn\u00fa\u0165 alebo dokonca skr\u00fati\u0165. Povlak nevykazuje \u017eiadne praskliny. IndustrySpecial je mimoriadne flexibiln\u00fd, dok\u00e1\u017ee premosti\u0165 r\u00f4zne materi\u00e1ly a trvalo zakry\u0165 najjemnej\u0161ie trhliny.<\/p>\n<p><strong>Typick\u00fd rozsah pou\u017eitia medzi -40\u00b0C a +150\u00b0C<\/strong><\/p>\n<p>Na\u0161i z\u00e1kazn\u00edci po celom svete oce\u0148uj\u00fa odolnos\u0165 IndustrySpecial vo\u010di vysokej teplote a odolnos\u0165 vo\u010di agres\u00edvnym vplyvom prostredia. Doteraz boli potiahnut\u00e9:<\/p>\n<ul>\n<li>N\u00e1dr\u017ee, sil\u00e1, ve\u013ek\u00e9 kontajnery<\/li>\n<li>Potrubia, ty\u010de<\/li>\n<li>N\u00e1doby, kovov\u00e9 boxy<\/li>\n<li>Oblo\u017eenie haly<\/li>\n<li>Stanov\u00e9 plachty<\/li>\n<li>flexibiln\u00e9 plastov\u00e9 povrchy<\/li>\n<\/ul>\n<p>Chcete vyrie\u0161i\u0165 ve\u013emi \u0161pecifick\u00fd probl\u00e9m s n\u00e1terom?<br \/>\nPotom s vami radi n\u00e1jdeme <a href=\"https:\/\/www.climatecoating.com\/sk\/oblasti-pouzitia\/priemysel-a-specialne-riesenia\/\">\u0161peci\u00e1lne rie\u0161enie<\/a> .<\/p>\n","protected":false},"excerpt":{"rendered":"<p><strong>V\u0161estrann\u00fd n\u00e1ter v priemysle<\/strong><\/p>\n<p>IndustrySpecial je odoln\u00fd ochrann\u00fd n\u00e1ter s teplotnou odolnos\u0165ou od -40\u00b0C do + 150\u00b0C.<\/p>\n<p>V\u0161etky n\u00e1tery a farby od ClimateCoating \u00a9 s\u00fa zalo\u017een\u00e9 na technol\u00f3gii reflexnej membr\u00e1ny a maj\u00fa \u010disto fyzik\u00e1lny efekt. Ekologick\u00e9 a vysoko v\u00fdkonn\u00e9 farby presvied\u010daj\u00fa pou\u017e\u00edvate\u013eov na celom svete od roku 2003 svojimi \u0161peci\u00e1lnymi vlastnos\u0165ami a vysokou hospod\u00e1rnos\u0165ou.<\/p>\n","protected":false},"featured_media":33548,"template":"","meta":[],"product_brand":[],"product_cat":[1666,1667,1693,1710,1696,1699,1691,1698],"product_tag":[],"class_list":{"0":"post-34830","1":"product","2":"type-product","3":"status-publish","4":"has-post-thumbnail","6":"product_cat-oblasti-pouzitia","7":"product_cat-stavat-nazivo","8":"product_cat-potravinarsky-priemysel","9":"product_cat-priemyselne-aplikacie","10":"product_cat-vyroba","11":"product_cat-dopravna-doprava","12":"product_cat-polnohospodarstvo-a-chov-zvierat","13":"product_cat-technicke-konstrukcie","15":"first","16":"instock","17":"taxable","18":"shipping-taxable","19":"product-type-variable"},"_links":{"self":[{"href":"https:\/\/www.climatecoating.com\/sk\/wp-json\/wp\/v2\/product\/34830","targetHints":{"allow":["GET"]}}],"collection":[{"href":"https:\/\/www.climatecoating.com\/sk\/wp-json\/wp\/v2\/product"}],"about":[{"href":"https:\/\/www.climatecoating.com\/sk\/wp-json\/wp\/v2\/types\/product"}],"wp:featuredmedia":[{"embeddable":true,"href":"https:\/\/www.climatecoating.com\/sk\/wp-json\/wp\/v2\/media\/33548"}],"wp:attachment":[{"href":"https:\/\/www.climatecoating.com\/sk\/wp-json\/wp\/v2\/media?parent=34830"}],"wp:term":[{"taxonomy":"product_brand","embeddable":true,"href":"https:\/\/www.climatecoating.com\/sk\/wp-json\/wp\/v2\/product_brand?post=34830"},{"taxonomy":"product_cat","embeddable":true,"href":"https:\/\/www.climatecoating.com\/sk\/wp-json\/wp\/v2\/product_cat?post=34830"},{"taxonomy":"product_tag","embeddable":true,"href":"https:\/\/www.climatecoating.com\/sk\/wp-json\/wp\/v2\/product_tag?post=34830"}],"curies":[{"name":"wp","href":"https:\/\/api.w.org\/{rel}","templated":true}]}}