{"id":34831,"date":"2020-08-26T10:14:18","date_gmt":"2020-08-26T08:14:18","guid":{"rendered":"https:\/\/www.climatecoating.com\/produkte\/sanosil-s010-2\/"},"modified":"2024-12-10T16:59:58","modified_gmt":"2024-12-10T15:59:58","slug":"sanosil-s010","status":"publish","type":"product","link":"https:\/\/www.climatecoating.com\/sk\/produkt\/sanosil-s010\/","title":{"rendered":"Sanosil S010"},"content":{"rendered":"<p>Sanosil S010 sa nastrieka na vidite\u013ene sfarben\u00e9 miesta.<br \/>\nDoba p\u00f4sobenia je len 25 a\u017e 30 min\u00fat.<\/p>\n<p><strong>Efekt\u00edvne duo<\/strong><br \/>\nSanosil S003 &amp; S010 deaktivuje tox\u00edny plesn\u00ed a ich alerg\u00e9ny na stene aj vo vzduchu. Zatia\u013e nie s\u00fa zn\u00e1me \u017eiadne mikroorganizmy, ktor\u00e9 Sanosil S003 &amp; S010 neinaktivuje. V\u010faka dobrej materi\u00e1lovej kompatibilite je stavebn\u00e1 kon\u0161trukcia chr\u00e1nen\u00e1.<\/p>\n<p>Sanosil S003 a S010 s\u00fa \u0161etrn\u00e9 k \u017eivotn\u00e9mu prostrediu a po pou\u017eit\u00ed \u00faplne nez\u00e1vadn\u00e9 pre \u013eudsk\u00fd organizmus. Produkty je teda mo\u017en\u00e9 bez v\u00e1hania pou\u017ei\u0165 vo v\u0161etk\u00fdch obytn\u00fdch priestoroch vr\u00e1tane kuchyne \u010di detskej izby. Izby s\u00fa po o\u0161etren\u00ed ihne\u010f op\u00e4\u0165 ob\u00fdvate\u013en\u00e9.<\/p>\n<p>Sanosil S003 &amp; S010 maj\u00fa vysok\u00fd dezinfek\u010dn\u00fd potenci\u00e1l a s\u00fa netoxick\u00e9, po spracovan\u00ed sa rozkladaj\u00fa na p\u00f4vodn\u00e9 zlo\u017eky obsiahnut\u00e9 vo vode. Odstr\u00e1nen\u00e9 tapety a ostatn\u00e9 materi\u00e1ly sa po spracovan\u00ed jednoducho zlikviduj\u00fa spolu s domov\u00fdm odpadom.<\/p>\n<p>Aby ste sa ochr\u00e1nili pred zv\u00fd\u0161en\u00fdm za\u0165a\u017een\u00edm sp\u00f3rami pri pou\u017e\u00edvan\u00ed Sanosil S003 &amp; S010, s\u00fa nevyhnutn\u00e9 osobn\u00e9 ochrann\u00e9 opatrenia, ako je ochrann\u00fd oblek a d\u00fdchacia maska.<\/p>\n","protected":false},"excerpt":{"rendered":"<p><strong>Zab\u00edja\u010di plesn\u00ed<\/strong><\/p>\n<p>Sanosil S010 je pr\u00edpravok na ni\u010denie plesn\u00ed, ktor\u00fdm sa o\u0161etruj\u00fa vidite\u013en\u00e9 kult\u00fary plesn\u00ed.<\/p>\n","protected":false},"featured_media":33663,"template":"","meta":[],"product_brand":[],"product_cat":[1706,1712],"product_tag":[],"class_list":{"0":"post-34831","1":"product","2":"type-product","3":"status-publish","4":"has-post-thumbnail","6":"product_cat-produkty-sk","7":"product_cat-doplnkove-produkty","9":"first","10":"instock","11":"taxable","12":"shipping-taxable","13":"purchasable","14":"product-type-simple"},"_links":{"self":[{"href":"https:\/\/www.climatecoating.com\/sk\/wp-json\/wp\/v2\/product\/34831","targetHints":{"allow":["GET"]}}],"collection":[{"href":"https:\/\/www.climatecoating.com\/sk\/wp-json\/wp\/v2\/product"}],"about":[{"href":"https:\/\/www.climatecoating.com\/sk\/wp-json\/wp\/v2\/types\/product"}],"wp:featuredmedia":[{"embeddable":true,"href":"https:\/\/www.climatecoating.com\/sk\/wp-json\/wp\/v2\/media\/33663"}],"wp:attachment":[{"href":"https:\/\/www.climatecoating.com\/sk\/wp-json\/wp\/v2\/media?parent=34831"}],"wp:term":[{"taxonomy":"product_brand","embeddable":true,"href":"https:\/\/www.climatecoating.com\/sk\/wp-json\/wp\/v2\/product_brand?post=34831"},{"taxonomy":"product_cat","embeddable":true,"href":"https:\/\/www.climatecoating.com\/sk\/wp-json\/wp\/v2\/product_cat?post=34831"},{"taxonomy":"product_tag","embeddable":true,"href":"https:\/\/www.climatecoating.com\/sk\/wp-json\/wp\/v2\/product_tag?post=34831"}],"curies":[{"name":"wp","href":"https:\/\/api.w.org\/{rel}","templated":true}]}}