{"id":35229,"date":"2020-05-26T19:37:20","date_gmt":"2020-05-26T17:37:20","guid":{"rendered":"https:\/\/www.climatecoating.com\/produkte\/thermoprotect\/"},"modified":"2025-10-29T13:56:26","modified_gmt":"2025-10-29T12:56:26","slug":"thermoprotect","status":"publish","type":"product","link":"https:\/\/www.climatecoating.com\/sk\/produkt\/thermoprotect\/","title":{"rendered":"ThermoProtect"},"content":{"rendered":"<p>Fas\u00e1dny n\u00e1ter ThermoProtect pripraven\u00fd na pou\u017eitie m\u00e1 vlastnosti reguluj\u00face vlhkos\u0165 a teplotu. Zni\u017euje tvorbu rias a zni\u017euje spotrebu energie. Unik\u00e1tna synt\u00e9za polyakryl\u00e1tovej disperzie s keramick\u00fdmi dut\u00fdmi gu\u013e\u00f4\u010dkami a aktiv\u00e1tormi vytv\u00e1ra po aplik\u00e1cii reflexn\u00fa membr\u00e1nu, ktor\u00e1 zais\u0165uje nadpriemern\u00fa, neporu\u0161en\u00fa, such\u00fa fas\u00e1du, ktor\u00e1 odol\u00e1va poveternostn\u00fdm vplyvom.<\/p>\n<p><strong>Odvlh\u010dovanie<\/strong><br \/>\nT\u00e1to membr\u00e1na p\u00f4sob\u00ed ako bari\u00e9ra, ktor\u00e1 chr\u00e1ni murivo pred vniknut\u00edm zr\u00e1\u017eok a kondenz\u00e1cie. S\u00fa\u010dasne doch\u00e1dza k odvlh\u010deniu muriva kapil\u00e1rnym efektom. Such\u00e9 murivo izoluje ove\u013ea lep\u0161ie ako vlhk\u00e9! Zni\u017euje sa strata prestupov\u00e9ho tepla. Such\u00e9 murivo v zime efekt\u00edvnej\u0161ie absorbuje slne\u010dn\u00e9 vstupy z n\u00edzko polo\u017een\u00e9ho slnka a t\u00fdm zlep\u0161uje energetick\u00fa bilanciu budovy. <a href=\"https:\/\/www.climatecoating.com\/sk\/referencie\/odkaz\/bytove-domy-v-botkyrke\/\">Pr\u00edklad zo \u0160v\u00e9dska s 12 % \u00fasporou energie.<\/a><\/p>\n<p><strong>Regul\u00e1cia teploty<\/strong><br \/>\nV lete s\u00fa vonkaj\u0161ie steny ochladzovan\u00e9 kr\u00e1tkovlnn\u00fdm odrazom slne\u010dn\u00e9ho svetla a riaden\u00fdm odparovan\u00edm. To zni\u017euje chladiace za\u0165a\u017eenie a t\u00fdm aj n\u00e1klady na energiu. Vonkaj\u0161ie steny s\u00fa z\u00e1rove\u0148 udr\u017eiavan\u00e9 v suchu, \u010do p\u00f4sob\u00ed proti rastu rias, najm\u00e4 na zateplen\u00fdch fas\u00e1dach.<br \/>\nPri pou\u017eit\u00ed v hor\u00facich klimatick\u00fdch z\u00f3nach sa zni\u017euje prenos tepla zvonku dovn\u00fatra.<\/p>\n","protected":false},"excerpt":{"rendered":"<p><strong>Dlhotrvaj\u00faca ochrana fas\u00e1dy s efektom \u00faspory energie<\/strong><\/p>\n<p>Fas\u00e1dny n\u00e1ter pripraven\u00fd na pou\u017eitie chr\u00e1ni pred poveternostn\u00fdmi vplyvmi, rastom rias, machov a h\u00fab a zlep\u0161uje celoro\u010dn\u00fa energetick\u00fa bilanciu budovy. ThermoProtect je fas\u00e1dna farba a kvalitn\u00e1 disperzia, ktor\u00e1 udr\u017euje fas\u00e1du v suchu, reguluje vlhkos\u0165 a teplotu a je mimoriadne robustn\u00e1 a odoln\u00e1.<\/p>\n<p>V\u0161etky n\u00e1tery ClimateCoating<sup>\u00ae<\/sup> s\u00fa zalo\u017een\u00e9 na technol\u00f3gii reflexnej membr\u00e1ny a maj\u00fa \u010disto fyzik\u00e1lny \u00fa\u010dinok. Ekologick\u00e9 a vysoko v\u00fdkonn\u00e9 farby presvied\u010daj\u00fa pou\u017e\u00edvate\u013eov na celom svete od roku 2003 svojimi \u0161peci\u00e1lnymi vlastnos\u0165ami a vysokou hospod\u00e1rnos\u0165ou.<\/p>\n","protected":false},"featured_media":33523,"template":"","meta":[],"product_brand":[],"product_cat":[1667,1707,1666,1703,1683],"product_tag":[],"class_list":{"0":"post-35229","1":"product","2":"type-product","3":"status-publish","4":"has-post-thumbnail","6":"product_cat-stavat-nazivo","7":"product_cat-vonku","8":"product_cat-oblasti-pouzitia","9":"product_cat-verejne-budovy","10":"product_cat-hotely-a-gastronomia","12":"first","13":"instock","14":"taxable","15":"shipping-taxable","16":"purchasable","17":"product-type-variable"},"_links":{"self":[{"href":"https:\/\/www.climatecoating.com\/sk\/wp-json\/wp\/v2\/product\/35229","targetHints":{"allow":["GET"]}}],"collection":[{"href":"https:\/\/www.climatecoating.com\/sk\/wp-json\/wp\/v2\/product"}],"about":[{"href":"https:\/\/www.climatecoating.com\/sk\/wp-json\/wp\/v2\/types\/product"}],"wp:featuredmedia":[{"embeddable":true,"href":"https:\/\/www.climatecoating.com\/sk\/wp-json\/wp\/v2\/media\/33523"}],"wp:attachment":[{"href":"https:\/\/www.climatecoating.com\/sk\/wp-json\/wp\/v2\/media?parent=35229"}],"wp:term":[{"taxonomy":"product_brand","embeddable":true,"href":"https:\/\/www.climatecoating.com\/sk\/wp-json\/wp\/v2\/product_brand?post=35229"},{"taxonomy":"product_cat","embeddable":true,"href":"https:\/\/www.climatecoating.com\/sk\/wp-json\/wp\/v2\/product_cat?post=35229"},{"taxonomy":"product_tag","embeddable":true,"href":"https:\/\/www.climatecoating.com\/sk\/wp-json\/wp\/v2\/product_tag?post=35229"}],"curies":[{"name":"wp","href":"https:\/\/api.w.org\/{rel}","templated":true}]}}