{"id":54212,"date":"2020-05-27T11:58:52","date_gmt":"2020-05-27T09:58:52","guid":{"rendered":"https:\/\/www.climatecoating.com\/?post_type=product&#038;p=54212"},"modified":"2025-05-21T17:50:14","modified_gmt":"2025-05-21T15:50:14","slug":"isotex-r70","status":"publish","type":"product","link":"https:\/\/www.climatecoating.com\/sk\/produkt\/isotex-r70\/","title":{"rendered":"IsoTex R70"},"content":{"rendered":"<p>IsoTex R70 je ve\u013emi \u013eahk\u00e1 miner\u00e1lna tepelnoizola\u010dn\u00e1 omietka na vonkaj\u0161ie (a vn\u00fatorn\u00e9) pou\u017eitie. Vyzna\u010duje sa vysok\u00fdm stavebn\u00fdm tepeln\u00fdm odporom a pom\u00e1ha obmedzova\u0165 \u00fanik tepla z budovy. Z\u00e1rove\u0148 omietka &#8211; najm\u00e4 v kombin\u00e1cii s fas\u00e1dnym n\u00e1terom <a href=\"https:\/\/www.climatecoating.com\/sk\/produkt\/thermoprotect\/\" target=\"_blank\" rel=\"noopener\">ThermoProtect<\/a> &#8211; podporuje proces vysychania muriva po da\u017edi. S\u00fa\u010dinite\u013e tepelnej vodivosti T1 omietky Isotex R70 je 0,077 &lt; 0,10 W\/mK.<\/p>\n<p>Vzh\u013eadom na ve\u013ekos\u0165 zrna ide o relat\u00edvne m\u00e4kk\u00e9 omietky. S hmotnos\u0165ou 4,0-4,5 kg\/m\u00b2 je na fas\u00e1de \u013eahk\u00e1 a nevy\u017eaduje \u017eiadne kotviace pom\u00f4cky. Tepelnoizola\u010dn\u00e1 omietka sa nan\u00e1\u0161a mechanicky alebo ru\u010dne a je \u013eahko spracovate\u013en\u00e1. IsoTex R70 sa \u013eahko nan\u00e1\u0161a hladidlom alebo postrekova\u010dom.<\/p>\n<p>&nbsp;<\/p>\n<p><strong>Syst\u00e9m ClimateCoating\u00ae IsoTex &#8211; energeticky \u00fasporn\u00e9 duo pre fas\u00e1du<\/strong><\/p>\n<p><strong>Probl\u00e9m:<\/strong> Vonkaj\u0161ie steny &#8211; s n\u00e1terom alebo bez neho &#8211; absorbuj\u00fa vodu, a to t\u00fdm viac, \u010d\u00edm dlh\u0161ie pr\u0161\u00ed. Voda sa mus\u00ed zo steny op\u00e4\u0165 dosta\u0165 von. To sa deje odparovan\u00edm. Odparovan\u00edm sa odober\u00e1 ve\u013ek\u00e9 mno\u017estvo energie, ktor\u00e9 sa mus\u00ed kompenzova\u0165 vykurovan\u00edm.<\/p>\n<p><strong>Rie\u0161enie:<\/strong> tepelnoizola\u010dn\u00fd syst\u00e9m a technol\u00f3gia reflexnej membr\u00e1ny<br \/>\nPovlak ClimateCoating\u00ae, ktor\u00fd sa spr\u00e1va ako membr\u00e1na, absorbuje \u010das\u0165 vody pri da\u017edi bez toho, aby ju preniesol na stenu za n\u00edm. Membr\u00e1na sa potom zablokuje a bez oh\u013eadu na to, ako dlho pr\u0161\u00ed, sa u\u017e \u017eiadna voda neabsorbuje. T\u00fdm sa minimalizuje mno\u017estvo odparovania. To znamen\u00e1, \u017ee n\u00e1ter mo\u017eno ozna\u010di\u0165 ako &#8220;vodoodpudiv\u00fd&#8221;, analogicky ako vonkaj\u0161ie omietky pod\u013ea normy EN 998-1.<br \/>\nN\u00e1ter (ThermoProtect) je tie\u017e ve\u013emi odoln\u00fd vo\u010di vplyvom prostredia, ako je UV \u017eiarenie alebo kyseliny v da\u017e\u010fovej vode. Antistatick\u00fd \u00fa\u010dinok v\u00fdrazne zni\u017euje pri\u013enavos\u0165 prachu. Boli zdokumentovan\u00e9 n\u00e1tery fas\u00e1d, na ktor\u00fdch je membr\u00e1nov\u00fd povlak aj po viac ako 20 rokoch st\u00e1le neporu\u0161en\u00fd a bez trhl\u00edn, tak\u017ee je zaru\u010den\u00fd efekt \u00faspory energie.<\/p>\n<p>Tieto pozit\u00edvne vlastnosti fas\u00e1dneho n\u00e1teru (ThermoProtect v kombin\u00e1cii s tepelnoizola\u010dnou omietkou Isotex R70) jasne ukazuj\u00fa, ak\u00e9 s\u00fa v\u00fdhody revolu\u010dn\u00e9ho tepelnoizola\u010dn\u00e9ho syst\u00e9mu IsoTex: dlh\u00e1 \u017eivotnos\u0165, \u00fapln\u00e1 ochrana proti v\u0161etk\u00fdm poveternostn\u00fdm vplyvom a v\u00fdrazn\u00e9 zn\u00ed\u017eenie n\u00e1kladov na vykurovanie a klimatiz\u00e1ciu.<\/p>\n<p><strong>PS: Zn\u00ed\u017een\u00edm vlhkosti muriva o jedno percento m\u00f4\u017eete u\u0161etri\u0165 a\u017e 10 percent n\u00e1kladov na vykurovanie!<\/strong><\/p>\n","protected":false},"excerpt":{"rendered":"<p><strong>\u013dahk\u00e1 tepelnoizola\u010dn\u00e1 omietka na miner\u00e1lnej b\u00e1ze<\/strong><\/p>\n<p>IsoTex R70 je ve\u013emi \u013eahk\u00e1 miner\u00e1lna tepelnoizola\u010dn\u00e1 omietka na vonkaj\u0161ie (a vn\u00fatorn\u00e9) pou\u017eitie. Vyzna\u010duje sa vysok\u00fdm tepeln\u00fdm odporom kon\u0161trukcie a pom\u00e1ha obmedzova\u0165 \u00fanik tepla z budovy. Z\u00e1rove\u0148 omietka &#8211; najm\u00e4 v kombin\u00e1cii s fas\u00e1dnym n\u00e1terom <a href=\"https:\/\/www.climatecoating.com\/sk\/produkt\/thermoprotect\/\" target=\"_blank\" rel=\"noopener\">ThermoProtect<\/a> &#8211; podporuje proces vysychania muriva po da\u017edi. S\u00fa\u010dinite\u013e tepelnej vodivosti T1 omietky Isotex R70 je 0,077 &lt; 0,10 W\/mK.<\/p>\n","protected":false},"featured_media":54313,"template":"","meta":[],"product_brand":[],"product_cat":[1707,1666,1667,1697,1692,1711,1703,1683],"product_tag":[],"class_list":{"0":"post-54212","1":"product","2":"type-product","3":"status-publish","4":"has-post-thumbnail","6":"product_cat-vonku","7":"product_cat-oblasti-pouzitia","8":"product_cat-stavat-nazivo","9":"product_cat-exterier-budovy","10":"product_cat-aplikacie-vonku-sk-2","11":"product_cat-vnutri","12":"product_cat-verejne-budovy","13":"product_cat-hotely-a-gastronomia","15":"first","16":"instock","17":"taxable","18":"shipping-taxable","19":"purchasable","20":"product-type-variable"},"_links":{"self":[{"href":"https:\/\/www.climatecoating.com\/sk\/wp-json\/wp\/v2\/product\/54212","targetHints":{"allow":["GET"]}}],"collection":[{"href":"https:\/\/www.climatecoating.com\/sk\/wp-json\/wp\/v2\/product"}],"about":[{"href":"https:\/\/www.climatecoating.com\/sk\/wp-json\/wp\/v2\/types\/product"}],"wp:featuredmedia":[{"embeddable":true,"href":"https:\/\/www.climatecoating.com\/sk\/wp-json\/wp\/v2\/media\/54313"}],"wp:attachment":[{"href":"https:\/\/www.climatecoating.com\/sk\/wp-json\/wp\/v2\/media?parent=54212"}],"wp:term":[{"taxonomy":"product_brand","embeddable":true,"href":"https:\/\/www.climatecoating.com\/sk\/wp-json\/wp\/v2\/product_brand?post=54212"},{"taxonomy":"product_cat","embeddable":true,"href":"https:\/\/www.climatecoating.com\/sk\/wp-json\/wp\/v2\/product_cat?post=54212"},{"taxonomy":"product_tag","embeddable":true,"href":"https:\/\/www.climatecoating.com\/sk\/wp-json\/wp\/v2\/product_tag?post=54212"}],"curies":[{"name":"wp","href":"https:\/\/api.w.org\/{rel}","templated":true}]}}