{"id":38001,"date":"2022-02-21T17:40:23","date_gmt":"2022-02-21T16:40:23","guid":{"rendered":"https:\/\/www.climatecoating.com\/avtryck\/"},"modified":"2022-03-07T12:21:34","modified_gmt":"2022-03-07T11:21:34","slug":"avtryck","status":"publish","type":"page","link":"https:\/\/www.climatecoating.com\/sv\/raettslig\/avtryck\/","title":{"rendered":"Avtryck"},"content":{"rendered":"<div class=\"wpb-content-wrapper\"><p>[vc_row row_type=&#8221;row&#8221; use_row_as_full_screen_section=&#8221;no&#8221; type=&#8221;full_width&#8221; text_align=&#8221;left&#8221; background_animation=&#8221;none&#8221; padding_bottom=&#8221;45&#8243; css_animation=&#8221;&#8221;][vc_column][vc_column_text]<\/p>\n<h1>Avtryck<\/h1>\n<p><strong>SICC Coatings GmbH<\/strong><br \/>\nWackenbergstrasse 78 \u2013 82<br \/>\nDE-13156 Berlin<\/p>\n<p>Telefon: +49 (0) 30 \/ 50 01 96-0<br \/>\nFax: +49 (0) 30 \/ 50 01 96-20<br \/>\nE-post: <span id=\"cloakd78a1e11def09a9b63740395e79511bf\"><a href=\"mailto:info@sicc.de\">info@sicc.de<\/a><\/span><\/p>\n<p><strong>Verkst\u00e4llande direkt\u00f6r:<\/strong> Waldemar Walczok<br \/>\n<strong>Registreringsdomstol:<\/strong> tingsr\u00e4tt Berlin-Charlottenburg<br \/>\n<strong>Registreringsnummer:<\/strong> HRB 88630<br \/>\n<strong>VAT ID:<\/strong> DE813670303<\/p>\n<p><strong>Bildkredit<\/strong><br \/>\n\u00a92010 Terry J Alcorn, Inc.[\/vc_column_text][vc_separator type=&#8221;transparent&#8221; border_style=&#8221;&#8221; up=&#8221;20&#8243; down=&#8221;0&#8243; icon_pack=&#8221;font_awesome&#8221;][vc_column_text]<\/p>\n<h2 class=\"\">VARNING<\/h2>\n<h3 class=\"\">Ansvar f\u00f6r inneh\u00e5ll<\/h3>\n<p class=\"hyp hyphenate\">Inneh\u00e5llet p\u00e5 v\u00e5ra sidor skapades med stor omsorg. Vi kan dock inte garantera att inneh\u00e5llet \u00e4r korrekt, fullst\u00e4ndigt eller uppdaterat. Som tj\u00e4nsteleverant\u00f6r ansvarar vi f\u00f6r v\u00e5rt eget inneh\u00e5ll p\u00e5 dessa sidor i enlighet med allm\u00e4n lagstiftning. Som tj\u00e4nsteleverant\u00f6r \u00e4r vi dock inte skyldiga att \u00f6vervaka \u00f6verf\u00f6rd eller lagrad information fr\u00e5n tredje part eller att unders\u00f6ka omst\u00e4ndigheter som tyder p\u00e5 olaglig aktivitet. Skyldigheter att ta bort eller blockera anv\u00e4ndningen av information enligt allm\u00e4nna lagar f\u00f6rblir op\u00e5verkade. Ansvar i detta avseende \u00e4r dock endast m\u00f6jligt fr\u00e5n den tidpunkt d\u00e5 k\u00e4nnedom om ett specifikt lag\u00f6vertr\u00e4delse \u00e4r k\u00e4nt. S\u00e5 snart vi blir medvetna om n\u00e5gra brott mot lagen kommer vi att ta bort detta inneh\u00e5ll omedelbart.<\/p>\n<h3>Ansvar f\u00f6r l\u00e4nkar<\/h3>\n<p class=\"hyp hyphenate\">V\u00e5rt erbjudande inneh\u00e5ller l\u00e4nkar till externa tredjepartswebbplatser, vars inneh\u00e5ll vi inte har n\u00e5got inflytande p\u00e5. D\u00e4rf\u00f6r kan vi inte ta n\u00e5got ansvar f\u00f6r detta externa inneh\u00e5ll. Respektive leverant\u00f6r eller operat\u00f6r av sidorna \u00e4r alltid ansvarig f\u00f6r inneh\u00e5llet p\u00e5 de l\u00e4nkade sidorna. De l\u00e4nkade sidorna kontrollerades f\u00f6r eventuella lag\u00f6vertr\u00e4delser vid tidpunkten f\u00f6r l\u00e4nkningen. Olagligt inneh\u00e5ll kunde inte k\u00e4nnas igen vid tidpunkten f\u00f6r l\u00e4nkningen. En permanent kontroll av inneh\u00e5llet p\u00e5 de l\u00e4nkade sidorna \u00e4r dock inte rimlig utan konkreta bevis p\u00e5 ett intr\u00e5ng. S\u00e5 snart vi blir medvetna om lag\u00f6vertr\u00e4delser kommer vi att ta bort s\u00e5dana l\u00e4nkar omedelbart.<\/p>\n<h3>upphovsr\u00e4tt<\/h3>\n<p class=\"hyp hyphenate\">Inneh\u00e5llet och verken p\u00e5 dessa sidor som skapats av webbplatsens operat\u00f6rer omfattas av tysk upphovsr\u00e4ttslagstiftning. Duplicering, redigering, distribution och all form av utnyttjande utanf\u00f6r upphovsr\u00e4ttens gr\u00e4nser kr\u00e4ver skriftligt medgivande fr\u00e5n respektive f\u00f6rfattare eller skapare. Nedladdningar och kopior av denna webbplats \u00e4r endast till\u00e5tna f\u00f6r privat, icke-kommersiellt bruk. I den m\u00e5n inneh\u00e5llet p\u00e5 denna webbplats inte har skapats av operat\u00f6ren, respekteras tredje parts upphovsr\u00e4tt. S\u00e4rskilt inneh\u00e5ll fr\u00e5n tredje part markeras som s\u00e5dant. Skulle du \u00e4nd\u00e5 bli medveten om ett upphovsr\u00e4ttsintr\u00e5ng ber vi dig att informera oss om detta. S\u00e5 snart vi blir medvetna om lag\u00f6vertr\u00e4delser kommer vi att ta bort s\u00e5dant inneh\u00e5ll omedelbart.<\/p>\n<h3>Fotokrediter<\/h3>\n<p class=\"hyp hyphenate\">Egna bilder, Photodune.net, iStockphoto.com, \u00a9Kadmy \u2013 Fotolia.de<\/p>\n<h3>Onlineplattform f\u00f6r tvistl\u00f6sning (OS-plattform)<\/h3>\n<p class=\"hyp hyphenate\">EU-kommissionen har skapat en webbplats f\u00f6r online-tvistl\u00f6sning mellan f\u00f6retag och konsumenter (OS-plattform), som du kan komma \u00e5t p\u00e5 <a href=\"http:\/\/ec.europa.eu\/consumers\/odr\/\" target=\"_blank\" rel=\"noopener noreferrer\">http:\/\/ec.europa.eu\/consumers\/odr\/<\/a> .<\/p>\n<p>[\/vc_column_text][\/vc_column][\/vc_row]<\/p>\n<\/div>","protected":false},"excerpt":{"rendered":"<p>[vc_row row_type=&#8221;row&#8221; use_row_as_full_screen_section=&#8221;no&#8221; type=&#8221;full_width&#8221; text_align=&#8221;left&#8221; background_animation=&#8221;none&#8221; padding_bottom=&#8221;45&#8243; css_animation=&#8221;&#8221;][vc_column][vc_column_text] Avtryck SICC Coatings GmbH Wackenbergstrasse 78 \u2013 82 DE-13156 Berlin Telefon: +49 (0) 30 \/ 50 01 96-0 Fax: +49 (0) 30 \/ 50 01 96-20 E-post: info@sicc.de Verkst\u00e4llande direkt\u00f6r: Waldemar Walczok Registreringsdomstol: tingsr\u00e4tt Berlin-Charlottenburg Registreringsnummer: HRB&#8230;<\/p>\n","protected":false},"author":1,"featured_media":0,"parent":38008,"menu_order":810,"comment_status":"closed","ping_status":"closed","template":"","meta":{"footnotes":""},"class_list":["post-38001","page","type-page","status-publish","hentry"],"_links":{"self":[{"href":"https:\/\/www.climatecoating.com\/sv\/wp-json\/wp\/v2\/pages\/38001","targetHints":{"allow":["GET"]}}],"collection":[{"href":"https:\/\/www.climatecoating.com\/sv\/wp-json\/wp\/v2\/pages"}],"about":[{"href":"https:\/\/www.climatecoating.com\/sv\/wp-json\/wp\/v2\/types\/page"}],"author":[{"embeddable":true,"href":"https:\/\/www.climatecoating.com\/sv\/wp-json\/wp\/v2\/users\/1"}],"replies":[{"embeddable":true,"href":"https:\/\/www.climatecoating.com\/sv\/wp-json\/wp\/v2\/comments?post=38001"}],"version-history":[{"count":0,"href":"https:\/\/www.climatecoating.com\/sv\/wp-json\/wp\/v2\/pages\/38001\/revisions"}],"up":[{"embeddable":true,"href":"https:\/\/www.climatecoating.com\/sv\/wp-json\/wp\/v2\/pages\/38008"}],"wp:attachment":[{"href":"https:\/\/www.climatecoating.com\/sv\/wp-json\/wp\/v2\/media?parent=38001"}],"curies":[{"name":"wp","href":"https:\/\/api.w.org\/{rel}","templated":true}]}}