{"id":38023,"date":"2022-02-21T17:40:28","date_gmt":"2022-02-21T16:40:28","guid":{"rendered":"https:\/\/www.climatecoating.com\/distributoerer\/"},"modified":"2023-04-26T18:36:16","modified_gmt":"2023-04-26T16:36:16","slug":"distributoerer","status":"publish","type":"page","link":"https:\/\/www.climatecoating.com\/sv\/foretag\/distributoerer\/","title":{"rendered":"Distribut\u00f6rer"},"content":{"rendered":"<div class=\"wpb-content-wrapper\"><p>[vc_row row_type=&#8221;row&#8221; use_row_as_full_screen_section=&#8221;no&#8221; type=&#8221;full_width&#8221; text_align=&#8221;left&#8221; background_animation=&#8221;none&#8221; padding_bottom=&#8221;45&#8243; css_animation=&#8221;&#8221;][vc_column][vc_single_image image=&#8221;36656&#8243; img_size=&#8221;full&#8221; qode_css_animation=&#8221;&#8221;][\/vc_column][\/vc_row][vc_row row_type=&#8221;row&#8221; use_row_as_full_screen_section=&#8221;no&#8221; type=&#8221;full_width&#8221; text_align=&#8221;left&#8221; background_animation=&#8221;none&#8221; padding_bottom=&#8221;45&#8243; css_animation=&#8221;&#8221;][vc_column width=&#8221;1\/4&#8243;]<div class=\"templatera_shortcode\"><div     class=\"vc_row wpb_row section vc_row-fluid backlink\" style=' text-align:left;'><div class=\" full_section_inner clearfix\"><div class=\"wpb_column vc_column_container vc_col-sm-12\"><div class=\"vc_column-inner\"><div class=\"wpb_wrapper\"><div class=\"ult_row_spacer\"><div class=\"ult-sticky-anchor\"><div class=\"ult-sticky-section ult-sticky \"  data-gutter= '100' data-stick_behaviour= 'stick_with_scroll_row'  data-sticky_position= 'top' data-mobile='no' data-support='no'><div  class=\"wpb_widgetised_column wpb_content_element\">\n\t\t<div class=\"wpb_wrapper\">\n\t\t\t\n\t\t\t\n\t\t<\/div>\n\t<\/div>\n<\/div><div class=\"ult-space\"><\/div><\/div><\/div><\/div><\/div><\/div><\/div><\/div><\/div>[\/vc_column][vc_column width=&#8221;3\/4&#8243;][vc_column_text css=&#8221;.vc_custom_1646210500791{padding-bottom: 28px !important;}&#8221;]<\/p>\n<h1>Distribut\u00f6rer<\/h1>\n<p>[\/vc_column_text][vc_column_text]V\u00e5ra s\u00e4ljpartners och vi har <strong>ett m\u00e5l:<\/strong><br \/>\nerbjuda h\u00f6gpresterande och milj\u00f6v\u00e4nliga bel\u00e4ggningar f\u00f6r byggnader, interi\u00f6rer och industriella applikationer, omvandla dem till framg\u00e5ngsrika byggprojekt och s\u00e4tta en tydlig signal f\u00f6r skydd av natur och milj\u00f6.[\/vc_column_text][vc_separator type=&#8221;normal&#8221; border_style=&#8221;&#8221; thickness=&#8221;1&#8243; up=&#8221;30&#8243; color=&#8221;#c4c4c4&#8243;][vc_column_text]<\/p>\n<h2>Det v\u00e4rldsomsp\u00e4nnande n\u00e4tverket av v\u00e5ra f\u00f6rs\u00e4ljningspartners<\/h2>\n<p>[\/vc_column_text][vc_column_text]\r\n            \r\n            \r\n            \r\n            <a name='map1'><\/a>\r\n            \r\n            \r\n            \r\n            \r\n            <div class=\"wpgmza_map \"  id=\"wpgmza_map_1\" style=\"display:block; overflow:auto; width:100%; height:400px; margin-left:auto !important; margin-right:auto !important; align:center;\" data-settings='{\"id\":\"1\",\"map_title\":\"Unser internationales Partnernetzwerk\",\"map_width\":\"100\",\"map_height\":\"400\",\"map_start_lat\":\"46.545204299999995\",\"map_start_lng\":\"14.925164499999996\",\"map_start_location\":\"62.039604,13.418006\",\"map_start_zoom\":\"2\",\"default_marker\":\"\\\/\\\/www.climatecoating.com\\\/wp-content\\\/plugins\\\/wp-google-maps\\\/images\\\/spotlight-poi2.png\",\"type\":\"1\",\"alignment\":\"4\",\"directions_enabled\":\"0\",\"styling_enabled\":\"0\",\"styling_json\":\"\",\"active\":\"0\",\"kml\":\"\",\"bicycle\":\"0\",\"traffic\":\"0\",\"dbox\":\"1\",\"dbox_width\":\"100\",\"listmarkers\":\"0\",\"listmarkers_advanced\":\"0\",\"filterbycat\":\"0\",\"ugm_enabled\":\"0\",\"ugm_category_enabled\":\"0\",\"fusion\":\"\",\"map_width_type\":\"%\",\"map_height_type\":\"px\",\"mass_marker_support\":\"1\",\"ugm_access\":\"0\",\"order_markers_by\":\"2\",\"order_markers_choice\":\"2\",\"show_user_location\":\"0\",\"default_to\":\"\",\"other_settings\":{\"store_locator_style\":\"legacy\",\"wpgmza_store_locator_radius_style\":\"legacy\",\"directions_box_style\":\"modern\",\"show_distance_from_location\":false,\"map_max_zoom\":\"1\",\"map_min_zoom\":\"21\",\"sl_stroke_color\":\"#000000\",\"sl_stroke_opacity\":\"\",\"sl_fill_color\":\"#000000\",\"sl_fill_opacity\":\"\",\"jump_to_nearest_marker_on_initialization\":false,\"automatically_pan_to_users_location\":false,\"override_users_location_zoom_level\":false,\"click_open_link\":false,\"hide_point_of_interest\":false,\"fit_maps_bounds_to_markers\":true,\"fit_maps_bounds_to_markers_after_filtering\":false,\"wpgmza_auto_night\":0,\"transport_layer\":false,\"polygon_labels\":false,\"enable_marker_ratings\":false,\"iw_primary_color\":\"#000000\",\"iw_accent_color\":\"#000000\",\"iw_text_color\":\"#000000\",\"wpgmza_iw_type\":\"0\",\"list_markers_by\":\"0\",\"push_in_map\":\"\",\"push_in_map_placement\":\"9\",\"wpgmza_push_in_map_width\":\"\",\"wpgmza_push_in_map_height\":\"\",\"wpgmza_theme_data\":\"[{\\\"featureType\\\":\\\"landscape\\\",\\\"stylers\\\":[{\\\"saturation\\\":-100},{\\\"lightness\\\":65},{\\\"visibility\\\":\\\"on\\\"}]},{\\\"featureType\\\":\\\"poi\\\",\\\"stylers\\\":[{\\\"saturation\\\":-100},{\\\"lightness\\\":51},{\\\"visibility\\\":\\\"simplified\\\"}]},{\\\"featureType\\\":\\\"road.highway\\\",\\\"stylers\\\":[{\\\"saturation\\\":-100},{\\\"visibility\\\":\\\"simplified\\\"}]},{\\\"featureType\\\":\\\"road.arterial\\\",\\\"stylers\\\":[{\\\"saturation\\\":-100},{\\\"lightness\\\":30},{\\\"visibility\\\":\\\"on\\\"}]},{\\\"featureType\\\":\\\"road.local\\\",\\\"stylers\\\":[{\\\"saturation\\\":-100},{\\\"lightness\\\":40},{\\\"visibility\\\":\\\"on\\\"}]},{\\\"featureType\\\":\\\"transit\\\",\\\"stylers\\\":[{\\\"saturation\\\":-100},{\\\"visibility\\\":\\\"simplified\\\"}]},{\\\"featureType\\\":\\\"administrative.province\\\",\\\"stylers\\\":[{\\\"visibility\\\":\\\"off\\\"}]},{\\\"featureType\\\":\\\"water\\\",\\\"elementType\\\":\\\"labels\\\",\\\"stylers\\\":[{\\\"visibility\\\":\\\"on\\\"},{\\\"lightness\\\":-25},{\\\"saturation\\\":-100}]},{\\\"featureType\\\":\\\"water\\\",\\\"elementType\\\":\\\"geometry\\\",\\\"stylers\\\":[{\\\"hue\\\":\\\"#ffff00\\\"},{\\\"lightness\\\":-25},{\\\"saturation\\\":-97}]}]\",\"upload_default_ul_marker\":\"\",\"upload_default_sl_marker\":\"\",\"wpgmza_dbox_width_type\":\"%\",\"default_from\":\"\",\"directions_behaviour\":\"default\",\"force_google_directions_app\":false,\"directions_route_origin_icon\":\"https:\\\/\\\/www.climatecoating.com\\\/wp-content\\\/plugins\\\/wp-google-maps\\\/images\\\/spotlight-poi2.png\",\"retina\":false,\"directions_route_destination_icon\":\"https:\\\/\\\/www.climatecoating.com\\\/wp-content\\\/plugins\\\/wp-google-maps\\\/images\\\/spotlight-poi2.png\",\"directions_route_stroke_color\":\"#4f8df5\",\"directions_route_stroke_weight\":\"4\",\"directions_route_stroke_opacity\":\"0.8\",\"enable_advanced_custom_fields_integration\":false,\"enable_toolset_woocommerce_integration\":false,\"shortcodeAttributes\":{\"id\":\"1\"},\"action\":\"wpgmza_save_map\",\"redirect_to\":\"\\\/wp-admin\\\/admin-post.php\",\"map_id\":\"1\",\"http_referer\":\"\\\/wp-admin\\\/admin.php?page=wp-google-maps-menu&amp;amp;action=edit&amp;amp;map_id=1\",\"wpgmza_id\":\"1\",\"wpgmza_start_location\":\"46.545204299999995,14.925164499999996\",\"wpgmza_start_zoom\":\"2\",\"directions_origin_retina\":false,\"directions_destination_retina\":false,\"directions_fit_bounds_to_route\":false,\"store_locator_enabled\":false,\"store_locator_search_area\":\"radial\",\"wpgmza_store_locator_default_radius\":\"10\",\"store_locator_auto_area_max_zoom\":\"\",\"wpgmza_store_locator_restrict\":\"\",\"store_locator_distance\":false,\"wpgmza_store_locator_position\":false,\"store_locator_show_distance\":false,\"store_locator_category\":false,\"wpgmza_store_locator_use_their_location\":false,\"wpgmza_store_locator_bounce\":false,\"wpgmza_sl_animation\":\"0\",\"wpgmza_store_locator_hide_before_search\":false,\"store_locator_query_string\":\"\",\"store_locator_default_address\":\"\",\"store_locator_name_search\":false,\"store_locator_name_string\":\"\",\"store_locator_not_found_message\":\"\",\"wpgmza_map_align\":\"2\",\"override_users_location_zoom_levels\":\"\",\"wpgmza_zoom_on_marker_click\":true,\"wpgmza_zoom_on_marker_click_slider\":\"5\",\"close_infowindow_on_map_click\":true,\"disable_lightbox_images\":false,\"use_Raw_Jpeg_Coordinates\":false,\"disable_polygon_info_windows\":false,\"only_load_markers_within_viewport\":false,\"wpgmza_listmarkers_by\":\"0\",\"wpgmza_marker_listing_position\":false,\"wpgmza_push_in_map\":false,\"wpgmza_push_in_map_placement\":\"1\",\"datatable_no_result_message\":\"\",\"remove_search_box_datables\":false,\"dataTable_pagination_style\":\"default\",\"datatable_search_string\":\"\",\"datatable_result_start\":\"\",\"datatable_result_of\":\"\",\"datatable_result_to\":\"\",\"datatable_result_total\":\"\",\"datatable_result_show\":\"\",\"datatable_result_entries\":\"\",\"wpgmza_savemap\":\"Karte speichern \\u00bb\",\"upload_default_sl_marker_retina\":false,\"upload_default_ul_marker_retina\":false,\"zoom_level_on_marker_listing_override\":false,\"zoom_level_on_marker_listing_click\":\"\",\"wpgmza_theme\":\"3\",\"store_locator_location_placeholder\":\"\",\"marker_listing_disable_zoom\":false,\"enable_marker_labels\":false,\"zoom_level_mobile_override_enabled\":false,\"zoom_level_mobile_override\":\"\"}}' data-map-id='1' data-shortcode-attributes='{\"id\":\"1\"}'> <\/div>\r\n            \r\n               \r\n        [\/vc_column_text][vc_separator type=&#8221;normal&#8221; border_style=&#8221;&#8221; thickness=&#8221;1&#8243; up=&#8221;30&#8243; color=&#8221;#c4c4c4&#8243;][vc_row_inner row_type=&#8221;row&#8221; type=&#8221;full_width&#8221; use_row_as_full_screen_section_slide=&#8221;no&#8221; text_align=&#8221;left&#8221; css_animation=&#8221;&#8221;][vc_column_inner width=&#8221;1\/6&#8243;][vc_single_image image=&#8221;37495&#8243; img_size=&#8221;large&#8221; qode_css_animation=&#8221;&#8221; css=&#8221;.vc_custom_1645627024675{padding-top: 20px !important;}&#8221;][\/vc_column_inner][vc_column_inner width=&#8221;5\/6&#8243;][vc_column_text css=&#8221;.vc_custom_1664370239926{padding-top: 0px !important;}&#8221;]<strong>Vi s\u00f6ker s\u00e4lj- och samarbetspartnerskap f\u00f6r \u00f6kad marknadsodling i Tyskland, i det europeiska ekonomiska omr\u00e5det och \u00f6ver hela v\u00e4rlden. Arbeta med oss f\u00f6r att utveckla ditt individuella f\u00f6rs\u00e4ljningskoncept f\u00f6r ClimateCoating\u00ae-produkter.<\/strong><\/p>\n<p>Anv\u00e4ndare och \u00e5terf\u00f6rs\u00e4ljare som anv\u00e4nder ClimateCoating\u00ae-produkter v\u00e4ljer ekonomi- och l\u00e5gutsl\u00e4ppsprodukter och d\u00e4rmed minskade CO2-utsl\u00e4pp. Bli en partner f\u00f6r ett kraftfullt varum\u00e4rke!<\/p>\n<p>V\u00e4lkommen till f\u00f6rsta kontakten med<br \/>\n<strong>Mrs. Jaqueline Riehle.<\/strong><br \/>\n<strong>E-post: <a href=\"mailto:riehle@sicc.de\">riehle@sicc.de<\/a><\/strong><br \/>\n<strong>Telefon: +49 30 500196-0 (m\u00e5ndag till fredag, 8:00 till 15:00)<\/strong>[\/vc_column_text][\/vc_column_inner][\/vc_row_inner][\/vc_column][\/vc_row]<\/p>\n<\/div>","protected":false},"excerpt":{"rendered":"Distribut\u00f6rer V\u00e5ra s\u00e4ljpartners och vi har ett m\u00e5l: erbjuda h\u00f6gpresterande och milj\u00f6v\u00e4nliga bel\u00e4ggningar f\u00f6r byggnader, interi\u00f6rer och industriella applikationer, omvandla dem till framg\u00e5ngsrika byggprojekt och s\u00e4tta en tydlig signal f\u00f6r skydd av natur och milj\u00f6. Det v\u00e4rldsomsp\u00e4nnande n\u00e4tverket av v\u00e5ra f\u00f6rs\u00e4ljningspartners Vi s\u00f6ker s\u00e4lj- och...","protected":false},"author":1,"featured_media":0,"parent":38159,"menu_order":650,"comment_status":"closed","ping_status":"closed","template":"","meta":{"footnotes":""},"class_list":["post-38023","page","type-page","status-publish","hentry"],"_links":{"self":[{"href":"https:\/\/www.climatecoating.com\/sv\/wp-json\/wp\/v2\/pages\/38023","targetHints":{"allow":["GET"]}}],"collection":[{"href":"https:\/\/www.climatecoating.com\/sv\/wp-json\/wp\/v2\/pages"}],"about":[{"href":"https:\/\/www.climatecoating.com\/sv\/wp-json\/wp\/v2\/types\/page"}],"author":[{"embeddable":true,"href":"https:\/\/www.climatecoating.com\/sv\/wp-json\/wp\/v2\/users\/1"}],"replies":[{"embeddable":true,"href":"https:\/\/www.climatecoating.com\/sv\/wp-json\/wp\/v2\/comments?post=38023"}],"version-history":[{"count":0,"href":"https:\/\/www.climatecoating.com\/sv\/wp-json\/wp\/v2\/pages\/38023\/revisions"}],"up":[{"embeddable":true,"href":"https:\/\/www.climatecoating.com\/sv\/wp-json\/wp\/v2\/pages\/38159"}],"wp:attachment":[{"href":"https:\/\/www.climatecoating.com\/sv\/wp-json\/wp\/v2\/media?parent=38023"}],"curies":[{"name":"wp","href":"https:\/\/api.w.org\/{rel}","templated":true}]}}