{"id":38024,"date":"2022-02-21T17:40:28","date_gmt":"2022-02-21T16:40:28","guid":{"rendered":"https:\/\/www.climatecoating.com\/raettslig\/varning\/"},"modified":"2022-03-07T12:21:43","modified_gmt":"2022-03-07T11:21:43","slug":"varning","status":"publish","type":"page","link":"https:\/\/www.climatecoating.com\/sv\/raettslig\/varning\/","title":{"rendered":"Varning"},"content":{"rendered":"<div class=\"wpb-content-wrapper\"><p>[vc_row row_type=&#8221;row&#8221; use_row_as_full_screen_section=&#8221;no&#8221; type=&#8221;full_width&#8221; text_align=&#8221;left&#8221; background_animation=&#8221;none&#8221; css_animation=&#8221;&#8221;][vc_column][vc_column_text]<\/p>\n<h1>Varning<\/h1>\n<p>\n<!-- Legal document generated by Complianz | GDPR\/CCPA Cookie Consent https:\/\/wordpress.org\/plugins\/complianz-gdpr -->\n<div id=\"cmplz-document\" class=\"cmplz-document disclaimer cmplz-document-all\"><p>SICC Coatings GmbH har \u00e5tagit sig att h\u00e5lla denna webbplats uppdaterad och korrekt. Om du \u00e4nd\u00e5 skulle st\u00f6ta p\u00e5 n\u00e5got som \u00e4r felaktigt eller inaktuellt skulle vi uppskatta om du kunde meddela oss detta. V\u00e4nligen ange var p\u00e5 webbplatsen du l\u00e4ste informationen. Vi kommer sedan att titta p\u00e5 detta s\u00e5 snart som m\u00f6jligt. V\u00e4nligen skicka ditt svar via e-post till: <span class=\"cmplz-obfuscate\">in&#102;&#111;@<span class=\"cmplz-fmail-domain\">e&#120;.&#099;&#111;&#109;<\/span>s&#105;cc.&#100;e<\/span>.<\/p><p>Vi \u00e4r inte ansvariga f\u00f6r f\u00f6rlust som beror p\u00e5 felaktigheter eller ofullst\u00e4ndighet, eller f\u00f6r f\u00f6rlust som beror p\u00e5 problem som orsakas av eller \u00e4r f\u00f6rknippade med spridning av information via internet, s\u00e5som st\u00f6rningar eller avbrott. N\u00e4r du anv\u00e4nder webbformul\u00e4r str\u00e4var vi efter att begr\u00e4nsa antalet obligatoriska f\u00e4lt till ett minimum. F\u00f6r f\u00f6rlust som uppst\u00e5r till f\u00f6ljd av anv\u00e4ndning av data, r\u00e5d eller id\u00e9er som tillhandah\u00e5lls av eller f\u00f6r SICC Coatings GmbH r\u00e4kning via denna webbplats, accepterar SICC Coatings GmbH inget ansvar.<\/p><p>Svar och f\u00f6rfr\u00e5gningar om integritet som skickas via e-post eller via ett webbformul\u00e4r behandlas p\u00e5 samma s\u00e4tt som brev. Detta inneb\u00e4r att du kan f\u00f6rv\u00e4nta dig ett svar fr\u00e5n oss senast inom en m\u00e5nad. Vid komplicerade f\u00f6rfr\u00e5gningar meddelar vi dig inom en m\u00e5nad om vi beh\u00f6ver h\u00f6gst tre m\u00e5nader.<\/p><p>Alla personuppgifter som du ger oss i samband med ditt svar eller din beg\u00e4ran om information kommer endast att anv\u00e4ndas i enlighet med v\u00e5r integritetspolicy.<\/p><p>SICC Coatings GmbH ska g\u00f6ra alla rimliga anstr\u00e4ngningar f\u00f6r att skydda sina system mot alla former av olaglig anv\u00e4ndning. SICC Coatings GmbH ska vidta l\u00e4mpliga tekniska och organisatoriska \u00e5tg\u00e4rder f\u00f6r detta \u00e4ndam\u00e5l, med h\u00e4nsyn till bland annat den senaste tekniken. F\u00f6retaget ska dock inte vara ansvarigt f\u00f6r n\u00e5gon som helst f\u00f6rlust, direkt och\/eller indirekt, som en anv\u00e4ndare av webbplatsen lider till f\u00f6ljd av att en tredje part anv\u00e4nder dess system p\u00e5 ett olagligt s\u00e4tt.<\/p><p>SICC Coatings GmbH tar inget ansvar f\u00f6r inneh\u00e5llet p\u00e5 webbplatser som det finns en hyperl\u00e4nk eller annan h\u00e4nvisning till eller fr\u00e5n. Produkter eller tj\u00e4nster som erbjuds av tredje part ska omfattas av dessa tredje parters till\u00e4mpliga villkor.<\/p><p>Alla immateriella r\u00e4ttigheter till inneh\u00e5llet p\u00e5 denna webbplats tillh\u00f6r tredje parter som sj\u00e4lva har placerat inneh\u00e5llet eller fr\u00e5n vilka SICC Coatings GmbH har erh\u00e5llit en anv\u00e4ndarlicens.<\/p><p>Kopiering, spridning och all annan anv\u00e4ndning av detta material \u00e4r inte till\u00e5ten utan skriftligt tillst\u00e5nd fr\u00e5n SICC Coatings GmbH, utom och endast i den m\u00e5n det f\u00f6reskrivs i best\u00e4mmelser i tvingande lagstiftning (t.ex. r\u00e4tten att citera), om inte annat f\u00f6ljer av det specifika inneh\u00e5llet.<\/p><p>Om du har n\u00e5gra fr\u00e5gor eller problem med webbplatsens tillg\u00e4nglighet, tveka inte att kontakta oss.<\/p><\/div>[\/vc_column_text][\/vc_column][\/vc_row]<\/p>\n<\/div>","protected":false},"excerpt":{"rendered":"<p>[vc_row row_type=&#8221;row&#8221; use_row_as_full_screen_section=&#8221;no&#8221; type=&#8221;full_width&#8221; text_align=&#8221;left&#8221; background_animation=&#8221;none&#8221; css_animation=&#8221;&#8221;][vc_column][vc_column_text] Varning [\/vc_column_text][\/vc_column][\/vc_row]<\/p>\n","protected":false},"author":1,"featured_media":0,"parent":38008,"menu_order":860,"comment_status":"closed","ping_status":"closed","template":"","meta":{"footnotes":""},"class_list":["post-38024","page","type-page","status-publish","hentry"],"_links":{"self":[{"href":"https:\/\/www.climatecoating.com\/sv\/wp-json\/wp\/v2\/pages\/38024","targetHints":{"allow":["GET"]}}],"collection":[{"href":"https:\/\/www.climatecoating.com\/sv\/wp-json\/wp\/v2\/pages"}],"about":[{"href":"https:\/\/www.climatecoating.com\/sv\/wp-json\/wp\/v2\/types\/page"}],"author":[{"embeddable":true,"href":"https:\/\/www.climatecoating.com\/sv\/wp-json\/wp\/v2\/users\/1"}],"replies":[{"embeddable":true,"href":"https:\/\/www.climatecoating.com\/sv\/wp-json\/wp\/v2\/comments?post=38024"}],"version-history":[{"count":0,"href":"https:\/\/www.climatecoating.com\/sv\/wp-json\/wp\/v2\/pages\/38024\/revisions"}],"up":[{"embeddable":true,"href":"https:\/\/www.climatecoating.com\/sv\/wp-json\/wp\/v2\/pages\/38008"}],"wp:attachment":[{"href":"https:\/\/www.climatecoating.com\/sv\/wp-json\/wp\/v2\/media?parent=38024"}],"curies":[{"name":"wp","href":"https:\/\/api.w.org\/{rel}","templated":true}]}}