{"id":38031,"date":"2022-02-21T17:40:30","date_gmt":"2022-02-21T16:40:30","guid":{"rendered":"https:\/\/www.climatecoating.com\/anvaendningsomraden\/"},"modified":"2022-03-07T11:38:19","modified_gmt":"2022-03-07T10:38:19","slug":"anvaendningsomraden","status":"publish","type":"page","link":"https:\/\/www.climatecoating.com\/sv\/anvaendningsomraden\/","title":{"rendered":"Anv\u00e4ndningsomr\u00e5den"},"content":{"rendered":"<div class=\"wpb-content-wrapper\"><p>[vc_row row_type=&#8221;row&#8221; use_row_as_full_screen_section=&#8221;no&#8221; type=&#8221;full_width&#8221; text_align=&#8221;left&#8221; background_animation=&#8221;none&#8221; padding_bottom=&#8221;45&#8243; css_animation=&#8221;&#8221;][vc_column][vc_column_text]<\/p>\n<h1>Anv\u00e4ndningsomr\u00e5den<\/h1>\n<p>[\/vc_column_text][vc_column_text css=&#8221;.vc_custom_1613305408912{padding-bottom: 30px !important;}&#8221;]H\u00e4r hittar du bel\u00e4ggningsl\u00f6sningar f\u00f6r alla anv\u00e4ndningsomr\u00e5den och utmaningar i din bransch \u2013 oavsett om det handlar om solljusreflektion eller att f\u00f6rb\u00e4ttra energibalansen i byggnader.<br \/>\nEftersom ClimateCoating <sup>\u00ae<\/sup> -produkter \u00e4r mer \u00e4n f\u00e4rg eller skyddande bel\u00e4ggning. De \u00e4r de milj\u00f6v\u00e4nliga och effektiva funktionsbel\u00e4ggningarna som du kan lita p\u00e5 under mycket l\u00e5ng tid.[\/vc_column_text]<div class=\"woocommerce columns-4\"><ul class=\"products columns-4 clearfix default\"><li class=\"product-category product first\">\n\t<a aria-label=\"Bes\u00f6k produktkategori Bygg live\" href=\"https:\/\/www.climatecoating.com\/sv\/anvaendningsomraden\/bygg-live\/\"><img loading=\"lazy\" decoding=\"async\" src=\"https:\/\/www.climatecoating.com\/wp-content\/uploads\/2025\/10\/Bauen-Wohnen_600px_2-300x300.jpg\" alt=\"Bygg live\" width=\"300\" height=\"300\" srcset=\"https:\/\/www.climatecoating.com\/wp-content\/uploads\/2025\/10\/Bauen-Wohnen_600px_2-300x300.jpg 300w, https:\/\/www.climatecoating.com\/wp-content\/uploads\/2025\/10\/Bauen-Wohnen_600px_2-100x100.jpg 100w, https:\/\/www.climatecoating.com\/wp-content\/uploads\/2025\/10\/Bauen-Wohnen_600px_2-150x150.jpg 150w, https:\/\/www.climatecoating.com\/wp-content\/uploads\/2025\/10\/Bauen-Wohnen_600px_2-550x550.jpg 550w, https:\/\/www.climatecoating.com\/wp-content\/uploads\/2025\/10\/Bauen-Wohnen_600px_2-500x500.jpg 500w, https:\/\/www.climatecoating.com\/wp-content\/uploads\/2025\/10\/Bauen-Wohnen_600px_2.jpg 600w\" sizes=\"auto, (max-width: 300px) 100vw, 300px\" \/>\t\t<h2 class=\"woocommerce-loop-category__title\">\n\t\t\tBygg live <mark class=\"count\">(16)<\/mark>\t\t<\/h2>\n\t\t<\/a><\/li>\n<li class=\"product-category product\">\n\t<a aria-label=\"Bes\u00f6k produktkategori monumentskydd\" href=\"https:\/\/www.climatecoating.com\/sv\/anvaendningsomraden\/monumentskydd\/\"><img loading=\"lazy\" decoding=\"async\" src=\"https:\/\/www.climatecoating.com\/wp-content\/uploads\/2020\/10\/Denkmalschutz_600px-300x300.jpg\" alt=\"monumentskydd\" width=\"300\" height=\"300\" srcset=\"https:\/\/www.climatecoating.com\/wp-content\/uploads\/2020\/10\/Denkmalschutz_600px-300x300.jpg 300w, https:\/\/www.climatecoating.com\/wp-content\/uploads\/2020\/10\/Denkmalschutz_600px-100x100.jpg 100w, https:\/\/www.climatecoating.com\/wp-content\/uploads\/2020\/10\/Denkmalschutz_600px-150x150.jpg 150w, https:\/\/www.climatecoating.com\/wp-content\/uploads\/2020\/10\/Denkmalschutz_600px-550x550.jpg 550w, https:\/\/www.climatecoating.com\/wp-content\/uploads\/2020\/10\/Denkmalschutz_600px-500x500.jpg 500w, https:\/\/www.climatecoating.com\/wp-content\/uploads\/2020\/10\/Denkmalschutz_600px.jpg 600w\" sizes=\"auto, (max-width: 300px) 100vw, 300px\" \/>\t\t<h2 class=\"woocommerce-loop-category__title\">\n\t\t\tmonumentskydd <mark class=\"count\">(1)<\/mark>\t\t<\/h2>\n\t\t<\/a><\/li>\n<li class=\"product-category product\">\n\t<a aria-label=\"Bes\u00f6k produktkategori livsmedelsindustrin\" href=\"https:\/\/www.climatecoating.com\/sv\/anvaendningsomraden\/livsmedelsindustrin\/\"><img loading=\"lazy\" decoding=\"async\" src=\"https:\/\/www.climatecoating.com\/wp-content\/uploads\/2020\/10\/Lebensmittelindustrie_600px-300x300.jpg\" alt=\"livsmedelsindustrin\" width=\"300\" height=\"300\" srcset=\"https:\/\/www.climatecoating.com\/wp-content\/uploads\/2020\/10\/Lebensmittelindustrie_600px-300x300.jpg 300w, https:\/\/www.climatecoating.com\/wp-content\/uploads\/2020\/10\/Lebensmittelindustrie_600px-100x100.jpg 100w, https:\/\/www.climatecoating.com\/wp-content\/uploads\/2020\/10\/Lebensmittelindustrie_600px-150x150.jpg 150w, https:\/\/www.climatecoating.com\/wp-content\/uploads\/2020\/10\/Lebensmittelindustrie_600px-550x550.jpg 550w, https:\/\/www.climatecoating.com\/wp-content\/uploads\/2020\/10\/Lebensmittelindustrie_600px-500x500.jpg 500w, https:\/\/www.climatecoating.com\/wp-content\/uploads\/2020\/10\/Lebensmittelindustrie_600px.jpg 600w\" sizes=\"auto, (max-width: 300px) 100vw, 300px\" \/>\t\t<h2 class=\"woocommerce-loop-category__title\">\n\t\t\tlivsmedelsindustrin <mark class=\"count\">(3)<\/mark>\t\t<\/h2>\n\t\t<\/a><\/li>\n<li class=\"product-category product last\">\n\t<a aria-label=\"Bes\u00f6k produktkategori Tillverkning\" href=\"https:\/\/www.climatecoating.com\/sv\/anvaendningsomraden\/tillverkning\/\"><img loading=\"lazy\" decoding=\"async\" src=\"https:\/\/www.climatecoating.com\/wp-content\/uploads\/2020\/10\/Produzierendes-Gewerbe1_600px-300x300.jpg\" alt=\"Tillverkning\" width=\"300\" height=\"300\" srcset=\"https:\/\/www.climatecoating.com\/wp-content\/uploads\/2020\/10\/Produzierendes-Gewerbe1_600px-300x300.jpg 300w, https:\/\/www.climatecoating.com\/wp-content\/uploads\/2020\/10\/Produzierendes-Gewerbe1_600px-100x100.jpg 100w, https:\/\/www.climatecoating.com\/wp-content\/uploads\/2020\/10\/Produzierendes-Gewerbe1_600px-150x150.jpg 150w, https:\/\/www.climatecoating.com\/wp-content\/uploads\/2020\/10\/Produzierendes-Gewerbe1_600px-550x550.jpg 550w, https:\/\/www.climatecoating.com\/wp-content\/uploads\/2020\/10\/Produzierendes-Gewerbe1_600px-500x500.jpg 500w, https:\/\/www.climatecoating.com\/wp-content\/uploads\/2020\/10\/Produzierendes-Gewerbe1_600px.jpg 600w\" sizes=\"auto, (max-width: 300px) 100vw, 300px\" \/>\t\t<h2 class=\"woocommerce-loop-category__title\">\n\t\t\tTillverkning <mark class=\"count\">(4)<\/mark>\t\t<\/h2>\n\t\t<\/a><\/li>\n<li class=\"product-category product first\">\n\t<a aria-label=\"Bes\u00f6k produktkategori Offentliga byggnader\" href=\"https:\/\/www.climatecoating.com\/sv\/anvaendningsomraden\/offentliga-byggnader\/\"><img loading=\"lazy\" decoding=\"async\" src=\"https:\/\/www.climatecoating.com\/wp-content\/uploads\/2020\/10\/Oeffentliche-Gebaeude_2560x1440px-1-300x300.jpg\" alt=\"Offentliga byggnader\" width=\"300\" height=\"300\" srcset=\"https:\/\/www.climatecoating.com\/wp-content\/uploads\/2020\/10\/Oeffentliche-Gebaeude_2560x1440px-1-300x300.jpg 300w, https:\/\/www.climatecoating.com\/wp-content\/uploads\/2020\/10\/Oeffentliche-Gebaeude_2560x1440px-1-100x100.jpg 100w, https:\/\/www.climatecoating.com\/wp-content\/uploads\/2020\/10\/Oeffentliche-Gebaeude_2560x1440px-1-150x150.jpg 150w, https:\/\/www.climatecoating.com\/wp-content\/uploads\/2020\/10\/Oeffentliche-Gebaeude_2560x1440px-1-550x550.jpg 550w, https:\/\/www.climatecoating.com\/wp-content\/uploads\/2020\/10\/Oeffentliche-Gebaeude_2560x1440px-1-500x500.jpg 500w, https:\/\/www.climatecoating.com\/wp-content\/uploads\/2020\/10\/Oeffentliche-Gebaeude_2560x1440px-1.jpg 600w\" sizes=\"auto, (max-width: 300px) 100vw, 300px\" \/>\t\t<h2 class=\"woocommerce-loop-category__title\">\n\t\t\tOffentliga byggnader <mark class=\"count\">(11)<\/mark>\t\t<\/h2>\n\t\t<\/a><\/li>\n<li class=\"product-category product\">\n\t<a aria-label=\"Bes\u00f6k produktkategori Trafiktransporter\" href=\"https:\/\/www.climatecoating.com\/sv\/anvaendningsomraden\/trafiktransporter\/\"><img loading=\"lazy\" decoding=\"async\" src=\"https:\/\/www.climatecoating.com\/wp-content\/uploads\/2020\/10\/Transport-Verkehr_600px-300x300.jpg\" alt=\"Trafiktransporter\" width=\"300\" height=\"300\" srcset=\"https:\/\/www.climatecoating.com\/wp-content\/uploads\/2020\/10\/Transport-Verkehr_600px-300x300.jpg 300w, https:\/\/www.climatecoating.com\/wp-content\/uploads\/2020\/10\/Transport-Verkehr_600px-100x100.jpg 100w, https:\/\/www.climatecoating.com\/wp-content\/uploads\/2020\/10\/Transport-Verkehr_600px-150x150.jpg 150w, https:\/\/www.climatecoating.com\/wp-content\/uploads\/2020\/10\/Transport-Verkehr_600px-550x550.jpg 550w, https:\/\/www.climatecoating.com\/wp-content\/uploads\/2020\/10\/Transport-Verkehr_600px-500x500.jpg 500w, https:\/\/www.climatecoating.com\/wp-content\/uploads\/2020\/10\/Transport-Verkehr_600px.jpg 600w\" sizes=\"auto, (max-width: 300px) 100vw, 300px\" \/>\t\t<h2 class=\"woocommerce-loop-category__title\">\n\t\t\tTrafiktransporter <mark class=\"count\">(1)<\/mark>\t\t<\/h2>\n\t\t<\/a><\/li>\n<li class=\"product-category product\">\n\t<a aria-label=\"Bes\u00f6k produktkategori Tr\u00e4dg\u00e5rd &amp; Fritid\" href=\"https:\/\/www.climatecoating.com\/sv\/anvaendningsomraden\/traedgard-fritid\/\"><img loading=\"lazy\" decoding=\"async\" src=\"https:\/\/www.climatecoating.com\/wp-content\/uploads\/2020\/10\/Garten-Freizeit_600px-300x300.jpg\" alt=\"Tr\u00e4dg\u00e5rd &amp; Fritid\" width=\"300\" height=\"300\" srcset=\"https:\/\/www.climatecoating.com\/wp-content\/uploads\/2020\/10\/Garten-Freizeit_600px-300x300.jpg 300w, https:\/\/www.climatecoating.com\/wp-content\/uploads\/2020\/10\/Garten-Freizeit_600px-100x100.jpg 100w, https:\/\/www.climatecoating.com\/wp-content\/uploads\/2020\/10\/Garten-Freizeit_600px-150x150.jpg 150w, https:\/\/www.climatecoating.com\/wp-content\/uploads\/2020\/10\/Garten-Freizeit_600px-550x550.jpg 550w, https:\/\/www.climatecoating.com\/wp-content\/uploads\/2020\/10\/Garten-Freizeit_600px-500x500.jpg 500w, https:\/\/www.climatecoating.com\/wp-content\/uploads\/2020\/10\/Garten-Freizeit_600px.jpg 600w\" sizes=\"auto, (max-width: 300px) 100vw, 300px\" \/>\t\t<h2 class=\"woocommerce-loop-category__title\">\n\t\t\tTr\u00e4dg\u00e5rd &amp; Fritid\t\t<\/h2>\n\t\t<\/a><\/li>\n<li class=\"product-category product last\">\n\t<a aria-label=\"Bes\u00f6k produktkategori Jordbruk &amp; djurh\u00e5llning\" href=\"https:\/\/www.climatecoating.com\/sv\/anvaendningsomraden\/jordbruk-djurhallning\/\"><img loading=\"lazy\" decoding=\"async\" src=\"https:\/\/www.climatecoating.com\/wp-content\/uploads\/2020\/10\/Landwirtschaft-Tierhaltung_600px-300x300.jpg\" alt=\"Jordbruk &amp; djurh\u00e5llning\" width=\"300\" height=\"300\" srcset=\"https:\/\/www.climatecoating.com\/wp-content\/uploads\/2020\/10\/Landwirtschaft-Tierhaltung_600px-300x300.jpg 300w, https:\/\/www.climatecoating.com\/wp-content\/uploads\/2020\/10\/Landwirtschaft-Tierhaltung_600px-100x100.jpg 100w, https:\/\/www.climatecoating.com\/wp-content\/uploads\/2020\/10\/Landwirtschaft-Tierhaltung_600px-150x150.jpg 150w, https:\/\/www.climatecoating.com\/wp-content\/uploads\/2020\/10\/Landwirtschaft-Tierhaltung_600px-550x550.jpg 550w, https:\/\/www.climatecoating.com\/wp-content\/uploads\/2020\/10\/Landwirtschaft-Tierhaltung_600px-500x500.jpg 500w, https:\/\/www.climatecoating.com\/wp-content\/uploads\/2020\/10\/Landwirtschaft-Tierhaltung_600px.jpg 600w\" sizes=\"auto, (max-width: 300px) 100vw, 300px\" \/>\t\t<h2 class=\"woocommerce-loop-category__title\">\n\t\t\tJordbruk &amp; djurh\u00e5llning <mark class=\"count\">(4)<\/mark>\t\t<\/h2>\n\t\t<\/a><\/li>\n<li class=\"product-category product first\">\n\t<a aria-label=\"Bes\u00f6k produktkategori sjukv\u00e5rd\" href=\"https:\/\/www.climatecoating.com\/sv\/anvaendningsomraden\/sjukvard\/\"><img loading=\"lazy\" decoding=\"async\" src=\"https:\/\/www.climatecoating.com\/wp-content\/uploads\/2020\/10\/Gesundheitswesen_600px-300x300.jpg\" alt=\"sjukv\u00e5rd\" width=\"300\" height=\"300\" srcset=\"https:\/\/www.climatecoating.com\/wp-content\/uploads\/2020\/10\/Gesundheitswesen_600px-300x300.jpg 300w, https:\/\/www.climatecoating.com\/wp-content\/uploads\/2020\/10\/Gesundheitswesen_600px-100x100.jpg 100w, https:\/\/www.climatecoating.com\/wp-content\/uploads\/2020\/10\/Gesundheitswesen_600px-150x150.jpg 150w, https:\/\/www.climatecoating.com\/wp-content\/uploads\/2020\/10\/Gesundheitswesen_600px-550x550.jpg 550w, https:\/\/www.climatecoating.com\/wp-content\/uploads\/2020\/10\/Gesundheitswesen_600px-500x500.jpg 500w, https:\/\/www.climatecoating.com\/wp-content\/uploads\/2020\/10\/Gesundheitswesen_600px.jpg 600w\" sizes=\"auto, (max-width: 300px) 100vw, 300px\" \/>\t\t<h2 class=\"woocommerce-loop-category__title\">\n\t\t\tsjukv\u00e5rd <mark class=\"count\">(1)<\/mark>\t\t<\/h2>\n\t\t<\/a><\/li>\n<li class=\"product-category product\">\n\t<a aria-label=\"Bes\u00f6k produktkategori Hotell &amp; gastronomi\" href=\"https:\/\/www.climatecoating.com\/sv\/anvaendningsomraden\/hotell-gastronomi\/\"><img loading=\"lazy\" decoding=\"async\" src=\"https:\/\/www.climatecoating.com\/wp-content\/uploads\/2020\/10\/Hotellerie-Gastronomie_600px-300x300.jpg\" alt=\"Hotell &amp; gastronomi\" width=\"300\" height=\"300\" srcset=\"https:\/\/www.climatecoating.com\/wp-content\/uploads\/2020\/10\/Hotellerie-Gastronomie_600px-300x300.jpg 300w, https:\/\/www.climatecoating.com\/wp-content\/uploads\/2020\/10\/Hotellerie-Gastronomie_600px-100x100.jpg 100w, https:\/\/www.climatecoating.com\/wp-content\/uploads\/2020\/10\/Hotellerie-Gastronomie_600px-150x150.jpg 150w, https:\/\/www.climatecoating.com\/wp-content\/uploads\/2020\/10\/Hotellerie-Gastronomie_600px-550x550.jpg 550w, https:\/\/www.climatecoating.com\/wp-content\/uploads\/2020\/10\/Hotellerie-Gastronomie_600px-500x500.jpg 500w, https:\/\/www.climatecoating.com\/wp-content\/uploads\/2020\/10\/Hotellerie-Gastronomie_600px.jpg 600w\" sizes=\"auto, (max-width: 300px) 100vw, 300px\" \/>\t\t<h2 class=\"woocommerce-loop-category__title\">\n\t\t\tHotell &amp; gastronomi <mark class=\"count\">(7)<\/mark>\t\t<\/h2>\n\t\t<\/a><\/li>\n<li class=\"product-category product\">\n\t<a aria-label=\"Bes\u00f6k produktkategori Tekniska konstruktioner\" href=\"https:\/\/www.climatecoating.com\/sv\/anvaendningsomraden\/tekniska-konstruktioner\/\"><img loading=\"lazy\" decoding=\"async\" src=\"https:\/\/www.climatecoating.com\/wp-content\/uploads\/2020\/10\/Technische-Konstruktionen_600px-300x300.jpg\" alt=\"Tekniska konstruktioner\" width=\"300\" height=\"300\" srcset=\"https:\/\/www.climatecoating.com\/wp-content\/uploads\/2020\/10\/Technische-Konstruktionen_600px-300x300.jpg 300w, https:\/\/www.climatecoating.com\/wp-content\/uploads\/2020\/10\/Technische-Konstruktionen_600px-100x100.jpg 100w, https:\/\/www.climatecoating.com\/wp-content\/uploads\/2020\/10\/Technische-Konstruktionen_600px-150x150.jpg 150w, https:\/\/www.climatecoating.com\/wp-content\/uploads\/2020\/10\/Technische-Konstruktionen_600px-550x550.jpg 550w, https:\/\/www.climatecoating.com\/wp-content\/uploads\/2020\/10\/Technische-Konstruktionen_600px-500x500.jpg 500w, https:\/\/www.climatecoating.com\/wp-content\/uploads\/2020\/10\/Technische-Konstruktionen_600px.jpg 600w\" sizes=\"auto, (max-width: 300px) 100vw, 300px\" \/>\t\t<h2 class=\"woocommerce-loop-category__title\">\n\t\t\tTekniska konstruktioner <mark class=\"count\">(1)<\/mark>\t\t<\/h2>\n\t\t<\/a><\/li>\n<li class=\"product-category product last\">\n\t<a aria-label=\"Bes\u00f6k produktkategori Industri och speciall\u00f6sningar\" href=\"https:\/\/www.climatecoating.com\/sv\/anvaendningsomraden\/industri-och-specialloesningar\/\"><img loading=\"lazy\" decoding=\"async\" src=\"https:\/\/www.climatecoating.com\/wp-content\/uploads\/2020\/10\/Branchen-Spezialloesungen_600px-300x300.jpg\" alt=\"Industri och speciall\u00f6sningar\" width=\"300\" height=\"300\" srcset=\"https:\/\/www.climatecoating.com\/wp-content\/uploads\/2020\/10\/Branchen-Spezialloesungen_600px-300x300.jpg 300w, https:\/\/www.climatecoating.com\/wp-content\/uploads\/2020\/10\/Branchen-Spezialloesungen_600px-100x100.jpg 100w, https:\/\/www.climatecoating.com\/wp-content\/uploads\/2020\/10\/Branchen-Spezialloesungen_600px-150x150.jpg 150w, https:\/\/www.climatecoating.com\/wp-content\/uploads\/2020\/10\/Branchen-Spezialloesungen_600px-550x550.jpg 550w, https:\/\/www.climatecoating.com\/wp-content\/uploads\/2020\/10\/Branchen-Spezialloesungen_600px-500x500.jpg 500w, https:\/\/www.climatecoating.com\/wp-content\/uploads\/2020\/10\/Branchen-Spezialloesungen_600px.jpg 600w\" sizes=\"auto, (max-width: 300px) 100vw, 300px\" \/>\t\t<h2 class=\"woocommerce-loop-category__title\">\n\t\t\tIndustri och speciall\u00f6sningar\t\t<\/h2>\n\t\t<\/a><\/li>\n<\/ul>\n<\/div>[\/vc_column][\/vc_row]<\/p>\n<\/div>","protected":false},"excerpt":{"rendered":"<p>[vc_row row_type=&#8221;row&#8221; use_row_as_full_screen_section=&#8221;no&#8221; type=&#8221;full_width&#8221; text_align=&#8221;left&#8221; background_animation=&#8221;none&#8221; padding_bottom=&#8221;45&#8243; css_animation=&#8221;&#8221;][vc_column][vc_column_text] Anv\u00e4ndningsomr\u00e5den [\/vc_column_text][vc_column_text css=&#8221;.vc_custom_1613305408912{padding-bottom: 30px !important;}&#8221;]H\u00e4r hittar du bel\u00e4ggningsl\u00f6sningar f\u00f6r alla anv\u00e4ndningsomr\u00e5den och utmaningar i din bransch \u2013 oavsett om det handlar om solljusreflektion eller att f\u00f6rb\u00e4ttra energibalansen i byggnader. Eftersom ClimateCoating \u00ae -produkter \u00e4r mer \u00e4n f\u00e4rg&#8230;<\/p>\n","protected":false},"author":1,"featured_media":0,"parent":0,"menu_order":100,"comment_status":"closed","ping_status":"closed","template":"","meta":{"footnotes":""},"class_list":["post-38031","page","type-page","status-publish","hentry"],"_links":{"self":[{"href":"https:\/\/www.climatecoating.com\/sv\/wp-json\/wp\/v2\/pages\/38031","targetHints":{"allow":["GET"]}}],"collection":[{"href":"https:\/\/www.climatecoating.com\/sv\/wp-json\/wp\/v2\/pages"}],"about":[{"href":"https:\/\/www.climatecoating.com\/sv\/wp-json\/wp\/v2\/types\/page"}],"author":[{"embeddable":true,"href":"https:\/\/www.climatecoating.com\/sv\/wp-json\/wp\/v2\/users\/1"}],"replies":[{"embeddable":true,"href":"https:\/\/www.climatecoating.com\/sv\/wp-json\/wp\/v2\/comments?post=38031"}],"version-history":[{"count":0,"href":"https:\/\/www.climatecoating.com\/sv\/wp-json\/wp\/v2\/pages\/38031\/revisions"}],"wp:attachment":[{"href":"https:\/\/www.climatecoating.com\/sv\/wp-json\/wp\/v2\/media?parent=38031"}],"curies":[{"name":"wp","href":"https:\/\/api.w.org\/{rel}","templated":true}]}}