{"id":38140,"date":"2022-02-21T17:42:06","date_gmt":"2022-02-21T16:42:06","guid":{"rendered":"https:\/\/www.climatecoating.com\/ordlista\/"},"modified":"2026-02-03T17:14:33","modified_gmt":"2026-02-03T16:14:33","slug":"ordlista","status":"publish","type":"page","link":"https:\/\/www.climatecoating.com\/sv\/kundomrade\/ordlista\/","title":{"rendered":"Ordlista"},"content":{"rendered":"<div class=\"wpb-content-wrapper\"><p>[vc_row row_type=&#8221;row&#8221; use_row_as_full_screen_section=&#8221;no&#8221; type=&#8221;full_width&#8221; text_align=&#8221;left&#8221; background_animation=&#8221;none&#8221; padding_bottom=&#8221;45&#8243; css_animation=&#8221;&#8221;][vc_column width=&#8221;1\/4&#8243;]<div class=\"ult_row_spacer\"><div class=\"ult-sticky-anchor\"><div class=\"ult-sticky-section ult-sticky \"  data-stick_behaviour= 'stick_with_scroll_row'  data-sticky_position= 'top' data-mobile='no' data-support='no'>[vc_raw_html]JTVCY213aXphcmQlMjB3aWRnZXQlM0QyJTJGJTVE[\/vc_raw_html]<\/div><div class=\"ult-space\"><\/div><\/div><\/div>[\/vc_column][vc_column width=&#8221;3\/4&#8243;][vc_column_text]<\/p>\n<h1>Ordlista<\/h1>\n<p>[\/vc_column_text][vc_separator type=&#8221;normal&#8221; border_style=&#8221;&#8221; down=&#8221;30&#8243;][vc_raw_html]PGEgY2xhc3M9ImFuY2hvciIgbmFtZT0iaHlncmlzY2hlZGlvZGUiPjwvYT4=[\/vc_raw_html][vc_column_text css=&#8221;.vc_custom_1612193303298{padding-bottom: 30px !important;}&#8221;]<\/p>\n<h2>hygienisk diod<\/h2>\n<p>Termen diod i traditionell mening: Dioden (grekiska: <em>di,<\/em> &#8216;tv\u00e5&#8217;, &#8216;dubbel&#8217;; <em>hodos<\/em> &#8216;v\u00e4g&#8217;) \u00e4r en elektronisk komponent med tv\u00e5 poler. Termen diod anv\u00e4nds som en synonym f\u00f6r termen &#8220;okontrollerad likriktare&#8221;. En hygisk diod \u00e4r z. B. ett membran som uppvisar en begr\u00e4nsande effekt f\u00f6r vattentransport. Vattentransporten korrigeras (enkelriktad), eftersom vattnet bara kan passera den hygiska dioden i en riktning. Hygric dioden kan d\u00e4rf\u00f6r j\u00e4mf\u00f6ras med en mekanisk backventil, eftersom denna endast till\u00e5ter massfl\u00f6de i en riktning.[\/vc_column_text][vc_separator type=&#8221;normal&#8221; border_style=&#8221;&#8221; down=&#8221;30&#8243;][vc_raw_html]PGEgY2xhc3M9ImFuY2hvciIgbmFtZT0iZW50cm9waWUiPjwvYT4=[\/vc_raw_html][vc_column_text css=&#8221;.vc_custom_1612193477827{padding-bottom: 30px !important;}&#8221;]<\/p>\n<h2>entropi<\/h2>\n<p>Entropi m\u00e5ste f\u00f6rest\u00e4llas som en kvantitet (energiinneh\u00e5ll) som kan fl\u00f6da eller finnas i kroppar: Av tv\u00e5 i \u00f6vrigt identiska kroppar inneh\u00e5ller den med h\u00f6gre temperatur mer entropi. N\u00e4r tv\u00e5 kroppar vid olika temperaturer \u00e4r i kontakt flyter entropin fr\u00e5n den varmare till den kallare kroppen; som ett resultat utj\u00e4mnas ocks\u00e5 temperaturerna i de tv\u00e5 kropparna.<\/p>\n<p><em>(K\u00e4lla: Wikipedia)<\/em>[\/vc_column_text][vc_separator type=&#8221;normal&#8221; border_style=&#8221;&#8221; down=&#8221;30&#8243;][vc_raw_html]PGEgY2xhc3M9ImFuY2hvciIgbmFtZT0idmFyaWFiZWwtZGlmZnVzaW9uc29mZmVuIj48L2E+[\/vc_raw_html][vc_column_text css=&#8221;.vc_custom_1612193484977{padding-bottom: 30px !important;}&#8221;]<\/p>\n<h2>variabel diffusions\u00f6ppen<\/h2>\n<p>Luftens \u00e5ngtryck beror p\u00e5 m\u00e4ngden vatten i luften och temperaturen. N\u00e4r temperaturen stiger \u00f6kar ocks\u00e5 \u00e5ngtrycket, det vet vi fr\u00e5n tekokaren som visslar n\u00e4r vattnet \u00e4r tillr\u00e4ckligt varmt. P\u00e5 grund av luftfuktigheten och temperaturerna \u00e4r \u00e5ngtrycket inuti och utv\u00e4ndigt olika. Vatten\u00e5ngan vandrar fr\u00e5n h\u00f6gt till l\u00e5gt tryck, den f\u00f6ljer \u00e4ven denna gradient genom ytterv\u00e4ggen &#8211; den diffunderar igenom. P\u00e5 sommaren r\u00f6r sig \u00e5ngan in\u00e5t, p\u00e5 vintern r\u00f6r den sig ut\u00e5t. Som ett resultat blir ytterv\u00e4ggar fuktiga p\u00e5 sommaren och torra p\u00e5 vintern. Det reflekterande membranet hindrar migration av vatten\u00e5nga in i byggnadens inre p\u00e5 sommaren och underl\u00e4ttar utsl\u00e4ppet av \u00e5nga till utsidan p\u00e5 vintern. Denna egenskap (variabelt diffusions\u00f6ppen) g\u00f6r v\u00e4ggarna torrare.[\/vc_column_text][vc_raw_html]PGEgY2xhc3M9ImFuY2hvciIgbmFtZT0iaXItcmVmbGV4aW9uIj48L2E+[\/vc_raw_html][vc_separator type=&#8221;normal&#8221; border_style=&#8221;&#8221; down=&#8221;30&#8243;][vc_column_text css=&#8221;.vc_custom_1612193528279{padding-bottom: 30px !important;}&#8221;]<\/p>\n<h2>IR-reflektion<\/h2>\n<p>IR \u00e4r den osynliga delen av l\u00e5ngv\u00e5gig termisk str\u00e5lning mellan synligt ljus och mikrov\u00e5gor. V\u00e5gl\u00e4ngderna f\u00f6r IR \u00e4r 780 nm till 1 000 \u00b5m. Omr\u00e5det fr\u00e5n 3 till 50 \u00b5m kallas MIR (medium IR) som en del av IR-C. Av detta \u00e4r omr\u00e5det fr\u00e5n 9,25 till 11,45 \u00b5m relevant, vilket motsvarar temperaturer fr\u00e5n +40 till -20\u00b0C. Termisk str\u00e5lning absorberas och reflekteras p\u00e5 ogenomskinliga komponenter (A + R = 1). I det reflekterande membranet &#8211; till skillnad fr\u00e5n i konventionella f\u00e4rger &#8211; sker p\u00e5 grund av de keramiska ih\u00e5liga sf\u00e4rerna processer inom optisk fysik (str\u00e5lningsfysik), som helt enkelt kallas IR-reflektion. Resultatet \u00e4r h\u00f6gre och j\u00e4mnare yttemperaturer p\u00e5 insidan och minskade str\u00e5lningsf\u00f6rluster p\u00e5 utsidan \u2013 och d\u00e4rmed mer termisk komfort och mindre v\u00e4rmeenergibehov.[\/vc_column_text][vc_separator type=&#8221;normal&#8221; border_style=&#8221;&#8221; down=&#8221;30&#8243;][vc_raw_html]PGEgY2xhc3M9ImFuY2hvciIgbmFtZT0ia29udmVrdGlvbnNzdHJvZW1lIj48L2E+[\/vc_raw_html][vc_column_text css=&#8221;.vc_custom_1612193572760{padding-bottom: 30px !important;}&#8221;]<\/p>\n<h2>konvektionsstr\u00f6mmar<\/h2>\n<p>Termen konvektion kommer fr\u00e5n det sena latinska <em>convectio<\/em> , som kan \u00f6vers\u00e4ttas med &#8216;f\u00f6ra&#8217;, &#8216;b\u00e4ra&#8217;. Termen beskriver i detta sammanhang en fysisk fl\u00f6desr\u00f6relse som sker inom ett gasformigt medium (v\u00e4tska) och \u00e5 andra sidan fenomenet att de minsta partiklarna i ett fl\u00f6de b\u00e4r med sig energi, som t.ex. B. termisk energi. Konvektionsstr\u00f6mmar kan uppst\u00e5 n\u00e4r luft i den nedre delen av ett bostadsutrymme v\u00e4rms upp av en v\u00e4rmare, vilket skapar en temperaturskillnad mellan topp och botten.<\/p>\n<p>De varma delarna som rinner upp\u00e5t svalnar h\u00e4r och sjunker ner igen. Detta skapar en konvektionsstr\u00f6m. Denna process sker b\u00e5de inne och ute p\u00e5 v\u00e4ggarna. V\u00e4rme \u00f6verf\u00f6rs inuti till v\u00e4ggytan och utanf\u00f6r till den omgivande luften.[\/vc_column_text][vc_separator type=&#8221;normal&#8221; border_style=&#8221;&#8221; down=&#8221;30&#8243;][vc_raw_html]PGEgY2xhc3M9ImFuY2hvciIgbmFtZT0id2Flcm1lYnJ1ZWNrZW4iPjwvYT4=[\/vc_raw_html][vc_column_text css=&#8221;.vc_custom_1612193635299{padding-bottom: 30px !important;}&#8221;]<\/p>\n<h2>k\u00f6ldbryggor<\/h2>\n<p>En k\u00f6ldbrygga (ofta kallad en k\u00f6ldbro) \u00e4r ett omr\u00e5de i strukturella delar av en byggnad genom vilket v\u00e4rme transporteras till utsidan snabbare \u00e4n genom intilliggande strukturella delar. Man skiljer p\u00e5 konstruktiva och geometriska k\u00f6ldbryggor. Konstruktiva k\u00f6ldbryggor orsakas av konstruktioner med material med olika v\u00e4rmeledningsf\u00f6rm\u00e5ga. Exempel p\u00e5 detta \u00e4r armerad betongtak till ytterv\u00e4ggar, ringbalkar eller radiatornischer.<\/p>\n<p>Geometriska k\u00f6ldbryggor uppst\u00e5r n\u00e4r den inre ytan inte \u00e4r densamma som den yttre, till exempel p\u00e5 grund av utspr\u00e5ng eller h\u00f6rn i en i \u00f6vrigt homogen komponent. Ett exempel p\u00e5 detta \u00e4r utsidan av ett hus, d\u00e4r mer och mer av den kalla ytterv\u00e4ggen kommer i kontakt med den varma delen av innerv\u00e4ggen.<\/p>\n<p><em>(K\u00e4lla: Wikipedia)<\/em>[\/vc_column_text][vc_separator type=&#8221;normal&#8221; border_style=&#8221;&#8221; down=&#8221;30&#8243;][vc_raw_html]PGEgY2xhc3M9ImFuY2hvciIgbmFtZT0iZm9nZ2luZyI+PC9hPg==[\/vc_raw_html][vc_column_text css=&#8221;.vc_custom_1612193662536{padding-bottom: 30px !important;}&#8221;]<\/p>\n<h2>imma<\/h2>\n<p>Avlagring av m\u00f6rka partiklar (svart damm) p\u00e5 innerv\u00e4ggar. I sv\u00e5ra fall skapas intrycket av sotning. Orsakerna \u00e4r \u00e4nnu inte klarlagda. Men eftersom denna effekt sker i st\u00f6rre utstr\u00e4ckning under uppv\u00e4rmningsperioden antas det att avlagringar av icke-flyktiga organiska f\u00f6reningar (s.k. mjukg\u00f6rare) och andra emittrar virvlas runt av konvektionsstr\u00f6mmar (se: Konvektionsstr\u00f6mmar) och s\u00e4tter sig p\u00e5 v\u00e4ggar och tak.[\/vc_column_text][vc_separator type=&#8221;normal&#8221; border_style=&#8221;&#8221; down=&#8221;30&#8243;][vc_raw_html]PGEgY2xhc3M9ImFuY2hvciIgbmFtZT0idHJhbnNtaXNzaW9uc3dhZXJtZXRyYW5zcG9ydGUtdHJhbnNtaXNzaW9uc3dhZXJtZXZlcmx1c3RlIj48L2E+[\/vc_raw_html][vc_column_text css=&#8221;.vc_custom_1612193724677{padding-bottom: 30px !important;}&#8221;]<\/p>\n<h2>Transmissionsv\u00e4rmetransport\/transmissionsv\u00e4rmef\u00f6rluster<\/h2>\n<p>Transport av (termisk) energi mellan omr\u00e5den med olika temperatur p\u00e5 grund av v\u00e4rmeledning i fasta kroppar som v\u00e4ggen (molekylerna st\u00f6ter mot varandra). V\u00e4rmefl\u00f6det flyter alltid fr\u00e5n omr\u00e5den med h\u00f6gre energi till omr\u00e5den med l\u00e4gre, dvs h\u00e4r: fr\u00e5n varmt till kallt. Energif\u00f6rlusten under denna transport kallas \u00e4ven transmissionsv\u00e4rmef\u00f6rlust. Dessa best\u00e4ms av v\u00e4rme\u00f6verf\u00f6ringskoefficienten. Andra former av energi\u00f6verf\u00f6ring \u00e4r konvektion och str\u00e5lning. Transmissionen kan minskas genom att minska str\u00e5lningen p\u00e5 fasaden.[\/vc_column_text][vc_separator type=&#8221;normal&#8221; border_style=&#8221;&#8221; down=&#8221;30&#8243;][vc_raw_html]PGEgY2xhc3M9ImFuY2hvciIgbmFtZT0ia2FwaWxsYXJ0cm9ja251bmciPjwvYT4=[\/vc_raw_html][vc_column_text css=&#8221;.vc_custom_1612193752962{padding-bottom: 30px !important;}&#8221;]<\/p>\n<h2>kapill\u00e4r torkning<\/h2>\n<p>Kapill\u00e4ritet beskriver beteendet hos v\u00e4tskor i kapill\u00e4rer, \u00e4ven kallade h\u00e5rr\u00f6r. Om vidh\u00e4ftningskrafterna mellan v\u00e4tskan och kapill\u00e4rv\u00e4ggen \u00e4r st\u00f6rre \u00e4n kohesiva krafterna mellan v\u00e4tskans molekyler, &#8220;kryper&#8221; v\u00e4tskan in i kapill\u00e4ren, \u00e4ven mot gravitationen och desto mera ju smalare kapill\u00e4ren \u00e4r\/blir. Om v\u00e4tska transporteras genom denna process fr\u00e5n materialet (t.ex. murverk) till ytan, d\u00e4r den sedan avdunstar, kallas detta f\u00f6r kapill\u00e4rtorkning. Den yttre putsen har ett finare kapill\u00e4rsystem \u00e4n murverket, det reflekterande membranet har ett finare kapill\u00e4rsystem \u00e4n det yttre putsen. Det \u00e4r s\u00e5 riktad transport sker, vilket resulterar i torrare v\u00e4ggar.[\/vc_column_text][vc_separator type=&#8221;normal&#8221; border_style=&#8221;&#8221; down=&#8221;30&#8243;][vc_raw_html]PGEgY2xhc3M9ImFuY2hvciIgbmFtZT0iZW5kb3RoZXJtaXNjaGUtcHJvemVzc2UiPjwvYT4=[\/vc_raw_html][vc_column_text css=&#8221;.vc_custom_1612193782235{padding-bottom: 30px !important;}&#8221;]<\/p>\n<h2>endotermiska processer<\/h2>\n<p>Synonymt med processer som sker i <em>ClimateCoating<\/em> <em>\u00ae<\/em> bel\u00e4ggningar som l\u00f6per olika beroende p\u00e5 yttre p\u00e5verkan som temperatur och luftfuktighet. Inom kemi betyder endotermisk energi att absorberas eller vinnas.[\/vc_column_text][vc_separator type=&#8221;normal&#8221; border_style=&#8221;&#8221; down=&#8221;30&#8243;][vc_raw_html]PGEgY2xhc3M9ImFuY2hvciIgbmFtZT0iaGVsbGJlenVncy1ncmVuendlcnRlIj48L2E+[\/vc_raw_html][vc_column_text css=&#8221;.vc_custom_1612193815973{padding-bottom: 30px !important;}&#8221;]<\/p>\n<h2>Gr\u00e4nser f\u00f6r ljusstyrka<\/h2>\n<p>Ljushet \u00e4r reflektansen av en specifik nyans mellan svart = 0 och vit = 100. Den indikerar hur l\u00e5ngt bort den relevanta nyansen \u00e4r fr\u00e5n den svarta eller vita punkten n\u00e4r det g\u00e4ller ljusstyrka. I f\u00e4rgfl\u00e4ktd\u00e4ck anges ljushetsreferensv\u00e4rdet bredvid f\u00e4rgnumret. Varken glansgraden eller bindemedlet som anv\u00e4nds \u00e4r avg\u00f6rande f\u00f6r ljushetsreferensv\u00e4rdet, bara typen och m\u00e4ngden f\u00e4rgpigmentering.[\/vc_column_text][vc_separator type=&#8221;normal&#8221; border_style=&#8221;&#8221; down=&#8221;30&#8243;][vc_raw_html]PGEgY2xhc3M9ImFuY2hvciIgbmFtZT0icmVmbGVrdGl2ZS1tZW1icmFuIj48L2E+[\/vc_raw_html][vc_column_text css=&#8221;.vc_custom_1612193850797{padding-bottom: 30px !important;}&#8221;]<\/p>\n<h2>reflekterande membran<\/h2>\n<p>\u00e4r den allm\u00e4nna termen f\u00f6r en dispersion av h\u00f6g kvalitet, berikad med keramiska ih\u00e5liga sf\u00e4rer och aktivatorer som endast \u00e4r 20-120 mikrometer stora, vilka \u2013 i samband med monolitiskt murverk \u2013 utl\u00f6ser \u00f6msesidigt beroende komplexa byggnadsfysiska processer. Dessa har en positiv effekt p\u00e5 fukt- och v\u00e4rmetransporten och d\u00e4rmed p\u00e5 energibalansen.[\/vc_column_text][\/vc_column][\/vc_row]<\/p>\n<\/div>","protected":false},"excerpt":{"rendered":"<p>[vc_row row_type=&#8221;row&#8221; use_row_as_full_screen_section=&#8221;no&#8221; type=&#8221;full_width&#8221; text_align=&#8221;left&#8221; background_animation=&#8221;none&#8221; padding_bottom=&#8221;45&#8243; css_animation=&#8221;&#8221;][vc_column width=&#8221;1\/4&#8243;][\/vc_column][vc_column width=&#8221;3\/4&#8243;][vc_column_text] Ordlista [\/vc_column_text][vc_separator type=&#8221;normal&#8221; border_style=&#8221;&#8221; down=&#8221;30&#8243;][vc_raw_html]PGEgY2xhc3M9ImFuY2hvciIgbmFtZT0iaHlncmlzY2hlZGlvZGUiPjwvYT4=[\/vc_raw_html][vc_column_text css=&#8221;.vc_custom_1612193303298{padding-bottom: 30px !important;}&#8221;] hygienisk diod Termen diod i traditionell mening: Dioden (grekiska: di, &#8216;tv\u00e5&#8217;, &#8216;dubbel&#8217;; hodos &#8216;v\u00e4g&#8217;) \u00e4r en elektronisk komponent med tv\u00e5 poler. Termen diod anv\u00e4nds som en synonym&#8230;<\/p>\n","protected":false},"author":1,"featured_media":0,"parent":61498,"menu_order":690,"comment_status":"closed","ping_status":"closed","template":"","meta":{"footnotes":""},"class_list":["post-38140","page","type-page","status-publish","hentry"],"_links":{"self":[{"href":"https:\/\/www.climatecoating.com\/sv\/wp-json\/wp\/v2\/pages\/38140","targetHints":{"allow":["GET"]}}],"collection":[{"href":"https:\/\/www.climatecoating.com\/sv\/wp-json\/wp\/v2\/pages"}],"about":[{"href":"https:\/\/www.climatecoating.com\/sv\/wp-json\/wp\/v2\/types\/page"}],"author":[{"embeddable":true,"href":"https:\/\/www.climatecoating.com\/sv\/wp-json\/wp\/v2\/users\/1"}],"replies":[{"embeddable":true,"href":"https:\/\/www.climatecoating.com\/sv\/wp-json\/wp\/v2\/comments?post=38140"}],"version-history":[{"count":2,"href":"https:\/\/www.climatecoating.com\/sv\/wp-json\/wp\/v2\/pages\/38140\/revisions"}],"predecessor-version":[{"id":63078,"href":"https:\/\/www.climatecoating.com\/sv\/wp-json\/wp\/v2\/pages\/38140\/revisions\/63078"}],"up":[{"embeddable":true,"href":"https:\/\/www.climatecoating.com\/sv\/wp-json\/wp\/v2\/pages\/61498"}],"wp:attachment":[{"href":"https:\/\/www.climatecoating.com\/sv\/wp-json\/wp\/v2\/media?parent=38140"}],"curies":[{"name":"wp","href":"https:\/\/api.w.org\/{rel}","templated":true}]}}