{"id":38159,"date":"2022-02-21T17:42:11","date_gmt":"2022-02-21T16:42:11","guid":{"rendered":"https:\/\/www.climatecoating.com\/foretag\/"},"modified":"2023-05-24T19:51:29","modified_gmt":"2023-05-24T17:51:29","slug":"foretag","status":"publish","type":"page","link":"https:\/\/www.climatecoating.com\/sv\/foretag\/","title":{"rendered":"F\u00f6retag"},"content":{"rendered":"<div class=\"wpb-content-wrapper\"><p>[vc_row row_type=&#8221;row&#8221; use_row_as_full_screen_section=&#8221;no&#8221; type=&#8221;full_width&#8221; text_align=&#8221;left&#8221; background_animation=&#8221;none&#8221; padding_bottom=&#8221;45&#8243; css_animation=&#8221;&#8221;][vc_column][vc_single_image image=&#8221;36655&#8243; img_size=&#8221;full&#8221; qode_css_animation=&#8221;&#8221; css=&#8221;.vc_custom_1612614583248{padding-bottom: 30px !important;}&#8221;][vc_row_inner row_type=&#8221;row&#8221; type=&#8221;full_width&#8221; use_row_as_full_screen_section_slide=&#8221;no&#8221; text_align=&#8221;left&#8221; css_animation=&#8221;&#8221;][vc_column_inner width=&#8221;1\/4&#8243;]<div class=\"templatera_shortcode\"><div     class=\"vc_row wpb_row section vc_row-fluid backlink\" style=' text-align:left;'><div class=\" full_section_inner clearfix\"><div class=\"wpb_column vc_column_container vc_col-sm-12\"><div class=\"vc_column-inner\"><div class=\"wpb_wrapper\"><div class=\"ult_row_spacer\"><div class=\"ult-sticky-anchor\"><div class=\"ult-sticky-section ult-sticky \"  data-gutter= '100' data-stick_behaviour= 'stick_with_scroll_row'  data-sticky_position= 'top' data-mobile='no' data-support='no'><div  class=\"wpb_widgetised_column wpb_content_element\">\n\t\t<div class=\"wpb_wrapper\">\n\t\t\t\n\t\t\t\n\t\t<\/div>\n\t<\/div>\n<\/div><div class=\"ult-space\"><\/div><\/div><\/div><\/div><\/div><\/div><\/div><\/div><\/div>[\/vc_column_inner][vc_column_inner width=&#8221;3\/4&#8243;][vc_column_text]<\/p>\n<h1>F\u00f6retag<\/h1>\n<p>SICC Coatings GmbH fr\u00e5n Berlin \u00e4r en ledande specialleverant\u00f6r av klimataktiva bel\u00e4ggningar med l\u00e4ngst erfarenhet inom alla klimatzoner och anv\u00e4ndningsomr\u00e5den. De funktionella bel\u00e4ggningarna \u00e4r baserade p\u00e5 reflekterande membranteknologi. F\u00f6r teknikens energibesparande effekt fick SICC Coatings &#8220;German Innovation Award&#8221; 2018 och &#8220;Energy Efficiency Award&#8221; i Singapore.<\/p>\n<ul>\n<li>2003 F\u00f6retagsstiftelse som SICC GmbH<\/li>\n<li>Produktutveckling och produktion i Tyskland<\/li>\n<li>14 anst\u00e4llda vid huvudkontoret i Berlin<\/li>\n<li>v\u00e4rldsomsp\u00e4nnande representation av partnerf\u00f6retag<\/li>\n<li>M\u00e5lgrupper: Arkitekter, planerare, kommersiella byggare, bostadsf\u00f6retag, industrif\u00f6retag, f\u00f6r\u00e4dlingsf\u00f6retag, fackhandlare<\/li>\n<li>2018 Byte av namn till SICC Coatings GmbH<\/li>\n<\/ul>\n<p>[\/vc_column_text][\/vc_column_inner][\/vc_row_inner][\/vc_column][\/vc_row]<\/p>\n<\/div>","protected":false},"excerpt":{"rendered":"F\u00f6retag SICC Coatings GmbH fr\u00e5n Berlin \u00e4r en ledande specialleverant\u00f6r av klimataktiva bel\u00e4ggningar med l\u00e4ngst erfarenhet inom alla klimatzoner och anv\u00e4ndningsomr\u00e5den. De funktionella bel\u00e4ggningarna \u00e4r baserade p\u00e5 reflekterande membranteknologi. F\u00f6r teknikens energibesparande effekt fick SICC Coatings \"German Innovation Award\" 2018 och \"Energy Efficiency Award\" i...","protected":false},"author":1,"featured_media":0,"parent":0,"menu_order":600,"comment_status":"closed","ping_status":"closed","template":"","meta":{"footnotes":""},"class_list":["post-38159","page","type-page","status-publish","hentry"],"_links":{"self":[{"href":"https:\/\/www.climatecoating.com\/sv\/wp-json\/wp\/v2\/pages\/38159","targetHints":{"allow":["GET"]}}],"collection":[{"href":"https:\/\/www.climatecoating.com\/sv\/wp-json\/wp\/v2\/pages"}],"about":[{"href":"https:\/\/www.climatecoating.com\/sv\/wp-json\/wp\/v2\/types\/page"}],"author":[{"embeddable":true,"href":"https:\/\/www.climatecoating.com\/sv\/wp-json\/wp\/v2\/users\/1"}],"replies":[{"embeddable":true,"href":"https:\/\/www.climatecoating.com\/sv\/wp-json\/wp\/v2\/comments?post=38159"}],"version-history":[{"count":0,"href":"https:\/\/www.climatecoating.com\/sv\/wp-json\/wp\/v2\/pages\/38159\/revisions"}],"wp:attachment":[{"href":"https:\/\/www.climatecoating.com\/sv\/wp-json\/wp\/v2\/media?parent=38159"}],"curies":[{"name":"wp","href":"https:\/\/api.w.org\/{rel}","templated":true}]}}