{"id":38168,"date":"2022-02-21T17:42:13","date_gmt":"2022-02-21T16:42:13","guid":{"rendered":"https:\/\/www.climatecoating.com\/monument\/"},"modified":"2022-03-07T12:19:23","modified_gmt":"2022-03-07T11:19:23","slug":"monument","status":"publish","type":"page","link":"https:\/\/www.climatecoating.com\/sv\/referenser\/monument\/","title":{"rendered":"Monument"},"content":{"rendered":"<div class=\"wpb-content-wrapper\"><p>[vc_row row_type=&#8221;row&#8221; use_row_as_full_screen_section=&#8221;no&#8221; type=&#8221;full_width&#8221; text_align=&#8221;left&#8221; background_animation=&#8221;none&#8221; padding_top=&#8221;14&#8243; padding_bottom=&#8221;100&#8243; css_animation=&#8221;&#8221;][vc_column][vc_column_text]<\/p>\n<h1>Referenser &#8211; Monument<\/h1>\n<p>[\/vc_column_text]<div class='projects_holder_outer v3 portfolio_with_space portfolio_with_hover_text  qode-filter-position-left'>\n\t    \t<div class='projects_holder clearfix v3 hover_text portfolio_default_image '>\n\t\t<article class=\"mix portfolio_category_2261\">\n    <div class='image_holder elegant_hover'>\n        \n<span class='image'><img loading=\"lazy\" decoding=\"async\" width=\"550\" height=\"498\" src=\"https:\/\/www.climatecoating.com\/wp-content\/uploads\/2020\/07\/Stelling-van-Amsterdam_05-550x498.jpg\" class=\"attachment-portfolio-default size-portfolio-default wp-post-image\" alt=\"Stelling van Amsterdam 05\" srcset=\"https:\/\/www.climatecoating.com\/wp-content\/uploads\/2020\/07\/Stelling-van-Amsterdam_05-550x498.jpg 550w, https:\/\/www.climatecoating.com\/wp-content\/uploads\/2020\/07\/Stelling-van-Amsterdam_05-480x434.jpg 480w, https:\/\/www.climatecoating.com\/wp-content\/uploads\/2020\/07\/Stelling-van-Amsterdam_05-125x112.jpg 125w\" sizes=\"auto, (max-width: 550px) 100vw, 550px\" \/><\/span>\n                    <a class='portfolio_link_class' href='https:\/\/www.climatecoating.com\/sv\/referenser\/referens\/stelling-van-amsterdam\/' target='_self'><\/a>\n\t\t\n        <div class=\"portfolio_shader\"><\/div>\n<div class=\"text_holder\">\n\t<div class=\"text_holder_inner\">\n\t\t<div class=\"text_holder_inner2\">\n\t\t\t<h4 class=\"portfolio_title\" > Stelling van Amsterdam<\/h4><h6 class=\"portfolio_subtitle\"> <\/h6>\t\t<\/div>\n\t<\/div>\n<\/div>\n\n\n\t    \n    <\/div>\n<\/article>\n<article class=\"mix portfolio_category_2261\">\n    <div class='image_holder elegant_hover'>\n        \n<span class='image'><img loading=\"lazy\" decoding=\"async\" width=\"550\" height=\"498\" src=\"https:\/\/www.climatecoating.com\/wp-content\/uploads\/2020\/07\/Verbindungshaus-in-Erlangen_01-550x498.jpg\" class=\"attachment-portfolio-default size-portfolio-default wp-post-image\" alt=\"Broderskapshus i Erlangen 01\" srcset=\"https:\/\/www.climatecoating.com\/wp-content\/uploads\/2020\/07\/Verbindungshaus-in-Erlangen_01-550x498.jpg 550w, https:\/\/www.climatecoating.com\/wp-content\/uploads\/2020\/07\/Verbindungshaus-in-Erlangen_01-480x434.jpg 480w, https:\/\/www.climatecoating.com\/wp-content\/uploads\/2020\/07\/Verbindungshaus-in-Erlangen_01-125x112.jpg 125w\" sizes=\"auto, (max-width: 550px) 100vw, 550px\" \/><\/span>\n                    <a class='portfolio_link_class' href='https:\/\/www.climatecoating.com\/sv\/referenser\/referens\/brodraskapshus-i-erlangen\/' target='_self'><\/a>\n\t\t\n        <div class=\"portfolio_shader\"><\/div>\n<div class=\"text_holder\">\n\t<div class=\"text_holder_inner\">\n\t\t<div class=\"text_holder_inner2\">\n\t\t\t<h4 class=\"portfolio_title\" > Br\u00f6draskapshus i Erlangen<\/h4><h6 class=\"portfolio_subtitle\"> <\/h6>\t\t<\/div>\n\t<\/div>\n<\/div>\n\n\n\t    \n    <\/div>\n<\/article>\n\t\t\t\t\t<div class='filler'><\/div>\n\t\t\t\t\t\t\t\t\t<div class='filler'><\/div>\n\t\t\t\t\t\t\t\t\t<div class='filler'><\/div>\n\t\t\t\t\t<\/div>\n\n    \n\t<\/div>\n[\/vc_column][\/vc_row][vc_row row_type=&#8221;row&#8221; use_row_as_full_screen_section=&#8221;no&#8221; type=&#8221;full_width&#8221; text_align=&#8221;left&#8221; background_animation=&#8221;none&#8221; css_animation=&#8221;&#8221;][vc_column][\/vc_column][\/vc_row]<\/p>\n<\/div>","protected":false},"excerpt":{"rendered":"Till\u00e4mpningar p\u00e5 olika byggnadsdelar i samr\u00e5d mellan arkitekten och kulturarvsmyndigheten ClimateCoating vid bevarande av historiska monument \u00c5r 2005 applicerades ClimateCoating p\u00e5 Corps Baruthias br\u00f6draskapshus i Erlangen, Rathsberger Str. 20, i samr\u00e5d med myndigheterna f\u00f6r bevarande av monument: History p\u00e5 sockel och v\u00e4ggputs, ThermoActive p\u00e5 pl\u00e5tdelar...","protected":false},"author":1,"featured_media":0,"parent":38796,"menu_order":410,"comment_status":"closed","ping_status":"closed","template":"","meta":{"footnotes":""},"class_list":["post-38168","page","type-page","status-publish","hentry"],"_links":{"self":[{"href":"https:\/\/www.climatecoating.com\/sv\/wp-json\/wp\/v2\/pages\/38168","targetHints":{"allow":["GET"]}}],"collection":[{"href":"https:\/\/www.climatecoating.com\/sv\/wp-json\/wp\/v2\/pages"}],"about":[{"href":"https:\/\/www.climatecoating.com\/sv\/wp-json\/wp\/v2\/types\/page"}],"author":[{"embeddable":true,"href":"https:\/\/www.climatecoating.com\/sv\/wp-json\/wp\/v2\/users\/1"}],"replies":[{"embeddable":true,"href":"https:\/\/www.climatecoating.com\/sv\/wp-json\/wp\/v2\/comments?post=38168"}],"version-history":[{"count":0,"href":"https:\/\/www.climatecoating.com\/sv\/wp-json\/wp\/v2\/pages\/38168\/revisions"}],"up":[{"embeddable":true,"href":"https:\/\/www.climatecoating.com\/sv\/wp-json\/wp\/v2\/pages\/38796"}],"wp:attachment":[{"href":"https:\/\/www.climatecoating.com\/sv\/wp-json\/wp\/v2\/media?parent=38168"}],"curies":[{"name":"wp","href":"https:\/\/api.w.org\/{rel}","templated":true}]}}