{"id":38176,"date":"2022-02-21T17:42:15","date_gmt":"2022-02-21T16:42:15","guid":{"rendered":"https:\/\/www.climatecoating.com\/foretag\/utmarkelser-och-certifikat\/"},"modified":"2025-09-05T12:11:10","modified_gmt":"2025-09-05T10:11:10","slug":"utmarkelser-och-certifikat","status":"publish","type":"page","link":"https:\/\/www.climatecoating.com\/sv\/foretag\/utmarkelser-och-certifikat\/","title":{"rendered":"Utm\u00e4rkelser &amp; certifikat"},"content":{"rendered":"<div class=\"wpb-content-wrapper\"><p>[vc_row row_type=&#8221;row&#8221; use_row_as_full_screen_section=&#8221;no&#8221; type=&#8221;full_width&#8221; text_align=&#8221;left&#8221; background_animation=&#8221;none&#8221; padding_bottom=&#8221;45&#8243; css_animation=&#8221;&#8221;][vc_column][vc_single_image image=&#8221;36497&#8243; img_size=&#8221;full&#8221; qode_css_animation=&#8221;&#8221;][\/vc_column][\/vc_row][vc_row row_type=&#8221;row&#8221; use_row_as_full_screen_section=&#8221;no&#8221; type=&#8221;full_width&#8221; text_align=&#8221;left&#8221; background_animation=&#8221;none&#8221; css_animation=&#8221;&#8221;][vc_column width=&#8221;1\/4&#8243;]<div class=\"ult_row_spacer\"><div class=\"ult-sticky-anchor\"><div class=\"ult-sticky-section ult-sticky \"  data-gutter= '100' data-stick_behaviour= 'stick_with_scroll_row'  data-sticky_position= 'top' data-mobile='no' data-support='no'>[vc_raw_html]W2Ntd2l6YXJkIHdpZGdldD0iMiIgL10=[\/vc_raw_html]<\/div><div class=\"ult-space\"><\/div><\/div><\/div>[\/vc_column][vc_column width=&#8221;3\/4&#8243;][vc_column_text css=&#8221;.vc_custom_1612621155601{padding-bottom: 28px !important;}&#8221;]<\/p>\n<h1>Priser och utm\u00e4rkelser<\/h1>\n<p>[\/vc_column_text][vc_row_inner row_type=&#8221;row&#8221; type=&#8221;full_width&#8221; use_row_as_full_screen_section_slide=&#8221;no&#8221; text_align=&#8221;left&#8221; css_animation=&#8221;&#8221; css=&#8221;.vc_custom_1604584190306{padding-bottom: 30px !important;}&#8221;][vc_column_inner width=&#8221;1\/4&#8243;][vc_single_image image=&#8221;52038&#8243; img_size=&#8221;full&#8221; qode_css_animation=&#8221;&#8221;][\/vc_column_inner][vc_column_inner width=&#8221;3\/4&#8243;][vc_column_text css=&#8221;&#8221;]Det tyska innovationspriset uppm\u00e4rksammar bransch\u00f6verskridande produkter och l\u00f6sningar som skiljer sig fr\u00e5n tidigare l\u00f6sningar fr\u00e4mst p\u00e5 grund av sin anv\u00e4ndarcentrering och sitt merv\u00e4rde. SICC Coatings tog emot priset i Berlin i maj 2024 f\u00f6r utvecklingen av ett AI-baserat programvaruverktyg <a href=\"https:\/\/www.climatecoating.com\/sv\/calculus\/\" target=\"_blank\" rel=\"noopener\">(KI-Calculus\u00ae)<\/a> f\u00f6r att fastst\u00e4lla ClimateCoating\u00ae-bel\u00e4ggningarnas inverkan p\u00e5 byggnaders v\u00e4rmeisolering p\u00e5 sommaren.<\/p>\n<p><a href=\"https:\/\/www.climatecoating.com\/verleihung-german-innovation-award-special\/\" target=\"_blank\" rel=\"noopener\">till <\/a> <a href=\"https:\/\/www.climatecoating.com\/wp-content\/uploads\/2024\/09\/Urkunde-German-Innovation-Award-2024-2.jpg\" target=\"_blank\" rel=\"noopener\">nyhetscertifikatet<\/a>[\/vc_column_text][\/vc_column_inner][vc_column_inner][vc_separator type=&#8221;normal&#8221; border_style=&#8221;&#8221; thickness=&#8221;1&#8243; up=&#8221;30&#8243; down=&#8221;0&#8243; color=&#8221;#c4c4c4&#8243;][\/vc_column_inner][vc_column_inner][\/vc_column_inner][\/vc_row_inner][vc_row_inner row_type=&#8221;row&#8221; type=&#8221;full_width&#8221; use_row_as_full_screen_section_slide=&#8221;no&#8221; text_align=&#8221;left&#8221; css_animation=&#8221;&#8221; css=&#8221;.vc_custom_1604584190306{padding-bottom: 30px !important;}&#8221;][vc_column_inner width=&#8221;1\/4&#8243;][vc_single_image image=&#8221;45113&#8243; img_size=&#8221;full&#8221; qode_css_animation=&#8221;&#8221;][\/vc_column_inner][vc_column_inner width=&#8221;3\/4&#8243;][vc_column_text css=&#8221;&#8221;]Framtidsorientering och kvalitet som arbetsgivare &#8211; det \u00e4r vad det tyska innovationsinstitutet f\u00f6r h\u00e5llbarhet och digitalisering <a href=\"https:\/\/www.linkedin.com\/company\/dind-gmbh\/?original_referer=\" target=\"_blank\" rel=\"noopener\">(DIND)<\/a> bel\u00f6nar f\u00f6retag med priset &#8220;Employer of the Future&#8221; med. Initiativet st\u00f6ds av den tidigare federala ekonomiministern Brigitte Zypries. Priset hj\u00e4lper f\u00f6retag att positionera sig i &#8220;kriget om talangerna&#8221; f\u00f6r att kunna attrahera och beh\u00e5lla talanger trots bristen p\u00e5 kvalificerad arbetskraft. Innovativa f\u00f6retag med en tydlig digitaliseringsstrategi som str\u00e4var efter h\u00e5llbarhetsm\u00e5l och erbjuder attraktiva arbetsvillkor bel\u00f6nas. Fokus ligger p\u00e5 modernt ledarskap och medarbetarv\u00e4nlighet.<\/p>\n<p>Exempelvis ing\u00e5r platta hierarkier, flexibla ers\u00e4ttningsmodeller eller personalf\u00f6rm\u00e5ner samt individuella utbildnings- och fortbildningsm\u00f6jligheter i en helhetsbild. Helhetsbilden skapas med hj\u00e4lp av en utv\u00e4rderingsmatris som tagits fram med hj\u00e4lp av experter fr\u00e5n n\u00e4ringsliv och vetenskap.<\/p>\n<p><a href=\"https:\/\/www.climatecoating.com\/wp-content\/uploads\/2023\/03\/URKUNDE-ADZ-SICC-Coatings-GmbH_web.jpg\" target=\"_blank\" rel=\"noopener\">Certifikat<\/a>[\/vc_column_text][\/vc_column_inner][vc_column_inner][vc_separator type=&#8221;normal&#8221; border_style=&#8221;&#8221; thickness=&#8221;1&#8243; up=&#8221;30&#8243; down=&#8221;0&#8243; color=&#8221;#c4c4c4&#8243;][\/vc_column_inner][\/vc_row_inner][vc_row_inner row_type=&#8221;row&#8221; type=&#8221;full_width&#8221; use_row_as_full_screen_section_slide=&#8221;no&#8221; text_align=&#8221;left&#8221; css_animation=&#8221;&#8221; css=&#8221;.vc_custom_1604584190306{padding-bottom: 30px !important;}&#8221;][vc_column_inner width=&#8221;1\/4&#8243;][vc_single_image image=&#8221;36003&#8243; img_size=&#8221;full&#8221; qode_css_animation=&#8221;&#8221;][\/vc_column_inner][vc_column_inner width=&#8221;3\/4&#8243;][vc_column_text]Det tyska innovationspriset uppm\u00e4rksammar bransch\u00f6verskridande produkter och l\u00f6sningar som framf\u00f6r allt utm\u00e4rker sig genom att vara anv\u00e4ndarcentrerade och ge merv\u00e4rde j\u00e4mf\u00f6rt med tidigare l\u00f6sningar. SICC Coatings fick detta pris i Berlin 2018 f\u00f6r sina termokeramiska bel\u00e4ggningar. Uttalande fr\u00e5n juryn:<\/p>\n<p><em>&#8220;Produktsortimentet ThermoShield\u00ae visar tydligt att en termokeramisk bel\u00e4ggning kan spara v\u00e4rme- och kylenergi p\u00e5 ett enkelt, ekonomiskt l\u00f6nsamt och resursbesparande s\u00e4tt. Utan milj\u00f6farliga biocider minskar ThermoShield\u00ae algbildningen p\u00e5 fasaden och f\u00f6rhindrar m\u00f6geltillv\u00e4xt inomhus. Detta sparar material-, energi- och arbetsresurser p\u00e5 l\u00e5ng sikt, skyddar dyra byggnadsmaterial p\u00e5 ett h\u00e5llbart s\u00e4tt, bevarar v\u00e4rden f\u00f6r framtida generationer och skyddar milj\u00f6n.&#8221; <\/em><\/p>\n<p>Obs: det europeiska varum\u00e4rket <em>ThermoShield\u00ae<\/em> och det globala varum\u00e4rket <em>ClimateActivePaint<\/em> har standardiserats \u00f6ver hela v\u00e4rlden under varum\u00e4rket <em><sup>ClimateCoating\u00ae<\/sup><\/em> sedan 2020.<\/p>\n<p><a href=\"https:\/\/www.climatecoating.com\/wp-content\/uploads\/2020\/06\/zertifikat_german_innovation_full.pdf\" target=\"_blank\" rel=\"noopener\">Pressmeddelande (PDF)<\/a>[\/vc_column_text][\/vc_column_inner][vc_column_inner][vc_separator type=&#8221;normal&#8221; border_style=&#8221;&#8221; thickness=&#8221;1&#8243; up=&#8221;30&#8243; down=&#8221;0&#8243; color=&#8221;#c4c4c4&#8243;][\/vc_column_inner][\/vc_row_inner][vc_row_inner row_type=&#8221;row&#8221; type=&#8221;full_width&#8221; use_row_as_full_screen_section_slide=&#8221;no&#8221; text_align=&#8221;left&#8221; css_animation=&#8221;&#8221; css=&#8221;.vc_custom_1604584190306{padding-bottom: 30px !important;}&#8221;][vc_column_inner width=&#8221;1\/4&#8243;][vc_single_image image=&#8221;36535&#8243; img_size=&#8221;full&#8221; qode_css_animation=&#8221;&#8221;][\/vc_column_inner][vc_column_inner width=&#8221;3\/4&#8243;][vc_column_text]Singapore \u00e4r en av v\u00e4rldens ledande st\u00e4der med fokus p\u00e5 h\u00e5llbar stadsutveckling. F\u00f6r att betona vikten av energieffektivt byggande lanserade Singaporean-German Chamber (SGC) &#8220;Energy Efficiency Award&#8221; p\u00e5 uppdrag av det federala ministeriet f\u00f6r ekonomiska fr\u00e5gor och energi.<br \/>\nPriset \u00e4r avsett att lyfta fram den b\u00e4sta innovativa tyska tekniken som anv\u00e4nds i Singapores byggnader. Energy Efficiency Award 2018 delades ut till v\u00e5r samarbetspartner A.S.L.E. Green Solution PTE Ltd. i Singapore.<\/p>\n<p><a href=\"https:\/\/www.climatecoating.com\/wp-content\/uploads\/2021\/02\/singapore_energy-efficiency-award-2018_dt.pdf\" target=\"_blank\" rel=\"noopener\">Pressmeddelande (PDF)<br \/>\n<\/a>[\/vc_column_text][\/vc_column_inner][vc_column_inner][vc_separator type=&#8221;normal&#8221; border_style=&#8221;&#8221; thickness=&#8221;1&#8243; up=&#8221;30&#8243; down=&#8221;0&#8243; color=&#8221;#c4c4c4&#8243;][\/vc_column_inner][\/vc_row_inner][vc_row_inner row_type=&#8221;row&#8221; type=&#8221;full_width&#8221; use_row_as_full_screen_section_slide=&#8221;no&#8221; text_align=&#8221;left&#8221; css_animation=&#8221;&#8221; css=&#8221;.vc_custom_1604584190306{padding-bottom: 30px !important;}&#8221;][vc_column_inner width=&#8221;1\/4&#8243;][vc_single_image image=&#8221;35990&#8243; img_size=&#8221;full&#8221; qode_css_animation=&#8221;&#8221;][\/vc_column_inner][vc_column_inner width=&#8221;3\/4&#8243;][vc_column_text]I &#8220;All Electric Challenge&#8221; (NL) utmanade &#8220;Natuur &amp; Milieu&#8221; organisationer och f\u00f6retag att erbjuda ett h\u00e5llbart, h\u00f6gkvalitativt och genomf\u00f6rbart alternativ till naturgas. P\u00e5 s\u00e5 s\u00e4tt vill &#8220;Natuur &amp; Milieu&#8221; stimulera \u00f6verg\u00e5ngen till eluppv\u00e4rmda hem.<br \/>\n&#8220;Natuur &amp; Milieu&#8221; \u00e4r en oberoende milj\u00f6organisation. V\u00e5r holl\u00e4ndska samarbetspartner ClimateCoating Benelux BV var involverad i ett joint venture som vann ett toppris i All Electric Challenge.<\/p>\n<p><a href=\"https:\/\/www.climatecoating.com\/wp-content\/uploads\/2021\/02\/NL_all-electric-challenge_2018_dt.pdf\" target=\"_blank\" rel=\"noopener\">Pressmeddelande (PDF)<\/a><strong><br \/>\n<\/strong>[\/vc_column_text][\/vc_column_inner][vc_column_inner][vc_separator type=&#8221;normal&#8221; border_style=&#8221;&#8221; thickness=&#8221;1&#8243; up=&#8221;30&#8243; down=&#8221;0&#8243; color=&#8221;#c4c4c4&#8243;][\/vc_column_inner][\/vc_row_inner][vc_row_inner row_type=&#8221;row&#8221; type=&#8221;full_width&#8221; use_row_as_full_screen_section_slide=&#8221;no&#8221; text_align=&#8221;left&#8221; css_animation=&#8221;&#8221; css=&#8221;.vc_custom_1604584190306{padding-bottom: 30px !important;}&#8221;][vc_column_inner width=&#8221;1\/4&#8243;][vc_single_image image=&#8221;36000&#8243; img_size=&#8221;full&#8221; qode_css_animation=&#8221;&#8221;][\/vc_column_inner][vc_column_inner width=&#8221;3\/4&#8243;][vc_column_text]Energy Globe Award \u00e4r det viktigaste priset f\u00f6r h\u00e5llbarhet i v\u00e4rlden. <em>Energy Globe National Award 2011 Litauen<\/em> gick till projektet &#8220;Energieffektiv renovering av ett dagis i Vilnius&#8221;.<\/p>\n<p><a href=\"https:\/\/www.climatecoating.com\/wp-content\/uploads\/2020\/07\/Saules-Gojus-Energy-Globe-Award.pdf\" target=\"_blank\" rel=\"noopener\">Certifikat- och projektinformation (PDF)<\/a><strong><br \/>\n<\/strong>[\/vc_column_text][\/vc_column_inner][vc_column_inner][vc_separator type=&#8221;normal&#8221; border_style=&#8221;&#8221; thickness=&#8221;1&#8243; up=&#8221;30&#8243; down=&#8221;0&#8243; color=&#8221;#c4c4c4&#8243;][\/vc_column_inner][\/vc_row_inner][vc_row_inner row_type=&#8221;row&#8221; type=&#8221;full_width&#8221; use_row_as_full_screen_section_slide=&#8221;no&#8221; text_align=&#8221;left&#8221; css_animation=&#8221;&#8221; css=&#8221;.vc_custom_1604584190306{padding-bottom: 30px !important;}&#8221;][vc_column_inner width=&#8221;1\/4&#8243;][vc_single_image image=&#8221;36014&#8243; img_size=&#8221;full&#8221; qode_css_animation=&#8221;&#8221;][\/vc_column_inner][vc_column_inner width=&#8221;3\/4&#8243;][vc_column_text]SYNAMOME \u00e4r en professionell organisation f\u00f6r arkitektur och projektledning inom byggbranschen &#8211; baserad i Paris. www.synamome.org Innovationspriset delades ut till v\u00e5rt franska samarbetsf\u00f6retag Colorterm, Ruy, 2013.<\/p>\n<p><a href=\"https:\/\/www.climatecoating.com\/wp-content\/uploads\/2020\/06\/zertifikat_prix_de_linnovation_full.jpg\" target=\"_blank\" rel=\"noopener\">Certifikat Prix de L&#8217;innovation (JPG)<\/a>[\/vc_column_text][\/vc_column_inner][vc_column_inner][vc_separator type=&#8221;normal&#8221; border_style=&#8221;&#8221; thickness=&#8221;1&#8243; up=&#8221;30&#8243; down=&#8221;0&#8243; color=&#8221;#c4c4c4&#8243;][\/vc_column_inner][\/vc_row_inner][vc_row_inner row_type=&#8221;row&#8221; type=&#8221;full_width&#8221; use_row_as_full_screen_section_slide=&#8221;no&#8221; text_align=&#8221;left&#8221; css_animation=&#8221;&#8221; css=&#8221;.vc_custom_1604584190306{padding-bottom: 30px !important;}&#8221;][vc_column_inner width=&#8221;1\/4&#8243;][vc_single_image image=&#8221;36017&#8243; img_size=&#8221;full&#8221; qode_css_animation=&#8221;&#8221;][\/vc_column_inner][vc_column_inner width=&#8221;3\/4&#8243;][vc_column_text]Utm\u00e4rkelsen &#8220;Silver Laurel of Lesser Poland&#8221; (Malopolska Voivodeship, Polen) tilldelas f\u00f6retag som erbjuder moderna l\u00f6sningar och h\u00f6g kvalitet.<a href=\"https:\/\/www.climatecoating.com\/wp-content\/uploads\/2020\/06\/zertifikat_srebrny_full.jpg\" target=\"_blank\" rel=\"noopener\">Certifikat Srebrny (JPG<\/a>)[\/vc_column_text][\/vc_column_inner][vc_column_inner][vc_separator type=&#8221;normal&#8221; border_style=&#8221;&#8221;][\/vc_column_inner][\/vc_row_inner][vc_row_inner row_type=&#8221;row&#8221; type=&#8221;full_width&#8221; use_row_as_full_screen_section_slide=&#8221;no&#8221; text_align=&#8221;left&#8221; css_animation=&#8221;&#8221; css=&#8221;.vc_custom_1604584190306{padding-bottom: 30px !important;}&#8221;][vc_column_inner width=&#8221;1\/4&#8243;][vc_single_image image=&#8221;51644&#8243; img_size=&#8221;full&#8221; qode_css_animation=&#8221;&#8221;][\/vc_column_inner][vc_column_inner width=&#8221;3\/4&#8243;][vc_column_text]Green Building Material Certificate \u00e4r ett certifikat som erk\u00e4nner milj\u00f6v\u00e4nliga byggmaterial i Taiwan. V\u00e5r partner i Taiwan, Climate Green Care Corp, erh\u00f6ll detta certifikat i september 2018.[\/vc_column_text][\/vc_column_inner][vc_column_inner][vc_zigzag color=&#8221;custom&#8221; custom_color=&#8221;#c4c4c4&#8243;][\/vc_column_inner][\/vc_row_inner][vc_column_text css=&#8221;.vc_custom_1612621999779{padding-top: 30px !important;padding-bottom: 28px !important;}&#8221;]<\/p>\n<h1>Certifikat<\/h1>\n<p>[\/vc_column_text][vc_row_inner row_type=&#8221;row&#8221; type=&#8221;full_width&#8221; use_row_as_full_screen_section_slide=&#8221;no&#8221; text_align=&#8221;left&#8221; css_animation=&#8221;&#8221; css=&#8221;.vc_custom_1604584190306{padding-bottom: 30px !important;}&#8221;][vc_column_inner width=&#8221;1\/4&#8243;][vc_single_image image=&#8221;36663&#8243; img_size=&#8221;full&#8221; qode_css_animation=&#8221;&#8221;][\/vc_column_inner][vc_column_inner width=&#8221;3\/4&#8243;][vc_column_text]<strong>M\u00e4starcertifikat<\/strong><\/p>\n<p>Observera: Varum\u00e4rkena<em> ClimateActivePaint\u00ae<\/em> och <em>ThermoShield\u00ae<\/em> har blivit varum\u00e4rket<em> <sup>ClimateCoating\u00ae<\/sup><\/em> f\u00f6r ett globalt standardiserat utseende. Alla tidigare certifikat och testcertifikat f\u00f6rblir giltiga.<\/p>\n<p><a href=\"https:\/\/www.climatecoating.com\/wp-content\/uploads\/2021\/02\/SICC_Masterzertifikat-CC_allgemein.jpg\" target=\"_blank\" rel=\"noopener\">F\u00f6rstorad vy<br \/>\n<\/a>[\/vc_column_text][\/vc_column_inner][vc_column_inner][vc_separator type=&#8221;normal&#8221; border_style=&#8221;&#8221; thickness=&#8221;1&#8243; up=&#8221;30&#8243; down=&#8221;0&#8243; color=&#8221;#c4c4c4&#8243;][\/vc_column_inner][\/vc_row_inner][vc_row_inner row_type=&#8221;row&#8221; type=&#8221;full_width&#8221; use_row_as_full_screen_section_slide=&#8221;no&#8221; text_align=&#8221;left&#8221; css_animation=&#8221;&#8221; css=&#8221;.vc_custom_1604584190306{padding-bottom: 30px !important;}&#8221;][vc_column_inner width=&#8221;1\/4&#8243;][vc_single_image image=&#8221;36007&#8243; img_size=&#8221;full&#8221; qode_css_animation=&#8221;&#8221;][\/vc_column_inner][vc_column_inner width=&#8221;3\/4&#8243;][vc_column_text css=&#8221;&#8221;]&#8221;Greenguard&#8221; \u00e4r en globalt erk\u00e4nd och mycket strikt standard f\u00f6r m\u00e4rkning av produkter med l\u00e5ga utsl\u00e4pp. Alla ClimateCoating\u00ae <sup>huvudprodukter<\/sup> b\u00e4r &#8220;Greenguard&#8221;-certifikatet i guld.[\/vc_column_text][vc_column_text css=&#8221;&#8221;]<a href=\"https:\/\/www.climatecoating.com\/wp-content\/uploads\/2025\/09\/GREENGUARD-Gold-CC-web.pdf\">Greenguard-certifikat (PDF)<\/a>[\/vc_column_text][\/vc_column_inner][vc_column_inner][vc_separator type=&#8221;normal&#8221; border_style=&#8221;&#8221; thickness=&#8221;1&#8243; up=&#8221;30&#8243; down=&#8221;0&#8243; color=&#8221;#c4c4c4&#8243;][\/vc_column_inner][\/vc_row_inner][vc_row_inner row_type=&#8221;row&#8221; type=&#8221;full_width&#8221; use_row_as_full_screen_section_slide=&#8221;no&#8221; text_align=&#8221;left&#8221; css_animation=&#8221;&#8221; css=&#8221;.vc_custom_1604584190306{padding-bottom: 30px !important;}&#8221;][vc_column_inner width=&#8221;1\/4&#8243;][vc_single_image image=&#8221;44121&#8243; img_size=&#8221;full&#8221; qode_css_animation=&#8221;&#8221;][\/vc_column_inner][vc_column_inner width=&#8221;3\/4&#8243;][vc_column_text]<span class=\"VIiyi\" lang=\"de\"><span class=\"JLqJ4b ChMk0b\" data-language-for-alternatives=\"de\" data-language-to-translate-into=\"en\" data-phrase-index=\"0\" data-number-of-phrases=\"7\"><span class=\"Q4iAWc\">Cool Roof Rating Council (CRRC), en ISO 17065-ackrediterad organisation, har granskat testresultatdata som tillhandah\u00e5llits av ett CRRC-godk\u00e4nt ISO 17025-testlaboratorium och har fastst\u00e4llt att denna takprodukt (ThermoActive) uppfyller kraven i ANSI\/CRRC S100-standarden och<\/span><\/span> <span class=\"JLqJ4b ChMk0b\" data-language-for-alternatives=\"de\" data-language-to-translate-into=\"en\" data-phrase-index=\"1\" data-number-of-phrases=\"7\"><span class=\"Q4iAWc\">CRRC-1 programhandbok.<\/span><\/span> <\/span><\/p>\n<p><a href=\"https:\/\/www.climatecoating.com\/wp-content\/uploads\/2022\/07\/CRRC-Notification-Of-Product-Rating-004450.pdf\">CRRC:s meddelande om produktklassificering &#8211; 004450 | ThermoActive<\/a> (PDF)<strong><br \/>\n<\/strong>[\/vc_column_text][\/vc_column_inner][vc_column_inner][vc_separator type=&#8221;normal&#8221; border_style=&#8221;&#8221; thickness=&#8221;1&#8243; up=&#8221;30&#8243; down=&#8221;0&#8243; color=&#8221;#c4c4c4&#8243;][\/vc_column_inner][\/vc_row_inner][vc_row_inner row_type=&#8221;row&#8221; type=&#8221;full_width&#8221; use_row_as_full_screen_section_slide=&#8221;no&#8221; text_align=&#8221;left&#8221; css_animation=&#8221;&#8221;][vc_column_inner width=&#8221;1\/4&#8243;][vc_single_image image=&#8221;36543&#8243; img_size=&#8221;full&#8221; qode_css_animation=&#8221;&#8221;][\/vc_column_inner][vc_column_inner width=&#8221;3\/4&#8243;][vc_column_text]Intyget om \u00f6verensst\u00e4mmelse visar \u00f6verensst\u00e4mmelse med kraven PN-C-81914:2002 f\u00f6r emulsionsf\u00e4rger f\u00f6r inomhusbruk (ThermoVital, ThermoPLus, Lumen och Interior) samt \u00f6verensst\u00e4mmelse med testkraven PN-C-81914:1998 f\u00f6r emulsionsf\u00e4rger p\u00e5 byggnadsfasader (ThermoProtect, History, Exterior).<\/p>\n<p><a href=\"https:\/\/www.climatecoating.com\/wp-content\/uploads\/2023\/06\/Certificate-of-Conformity-2023-Inside_Outside-Coatings.pdf\" target=\"_blank\" rel=\"noopener\">Certifikat (PDF)<\/a><strong><br \/>\n<\/strong>[\/vc_column_text][\/vc_column_inner][vc_column_inner][vc_separator type=&#8221;normal&#8221; border_style=&#8221;&#8221;][\/vc_column_inner][\/vc_row_inner][vc_row_inner row_type=&#8221;row&#8221; type=&#8221;full_width&#8221; use_row_as_full_screen_section_slide=&#8221;no&#8221; text_align=&#8221;left&#8221; css_animation=&#8221;&#8221;][vc_column_inner width=&#8221;1\/4&#8243;][vc_single_image image=&#8221;35977&#8243; img_size=&#8221;full&#8221; qode_css_animation=&#8221;&#8221;][\/vc_column_inner][vc_column_inner width=&#8221;3\/4&#8243;][vc_column_text]Under 2015 best\u00e4mde INSTITUTE OF POLYMER MATERIALS AND COLOUR TECHNOLOGY, Department of Paints and Plastics i Gliwice (PL), den totala solreflektionen f\u00f6r olika bel\u00e4ggningar, inklusive ThermoActive takbel\u00e4ggning med ett v\u00e4rde p\u00e5 91,4%.<\/p>\n<p><a href=\"https:\/\/www.climatecoating.com\/wp-content\/uploads\/2022\/11\/IMPiB-Bericht_TSR.pdf\">IMPiB-rapport_TSR (PDF)<\/a>[\/vc_column_text][\/vc_column_inner][vc_column_inner][vc_separator type=&#8221;normal&#8221; border_style=&#8221;&#8221;][\/vc_column_inner][\/vc_row_inner][vc_row_inner row_type=&#8221;row&#8221; type=&#8221;full_width&#8221; use_row_as_full_screen_section_slide=&#8221;no&#8221; text_align=&#8221;left&#8221; css_animation=&#8221;&#8221;][vc_column_inner width=&#8221;1\/4&#8243;][vc_single_image image=&#8221;37183&#8243; img_size=&#8221;full&#8221; qode_css_animation=&#8221;&#8221;][\/vc_column_inner][vc_column_inner width=&#8221;3\/4&#8243;][vc_column_text]R&amp;D Services, Inc. (USA) tillhandah\u00e5ller noggranna och effektiva tester f\u00f6r isoleringsindustrin. Mer \u00e4n 70 tester \u00e4r ackrediterade, inklusive ASTM- och CAN\/ULC-materialspecifikationer. Test- och konsultexpertis \u00e4r erk\u00e4nd \u00f6ver hela v\u00e4rlden. R&amp;D Services samarbetar med ackrediterings- och kontrollorgan runt om i v\u00e4rlden.<\/p>\n<p><a href=\"https:\/\/www.climatecoating.com\/wp-content\/uploads\/2020\/06\/zertifikat_r_and_d_services_full.pdf\" target=\"_blank\" rel=\"noopener\">Testrapporter (PDF)<\/a><strong><br \/>\n<\/strong>[\/vc_column_text][\/vc_column_inner][vc_column_inner][vc_separator type=&#8221;normal&#8221; border_style=&#8221;&#8221;][\/vc_column_inner][\/vc_row_inner][vc_row_inner row_type=&#8221;row&#8221; type=&#8221;full_width&#8221; use_row_as_full_screen_section_slide=&#8221;no&#8221; text_align=&#8221;left&#8221; css_animation=&#8221;&#8221;][vc_column_inner width=&#8221;1\/4&#8243;][vc_single_image image=&#8221;35998&#8243; img_size=&#8221;full&#8221; qode_css_animation=&#8221;&#8221;][\/vc_column_inner][vc_column_inner width=&#8221;3\/4&#8243;][vc_column_text]Med energieffektiva produkter och tj\u00e4nster bidrar vi ocks\u00e5 internationellt till utvecklingen av en s\u00e4ker och kostnadseffektiv energif\u00f6rs\u00f6rjning. <a href=\"https:\/\/www.german-energy-solutions.de\/GES\/Navigation\/DE\/Home\/home.html\" target=\"_blank\" rel=\"noopener\">&gt; Ytterligare information.<\/a>[\/vc_column_text][\/vc_column_inner][vc_column_inner][vc_separator type=&#8221;normal&#8221; border_style=&#8221;&#8221; thickness=&#8221;1&#8243; up=&#8221;30&#8243; down=&#8221;0&#8243; color=&#8221;#c4c4c4&#8243;][\/vc_column_inner][\/vc_row_inner][vc_row_inner row_type=&#8221;row&#8221; type=&#8221;full_width&#8221; use_row_as_full_screen_section_slide=&#8221;no&#8221; text_align=&#8221;left&#8221; css_animation=&#8221;&#8221;][vc_column_inner width=&#8221;1\/4&#8243;][vc_single_image image=&#8221;35994&#8243; img_size=&#8221;full&#8221; qode_css_animation=&#8221;&#8221;][\/vc_column_inner][vc_column_inner width=&#8221;3\/4&#8243;][vc_column_text]Registrering av bruksmodell nr 203 14 145.8 med beteckningen &#8220;Ytbel\u00e4ggning med endotermiska effekter&#8221; vid det tyska patent- och registreringsverket den 18 december 2003.[\/vc_column_text][\/vc_column_inner][\/vc_row_inner][vc_separator type=&#8221;normal&#8221; border_style=&#8221;&#8221;][vc_row_inner row_type=&#8221;row&#8221; type=&#8221;full_width&#8221; use_row_as_full_screen_section_slide=&#8221;no&#8221; text_align=&#8221;left&#8221; css_animation=&#8221;&#8221;][vc_column_inner width=&#8221;1\/4&#8243;][vc_single_image image=&#8221;52305&#8243; img_size=&#8221;full&#8221; css=&#8221;&#8221; qode_css_animation=&#8221;&#8221;][\/vc_column_inner][vc_column_inner width=&#8221;3\/4&#8243;][vc_column_text css=&#8221;&#8221;]SICC Coatings GmbH \u00e4r certifierat inom kvalitets- och milj\u00f6ledning enligt DIN EN ISO 9001:2015 och DIN EN ISO 14001:2015.[\/vc_column_text][\/vc_column_inner][\/vc_row_inner][vc_separator type=&#8221;normal&#8221; border_style=&#8221;&#8221;][\/vc_column][\/vc_row]<\/p>\n<\/div>","protected":false},"excerpt":{"rendered":"<p>[vc_row row_type=&#8221;row&#8221; use_row_as_full_screen_section=&#8221;no&#8221; type=&#8221;full_width&#8221; text_align=&#8221;left&#8221; background_animation=&#8221;none&#8221; padding_bottom=&#8221;45&#8243; css_animation=&#8221;&#8221;][vc_column][vc_single_image image=&#8221;36497&#8243; img_size=&#8221;full&#8221; qode_css_animation=&#8221;&#8221;][\/vc_column][\/vc_row][vc_row row_type=&#8221;row&#8221; use_row_as_full_screen_section=&#8221;no&#8221; type=&#8221;full_width&#8221; text_align=&#8221;left&#8221; background_animation=&#8221;none&#8221; css_animation=&#8221;&#8221;][vc_column width=&#8221;1\/4&#8243;][\/vc_column][vc_column width=&#8221;3\/4&#8243;][vc_column_text css=&#8221;.vc_custom_1612621155601{padding-bottom: 28px !important;}&#8221;] Priser och utm\u00e4rkelser [\/vc_column_text][vc_row_inner row_type=&#8221;row&#8221; type=&#8221;full_width&#8221; use_row_as_full_screen_section_slide=&#8221;no&#8221; text_align=&#8221;left&#8221; css_animation=&#8221;&#8221; css=&#8221;.vc_custom_1604584190306{padding-bottom: 30px !important;}&#8221;][vc_column_inner width=&#8221;1\/4&#8243;][vc_single_image image=&#8221;52038&#8243; img_size=&#8221;full&#8221; qode_css_animation=&#8221;&#8221;][\/vc_column_inner][vc_column_inner width=&#8221;3\/4&#8243;][vc_column_text css=&#8221;&#8221;]Det tyska innovationspriset uppm\u00e4rksammar bransch\u00f6verskridande produkter&#8230;<\/p>\n","protected":false},"author":1,"featured_media":0,"parent":38159,"menu_order":630,"comment_status":"closed","ping_status":"closed","template":"","meta":{"footnotes":""},"class_list":["post-38176","page","type-page","status-publish","hentry"],"_links":{"self":[{"href":"https:\/\/www.climatecoating.com\/sv\/wp-json\/wp\/v2\/pages\/38176","targetHints":{"allow":["GET"]}}],"collection":[{"href":"https:\/\/www.climatecoating.com\/sv\/wp-json\/wp\/v2\/pages"}],"about":[{"href":"https:\/\/www.climatecoating.com\/sv\/wp-json\/wp\/v2\/types\/page"}],"author":[{"embeddable":true,"href":"https:\/\/www.climatecoating.com\/sv\/wp-json\/wp\/v2\/users\/1"}],"replies":[{"embeddable":true,"href":"https:\/\/www.climatecoating.com\/sv\/wp-json\/wp\/v2\/comments?post=38176"}],"version-history":[{"count":2,"href":"https:\/\/www.climatecoating.com\/sv\/wp-json\/wp\/v2\/pages\/38176\/revisions"}],"predecessor-version":[{"id":55201,"href":"https:\/\/www.climatecoating.com\/sv\/wp-json\/wp\/v2\/pages\/38176\/revisions\/55201"}],"up":[{"embeddable":true,"href":"https:\/\/www.climatecoating.com\/sv\/wp-json\/wp\/v2\/pages\/38159"}],"wp:attachment":[{"href":"https:\/\/www.climatecoating.com\/sv\/wp-json\/wp\/v2\/media?parent=38176"}],"curies":[{"name":"wp","href":"https:\/\/api.w.org\/{rel}","templated":true}]}}