{"id":38202,"date":"2022-02-21T17:45:22","date_gmt":"2022-02-21T16:45:22","guid":{"rendered":"https:\/\/www.climatecoating.com\/anvaendningsomraden\/offentliga-byggnader\/"},"modified":"2022-03-30T17:57:18","modified_gmt":"2022-03-30T15:57:18","slug":"offentliga-byggnader","status":"publish","type":"page","link":"https:\/\/www.climatecoating.com\/sv\/anvaendningsomraden\/offentliga-byggnader\/","title":{"rendered":"Offentliga byggnader"},"content":{"rendered":"<div class=\"wpb-content-wrapper\"><p>[vc_row row_type=&#8221;row&#8221; use_row_as_full_screen_section=&#8221;no&#8221; type=&#8221;full_width&#8221; text_align=&#8221;left&#8221; background_animation=&#8221;none&#8221; padding_bottom=&#8221;45&#8243; css_animation=&#8221;&#8221;][vc_column][vc_single_image image=&#8221;36487&#8243; img_size=&#8221;full&#8221; qode_css_animation=&#8221;&#8221; css=&#8221;.vc_custom_1605018495625{padding-bottom: 30px !important;}&#8221;][vc_column_text]<\/p>\n<h1>Offentliga byggnader<\/h1>\n<p>[\/vc_column_text][vc_column_text css=&#8221;.vc_custom_1605018510074{padding-bottom: 30px !important;}&#8221;]L\u00e5nga korridorer, h\u00f6gt i tak, breda tak \u2013 det \u00e4r bra om betydande energibesparingar ocks\u00e5 kan uppn\u00e5s genom m\u00e5lning. Ta reda p\u00e5 hur h\u00e4r. Renoveringsintervallerna kan f\u00f6r \u00f6vrigt f\u00f6rl\u00e4ngas rej\u00e4lt. De fysiska arbetsprinciperna f\u00f6r ClimateCoating <sup>\u00ae<\/sup> g\u00f6r detta m\u00f6jligt. [\/vc_column_text][vc_row_inner row_type=&#8221;row&#8221; type=&#8221;full_width&#8221; use_row_as_full_screen_section_slide=&#8221;no&#8221; text_align=&#8221;left&#8221; css_animation=&#8221;&#8221;][vc_column_inner width=&#8221;1\/3&#8243;][vc_column_text]INOMHUSKLIMAT[\/vc_column_text][vc_gallery interval=&#8221;5&#8243; images=&#8221;36358,36361,36542,36495,36369&#8243; img_size=&#8221;full&#8221; onclick=&#8221;&#8221; el_class=&#8221;flex-noarrows&#8221;][vc_separator type=&#8221;small&#8221; position=&#8221;left&#8221; border_style=&#8221;&#8221; up=&#8221;18&#8243; down=&#8221;20&#8243; color=&#8221;#d6202d&#8221;][vc_column_text]Skydd mot m\u00f6gel<\/p>\n<p>rumshygien<\/p>\n<p>f\u00f6rebyggande av kondens<\/p>\n<p>fuktkontroll<\/p>\n<p>f\u00f6rb\u00e4ttring av inomhusklimatet<\/p>\n<p>boendekomfort<\/p>\n<p>Luktneutralitet<\/p>\n<p>smutsmotst\u00e5nd<\/p>\n<p>Energi sparande<\/p>\n<p>f\u00e4rgstabilitet<\/p>\n<p>akustisk f\u00f6rb\u00e4ttring<\/p>\n<p>Rumsbelysning genom ljusreflektion<\/p>\n<p>Takplattor f\u00f6rfriskning[\/vc_column_text][\/vc_column_inner][vc_column_inner width=&#8221;1\/3&#8243;][vc_column_text]V\u00c4RDEBESVAR[\/vc_column_text][vc_gallery interval=&#8221;5&#8243; images=&#8221;36357,36379,36381,36545,36367&#8243; img_size=&#8221;full&#8221; onclick=&#8221;&#8221; el_class=&#8221;flex-noarrows&#8221;][vc_separator type=&#8221;small&#8221; position=&#8221;left&#8221; border_style=&#8221;&#8221; up=&#8221;18&#8243; down=&#8221;20&#8243; color=&#8221;#d6202d&#8221;][vc_column_text]Energi sparande<\/p>\n<p>livsl\u00e4ngd<\/p>\n<p>frihet fr\u00e5n sprickor<\/p>\n<p>robusthet<\/p>\n<p>smutsavst\u00f6tande<\/p>\n<p>fukthantering<\/p>\n<p>brandskyddsmedel<\/p>\n<p>Skonsam avfuktning av historiska fasader<\/p>\n<p>Bevarande av historiska fasader[\/vc_column_text][\/vc_column_inner][vc_column_inner width=&#8221;1\/3&#8243;][vc_column_text]APPLIKATIONER TAK[\/vc_column_text][vc_gallery interval=&#8221;3&#8243; images=&#8221;36359,36539,36540&#8243; img_size=&#8221;full&#8221; onclick=&#8221;&#8221; el_class=&#8221;flex-noarrows&#8221;][vc_separator type=&#8221;small&#8221; position=&#8221;left&#8221; border_style=&#8221;&#8221; up=&#8221;18&#8243; down=&#8221;20&#8243; color=&#8221;#d6202d&#8221;][vc_column_text]Kostnadsreduktion f\u00f6r kylning och kylning<\/p>\n<p>v\u00e4derskydd<\/p>\n<p>\u00e5tdragning<\/p>\n<p>Termisk avkoppling[\/vc_column_text][\/vc_column_inner][\/vc_row_inner][\/vc_column][\/vc_row][vc_row row_type=&#8221;row&#8221; use_row_as_full_screen_section=&#8221;no&#8221; type=&#8221;full_width&#8221; text_align=&#8221;left&#8221; background_animation=&#8221;none&#8221; css_animation=&#8221;&#8221;][vc_column][\/vc_column][\/vc_row]<\/p>\n<\/div>","protected":false},"excerpt":{"rendered":"Offentliga byggnader L\u00e5nga korridorer, h\u00f6gt i tak, breda tak \u2013 det \u00e4r bra om betydande energibesparingar ocks\u00e5 kan uppn\u00e5s genom m\u00e5lning. Ta reda p\u00e5 hur h\u00e4r. Renoveringsintervallerna kan f\u00f6r \u00f6vrigt f\u00f6rl\u00e4ngas rej\u00e4lt. De fysiska arbetsprinciperna f\u00f6r ClimateCoating \u00ae g\u00f6r detta m\u00f6jligt. INOMHUSKLIMAT Skydd mot m\u00f6gel...","protected":false},"author":1,"featured_media":0,"parent":38031,"menu_order":125,"comment_status":"closed","ping_status":"closed","template":"","meta":{"footnotes":""},"class_list":["post-38202","page","type-page","status-publish","hentry"],"_links":{"self":[{"href":"https:\/\/www.climatecoating.com\/sv\/wp-json\/wp\/v2\/pages\/38202","targetHints":{"allow":["GET"]}}],"collection":[{"href":"https:\/\/www.climatecoating.com\/sv\/wp-json\/wp\/v2\/pages"}],"about":[{"href":"https:\/\/www.climatecoating.com\/sv\/wp-json\/wp\/v2\/types\/page"}],"author":[{"embeddable":true,"href":"https:\/\/www.climatecoating.com\/sv\/wp-json\/wp\/v2\/users\/1"}],"replies":[{"embeddable":true,"href":"https:\/\/www.climatecoating.com\/sv\/wp-json\/wp\/v2\/comments?post=38202"}],"version-history":[{"count":0,"href":"https:\/\/www.climatecoating.com\/sv\/wp-json\/wp\/v2\/pages\/38202\/revisions"}],"up":[{"embeddable":true,"href":"https:\/\/www.climatecoating.com\/sv\/wp-json\/wp\/v2\/pages\/38031"}],"wp:attachment":[{"href":"https:\/\/www.climatecoating.com\/sv\/wp-json\/wp\/v2\/media?parent=38202"}],"curies":[{"name":"wp","href":"https:\/\/api.w.org\/{rel}","templated":true}]}}